{"id":7687,"date":"2017-04-04T21:57:01","date_gmt":"2017-04-05T01:57:01","guid":{"rendered":"https:\/\/www.durodynecanada.com\/nos-produits\/air-regulation\/blade-kits\/back-draft\/blade-edging\/"},"modified":"2022-06-16T16:03:48","modified_gmt":"2022-06-16T20:03:48","slug":"bordure-de-lame","status":"publish","type":"page","link":"https:\/\/www.durodynecanada.com\/fr\/nos-produits\/regulateur-air\/kits-de-lames\/contre-tirage\/bordure-de-lame\/","title":{"rendered":"Bordure de lame"},"content":{"rendered":"<div id=\"pl-1694\" class=\"panel-layout\">\n<div id=\"pg-1694-0\" class=\"panel-grid panel-no-style\">\n<div id=\"pgc-1694-0-0\" class=\"panel-grid-cell\" data-weight=\"1\">\n<div id=\"panel-1694-0-0-0\" class=\"so-panel widget widget_sow-editor panel-first-child panel-last-child\" data-index=\"0\" data-style=\"{&quot;background_image_attachment&quot;:false,&quot;background_display&quot;:&quot;tile&quot;,&quot;featured_widgets&quot;:&quot;&quot;}\">\n<div class=\"so-widget-sow-editor so-widget-sow-editor-base\">\n<div class=\"siteorigin-widget-tinymce textwidget\">\n<p style=\"text-align: center;\">\n<p style=\"text-align: center;\"><strong>BORDURE DE LA LAME DU CLAPET<\/strong><\/p>\n<p style=\"text-align: center;\">\n<p style=\"text-align: center;\"><strong><img decoding=\"async\" class=\"alignnone size-full wp-image-1602\" src=\"\/wp-content\/uploads\/2017\/04\/bkdbe3.jpg\" sizes=\"(max-width: 450px) 100vw, 450px\" srcset=\"https:\/\/www.durodynecanada.com\/wp-content\/uploads\/2017\/04\/bkdbe3.jpg 450w, https:\/\/www.durodynecanada.com\/wp-content\/uploads\/2017\/04\/bkdbe3-263x300.jpg 263w\" alt=\"\" width=\"200\"><\/strong><\/p>\n<p style=\"text-align: center;\">\n<p style=\"text-align: center;\"><strong><u>FONCTIONNALITES<\/u><\/strong><\/p>\n<ul style=\"text-align: center;\">\n<li style=\"list-style-type: none;\">\n<ul style=\"text-align: center;\">\n<li style=\"list-style-type: none;\">\n<ul style=\"text-align: center;\">\u2022 Deux profils diff\u00e9rents pour couvrir la plupart des applications<\/ul>\n<\/li>\n<\/ul>\n<\/li>\n<\/ul>\n<ul style=\"text-align: center;\">\n<li style=\"list-style-type: none;\">\n<ul style=\"text-align: center;\">\n<li style=\"list-style-type: none;\">\n<ul style=\"text-align: center;\">\u2022 Pour les amortisseurs neufs et existants<\/ul>\n<\/li>\n<\/ul>\n<\/li>\n<\/ul>\n<ul style=\"text-align: center;\">\n<li style=\"list-style-type: none;\">\n<ul style=\"text-align: center;\">\n<li style=\"list-style-type: none;\">\n<ul style=\"text-align: center;\">\u2022 Se glisse sur la lame pour une installation facile<\/ul>\n<\/li>\n<\/ul>\n<\/li>\n<\/ul>\n<ul style=\"text-align: center;\">\n<li style=\"list-style-type: none;\">\n<ul style=\"text-align: center;\">\n<li style=\"list-style-type: none;\">\n<ul style=\"text-align: center;\">\u2022 Une conception unique qui maintient fermement les bordures sur la lame<\/ul>\n<\/li>\n<\/ul>\n<\/li>\n<\/ul>\n<ul style=\"text-align: center;\">\n<li style=\"list-style-type: none;\">\n<ul style=\"text-align: center;\">\n<li style=\"list-style-type: none;\">\n<ul style=\"text-align: center;\">\u2022 La partie flexible de la bordure se comprime pour \u00e9viter les fuites d&rsquo;air.<\/ul>\n<\/li>\n<\/ul>\n<\/li>\n<\/ul>\n<ul style=\"text-align: center;\">\n<li style=\"list-style-type: none;\">\n<ul style=\"text-align: center;\">\n<li style=\"list-style-type: none;\">\n<ul style=\"text-align: center;\">\u2022 \u00c0 utiliser avec des lames de clapet de calibre 18 ou 16.<\/ul>\n<\/li>\n<\/ul>\n<\/li>\n<\/ul>\n<ul style=\"text-align: center;\">\n<li style=\"list-style-type: none;\">\n<ul style=\"text-align: center;\">\n<li style=\"list-style-type: none;\">\n<ul style=\"text-align: center;\">\u2022 Peut \u00eatre utilis\u00e9 sur des volets en acier galvanis\u00e9, en aluminium ou en acier inoxydable.<\/ul>\n<\/li>\n<\/ul>\n<\/li>\n<\/ul>\n<ul style=\"text-align: center;\">\n<li style=\"list-style-type: none;\">\n<ul style=\"text-align: center;\">\u2022 Peut \u00eatre coup\u00e9 \u00e0 longueur sur demande ; en commande sp\u00e9ciale<\/ul>\n<\/li>\n<\/ul>\n<p style=\"text-align: center;\"><strong><u>SP\u00c9CIFICATIONS<\/u><\/strong><\/p>\n<ul style=\"text-align: center;\">\n<li style=\"list-style-type: none;\">\n<ul style=\"text-align: center;\">\n<li style=\"list-style-type: none;\">\n<ul style=\"text-align: center;\">\n<li style=\"list-style-type: none;\">\n<ul style=\"text-align: center;\">\n<li style=\"list-style-type: none\">\n<ul style=\"text-align: center;\">\u2022<\/ul>\n<\/li>\n<\/ul>\n<p><span style=\"color: initial;\">Plage de temp\u00e9rature de -30\u00b0F \u00e0 160\u00b0F<\/span><\/li>\n<\/ul>\n<\/li>\n<\/ul>\n<\/li>\n<\/ul>\n<ul style=\"text-align: center;\">\n<li style=\"list-style-type: none;\">\n<ul style=\"text-align: center;\">\u2022 PVC \u00e0 double durom\u00e8tre avec m\u00e9moire<\/ul>\n<\/li>\n<\/ul>\n<p style=\"text-align: left;\"><strong>No. d&rsquo;article Code Description<\/strong><strong><br \/>\n<\/strong>2151 <strong>BKDBE-2<\/strong> Bordure de lame de volet en vinyle blanc<br \/>\n2156 <strong>BKDBE-3<\/strong> Bordure de lame de volet en vinyle gris<\/p>\n<\/div>\n<\/div>\n<\/div>\n<\/div>\n<\/div>\n<\/div>\n","protected":false},"excerpt":{"rendered":"<p>BORDURE DE LA LAME DU CLAPET FONCTIONNALITES \u2022 Deux profils diff\u00e9rents pour couvrir la plupart des applications \u2022 Pour les amortisseurs neufs et existants \u2022 Se glisse sur la lame pour une installation facile \u2022 Une conception unique qui maintient fermement les bordures sur la lame \u2022 La partie flexible de la bordure se comprime &hellip;<\/p>\n","protected":false},"author":15,"featured_media":0,"parent":7684,"menu_order":0,"comment_status":"closed","ping_status":"closed","template":"","meta":{"_acf_changed":false,"footnotes":""},"acf":[],"_links":{"self":[{"href":"https:\/\/www.durodynecanada.com\/fr\/wp-json\/wp\/v2\/pages\/7687"}],"collection":[{"href":"https:\/\/www.durodynecanada.com\/fr\/wp-json\/wp\/v2\/pages"}],"about":[{"href":"https:\/\/www.durodynecanada.com\/fr\/wp-json\/wp\/v2\/types\/page"}],"author":[{"embeddable":true,"href":"https:\/\/www.durodynecanada.com\/fr\/wp-json\/wp\/v2\/users\/15"}],"replies":[{"embeddable":true,"href":"https:\/\/www.durodynecanada.com\/fr\/wp-json\/wp\/v2\/comments?post=7687"}],"version-history":[{"count":3,"href":"https:\/\/www.durodynecanada.com\/fr\/wp-json\/wp\/v2\/pages\/7687\/revisions"}],"predecessor-version":[{"id":8395,"href":"https:\/\/www.durodynecanada.com\/fr\/wp-json\/wp\/v2\/pages\/7687\/revisions\/8395"}],"up":[{"embeddable":true,"href":"https:\/\/www.durodynecanada.com\/fr\/wp-json\/wp\/v2\/pages\/7684"}],"wp:attachment":[{"href":"https:\/\/www.durodynecanada.com\/fr\/wp-json\/wp\/v2\/media?parent=7687"}],"curies":[{"name":"wp","href":"https:\/\/api.w.org\/{rel}","templated":true}]}}