{"id":7684,"date":"2017-04-04T21:33:25","date_gmt":"2017-04-05T01:33:25","guid":{"rendered":"https:\/\/www.durodynecanada.com\/nos-produits\/air-regulation\/blade-kits\/back-draft\/"},"modified":"2022-06-16T16:02:59","modified_gmt":"2022-06-16T20:02:59","slug":"contre-tirage","status":"publish","type":"page","link":"https:\/\/www.durodynecanada.com\/fr\/nos-produits\/regulateur-air\/kits-de-lames\/contre-tirage\/","title":{"rendered":"Contre-Tirage"},"content":{"rendered":"<p><strong>KITS DE LAME<\/strong><\/p>\n<p><strong>&nbsp;<\/strong><\/p>\n<p><strong>PI\u00c8CES DU VOLET DE CONTRE-TIRAGE<\/strong><\/p>\n<table width=\"100%\">\n<tbody>\n<tr>\n<td width=\"10%\"><strong>Item No.<\/strong><\/td>\n<td width=\"10%\"><strong>Code<\/strong><\/td>\n<td width=\"31%\"><strong>Description<\/strong><\/td>\n<td width=\"12%\"><strong>Quantit\u00e9<br \/>\npar Ctn.<\/strong><\/td>\n<td width=\"13%\"><strong>Tarification<br \/>\n\u00e0 l&rsquo;Unit\u00e9<\/strong><\/td>\n<td width=\"24%\"><\/td>\n<\/tr>\n<tr>\n<td width=\"10%\"><\/td>\n<td width=\"10%\"><\/td>\n<td width=\"31%\"><\/td>\n<td width=\"12%\"><\/td>\n<td width=\"13%\"><\/td>\n<td width=\"24%\"><\/td>\n<\/tr>\n<tr>\n<td width=\"10%\">2303<\/td>\n<td width=\"10%\"><strong>BDK-51<\/strong><\/td>\n<td width=\"31%\">Kit pour clapets anti-refoulement.<br \/>\ncomprend :<br \/>\n100 pi\u00e8ces BDP-52 Support et pivot<br \/>\n200 pi\u00e8ces BDP-518 Douilles de 1\/8&Prime; I.D.<br \/>\n200 pi\u00e8ces AA-42D Rivets en aluminium 1\/8 \u00ab\u00a0x1\/8\u00a0\u00bb. Rivets en aluminium<\/td>\n<td width=\"12%\">100<\/td>\n<td width=\"13%\">\u00c0 l&rsquo;ensemble<\/td>\n<td width=\"24%\"><img loading=\"lazy\" decoding=\"async\" class=\"alignnone size-full wp-image-1591\" src=\"\/wp-content\/uploads\/2017\/04\/bdk51.jpg\" alt=\"\" width=\"130\" height=\"69\"><\/td>\n<\/tr>\n<tr>\n<td width=\"10%\">2304<\/td>\n<td width=\"10%\"><strong>BDP-52<\/strong><\/td>\n<td width=\"31%\">Support de tringlerie en aluminium et pivot en nylon<\/td>\n<td width=\"12%\">100<\/td>\n<td width=\"13%\">\u00c0 l&rsquo;unit\u00e9<\/td>\n<td width=\"24%\"><img loading=\"lazy\" decoding=\"async\" class=\"alignnone size-full wp-image-1592\" src=\"\/wp-content\/uploads\/2017\/04\/bdp52.jpg\" alt=\"\" width=\"108\" height=\"66\"><\/td>\n<\/tr>\n<tr>\n<td width=\"10%\">2305<\/td>\n<td width=\"10%\"><strong>BDP-53<\/strong><\/td>\n<td width=\"31%\">Pivot en nylon uniquement<\/td>\n<td width=\"12%\">100<\/td>\n<td width=\"13%\">&nbsp;\u00c0 l&rsquo;unit\u00e9<\/td>\n<td width=\"24%\"><img loading=\"lazy\" decoding=\"async\" class=\"alignnone size-full wp-image-1593\" src=\"\/wp-content\/uploads\/2017\/04\/bdp53.jpg\" alt=\"\" width=\"94\" height=\"83\"><\/td>\n<\/tr>\n<tr>\n<td width=\"10%\">2306<\/td>\n<td width=\"10%\"><strong>BDP-518<\/strong><\/td>\n<td width=\"31%\">Douille en nylon 1\/8&Prime; I.D.<\/td>\n<td width=\"12%\">200<\/td>\n<td width=\"13%\">&nbsp;\u00c0 l&rsquo;unit\u00e9<\/td>\n<td rowspan=\"3\" width=\"24%\"><img loading=\"lazy\" decoding=\"async\" class=\"alignnone size-full wp-image-1594\" src=\"\/wp-content\/uploads\/2017\/04\/bdp536.jpg\" alt=\"\" width=\"74\" height=\"72\"><\/td>\n<\/tr>\n<tr>\n<td width=\"10%\"><\/td>\n<td width=\"10%\"><\/td>\n<td width=\"31%\"><\/td>\n<td width=\"12%\"><\/td>\n<td width=\"13%\"><\/td>\n<\/tr>\n<tr>\n<td width=\"10%\">2307<\/td>\n<td width=\"10%\"><strong>BDP-536<\/strong><\/td>\n<td width=\"31%\">Douille en nylon 3\/16&Prime; I.D.<\/td>\n<td width=\"12%\">200<\/td>\n<td width=\"13%\">&nbsp;\u00c0 l&rsquo;unit\u00e9<\/td>\n<\/tr>\n<tr>\n<td colspan=\"6\" width=\"100%\"><strong>INSTRUCTIONS:<\/strong><br \/>\nLa barre de connexion entre les lames peut \u00eatre un profil\u00e9 en L ou une bande d&rsquo;aluminium plate de 0,040&Prime; \u00e0 0,060&Prime; d&rsquo;\u00e9paisseur.&nbsp; Les trous pour les pivots en nylon doivent \u00eatre perc\u00e9s (m\u00e8che de taille n\u00b0 11) ou poin\u00e7onn\u00e9s (13\/64&Prime;) aux centres appropri\u00e9s.<\/td>\n<\/tr>\n<\/tbody>\n<\/table>\n","protected":false},"excerpt":{"rendered":"<p>KITS DE LAME &nbsp; PI\u00c8CES DU VOLET DE CONTRE-TIRAGE Item No. Code Description Quantit\u00e9 par Ctn. Tarification \u00e0 l&rsquo;Unit\u00e9 2303 BDK-51 Kit pour clapets anti-refoulement. comprend : 100 pi\u00e8ces BDP-52 Support et pivot 200 pi\u00e8ces BDP-518 Douilles de 1\/8&Prime; I.D. 200 pi\u00e8ces AA-42D Rivets en aluminium 1\/8 \u00ab\u00a0x1\/8\u00a0\u00bb. Rivets en aluminium 100 \u00c0 l&rsquo;ensemble 2304 &hellip;<\/p>\n","protected":false},"author":15,"featured_media":0,"parent":7681,"menu_order":0,"comment_status":"closed","ping_status":"closed","template":"","meta":{"_acf_changed":false,"footnotes":""},"acf":[],"_links":{"self":[{"href":"https:\/\/www.durodynecanada.com\/fr\/wp-json\/wp\/v2\/pages\/7684"}],"collection":[{"href":"https:\/\/www.durodynecanada.com\/fr\/wp-json\/wp\/v2\/pages"}],"about":[{"href":"https:\/\/www.durodynecanada.com\/fr\/wp-json\/wp\/v2\/types\/page"}],"author":[{"embeddable":true,"href":"https:\/\/www.durodynecanada.com\/fr\/wp-json\/wp\/v2\/users\/15"}],"replies":[{"embeddable":true,"href":"https:\/\/www.durodynecanada.com\/fr\/wp-json\/wp\/v2\/comments?post=7684"}],"version-history":[{"count":3,"href":"https:\/\/www.durodynecanada.com\/fr\/wp-json\/wp\/v2\/pages\/7684\/revisions"}],"predecessor-version":[{"id":8393,"href":"https:\/\/www.durodynecanada.com\/fr\/wp-json\/wp\/v2\/pages\/7684\/revisions\/8393"}],"up":[{"embeddable":true,"href":"https:\/\/www.durodynecanada.com\/fr\/wp-json\/wp\/v2\/pages\/7681"}],"wp:attachment":[{"href":"https:\/\/www.durodynecanada.com\/fr\/wp-json\/wp\/v2\/media?parent=7684"}],"curies":[{"name":"wp","href":"https:\/\/api.w.org\/{rel}","templated":true}]}}