{"id":7681,"date":"2017-04-04T19:23:25","date_gmt":"2017-04-04T23:23:25","guid":{"rendered":"https:\/\/www.durodynecanada.com\/nos-produits\/air-regulation\/blade-kits\/"},"modified":"2022-07-06T09:33:21","modified_gmt":"2022-07-06T13:33:21","slug":"kits-de-lames","status":"publish","type":"page","link":"https:\/\/www.durodynecanada.com\/fr\/nos-produits\/regulateur-air\/kits-de-lames\/","title":{"rendered":"Kits de lames"},"content":{"rendered":"<div id=\"pl-1644\" class=\"panel-layout\">\n<div id=\"pg-1644-0\" class=\"panel-grid panel-no-style\">\n<div id=\"pgc-1644-0-0\" class=\"panel-grid-cell\" data-weight=\"1\">\n<div id=\"panel-1644-0-0-0\" class=\"so-panel widget widget_sow-editor panel-first-child panel-last-child\" data-index=\"0\" data-style=\"{&quot;background_display&quot;:&quot;tile&quot;,&quot;featured_widgets&quot;:&quot;&quot;}\">\n<div class=\"so-widget-sow-editor so-widget-sow-editor-base\">\n<div class=\"siteorigin-widget-tinymce textwidget\">\n<p><span style=\"color: #000000;\"><strong>KITS DE LAMES<\/strong><\/span><br \/>\n<span style=\"color: #000000;\">QUINCAILLERIE D&rsquo;AMORTISSEUR MULTI-LAMES<\/span><\/p>\n<\/div>\n<\/div>\n<\/div>\n<\/div>\n<\/div>\n<div id=\"pg-1644-1\" class=\"panel-grid panel-no-style\" data-style=\"{&quot;background_display&quot;:&quot;tile&quot;}\">\n<div id=\"pgc-1644-1-0\" class=\"panel-grid-cell\" data-weight=\"0.5\">\n<div id=\"panel-1644-1-0-0\" class=\"so-panel widget widget_sow-editor panel-first-child\" data-index=\"1\" data-style=\"{&quot;widget_css&quot;:&quot;div {\\n border-width:3px 1px 1px 1px;\\n border-style:solid solid;\\n border-color: #fec303 #e2e2e2 #e2e2e2 #e2e2e2;\\n padding:0 10px;\\n }&quot;,&quot;background_display&quot;:&quot;tile&quot;,&quot;featured_widgets&quot;:&quot;&quot;}\">\n<div class=\"panel-widget-style panel-widget-style-for-1644-1-0-0\">\n<div class=\"so-widget-sow-editor so-widget-sow-editor-base\">\n<div class=\"siteorigin-widget-tinymce textwidget\">\n<h6><a href=\"https:\/\/www.durodynecanada.com\/products\/air-regulation\/blade-kits\/bk-bko-multiblade-damper-hardware\/\">(BK) Pour amortisseurs parall\u00e8les &#8211; Neva Bind Duro Blade Kit<\/a><\/h6>\n<p><img loading=\"lazy\" decoding=\"async\" width=\"295\" height=\"154\" class=\"size-thumbnail wp-image-1595\" src=\"\/wp-content\/uploads\/2017\/04\/bk_neva_bind.jpg\" alt=\"\" \/><\/p>\n<\/div>\n<\/div>\n<\/div>\n<\/div>\n<div id=\"panel-1644-1-0-1\" class=\"so-panel widget widget_sow-editor\" data-index=\"2\" data-style=\"{&quot;widget_css&quot;:&quot;div {\\n border-width:3px 1px 1px 1px;\\n border-style:solid solid;\\n border-color: #fec303 #e2e2e2 #e2e2e2 #e2e2e2;\\n padding:0 10px;\\n }&quot;,&quot;background_display&quot;:&quot;tile&quot;,&quot;featured_widgets&quot;:&quot;&quot;}\">\n<div class=\"panel-widget-style panel-widget-style-for-1644-1-0-1\">\n<div class=\"so-widget-sow-editor so-widget-sow-editor-base\">\n<div class=\"siteorigin-widget-tinymce textwidget\">\n<h6><a href=\"https:\/\/www.durodynecanada.com\/products\/air-regulation\/blade-kits\/back-draft\/\">(BDK, BDP) Pi\u00e8ces de registre anti-retour<\/a><\/h6>\n<p><img decoding=\"async\" class=\"alignnone wp-image-1591\" src=\"\/wp-content\/uploads\/2017\/04\/bdk51.jpg\" alt=\"\" height=\"150\" \/><\/p>\n<\/div>\n<\/div>\n<\/div>\n<\/div>\n<div id=\"panel-1644-1-0-2\" class=\"so-panel widget widget_sow-editor\" data-index=\"3\" data-style=\"{&quot;widget_css&quot;:&quot;div {\\n border-width:3px 1px 1px 1px;\\n border-style:solid solid;\\n border-color: #fec303 #e2e2e2 #e2e2e2 #e2e2e2;\\n padding:0 10px;\\n }&quot;,&quot;background_display&quot;:&quot;tile&quot;,&quot;featured_widgets&quot;:&quot;&quot;}\">\n<div class=\"panel-widget-style panel-widget-style-for-1644-1-0-2\">\n<div class=\"so-widget-sow-editor so-widget-sow-editor-base\">\n<div class=\"siteorigin-widget-tinymce textwidget\">\n<h6><a href=\"\/wp-content\/uploads\/2017\/04\/bkp814_sheet2020.pdf\" target=\"_blank\" rel=\"noopener noreferrer\">(BKP) Supports d&rsquo;amortisseur \u00e0 plusieurs lames<\/a><\/h6>\n<p><img decoding=\"async\" class=\"alignnone size-thumbnail wp-image-1605\" src=\"\/wp-content\/uploads\/2017\/04\/bkp814.jpg\" sizes=\"(max-width: 450px) 100vw, 450px\" srcset=\"https:\/\/www.durodynecanada.com\/wp-content\/uploads\/2017\/04\/bkp814.jpg 450w, https:\/\/www.durodynecanada.com\/wp-content\/uploads\/2017\/04\/bkp814-300x199.jpg 300w\" alt=\"\" width=\"200\" \/><\/p>\n<\/div>\n<\/div>\n<\/div>\n<\/div>\n<div id=\"panel-1644-1-0-3\" class=\"so-panel widget widget_sow-editor\" data-index=\"4\" data-style=\"{&quot;widget_css&quot;:&quot;div {\\n border-width:3px 1px 1px 1px;\\n border-style:solid solid;\\n border-color: #fec303 #e2e2e2 #e2e2e2 #e2e2e2;\\n padding:0 10px;\\n }&quot;,&quot;background_display&quot;:&quot;tile&quot;,&quot;featured_widgets&quot;:&quot;&quot;}\">\n<div class=\"panel-widget-style panel-widget-style-for-1644-1-0-3\">\n<div class=\"so-widget-sow-editor so-widget-sow-editor-base\">\n<div class=\"siteorigin-widget-tinymce textwidget\">\n<h6><a href=\"\/wp-content\/uploads\/2017\/04\/dbp_bladepin_set.pdf\" target=\"_blank\" rel=\"noopener noreferrer\">(DBP) Goupille de lame d&rsquo;amortisseur<\/a><\/h6>\n<p><img decoding=\"async\" class=\"alignnone size-full wp-image-1607\" src=\"\/wp-content\/uploads\/2017\/04\/dbp1.jpg\" sizes=\"(max-width: 450px) 100vw, 450px\" srcset=\"https:\/\/www.durodynecanada.com\/wp-content\/uploads\/2017\/04\/dbp1.jpg 450w, https:\/\/www.durodynecanada.com\/wp-content\/uploads\/2017\/04\/dbp1-300x130.jpg 300w\" alt=\"\" width=\"200\" \/><\/p>\n<\/div>\n<\/div>\n<\/div>\n<\/div>\n<div id=\"panel-1644-1-0-4\" class=\"so-panel widget widget_sow-editor\" data-index=\"5\" data-style=\"{&quot;widget_css&quot;:&quot;div {\\n border-width:3px 1px 1px 1px;\\n border-style:solid solid;\\n border-color: #fec303 #e2e2e2 #e2e2e2 #e2e2e2;\\n padding:0 10px;\\n }&quot;,&quot;background_display&quot;:&quot;tile&quot;,&quot;featured_widgets&quot;:&quot;&quot;}\">\n<div class=\"panel-widget-style panel-widget-style-for-1644-1-0-4\">\n<div class=\"so-widget-sow-editor so-widget-sow-editor-base\">\n<div class=\"siteorigin-widget-tinymce textwidget\">\n<h6><a href=\"\/wp-content\/uploads\/2017\/04\/cac_dcs_back1.pdf\" target=\"_blank\" rel=\"noopener noreferrer\">(DCS) Bras de manivelle d&rsquo;amortisseur et pivot de commande<\/a><\/h6>\n<\/div>\n<\/div>\n<\/div>\n<\/div>\n<div id=\"panel-1644-1-0-5\" class=\"so-panel widget widget_sow-editor panel-last-child\" data-index=\"6\" data-style=\"{&quot;widget_css&quot;:&quot;div {\\n border-width:3px 1px 1px 1px;\\n border-style:solid solid;\\n border-color: #fec303 #e2e2e2 #e2e2e2 #e2e2e2;\\n padding:0 10px;\\n }&quot;,&quot;background_display&quot;:&quot;tile&quot;,&quot;featured_widgets&quot;:&quot;&quot;}\">\n<div class=\"panel-widget-style panel-widget-style-for-1644-1-0-5\">\n<div class=\"so-widget-sow-editor so-widget-sow-editor-base\">\n<div class=\"siteorigin-widget-tinymce textwidget\">\n<h6><a href=\"https:\/\/www.durodynecanada.com\/products\/air-regulation\/blade-kits\/back-draft\/blade-edging-xx\/\">(BKDBE-XX) Bordure de lame d&rsquo;amortisseur &#8211; Inox<\/a><\/h6>\n<p><img decoding=\"async\" class=\"alignnone size-full wp-image-1598\" src=\"\/wp-content\/uploads\/2017\/04\/bkdbe_xx1.jpg\" sizes=\"(max-width: 288px) 100vw, 288px\" srcset=\"https:\/\/www.durodynecanada.com\/wp-content\/uploads\/2017\/04\/bkdbe_xx1.jpg 288w, https:\/\/www.durodynecanada.com\/wp-content\/uploads\/2017\/04\/bkdbe_xx1-168x300.jpg 168w\" alt=\"\" width=\"100\" \/><\/p>\n<\/div>\n<\/div>\n<\/div>\n<\/div>\n<\/div>\n<div id=\"pgc-1644-1-1\" class=\"panel-grid-cell\" data-weight=\"0.5\">\n<div id=\"panel-1644-1-1-0\" class=\"so-panel widget widget_sow-editor panel-first-child\" data-index=\"7\" data-style=\"{&quot;widget_css&quot;:&quot;div {\\n border-width:3px 1px 1px 1px;\\n border-style:solid solid;\\n border-color: #fec303 #e2e2e2 #e2e2e2 #e2e2e2;\\n padding:0 10px;\\n }&quot;,&quot;background_display&quot;:&quot;tile&quot;,&quot;featured_widgets&quot;:&quot;&quot;}\">\n<div class=\"panel-widget-style panel-widget-style-for-1644-1-1-0\">\n<div class=\"so-widget-sow-editor so-widget-sow-editor-base\">\n<div class=\"siteorigin-widget-tinymce textwidget\">\n<h6><a href=\"https:\/\/www.durodynecanada.com\/products\/air-regulation\/blade-kits\/bk-bko-multiblade-damper-hardware\/\">(BKO) Pour amortisseurs \u00e0 action oppos\u00e9e &#8211; Kit de lames Opax<\/a><\/h6>\n<p><img decoding=\"async\" src=\"\/wp-content\/uploads\/2017\/04\/bk_opax.jpg\" alt=\"\" \/><\/p>\n<\/div>\n<\/div>\n<\/div>\n<\/div>\n<div id=\"panel-1644-1-1-1\" class=\"so-panel widget widget_sow-editor\" data-index=\"8\" data-style=\"{&quot;widget_css&quot;:&quot;div {\\n border-width:3px 1px 1px 1px;\\n border-style:solid solid;\\n border-color: #fec303 #e2e2e2 #e2e2e2 #e2e2e2;\\n padding:0 10px;\\n }&quot;,&quot;background_display&quot;:&quot;tile&quot;,&quot;featured_widgets&quot;:&quot;&quot;}\">\n<div class=\"panel-widget-style panel-widget-style-for-1644-1-1-1\">\n<div class=\"so-widget-sow-editor so-widget-sow-editor-base\">\n<div class=\"siteorigin-widget-tinymce textwidget\">\n<h6><a href=\"\/wp-content\/uploads\/2017\/04\/bkp1_sheet.pdf\" target=\"_blank\" rel=\"noopener noreferrer\">(BKP) Pi\u00e8ces d&rsquo;amortisseur multi-lames<\/a><\/h6>\n<p><img decoding=\"async\" class=\"alignnone size-thumbnail wp-image-1603\" src=\"\/wp-content\/uploads\/2017\/04\/bkp_parts.jpg\" sizes=\"(max-width: 450px) 100vw, 450px\" srcset=\"https:\/\/www.durodynecanada.com\/wp-content\/uploads\/2017\/04\/bkp_parts.jpg 450w, https:\/\/www.durodynecanada.com\/wp-content\/uploads\/2017\/04\/bkp_parts-300x168.jpg 300w\" alt=\"\" width=\"200\" \/><\/p>\n<\/div>\n<\/div>\n<\/div>\n<\/div>\n<div id=\"panel-1644-1-1-2\" class=\"so-panel widget widget_sow-editor\" data-index=\"9\" data-style=\"{&quot;widget_css&quot;:&quot;div {\\n border-width:3px 1px 1px 1px;\\n border-style:solid solid;\\n border-color: #fec303 #e2e2e2 #e2e2e2 #e2e2e2;\\n padding:0 10px;\\n }&quot;,&quot;background_display&quot;:&quot;tile&quot;,&quot;featured_widgets&quot;:&quot;&quot;}\">\n<div class=\"panel-widget-style panel-widget-style-for-1644-1-1-2\">\n<div class=\"so-widget-sow-editor so-widget-sow-editor-base\">\n<div class=\"siteorigin-widget-tinymce textwidget\">\n<h6><a href=\"https:\/\/www.durodynecanada.com\/products\/air-regulation\/blade-kits\/back-draft\/round-to-square-pins\/\">(BKP) Broches rondes \u00e0 carr\u00e9es<\/a><\/h6>\n<p><img decoding=\"async\" class=\"alignnone size-thumbnail wp-image-1604\" src=\"\/wp-content\/uploads\/2017\/04\/bkp4_7.jpg\" sizes=\"(max-width: 1350px) 100vw, 1350px\" srcset=\"https:\/\/www.durodynecanada.com\/wp-content\/uploads\/2017\/04\/bkp4_7.jpg 1350w, https:\/\/www.durodynecanada.com\/wp-content\/uploads\/2017\/04\/bkp4_7-300x42.jpg 300w, https:\/\/www.durodynecanada.com\/wp-content\/uploads\/2017\/04\/bkp4_7-768x109.jpg 768w, https:\/\/www.durodynecanada.com\/wp-content\/uploads\/2017\/04\/bkp4_7-1024x145.jpg 1024w, https:\/\/www.durodynecanada.com\/wp-content\/uploads\/2017\/04\/bkp4_7-540x76.jpg 540w\" alt=\"\" height=\"150\" \/><\/p>\n<\/div>\n<\/div>\n<\/div>\n<\/div>\n<div id=\"panel-1644-1-1-3\" class=\"so-panel widget widget_sow-editor\" data-index=\"10\" data-style=\"{&quot;widget_css&quot;:&quot;div {\\n border-width:3px 1px 1px 1px;\\n border-style:solid solid;\\n border-color: #fec303 #e2e2e2 #e2e2e2 #e2e2e2;\\n padding:0 10px;\\n }&quot;,&quot;background_display&quot;:&quot;tile&quot;,&quot;featured_widgets&quot;:&quot;&quot;}\">\n<div class=\"panel-widget-style panel-widget-style-for-1644-1-1-3\">\n<div class=\"so-widget-sow-editor so-widget-sow-editor-base\">\n<div class=\"siteorigin-widget-tinymce textwidget\">\n<h6><a href=\"\/wp-content\/uploads\/2017\/04\/cac_dcs.pdf\" target=\"_blank\" rel=\"noopener noreferrer\">(CAC) Bras de manivelle d&rsquo;amortisseur<\/a><\/h6>\n<p><img decoding=\"async\" class=\"alignnone size-full wp-image-5713\" src=\"https:\/\/www.durodynecanada.com\/wp-content\/uploads\/2017\/04\/cac.jpg\" alt=\"\" width=\"125\" \/><\/p>\n<\/div>\n<\/div>\n<\/div>\n<\/div>\n<div id=\"panel-1644-1-1-4\" class=\"so-panel widget widget_siteorigin-panels-builder\" data-index=\"11\" data-style=\"{&quot;widget_css&quot;:&quot;div {\\n border-width:3px 1px 1px 1px;\\n border-style:solid solid;\\n border-color: #fec303 #e2e2e2 #e2e2e2 #e2e2e2;\\n padding:0 10px;\\n }&quot;,&quot;background_display&quot;:&quot;tile&quot;,&quot;featured_widgets&quot;:&quot;&quot;}\">\n<div class=\"panel-widget-style panel-widget-style-for-1644-1-1-4\">\n<div id=\"pl-w58f8d249bba84\" class=\"panel-layout\">\n<div id=\"pg-w58f8d249bba84-0\" class=\"panel-grid panel-no-style\">\n<div id=\"pgc-w58f8d249bba84-0-0\" class=\"panel-grid-cell\" data-weight=\"1\">\n<div id=\"panel-w58f8d249bba84-0-0-0\" class=\"so-panel widget widget_sow-editor panel-first-child panel-last-child\" data-index=\"0\" data-style=\"{&quot;class&quot;:&quot;&quot;,&quot;widget_css&quot;:&quot;&quot;,&quot;padding&quot;:&quot;&quot;,&quot;mobile_padding&quot;:&quot;&quot;,&quot;background&quot;:&quot;&quot;,&quot;background_image_attachment&quot;:&quot;0&quot;,&quot;background_display&quot;:&quot;tile&quot;,&quot;border_color&quot;:&quot;&quot;,&quot;font_color&quot;:&quot;&quot;,&quot;link_color&quot;:&quot;&quot;}\">\n<div class=\"so-widget-sow-editor so-widget-sow-editor-base\">\n<div class=\"siteorigin-widget-tinymce textwidget\">\n<h6><a href=\"https:\/\/www.durodynecanada.com\/products\/air-regulation\/blade-kits\/back-draft\/blade-edging\/\">(BKDBE) Bordure de lame d&rsquo;amortisseur<\/a><\/h6>\n<p><img decoding=\"async\" class=\"size-full wp-image-1599 alignleft\" src=\"\/wp-content\/uploads\/2017\/04\/bkdbe2.jpg\" alt=\"\" width=\"150\" \/><img decoding=\"async\" class=\"size-thumbnail wp-image-1602 alignleft\" src=\"\/wp-content\/uploads\/2017\/04\/bkdbe3.jpg\" sizes=\"(max-width: 450px) 100vw, 450px\" srcset=\"https:\/\/www.durodynecanada.com\/wp-content\/uploads\/2017\/04\/bkdbe3.jpg 450w, https:\/\/www.durodynecanada.com\/wp-content\/uploads\/2017\/04\/bkdbe3-263x300.jpg 263w\" alt=\"\" width=\"150\" \/><\/p>\n<\/div>\n<\/div>\n<\/div>\n<\/div>\n<\/div>\n<\/div>\n<\/div>\n<\/div>\n<div id=\"panel-1644-1-1-5\" class=\"so-panel widget widget_sow-editor panel-last-child\" data-index=\"12\" data-style=\"{&quot;widget_css&quot;:&quot;div {\\n border-width:3px 1px 1px 1px;\\n border-style:solid solid;\\n border-color: #fec303 #e2e2e2 #e2e2e2 #e2e2e2;\\n padding:0 10px;\\n }&quot;,&quot;background_display&quot;:&quot;tile&quot;,&quot;featured_widgets&quot;:&quot;&quot;}\">\n<div class=\"panel-widget-style panel-widget-style-for-1644-1-1-5\">\n<div class=\"so-widget-sow-editor so-widget-sow-editor-base\">\n<div class=\"siteorigin-widget-tinymce textwidget\">\n<h6><a href=\"https:\/\/www.durodynecanada.com\/products\/air-regulation\/blade-kits\/back-draft\/side-seal\/\">(BKSS) Joint lat\u00e9ral<\/a><\/h6>\n<\/div>\n<\/div>\n<\/div>\n<\/div>\n<\/div>\n<\/div>\n<\/div>\n","protected":false},"excerpt":{"rendered":"<p>KITS DE LAMES QUINCAILLERIE D&rsquo;AMORTISSEUR MULTI-LAMES (BK) Pour amortisseurs parall\u00e8les &#8211; Neva Bind Duro Blade Kit (BDK, BDP) Pi\u00e8ces de registre anti-retour (BKP) Supports d&rsquo;amortisseur \u00e0 plusieurs lames (DBP) Goupille de lame d&rsquo;amortisseur (DCS) Bras de manivelle d&rsquo;amortisseur et pivot de commande (BKDBE-XX) Bordure de lame d&rsquo;amortisseur &#8211; Inox (BKO) Pour amortisseurs \u00e0 action oppos\u00e9e &hellip;<\/p>\n","protected":false},"author":15,"featured_media":0,"parent":7628,"menu_order":0,"comment_status":"closed","ping_status":"closed","template":"","meta":{"_acf_changed":false,"footnotes":""},"acf":[],"_links":{"self":[{"href":"https:\/\/www.durodynecanada.com\/fr\/wp-json\/wp\/v2\/pages\/7681"}],"collection":[{"href":"https:\/\/www.durodynecanada.com\/fr\/wp-json\/wp\/v2\/pages"}],"about":[{"href":"https:\/\/www.durodynecanada.com\/fr\/wp-json\/wp\/v2\/types\/page"}],"author":[{"embeddable":true,"href":"https:\/\/www.durodynecanada.com\/fr\/wp-json\/wp\/v2\/users\/15"}],"replies":[{"embeddable":true,"href":"https:\/\/www.durodynecanada.com\/fr\/wp-json\/wp\/v2\/comments?post=7681"}],"version-history":[{"count":4,"href":"https:\/\/www.durodynecanada.com\/fr\/wp-json\/wp\/v2\/pages\/7681\/revisions"}],"predecessor-version":[{"id":8519,"href":"https:\/\/www.durodynecanada.com\/fr\/wp-json\/wp\/v2\/pages\/7681\/revisions\/8519"}],"up":[{"embeddable":true,"href":"https:\/\/www.durodynecanada.com\/fr\/wp-json\/wp\/v2\/pages\/7628"}],"wp:attachment":[{"href":"https:\/\/www.durodynecanada.com\/fr\/wp-json\/wp\/v2\/media?parent=7681"}],"curies":[{"name":"wp","href":"https:\/\/api.w.org\/{rel}","templated":true}]}}