{"id":7675,"date":"2019-02-04T15:04:08","date_gmt":"2019-02-04T20:04:08","guid":{"rendered":"https:\/\/www.durodynecanada.com\/nos-produits\/residential\/"},"modified":"2022-06-16T15:51:39","modified_gmt":"2022-06-16T19:51:39","slug":"residentiel","status":"publish","type":"page","link":"https:\/\/www.durodynecanada.com\/fr\/nos-produits\/residentiel\/","title":{"rendered":"R\u00e9sidentiel"},"content":{"rendered":"<h1 style=\"text-align: center;\"><img loading=\"lazy\" decoding=\"async\" class=\"aligncenter wp-image-5998 size-full\" src=\"https:\/\/www.durodynecanada.com\/wp-content\/uploads\/GRD_Images\/dynovent_logo.jpg\" alt=\"Dyn-O-Vent Logo\" width=\"600\" height=\"94\" srcset=\"https:\/\/www.durodynecanada.com\/wp-content\/uploads\/GRD_Images\/dynovent_logo.jpg 600w, https:\/\/www.durodynecanada.com\/wp-content\/uploads\/GRD_Images\/dynovent_logo-300x47.jpg 300w, https:\/\/www.durodynecanada.com\/wp-content\/uploads\/GRD_Images\/dynovent_logo-540x85.jpg 540w\" sizes=\"(max-width: 600px) 100vw, 600px\" \/><\/h1>\n<h1 style=\"text-align: center;\">GRILLES R\u00c9SIDENTIELLES REGISTRES<br \/>\nET DIFFUSEURS<\/h1>\n<h3 style=\"text-align: left;\"><strong><br \/>\n<\/strong>Grilles de plancher (FGB, FGW)<strong><br \/>\n<img loading=\"lazy\" decoding=\"async\" class=\"wp-image-6010 alignright\" src=\"https:\/\/www.durodynecanada.com\/wp-content\/uploads\/GRD_Images\/fgw_sm-300x150.jpg\" alt=\"FGW Floor Grille\" width=\"126\" height=\"63\" srcset=\"https:\/\/www.durodynecanada.com\/wp-content\/uploads\/GRD_Images\/fgw_sm-300x150.jpg 300w, https:\/\/www.durodynecanada.com\/wp-content\/uploads\/GRD_Images\/fgw_sm-360x180.jpg 360w, https:\/\/www.durodynecanada.com\/wp-content\/uploads\/GRD_Images\/fgw_sm.jpg 400w\" sizes=\"(max-width: 126px) 100vw, 126px\" \/><img loading=\"lazy\" decoding=\"async\" class=\"wp-image-6011 alignright\" src=\"https:\/\/www.durodynecanada.com\/wp-content\/uploads\/GRD_Images\/fgb_sm_color-300x150.jpg\" alt=\"FGB Floor Grille\" width=\"126\" height=\"63\" srcset=\"https:\/\/www.durodynecanada.com\/wp-content\/uploads\/GRD_Images\/fgb_sm_color-300x150.jpg 300w, https:\/\/www.durodynecanada.com\/wp-content\/uploads\/GRD_Images\/fgb_sm_color-360x180.jpg 360w, https:\/\/www.durodynecanada.com\/wp-content\/uploads\/GRD_Images\/fgb_sm_color.jpg 375w\" sizes=\"(max-width: 126px) 100vw, 126px\" \/><\/strong><\/h3>\n<ul>\n<li>Construction en acier<\/li>\n<li>Amortisseur \u00e0 lame oppos\u00e9e<\/li>\n<li>R\u00e9glage des ailerons \u00e0 angles multiples<\/li>\n<li>Ailettes lamin\u00e9es bidirectionnelles<\/li>\n<li>Disponible en finition durable blanche ou brune<\/li>\n<\/ul>\n<p><a href=\"https:\/\/www.durodynecanada.com\/wp-content\/uploads\/GRD_Submitals\/FG_Submittal.pdf\"><strong>FG Floor Grille Submittal<\/strong><\/a><\/p>\n<h3>Grilles de sol en plastique (PFGB, PFGT)<br \/>\n<img loading=\"lazy\" decoding=\"async\" class=\"alignright wp-image-6015 size-full\" src=\"https:\/\/www.durodynecanada.com\/wp-content\/uploads\/GRD_Images\/pfg_plastic_set-e1543610937974.jpg\" alt=\"PFG Plastic Floor Grille\" width=\"125\" height=\"93\"><\/h3>\n<ul>\n<li>Construction de plastique<\/li>\n<li>Taille 4&Prime; x 10&Prime;<\/li>\n<li>Disponible en Marron <strong>(PFGB)<\/strong> et Tan <strong>(PFGT)<\/strong><\/li>\n<li>Bo\u00eete de 30 pi\u00e8ces<\/li>\n<\/ul>\n<h3>Grilles de plancher d\u00e9coratives de style contemporain (FGDC)<br \/>\n<img loading=\"lazy\" decoding=\"async\" class=\"wp-image-6012 alignright\" src=\"https:\/\/www.durodynecanada.com\/wp-content\/uploads\/GRD_Images\/fgdc_decorative_set-300x217.jpg\" alt=\"FGDC Decorative Floor Grilles\" width=\"125\" height=\"90\" srcset=\"https:\/\/www.durodynecanada.com\/wp-content\/uploads\/GRD_Images\/fgdc_decorative_set-300x217.jpg 300w, https:\/\/www.durodynecanada.com\/wp-content\/uploads\/GRD_Images\/fgdc_decorative_set.jpg 519w\" sizes=\"(max-width: 125px) 100vw, 125px\" \/><\/h3>\n<ul>\n<li>Construction en acier<\/li>\n<li>Grilles d\u00e9coratives de style contemporain<\/li>\n<li>Disponible en finition laiton antique, bronze frott\u00e9 \u00e0 l&rsquo;huile et nickel satin\u00e9.<\/li>\n<\/ul>\n<h3>Grille de reprise d&rsquo;air au sol (FRAG)<img loading=\"lazy\" decoding=\"async\" class=\"alignright wp-image-6014\" src=\"https:\/\/www.durodynecanada.com\/wp-content\/uploads\/GRD_Images\/frag_sm_color-300x298.jpg\" alt=\"FRAG Floor Return Air Grille\" width=\"125\" height=\"124\" srcset=\"https:\/\/www.durodynecanada.com\/wp-content\/uploads\/GRD_Images\/frag_sm_color-300x298.jpg 300w, https:\/\/www.durodynecanada.com\/wp-content\/uploads\/GRD_Images\/frag_sm_color-100x100.jpg 100w, https:\/\/www.durodynecanada.com\/wp-content\/uploads\/GRD_Images\/frag_sm_color-150x150.jpg 150w, https:\/\/www.durodynecanada.com\/wp-content\/uploads\/GRD_Images\/frag_sm_color-75x75.jpg 75w, https:\/\/www.durodynecanada.com\/wp-content\/uploads\/GRD_Images\/frag_sm_color.jpg 375w\" sizes=\"(max-width: 125px) 100vw, 125px\" \/><\/h3>\n<ul>\n<li>Construction en acier de forte \u00e9paisseur<\/li>\n<li>La plaque frontale rigide offre une surface ferme<\/li>\n<li>Disponible en finition durable blanche et brune<\/li>\n<\/ul>\n<p><a href=\"https:\/\/www.durodynecanada.com\/wp-content\/uploads\/GRD_Submitals\/FRAG_Submittal.pdf\"><strong>FRAG Floor Return Air Grille Submittal<\/strong><\/a><\/p>\n<h3>Diffuseurs d&rsquo;air de soufflage de la plinthe Triangle (BBD)<img loading=\"lazy\" decoding=\"async\" class=\"alignright wp-image-6002\" src=\"https:\/\/www.durodynecanada.com\/wp-content\/uploads\/GRD_Images\/bbd15w_sm-300x104.jpg\" alt=\"BBD15\" width=\"136\" height=\"47\" srcset=\"https:\/\/www.durodynecanada.com\/wp-content\/uploads\/GRD_Images\/bbd15w_sm-300x104.jpg 300w, https:\/\/www.durodynecanada.com\/wp-content\/uploads\/GRD_Images\/bbd15w_sm.jpg 375w\" sizes=\"(max-width: 136px) 100vw, 136px\" \/><\/h3>\n<ul>\n<li>Construction en acier<br \/>\n<img loading=\"lazy\" decoding=\"async\" class=\"alignright wp-image-6003\" src=\"https:\/\/www.durodynecanada.com\/wp-content\/uploads\/GRD_Images\/bbd24w_sm-300x66.jpg\" alt=\"BBD24W &amp; BBD48\" width=\"140\" height=\"31\" srcset=\"https:\/\/www.durodynecanada.com\/wp-content\/uploads\/GRD_Images\/bbd24w_sm-300x66.jpg 300w, https:\/\/www.durodynecanada.com\/wp-content\/uploads\/GRD_Images\/bbd24w_sm-360x83.jpg 360w, https:\/\/www.durodynecanada.com\/wp-content\/uploads\/GRD_Images\/bbd24w_sm.jpg 375w\" sizes=\"(max-width: 140px) 100vw, 140px\" \/><\/li>\n<li>Registre de contr\u00f4le du volume<\/li>\n<li>Plaque frontale \u00e0 motif sunburst (<strong>BBD15W<\/strong> uniquement)<\/li>\n<li>Face amovible pour une installation et un nettoyage faciles<\/li>\n<li>Disponible en finition blanche durable<\/li>\n<li>Tailles : 15&Prime;, 24&Prime; et 48&Prime; (<strong>BBD15W<\/strong>, <strong>BBD24W<\/strong> et <strong>BBD48W<\/strong>)<\/li>\n<\/ul>\n<p><a href=\"https:\/\/www.durodynecanada.com\/wp-content\/uploads\/GRD_Submitals\/BBD15_Submittal.pdf\"><strong>BBD15W Baseboard Triangle Supply Air Diffuser Submittal<\/strong><\/a><\/p>\n<p><a href=\"https:\/\/www.durodynecanada.com\/wp-content\/uploads\/GRD_Submitals\/BBD24_BBD48_Submittal.pdf\"><strong>BBD24W BBD48W Baseboard Triangle Supply Air Diffuser Submittal<\/strong><\/a><\/p>\n<h3>Grille de reprise d&rsquo;air de la plinthe Triangle (BBRA)<img loading=\"lazy\" decoding=\"async\" class=\"wp-image-6004 alignright\" src=\"https:\/\/www.durodynecanada.com\/wp-content\/uploads\/GRD_Images\/bbra_sm-300x168.jpg\" alt=\"BBRA 14x6 Baseboard Triangle Return Air Grille\" width=\"125\" height=\"70\" srcset=\"https:\/\/www.durodynecanada.com\/wp-content\/uploads\/GRD_Images\/bbra_sm-300x168.jpg 300w, https:\/\/www.durodynecanada.com\/wp-content\/uploads\/GRD_Images\/bbra_sm-360x204.jpg 360w, https:\/\/www.durodynecanada.com\/wp-content\/uploads\/GRD_Images\/bbra_sm.jpg 375w\" sizes=\"(max-width: 125px) 100vw, 125px\" \/><\/h3>\n<ul>\n<li>Construction en acier<\/li>\n<li>Ailettes espac\u00e9es de 1\/3&Prime;.<\/li>\n<li>Disponible en finition blanche durable<\/li>\n<li>Taille 14 x 6 uniquement (<strong>BBRA14x6W<\/strong>)<\/li>\n<\/ul>\n<p><a href=\"https:\/\/www.durodynecanada.com\/wp-content\/uploads\/GRD_Submitals\/BBRA_Submittal.pdf\"><strong>BBRA Baseboard Triangle Return Air Grille Submittal<\/strong><\/a><\/p>\n<h3>Grille de reprise d&rsquo;air plate pour plinthe avec espacement de 1\/2 po (FBBRA)<br \/>\n<img loading=\"lazy\" decoding=\"async\" class=\"wp-image-6008 alignright\" src=\"https:\/\/www.durodynecanada.com\/wp-content\/uploads\/GRD_Images\/fbbra_sm-300x150.jpg\" alt=\"FBBRA Baseboard Flat Return Air Grille\" width=\"126\" height=\"63\" srcset=\"https:\/\/www.durodynecanada.com\/wp-content\/uploads\/GRD_Images\/fbbra_sm-300x150.jpg 300w, https:\/\/www.durodynecanada.com\/wp-content\/uploads\/GRD_Images\/fbbra_sm-360x180.jpg 360w, https:\/\/www.durodynecanada.com\/wp-content\/uploads\/GRD_Images\/fbbra_sm.jpg 375w\" sizes=\"(max-width: 126px) 100vw, 126px\" \/><\/h3>\n<ul>\n<li>Construction en acier<\/li>\n<li>Ailettes espac\u00e9es de 1\/2&Prime;.<\/li>\n<li>Retournement de 7\/8&Prime;.<\/li>\n<li>Construction de la face estamp\u00e9e en une seule pi\u00e8ce<\/li>\n<li>Disponible en finition blanche durable<\/li>\n<\/ul>\n<p><a href=\"https:\/\/www.durodynecanada.com\/wp-content\/uploads\/GRD_Submitals\/FBBRA_Submittal.pdf\"><strong>FBBRA Baseboard Flat Return Air Grille with 1\/2&Prime; Spacing Submittal<\/strong><\/a><\/p>\n<h3>Grille de reprise d&rsquo;air plate pour plinthe avec espacement de 1\/3&Prime; (FBBRA13)<img loading=\"lazy\" decoding=\"async\" class=\"wp-image-6009 alignright\" src=\"https:\/\/www.durodynecanada.com\/wp-content\/uploads\/GRD_Images\/fbbra13_sm-300x148.jpg\" alt=\"FBBRA13 Baseboard Flat Return Air Grille\" width=\"126\" height=\"62\"><\/h3>\n<ul>\n<li>Construction en acier<\/li>\n<li>Ailettes espac\u00e9es de 1\/3&Prime;.<\/li>\n<li>Retournement de 7\/8&Prime;.<\/li>\n<li>Construction de la face estamp\u00e9e en une seule pi\u00e8ce<\/li>\n<li>Disponible en finition blanche durable<\/li>\n<\/ul>\n<p><a href=\"https:\/\/www.durodynecanada.com\/wp-content\/uploads\/GRD_Submitals\/FBBRA13_Submittal.pdf\"><strong>FBBRA13 Baseboard Flat Return Air Grille with 1\/3&Prime; Submittal<\/strong><\/a><\/p>\n<h3>Registre \u00e0 montage lat\u00e9ral 2 voies avec espacement de 1\/2&Prime; (SW2W)<br \/>\n<img loading=\"lazy\" decoding=\"async\" class=\"wp-image-6022 alignright\" src=\"https:\/\/www.durodynecanada.com\/wp-content\/uploads\/GRD_Images\/sw2w_sm-300x193.jpg\" alt=\"SW2W Sidewall Mount Register\" width=\"124\" height=\"80\" srcset=\"https:\/\/www.durodynecanada.com\/wp-content\/uploads\/GRD_Images\/sw2w_sm-300x193.jpg 300w, https:\/\/www.durodynecanada.com\/wp-content\/uploads\/GRD_Images\/sw2w_sm.jpg 375w\" sizes=\"(max-width: 124px) 100vw, 124px\" \/><\/h3>\n<ul>\n<li>Construction en acier<\/li>\n<li>Ailettes espac\u00e9es de 1\/2&Prime; ou 1\/3&Prime;<\/li>\n<li>Construction de la face estamp\u00e9e en une seule pi\u00e8ce<\/li>\n<li>D\u00e9viation d&rsquo;air \u00e0 deux voies<\/li>\n<li>Pour une application sur le mur ou le plafond<\/li>\n<li>Disponible en finition blanche durable<\/li>\n<\/ul>\n<p><a href=\"https:\/\/www.durodynecanada.com\/wp-content\/uploads\/GRD_Submitals\/SW2W_Submittal.pdf\"><strong>SW2W Sidewall Mount Register 2-Way with 1\/2&Prime; Spacing Submittal<\/strong><\/a><\/p>\n<p><a href=\"https:\/\/www.durodynecanada.com\/wp-content\/uploads\/GRD_Submitals\/SW2W13_Submittal.pdf\"><strong>SW2W13 Sidewall Mount Register 2-Way with 1\/3&Prime; Spacing Submittal<\/strong><\/a><\/p>\n<h3>Grilles de reprise d&rsquo;air avec espacement de 1\/2&Prime; (RAG)<br \/>\n<img loading=\"lazy\" decoding=\"async\" class=\"alignright wp-image-6016\" src=\"https:\/\/www.durodynecanada.com\/wp-content\/uploads\/GRD_Images\/rag_sm-300x280.jpg\" alt=\"RAG Return Air Grille\" width=\"125\" height=\"117\"><\/h3>\n<ul>\n<li>Construction en acier<\/li>\n<li>Ailettes espac\u00e9es de 1\/2&Prime;.<\/li>\n<li>Applications au plafond et sur les murs lat\u00e9raux<\/li>\n<li>Disponible en finition blanche durable<\/li>\n<\/ul>\n<p><a href=\"https:\/\/www.durodynecanada.com\/wp-content\/uploads\/GRD_Submitals\/RAG_Submittal.pdf\"><strong>RAG Return Air Grille with 1\/2&Prime; Spacing Submittal<\/strong><\/a><\/p>\n<h3>Grilles de reprise d&rsquo;air avec espacement de 1\/3&Prime; (RAG13)<br \/>\n<img loading=\"lazy\" decoding=\"async\" class=\"wp-image-6017 alignright\" src=\"https:\/\/www.durodynecanada.com\/wp-content\/uploads\/GRD_Images\/rag13_sm-300x167.jpg\" alt=\"RAG13 Return Air Grille 1\/3&quot; Spaced Fins\" width=\"126\" height=\"70\"><\/h3>\n<ul>\n<li>Construction en acier<\/li>\n<li>Ailettes espac\u00e9es de 1\/3&Prime;.<\/li>\n<li>Applications au plafond et sur les murs lat\u00e9raux<\/li>\n<li>Disponible en finition blanche durable<\/li>\n<\/ul>\n<p><a href=\"https:\/\/www.durodynecanada.com\/wp-content\/uploads\/GRD_Submitals\/RAG13_Submittal.pdf\"><strong>RAG13 Return Air Grille with 1\/3&Prime; Spacing Submittal<\/strong><\/a><\/p>\n<h3>Grilles de filtre de retour d&rsquo;air avec espacement de 1\/2&Prime; (RAGF)<br \/>\n<img loading=\"lazy\" decoding=\"async\" class=\"wp-image-6018 alignright\" src=\"https:\/\/www.durodynecanada.com\/wp-content\/uploads\/GRD_Images\/ragf_sm-300x297.jpg\" alt=\"RAGF Return Air Filter Grille\" width=\"125\" height=\"124\" srcset=\"https:\/\/www.durodynecanada.com\/wp-content\/uploads\/GRD_Images\/ragf_sm.jpg 300w, https:\/\/www.durodynecanada.com\/wp-content\/uploads\/GRD_Images\/ragf_sm-100x100.jpg 100w, https:\/\/www.durodynecanada.com\/wp-content\/uploads\/GRD_Images\/ragf_sm-150x150.jpg 150w, https:\/\/www.durodynecanada.com\/wp-content\/uploads\/GRD_Images\/ragf_sm-75x75.jpg 75w\" sizes=\"(max-width: 125px) 100vw, 125px\" \/><\/h3>\n<ul>\n<li>Construction en acier<\/li>\n<li>Ailettes espac\u00e9es de 1\/2&Prime;.<\/li>\n<li>Face amovible \u00e0 charni\u00e8re pour une installation et un nettoyage faciles<\/li>\n<li>Utilise des filtres nominaux de 1&Prime; d&rsquo;\u00e9paisseur (<strong>non inclus<\/strong>)<\/li>\n<li>Disponible en finition blanche durable<\/li>\n<\/ul>\n<p><a href=\"https:\/\/www.durodynecanada.com\/wp-content\/uploads\/GRD_Submitals\/RAGF_Submittal.pdf\"><strong>RAGF Return Air Filter Grille with 1\/2&Prime; Spacing Submittal<\/strong><\/a><\/p>\n<h3>Diffuseurs ronds pour montage au plafond (RCD)<br \/>\n(Registre RCDD vendu s\u00e9par\u00e9ment)<img loading=\"lazy\" decoding=\"async\" class=\"wp-image-6020 alignright\" src=\"https:\/\/www.durodynecanada.com\/wp-content\/uploads\/GRD_Images\/rcd_sm-299x300.jpg\" alt=\"RCD Round Ceiling Diffuser\" width=\"125\" height=\"125\" srcset=\"https:\/\/www.durodynecanada.com\/wp-content\/uploads\/GRD_Images\/rcd_sm-299x300.jpg 299w, https:\/\/www.durodynecanada.com\/wp-content\/uploads\/GRD_Images\/rcd_sm-100x100.jpg 100w, https:\/\/www.durodynecanada.com\/wp-content\/uploads\/GRD_Images\/rcd_sm-150x150.jpg 150w, https:\/\/www.durodynecanada.com\/wp-content\/uploads\/GRD_Images\/rcd_sm-75x75.jpg 75w, https:\/\/www.durodynecanada.com\/wp-content\/uploads\/GRD_Images\/rcd_sm.jpg 300w\" sizes=\"(max-width: 125px) 100vw, 125px\" \/><\/h3>\n<ul>\n<li>Construction en acier<\/li>\n<li>Anneaux diffuseurs \u00e0 gradins<\/li>\n<li>D\u00e9viation de l&rsquo;air \u00e0 360<\/li>\n<li>Pour une application au plafond<\/li>\n<li>Pour utilisation avec le clapet de plafond 301 <strong>(RCDD)<\/strong><\/li>\n<li>Disponible en finition blanche durable<\/li>\n<\/ul>\n<p><a href=\"https:\/\/www.durodynecanada.com\/wp-content\/uploads\/GRD_Submitals\/RCDD_Submittal.pdf\"><strong>RCDD Round Ceiling Mount Diffuser Submittal<\/strong><\/a><\/p>\n<h3>Registres ronds pour montage au plafond pour diffuseurs RCD (RCDD)<br \/>\n<img loading=\"lazy\" decoding=\"async\" class=\"wp-image-6021 alignright\" src=\"https:\/\/www.durodynecanada.com\/wp-content\/uploads\/GRD_Images\/rcdd_sm.jpg\" alt=\"RCDD Round Ceiling Diffuser Damper\" width=\"125\" height=\"125\" srcset=\"https:\/\/www.durodynecanada.com\/wp-content\/uploads\/GRD_Images\/rcdd_sm.jpg 300w, https:\/\/www.durodynecanada.com\/wp-content\/uploads\/GRD_Images\/rcdd_sm-100x100.jpg 100w, https:\/\/www.durodynecanada.com\/wp-content\/uploads\/GRD_Images\/rcdd_sm-150x150.jpg 150w, https:\/\/www.durodynecanada.com\/wp-content\/uploads\/GRD_Images\/rcdd_sm-75x75.jpg 75w\" sizes=\"(max-width: 125px) 100vw, 125px\" \/><\/h3>\n<ul>\n<li>Construction en acier<\/li>\n<li>Poign\u00e9e amovible pour le r\u00e9glage<\/li>\n<li>Pour utilisation avec le diffuseur plafonnier RCD<\/li>\n<li>Disponible en finition blanche durable<\/li>\n<\/ul>\n<p><a href=\"https:\/\/www.durodynecanada.com\/wp-content\/uploads\/GRD_Submitals\/RCD_Submittal.pdf\"><strong>RCD Round Ceiling Diffuser Damper Submittal<br \/>\n<\/strong><\/a><\/p>\n","protected":false},"excerpt":{"rendered":"<p>GRILLES R\u00c9SIDENTIELLES REGISTRES ET DIFFUSEURS Grilles de plancher (FGB, FGW) Construction en acier Amortisseur \u00e0 lame oppos\u00e9e R\u00e9glage des ailerons \u00e0 angles multiples Ailettes lamin\u00e9es bidirectionnelles Disponible en finition durable blanche ou brune FG Floor Grille Submittal Grilles de sol en plastique (PFGB, PFGT) Construction de plastique Taille 4&Prime; x 10&Prime; Disponible en Marron (PFGB) &hellip;<\/p>\n","protected":false},"author":7,"featured_media":0,"parent":7603,"menu_order":1,"comment_status":"closed","ping_status":"closed","template":"","meta":{"_acf_changed":false,"footnotes":""},"acf":[],"_links":{"self":[{"href":"https:\/\/www.durodynecanada.com\/fr\/wp-json\/wp\/v2\/pages\/7675"}],"collection":[{"href":"https:\/\/www.durodynecanada.com\/fr\/wp-json\/wp\/v2\/pages"}],"about":[{"href":"https:\/\/www.durodynecanada.com\/fr\/wp-json\/wp\/v2\/types\/page"}],"author":[{"embeddable":true,"href":"https:\/\/www.durodynecanada.com\/fr\/wp-json\/wp\/v2\/users\/7"}],"replies":[{"embeddable":true,"href":"https:\/\/www.durodynecanada.com\/fr\/wp-json\/wp\/v2\/comments?post=7675"}],"version-history":[{"count":4,"href":"https:\/\/www.durodynecanada.com\/fr\/wp-json\/wp\/v2\/pages\/7675\/revisions"}],"predecessor-version":[{"id":8374,"href":"https:\/\/www.durodynecanada.com\/fr\/wp-json\/wp\/v2\/pages\/7675\/revisions\/8374"}],"up":[{"embeddable":true,"href":"https:\/\/www.durodynecanada.com\/fr\/wp-json\/wp\/v2\/pages\/7603"}],"wp:attachment":[{"href":"https:\/\/www.durodynecanada.com\/fr\/wp-json\/wp\/v2\/media?parent=7675"}],"curies":[{"name":"wp","href":"https:\/\/api.w.org\/{rel}","templated":true}]}}