{"id":7669,"date":"2017-03-17T03:25:19","date_gmt":"2017-03-17T03:25:19","guid":{"rendered":"https:\/\/www.durodynecanada.com\/nos-produits\/adhesives\/insulation-adhesives\/"},"modified":"2023-06-13T11:45:51","modified_gmt":"2023-06-13T15:45:51","slug":"adhesifs-isolation","status":"publish","type":"page","link":"https:\/\/www.durodynecanada.com\/fr\/nos-produits\/adhesifs\/adhesifs-isolation\/","title":{"rendered":"Adh\u00e9sifs d&rsquo;Isolation"},"content":{"rendered":"<div id=\"pg-1172-0\" class=\"panel-grid panel-no-style\">\n<div id=\"pgc-1172-0-0\" class=\"panel-grid-cell\" data-weight=\"1\">\n<div id=\"panel-1172-0-0-0\" class=\"so-panel widget widget_sow-editor panel-first-child panel-last-child\" data-index=\"0\" data-style=\"{&quot;background_display&quot;:&quot;tile&quot;,&quot;featured_widgets&quot;:&quot;&quot;}\">\n<div class=\"so-widget-sow-editor so-widget-sow-editor-base\">\n<div class=\"siteorigin-widget-tinymce textwidget\">\n<h1><strong>ADH\u00c9SIFS EN A\u00c9ROSOL<\/strong><\/h1>\n<p><strong>PRODUITS ADH\u00c9SIFS EN A\u00c9ROSOL<\/strong><\/p>\n<table>\n<tbody>\n<tr>\n<td><strong>Item No.<\/strong><\/td>\n<td><strong>Code<\/strong><\/td>\n<td><strong>Description<\/strong><\/td>\n<td><strong>Unit\u00e9s par Caisse<\/strong><\/td>\n<td><\/td>\n<\/tr>\n<tr>\n<td>5164<\/td>\n<td><b>CCASAWFTC <\/b><\/td>\n<td>Web A\u00e9rosol<br \/>\nAdh\u00e9sif en spray<\/td>\n<td>12 bo\u00eetes<\/td>\n<td><img loading=\"lazy\" decoding=\"async\" class=\"alignleft wp-image-6507\" src=\"https:\/\/www.durodynecanada.com\/wp-content\/uploads\/2017\/04\/ccasawftc_sm1.jpg\" alt=\"CCASAWFTC Can\" width=\"100\" height=\"155\" \/><\/td>\n<\/tr>\n<tr>\n<td>5165<\/td>\n<td><strong>DCECC<\/strong><\/td>\n<td>Couche de finition Dynocoat<\/td>\n<td>12 bo\u00eetes<\/td>\n<td><img loading=\"lazy\" decoding=\"async\" class=\"size-full wp-image-6508 aligncenter\" src=\"https:\/\/www.durodynecanada.com\/wp-content\/uploads\/2017\/04\/dcecc.jpg\" alt=\"DCECC Dyn-O-Coat\" width=\"182\" height=\"144\" \/><\/td>\n<\/tr>\n<tr>\n<td>5070<\/td>\n<td><strong>DTWA<\/strong><\/td>\n<td>Dyn-O-Tac Web<br \/>\nAdh\u00e9sif<\/td>\n<td>12 bo\u00eetes<\/td>\n<td><img decoding=\"async\" class=\"alignnone size-full wp-image-1808\" src=\"\/wp-content\/uploads\/2019\/02\/dtwa_2018.jpg\" alt=\"\" \/><\/td>\n<\/tr>\n<\/tbody>\n<\/table>\n<p><a href=\"https:\/\/www.durodynecanada.com\/wp-content\/uploads\/2017\/04\/ccasawftc_litsheet2020.pdf\" target=\"_blank\" rel=\"noopener noreferrer\">CCASA-WFTC Literature Sheet<br \/>\n<\/a><a href=\"https:\/\/www.durodynecanada.com\/wp-content\/uploads\/2017\/04\/ccasawftc_submittal2020.pdf\">CCASA-WFTC Submittal<\/a><br \/>\n<a href=\"https:\/\/www.durodynecanada.com\/wp-content\/uploads\/2017\/04\/dcecc_litsheet2020.pdf\" target=\"_blank\" rel=\"noopener noreferrer\">DCECC Literature Sheet<br \/>\n<\/a><a href=\"https:\/\/www.durodynecanada.com\/wp-content\/uploads\/2017\/04\/dcecc_submittal2020.pdf\">DCECC Submittal<\/a><br \/>\n<a href=\"\/wp-content\/uploads\/2019\/02\/dtwa_litsheet2018.pdf\" target=\"_blank\" rel=\"noopener noreferrer\">DTWA Literature Sheet<\/a><\/p>\n<\/div>\n<\/div>\n<\/div>\n<\/div>\n<\/div>\n","protected":false},"excerpt":{"rendered":"<p>ADH\u00c9SIFS EN A\u00c9ROSOL PRODUITS ADH\u00c9SIFS EN A\u00c9ROSOL Item No. Code Description Unit\u00e9s par Caisse 5164 CCASAWFTC Web A\u00e9rosol Adh\u00e9sif en spray 12 bo\u00eetes 5165 DCECC Couche de finition Dynocoat 12 bo\u00eetes 5070 DTWA Dyn-O-Tac Web Adh\u00e9sif 12 bo\u00eetes CCASA-WFTC Literature Sheet CCASA-WFTC Submittal DCECC Literature Sheet DCECC Submittal DTWA Literature Sheet<\/p>\n","protected":false},"author":15,"featured_media":0,"parent":7623,"menu_order":4,"comment_status":"closed","ping_status":"closed","template":"","meta":{"_acf_changed":false,"footnotes":""},"acf":[],"_links":{"self":[{"href":"https:\/\/www.durodynecanada.com\/fr\/wp-json\/wp\/v2\/pages\/7669"}],"collection":[{"href":"https:\/\/www.durodynecanada.com\/fr\/wp-json\/wp\/v2\/pages"}],"about":[{"href":"https:\/\/www.durodynecanada.com\/fr\/wp-json\/wp\/v2\/types\/page"}],"author":[{"embeddable":true,"href":"https:\/\/www.durodynecanada.com\/fr\/wp-json\/wp\/v2\/users\/15"}],"replies":[{"embeddable":true,"href":"https:\/\/www.durodynecanada.com\/fr\/wp-json\/wp\/v2\/comments?post=7669"}],"version-history":[{"count":9,"href":"https:\/\/www.durodynecanada.com\/fr\/wp-json\/wp\/v2\/pages\/7669\/revisions"}],"predecessor-version":[{"id":8934,"href":"https:\/\/www.durodynecanada.com\/fr\/wp-json\/wp\/v2\/pages\/7669\/revisions\/8934"}],"up":[{"embeddable":true,"href":"https:\/\/www.durodynecanada.com\/fr\/wp-json\/wp\/v2\/pages\/7623"}],"wp:attachment":[{"href":"https:\/\/www.durodynecanada.com\/fr\/wp-json\/wp\/v2\/media?parent=7669"}],"curies":[{"name":"wp","href":"https:\/\/api.w.org\/{rel}","templated":true}]}}