{"id":7665,"date":"2017-03-17T03:24:31","date_gmt":"2017-03-17T03:24:31","guid":{"rendered":"https:\/\/www.durodynecanada.com\/nos-produits\/adhesives\/duct-sealer\/"},"modified":"2022-06-16T15:48:55","modified_gmt":"2022-06-16T19:48:55","slug":"scellant-pour-conduits","status":"publish","type":"page","link":"https:\/\/www.durodynecanada.com\/fr\/nos-produits\/adhesifs\/scellant-pour-conduits\/","title":{"rendered":"Scellant pour conduits"},"content":{"rendered":"<div id=\"pl-1170\" class=\"panel-layout\">\n<div id=\"pg-1170-0\" class=\"panel-grid panel-no-style\">\n<div id=\"pgc-1170-0-0\" class=\"panel-grid-cell\" data-weight=\"1\">\n<div id=\"panel-1170-0-0-0\" class=\"so-panel widget widget_sow-editor panel-first-child panel-last-child\" data-index=\"0\" data-style=\"{&quot;background_image_attachment&quot;:false,&quot;background_display&quot;:&quot;tile&quot;,&quot;featured_widgets&quot;:&quot;&quot;}\">\n<div class=\"so-widget-sow-editor so-widget-sow-editor-base\">\n<div class=\"siteorigin-widget-tinymce textwidget\">\n<h1><span style=\"color: #000000;\"><strong>SCELLANT POUR CONDUITS<\/strong><\/span><\/h1>\n<h2><strong>Scellant pour conduits \u00e0 base d&rsquo;eau DWN<\/strong><br \/>\nCouleur grise<\/h2>\n<table width=\"95%\">\n<tbody>\n<tr>\n<td width=\"15%\"><strong>Num\u00e9ro d&rsquo;item<\/strong><\/td>\n<td width=\"12%\"><strong>Code<\/strong><\/td>\n<td width=\"20%\"><strong>Description<\/strong><\/td>\n<td width=\"20%\"><strong>Quantit\u00e9<\/strong><\/td>\n<td width=\"33%\"><strong>Unit\u00e9s par Case<\/strong><\/td>\n<\/tr>\n<tr>\n<td width=\"15%\">5050<\/td>\n<td width=\"12%\"><strong>DWN-C<\/strong><\/td>\n<td width=\"20%\">Scellant pour conduits<\/td>\n<td width=\"20%\">Cartouche 11 oz.<\/td>\n<td width=\"33%\">24<\/td>\n<\/tr>\n<tr>\n<td width=\"15%\">5043<\/td>\n<td width=\"12%\"><strong>DWN-1<\/strong><\/td>\n<td width=\"20%\">Scellant pour conduits<\/td>\n<td width=\"20%\">1 U.S. Gallon<\/td>\n<td width=\"33%\">4<\/td>\n<\/tr>\n<\/tbody>\n<\/table>\n<p><a href=\"\/wp-content\/uploads\/2017\/03\/spec_dwn_20.pdf\" target=\"_blank\" rel=\"noopener noreferrer\">DWN Specification Sheet<\/a><br \/>\n<a href=\"https:\/\/www.durodynecanada.com\/wp-content\/uploads\/2019\/04\/sds_dwn_set15.pdf\">DWN Safety Data Sheet<\/a><br \/>\n<a href=\"https:\/\/www.durodynecanada.com\/wp-content\/uploads\/2017\/03\/voc_leed_sealer_adhesive_summary4.pdf\" target=\"_blank\" rel=\"noopener noreferrer\">Voc Leed Sheet<\/a><\/p>\n<\/div>\n<\/div>\n<\/div>\n<\/div>\n<\/div>\n<\/div>\n","protected":false},"excerpt":{"rendered":"<p>SCELLANT POUR CONDUITS Scellant pour conduits \u00e0 base d&rsquo;eau DWN Couleur grise Num\u00e9ro d&rsquo;item Code Description Quantit\u00e9 Unit\u00e9s par Case 5050 DWN-C Scellant pour conduits Cartouche 11 oz. 24 5043 DWN-1 Scellant pour conduits 1 U.S. Gallon 4 DWN Specification Sheet DWN Safety Data Sheet Voc Leed Sheet<\/p>\n","protected":false},"author":15,"featured_media":0,"parent":7623,"menu_order":3,"comment_status":"closed","ping_status":"closed","template":"","meta":{"_acf_changed":false,"footnotes":""},"acf":[],"_links":{"self":[{"href":"https:\/\/www.durodynecanada.com\/fr\/wp-json\/wp\/v2\/pages\/7665"}],"collection":[{"href":"https:\/\/www.durodynecanada.com\/fr\/wp-json\/wp\/v2\/pages"}],"about":[{"href":"https:\/\/www.durodynecanada.com\/fr\/wp-json\/wp\/v2\/types\/page"}],"author":[{"embeddable":true,"href":"https:\/\/www.durodynecanada.com\/fr\/wp-json\/wp\/v2\/users\/15"}],"replies":[{"embeddable":true,"href":"https:\/\/www.durodynecanada.com\/fr\/wp-json\/wp\/v2\/comments?post=7665"}],"version-history":[{"count":2,"href":"https:\/\/www.durodynecanada.com\/fr\/wp-json\/wp\/v2\/pages\/7665\/revisions"}],"predecessor-version":[{"id":8366,"href":"https:\/\/www.durodynecanada.com\/fr\/wp-json\/wp\/v2\/pages\/7665\/revisions\/8366"}],"up":[{"embeddable":true,"href":"https:\/\/www.durodynecanada.com\/fr\/wp-json\/wp\/v2\/pages\/7623"}],"wp:attachment":[{"href":"https:\/\/www.durodynecanada.com\/fr\/wp-json\/wp\/v2\/media?parent=7665"}],"curies":[{"name":"wp","href":"https:\/\/api.w.org\/{rel}","templated":true}]}}