{"id":7661,"date":"2017-03-16T18:46:58","date_gmt":"2017-03-16T18:46:58","guid":{"rendered":"https:\/\/www.durodynecanada.com\/nos-produits\/dyn-o-mate\/"},"modified":"2022-06-16T16:31:19","modified_gmt":"2022-06-16T20:31:19","slug":"dyn-o-mate","status":"publish","type":"page","link":"https:\/\/www.durodynecanada.com\/fr\/nos-produits\/dyn-o-mate\/","title":{"rendered":"Dyn-O-Mate"},"content":{"rendered":"<h1>DYN-O-MATE<sup>\u00ae <\/sup>DIVISION<\/h1>\n<p>L&rsquo;expertise marketing de Duro Dyne et les conceptions techniques de Dyn-O-Mate se combinent pour apporter le meilleur syst\u00e8me de raccordement de conduit \u00e0 4 boulons sur le march\u00e9.<\/p>\n<p>Cliquez sur les \u00e9l\u00e9ments de menu dans la barre lat\u00e9rale gauche pour afficher plus de d\u00e9tails sur les produits de cette division.<\/p>\n<p><img loading=\"lazy\" decoding=\"async\" class=\"alignnone wp-image-6196\" src=\"https:\/\/www.durodynecanada.com\/wp-content\/uploads\/D-MATE_Pics\/dom_main.jpg\" alt=\"Dyn-O-Mate main\" width=\"305\" height=\"186\"><\/p>\n","protected":false},"excerpt":{"rendered":"<p>DYN-O-MATE\u00ae DIVISION L&rsquo;expertise marketing de Duro Dyne et les conceptions techniques de Dyn-O-Mate se combinent pour apporter le meilleur syst\u00e8me de raccordement de conduit \u00e0 4 boulons sur le march\u00e9. Cliquez sur les \u00e9l\u00e9ments de menu dans la barre lat\u00e9rale gauche pour afficher plus de d\u00e9tails sur les produits de cette division.<\/p>\n","protected":false},"author":15,"featured_media":0,"parent":7603,"menu_order":5,"comment_status":"closed","ping_status":"closed","template":"","meta":{"_acf_changed":false,"footnotes":""},"acf":[],"_links":{"self":[{"href":"https:\/\/www.durodynecanada.com\/fr\/wp-json\/wp\/v2\/pages\/7661"}],"collection":[{"href":"https:\/\/www.durodynecanada.com\/fr\/wp-json\/wp\/v2\/pages"}],"about":[{"href":"https:\/\/www.durodynecanada.com\/fr\/wp-json\/wp\/v2\/types\/page"}],"author":[{"embeddable":true,"href":"https:\/\/www.durodynecanada.com\/fr\/wp-json\/wp\/v2\/users\/15"}],"replies":[{"embeddable":true,"href":"https:\/\/www.durodynecanada.com\/fr\/wp-json\/wp\/v2\/comments?post=7661"}],"version-history":[{"count":2,"href":"https:\/\/www.durodynecanada.com\/fr\/wp-json\/wp\/v2\/pages\/7661\/revisions"}],"predecessor-version":[{"id":8448,"href":"https:\/\/www.durodynecanada.com\/fr\/wp-json\/wp\/v2\/pages\/7661\/revisions\/8448"}],"up":[{"embeddable":true,"href":"https:\/\/www.durodynecanada.com\/fr\/wp-json\/wp\/v2\/pages\/7603"}],"wp:attachment":[{"href":"https:\/\/www.durodynecanada.com\/fr\/wp-json\/wp\/v2\/media?parent=7661"}],"curies":[{"name":"wp","href":"https:\/\/api.w.org\/{rel}","templated":true}]}}