{"id":7659,"date":"2017-03-16T18:46:39","date_gmt":"2017-03-16T18:46:39","guid":{"rendered":"https:\/\/www.durodynecanada.com\/nos-produits\/dyna-tite\/"},"modified":"2022-06-16T16:30:43","modified_gmt":"2022-06-16T20:30:43","slug":"dyna-tite","status":"publish","type":"page","link":"https:\/\/www.durodynecanada.com\/fr\/nos-produits\/dyna-tite\/","title":{"rendered":"Dyna-Tite"},"content":{"rendered":"<h1 style=\"text-align: left;\">SYST\u00c8MES DE SUSPENSION DYNA-TITE<\/h1>\n<p><a href=\"https:\/\/www.durodynecanada.com\/wp-content\/uploads\/D-Tite_Main\/dynatite_bulletin.pdf\"><img loading=\"lazy\" decoding=\"async\" class=\"wp-image-6105 size-full alignleft\" src=\"https:\/\/www.durodynecanada.com\/wp-content\/uploads\/D-Tite_Main\/dynatite_importantbulletin.jpg\" alt=\"\" width=\"455\" height=\"44\" srcset=\"https:\/\/www.durodynecanada.com\/wp-content\/uploads\/D-Tite_Main\/dynatite_importantbulletin.jpg 455w, https:\/\/www.durodynecanada.com\/wp-content\/uploads\/D-Tite_Main\/dynatite_importantbulletin-300x29.jpg 300w\" sizes=\"(max-width: 455px) 100vw, 455px\" \/><\/a><\/p>\n<p>&nbsp;<\/p>\n<p>&nbsp;<\/p>\n<p><strong>LE MOYEN LE PLUS RAPIDE ET LE PLUS FIABLE DE S\u00c9CURISER <\/strong><br \/>\n<strong>CONDUITS ET \u00c9QUIPEMENT!<\/strong><\/p>\n<p><strong>Avantages du syst\u00e8me Dyna-Tite<\/strong><\/p>\n<ul>\n<li>Il a \u00e9t\u00e9 d\u00e9montr\u00e9 que ses qualit\u00e9s de gain de temps r\u00e9duisent l&rsquo;installation jusqu&rsquo;\u00e0 6 fois par rapport \u00e0 la tige filet\u00e9e traditionnelle.<\/li>\n<li>Il fournit une solution rapide et solide \u00e0 la t\u00e2che de suspension des syst\u00e8mes m\u00e9caniques et CVC.<\/li>\n<li>Il permet \u00e0 l&rsquo;installateur de positionner les cintres verticalement ou en biais par rapport \u00e0 l&rsquo;objet suspendu.<\/li>\n<li>Le syst\u00e8me Dyna-Tite est l\u00e9ger et facile \u00e0 transporter, et combine ces qualit\u00e9s avec la r\u00e9sistance inh\u00e9rente du c\u00e2ble m\u00e9tallique \u00e0 haute r\u00e9sistance.<\/li>\n<li>Son poids l\u00e9ger am\u00e9liore la s\u00e9curit\u00e9 au travail. Le transport du produit sur le chantier est facile et, dans les situations a\u00e9riennes, r\u00e9duit le risque d&rsquo;accident caus\u00e9 par la chute de mat\u00e9riaux.<\/li>\n<li>Les antivols \u00e0 c\u00e2ble Dyna-Tite <strong>CL6-WC2, CL12-WC3, CL18-WC4, CL23-WC6<\/strong> et CL25-WC8 ont \u00e9t\u00e9 approuv\u00e9s par la SMACNA pour les applications sismiques.<\/li>\n<\/ul>\n<p><a href=\"https:\/\/www.durodynecanada.com\/wp-content\/uploads\/D-Tite_Main\/seismic_verification_letter.pdf\">Cliquez ici pour la lettre de v\u00e9rification sismique de SMACNA<\/a><\/p>\n<p><img loading=\"lazy\" decoding=\"async\" class=\"alignnone wp-image-6104 size-full\" src=\"https:\/\/www.durodynecanada.com\/wp-content\/uploads\/D-Tite_Main\/dynatite_image_main.jpg\" alt=\"\" width=\"295\" height=\"316\" srcset=\"https:\/\/www.durodynecanada.com\/wp-content\/uploads\/D-Tite_Main\/dynatite_image_main.jpg 295w, https:\/\/www.durodynecanada.com\/wp-content\/uploads\/D-Tite_Main\/dynatite_image_main-280x300.jpg 280w\" sizes=\"(max-width: 295px) 100vw, 295px\" \/><\/p>\n<p><img loading=\"lazy\" decoding=\"async\" class=\"alignnone size-medium wp-image-6106\" src=\"https:\/\/www.durodynecanada.com\/wp-content\/uploads\/D-Tite_Main\/dynatite_image_app1-239x300.jpg\" alt=\"\" width=\"239\" height=\"300\" srcset=\"https:\/\/www.durodynecanada.com\/wp-content\/uploads\/D-Tite_Main\/dynatite_image_app1-239x300.jpg 239w, https:\/\/www.durodynecanada.com\/wp-content\/uploads\/D-Tite_Main\/dynatite_image_app1.jpg 270w\" sizes=\"(max-width: 239px) 100vw, 239px\" \/>   <img loading=\"lazy\" decoding=\"async\" class=\"alignnone wp-image-6107 size-medium\" src=\"https:\/\/www.durodynecanada.com\/wp-content\/uploads\/D-Tite_Main\/dynatite_image_app2-225x300.jpg\" alt=\"\" width=\"225\" height=\"300\" srcset=\"https:\/\/www.durodynecanada.com\/wp-content\/uploads\/D-Tite_Main\/dynatite_image_app2-225x300.jpg 225w, https:\/\/www.durodynecanada.com\/wp-content\/uploads\/D-Tite_Main\/dynatite_image_app2-600x800.jpg 600w, https:\/\/www.durodynecanada.com\/wp-content\/uploads\/D-Tite_Main\/dynatite_image_app2-768x1024.jpg 768w, https:\/\/www.durodynecanada.com\/wp-content\/uploads\/D-Tite_Main\/dynatite_image_app2-405x540.jpg 405w, https:\/\/www.durodynecanada.com\/wp-content\/uploads\/D-Tite_Main\/dynatite_image_app2.jpg 1200w\" sizes=\"(max-width: 225px) 100vw, 225px\" \/><br \/>\n<img loading=\"lazy\" decoding=\"async\" class=\"alignnone wp-image-6108\" src=\"https:\/\/www.durodynecanada.com\/wp-content\/uploads\/D-Tite_Main\/dynatite_image_app3-300x225.jpg\" alt=\"\" width=\"475\" height=\"356\" srcset=\"https:\/\/www.durodynecanada.com\/wp-content\/uploads\/D-Tite_Main\/dynatite_image_app3-300x225.jpg 300w, https:\/\/www.durodynecanada.com\/wp-content\/uploads\/D-Tite_Main\/dynatite_image_app3-600x450.jpg 600w, https:\/\/www.durodynecanada.com\/wp-content\/uploads\/D-Tite_Main\/dynatite_image_app3-768x576.jpg 768w, https:\/\/www.durodynecanada.com\/wp-content\/uploads\/D-Tite_Main\/dynatite_image_app3-1024x768.jpg 1024w, https:\/\/www.durodynecanada.com\/wp-content\/uploads\/D-Tite_Main\/dynatite_image_app3-540x405.jpg 540w, https:\/\/www.durodynecanada.com\/wp-content\/uploads\/D-Tite_Main\/dynatite_image_app3.jpg 1600w\" sizes=\"(max-width: 475px) 100vw, 475px\" \/><\/p>\n","protected":false},"excerpt":{"rendered":"<p>SYST\u00c8MES DE SUSPENSION DYNA-TITE &nbsp; &nbsp; LE MOYEN LE PLUS RAPIDE ET LE PLUS FIABLE DE S\u00c9CURISER CONDUITS ET \u00c9QUIPEMENT! Avantages du syst\u00e8me Dyna-Tite Il a \u00e9t\u00e9 d\u00e9montr\u00e9 que ses qualit\u00e9s de gain de temps r\u00e9duisent l&rsquo;installation jusqu&rsquo;\u00e0 6 fois par rapport \u00e0 la tige filet\u00e9e traditionnelle. Il fournit une solution rapide et solide \u00e0 &hellip;<\/p>\n","protected":false},"author":15,"featured_media":0,"parent":7603,"menu_order":4,"comment_status":"closed","ping_status":"closed","template":"","meta":{"_acf_changed":false,"footnotes":""},"acf":[],"_links":{"self":[{"href":"https:\/\/www.durodynecanada.com\/fr\/wp-json\/wp\/v2\/pages\/7659"}],"collection":[{"href":"https:\/\/www.durodynecanada.com\/fr\/wp-json\/wp\/v2\/pages"}],"about":[{"href":"https:\/\/www.durodynecanada.com\/fr\/wp-json\/wp\/v2\/types\/page"}],"author":[{"embeddable":true,"href":"https:\/\/www.durodynecanada.com\/fr\/wp-json\/wp\/v2\/users\/15"}],"replies":[{"embeddable":true,"href":"https:\/\/www.durodynecanada.com\/fr\/wp-json\/wp\/v2\/comments?post=7659"}],"version-history":[{"count":2,"href":"https:\/\/www.durodynecanada.com\/fr\/wp-json\/wp\/v2\/pages\/7659\/revisions"}],"predecessor-version":[{"id":8447,"href":"https:\/\/www.durodynecanada.com\/fr\/wp-json\/wp\/v2\/pages\/7659\/revisions\/8447"}],"up":[{"embeddable":true,"href":"https:\/\/www.durodynecanada.com\/fr\/wp-json\/wp\/v2\/pages\/7603"}],"wp:attachment":[{"href":"https:\/\/www.durodynecanada.com\/fr\/wp-json\/wp\/v2\/media?parent=7659"}],"curies":[{"name":"wp","href":"https:\/\/api.w.org\/{rel}","templated":true}]}}