{"id":7652,"date":"2017-03-16T18:44:04","date_gmt":"2017-03-16T18:44:04","guid":{"rendered":"https:\/\/www.durodynecanada.com\/nos-produits\/durozone\/"},"modified":"2022-06-16T16:22:55","modified_gmt":"2022-06-16T20:22:55","slug":"durozone","status":"publish","type":"page","link":"https:\/\/www.durodynecanada.com\/fr\/nos-produits\/durozone\/","title":{"rendered":"DuroZone"},"content":{"rendered":"<h1>Syst\u00e8mes de contr\u00f4le de zone<a href=\"https:\/\/www.durodynecanada.com\/wp-content\/uploads\/2018\/09\/dz_catalog_10_2019.pdf\"><img loading=\"lazy\" decoding=\"async\" class=\"alignright wp-image-5834 size-full\" src=\"https:\/\/www.durodynecanada.com\/wp-content\/uploads\/2018\/09\/dz_cat_thumbnail.jpg\" alt=\"Acc\u00e9der au catalogue DuroZone\" width=\"101\" height=\"128\"><\/a><\/h1>\n<p><span style=\"color: #339966;\"><em><strong>Qu&rsquo;est-ce qui rend DuroZone si diff\u00e9rent des autres syst\u00e8mes de zones ?<\/strong><\/em><\/span><\/p>\n<p style=\"text-align: left;\">Chez <span style=\"color: #339966;\"><strong>DuroZone<\/strong><\/span>, nous avons pris le temps de produire des \u00e9quipements de zonage faciles \u00e0 comprendre, \u00e0 installer et \u00e0 entretenir.<\/p>\n<p style=\"text-align: left;\"><strong>Certaines de nos fonctionnalit\u00e9s \u00e0 valeur ajout\u00e9e sont :<\/strong><br \/>\n\u2022 JOINT D&rsquo;\u00c9TANCH\u00c9IT\u00c9 SUR LES AMORTISSEURS RECTANGULAIRES POUR UN AJUSTEMENT PR\u00c9CIS<br \/>\n\u2022 AMORTISSEURS RECTANGULAIRES MULTI-TAILLES<br \/>\n\u2022 LARGE CHOIX DE COMBINAISONS DE REGISTRE DE ZONE ET DE MOTEUR<br \/>\n\u2022 CONSTRUCTION D&rsquo;AMORTISSEUR RECTANGULAIRE EN ALUMINIUM SOLIDE NE N\u00c9CESSITANT AUCUN CANAL OU<br \/>\nSUPPORT<br \/>\n\u2022 CAPACIT\u00c9S DE CONCEPTION DE L&rsquo;AMORTISSEUR JUSQU&rsquo;\u00c0 800 SQ. PO.<br \/>\n\u2022 COMMANDES D&rsquo;ENTR\u00c9E D&rsquo;AIR FRAIS<br \/>\n\u2022 PANNEAUX DE COMMANDE AVEC FONCTIONNEMENT M\u00c9CANIQUE SIMPLE PAR RELAIS<br \/>\n\u2022 PANNEAUX \u00c9LECTRONIQUES AVEC OPTION AIR FRAIS, COMPRESSEUR ET PROTECTION HAUTE LIMITE<br \/>\nET PLUS<\/p>\n<p style=\"text-align: left;\">Pour prouver notre confiance dans le produit que nous fabriquons, nous offrons une garantie limit\u00e9e de cinq ans. Il s&rsquo;agit d&rsquo;une garantie \u00ab sans tracas \u00bb couvrant tous les produits <span style=\"color: #339966;\"><strong>DuroZone<\/strong><\/span>. Avec <span style=\"color: #339966;\"><strong>DuroZone<\/strong><\/span>, vous pouvez maintenant offrir \u00e0 votre client le produit de zonage le meilleur et le plus fiable disponible.<\/p>\n<p style=\"text-align: left;\">Pour une d\u00e9finition compl\u00e8te du zonage, veuillez cliquer ici pour \u00ab\u00a0<a href=\"https:\/\/www.durodynecanada.com\/products\/durozone\/what-is-zoning\/\"><strong>Qu&rsquo;est-ce que le zonage ?<\/strong><\/a>\u00ab\u00a0<\/p>\n<p style=\"text-align: center;\"><img loading=\"lazy\" decoding=\"async\" class=\"alignnone size-full wp-image-5833\" src=\"https:\/\/www.durodynecanada.com\/wp-content\/uploads\/2018\/09\/durozone_main.jpg\" alt=\"Image des produits DuroZone\" width=\"295\" height=\"216\"><\/p>\n","protected":false},"excerpt":{"rendered":"<p>Syst\u00e8mes de contr\u00f4le de zone Qu&rsquo;est-ce qui rend DuroZone si diff\u00e9rent des autres syst\u00e8mes de zones ? Chez DuroZone, nous avons pris le temps de produire des \u00e9quipements de zonage faciles \u00e0 comprendre, \u00e0 installer et \u00e0 entretenir. Certaines de nos fonctionnalit\u00e9s \u00e0 valeur ajout\u00e9e sont : \u2022 JOINT D&rsquo;\u00c9TANCH\u00c9IT\u00c9 SUR LES AMORTISSEURS RECTANGULAIRES POUR &hellip;<\/p>\n","protected":false},"author":15,"featured_media":0,"parent":7603,"menu_order":3,"comment_status":"closed","ping_status":"closed","template":"","meta":{"_acf_changed":false,"footnotes":""},"acf":[],"_links":{"self":[{"href":"https:\/\/www.durodynecanada.com\/fr\/wp-json\/wp\/v2\/pages\/7652"}],"collection":[{"href":"https:\/\/www.durodynecanada.com\/fr\/wp-json\/wp\/v2\/pages"}],"about":[{"href":"https:\/\/www.durodynecanada.com\/fr\/wp-json\/wp\/v2\/types\/page"}],"author":[{"embeddable":true,"href":"https:\/\/www.durodynecanada.com\/fr\/wp-json\/wp\/v2\/users\/15"}],"replies":[{"embeddable":true,"href":"https:\/\/www.durodynecanada.com\/fr\/wp-json\/wp\/v2\/comments?post=7652"}],"version-history":[{"count":2,"href":"https:\/\/www.durodynecanada.com\/fr\/wp-json\/wp\/v2\/pages\/7652\/revisions"}],"predecessor-version":[{"id":8425,"href":"https:\/\/www.durodynecanada.com\/fr\/wp-json\/wp\/v2\/pages\/7652\/revisions\/8425"}],"up":[{"embeddable":true,"href":"https:\/\/www.durodynecanada.com\/fr\/wp-json\/wp\/v2\/pages\/7603"}],"wp:attachment":[{"href":"https:\/\/www.durodynecanada.com\/fr\/wp-json\/wp\/v2\/media?parent=7652"}],"curies":[{"name":"wp","href":"https:\/\/api.w.org\/{rel}","templated":true}]}}