{"id":7644,"date":"2017-03-19T12:16:36","date_gmt":"2017-03-19T16:16:36","guid":{"rendered":"https:\/\/www.durodynecanada.com\/nos-produits\/adhesives\/galv-remover\/"},"modified":"2022-06-16T15:47:16","modified_gmt":"2022-06-16T19:47:16","slug":"decapant-de-galv","status":"publish","type":"page","link":"https:\/\/www.durodynecanada.com\/fr\/nos-produits\/adhesifs\/decapant-de-galv\/","title":{"rendered":"D\u00e9capant de Galv"},"content":{"rendered":"<div id=\"pl-1344\" class=\"panel-layout\">\n<div id=\"pg-1344-0\" class=\"panel-grid panel-no-style\" data-style=\"{&quot;background_display&quot;:&quot;tile&quot;}\">\n<div id=\"pgc-1344-0-0\" class=\"panel-grid-cell\" data-weight=\"0.75\">\n<div id=\"panel-1344-0-0-0\" class=\"so-panel widget widget_sow-editor panel-first-child panel-last-child\" data-index=\"0\" data-style=\"{&quot;background_display&quot;:&quot;tile&quot;,&quot;featured_widgets&quot;:&quot;&quot;}\">\n<div class=\"so-widget-sow-editor so-widget-sow-editor-base\">\n<div class=\"siteorigin-widget-tinymce textwidget\">\n<h1><span style=\"color: #000000;\"><strong>\u00ab\u00a0STRIPPER\u00a0\u00bb<\/strong><\/span><\/h1>\n<p><span style=\"color: #000000;\"><strong>&nbsp;<\/strong><\/span><\/p>\n<p><strong>Spray nettoyant et lubrifiant<\/strong><br \/>\nElimine les d\u00e9p\u00f4ts de galvanisation &#8211; Lubrifie les pi\u00e8ces mobiles &#8211; Spray d&rsquo;entretien pr\u00e9ventif efficace.<\/p>\n<p>Les d\u00e9p\u00f4ts de galvanisation sont n\u00e9fastes pour les \u00e9quipements de profilage, l&rsquo;efficacit\u00e9 de la production et les b\u00e9n\u00e9fices. Le Stripper est un agent de d\u00e9galvanisation qui d\u00e9barrasse votre machine de ces accumulations d\u00e9sagr\u00e9ables. Il se pulv\u00e9rise en rouge pour une meilleure visibilit\u00e9. Il suffit de le pulv\u00e9riser sur les rouleaux des machines de formage et des matrices de presse pour que les ingr\u00e9dients sp\u00e9ciaux se mettent imm\u00e9diatement au travail, lib\u00e9rant et \u00e9liminant les d\u00e9p\u00f4ts galvanis\u00e9s. Ensuite, des lubrifiants de haute qualit\u00e9 prennent le relais pour que les machines de pr\u00e9cision fonctionnent en douceur&#8230; avec une efficacit\u00e9 maximale&#8230; jour apr\u00e8s jour.<\/p>\n<p>Le bidon pratique de 12 livres a un jet pr\u00e9cis, puissant et long. Cela en fait le meilleur choix pour atteindre en toute s\u00e9curit\u00e9 les profileuses et les matrices les plus \u00e9troites des ateliers de t\u00f4lerie, sans risquer de s&rsquo;approcher trop pr\u00e8s des rouleaux. Cette option innovante et dynamique \u00e9limine le besoin de bidons individuels encombrants et est id\u00e9ale pour les grands ateliers.<\/p>\n<p><span style=\"color: #000000;\"><strong>&nbsp;<\/strong><\/span><\/p>\n<p><img loading=\"lazy\" decoding=\"async\" class=\"wp-image-6548 size-full aligncenter\" src=\"https:\/\/www.durodynecanada.com\/wp-content\/uploads\/2019\/02\/stripper_canister.jpg\" alt=\"Stripper Can and Canister\" width=\"289\" height=\"315\" srcset=\"https:\/\/www.durodynecanada.com\/wp-content\/uploads\/2019\/02\/stripper_canister.jpg 289w, https:\/\/www.durodynecanada.com\/wp-content\/uploads\/2019\/02\/stripper_canister-275x300.jpg 275w\" sizes=\"(max-width: 289px) 100vw, 289px\" \/><\/p>\n<table width=\"95%\">\n<tbody>\n<tr>\n<td width=\"15%\"><strong>Num\u00e9ro d&rsquo;item<\/strong><\/td>\n<td width=\"12%\"><strong>Code<\/strong><\/td>\n<td width=\"47%\"><strong>Description<\/strong><\/td>\n<td width=\"26%\"><strong>Unit\u00e9s par bo\u00eete<\/strong><\/td>\n<\/tr>\n<tr>\n<td width=\"15%\">27147<\/td>\n<td width=\"12%\"><strong>Stripper<\/strong><\/td>\n<td width=\"47%\">Syst\u00e8me d&rsquo;entretien par pulv\u00e9risation<\/td>\n<td>12<\/td>\n<\/tr>\n<\/tbody>\n<\/table>\n<p><strong>SOLD SEPARATELY:<\/strong><\/p>\n<table width=\"95%\">\n<tbody>\n<tr>\n<td width=\"15%\"><strong>Num\u00e9ro d&rsquo;item<\/strong><\/td>\n<td width=\"12%\"><strong>Code<\/strong><\/td>\n<td width=\"47%\"><strong>Description<\/strong><\/td>\n<td width=\"26%\"><strong>Unit\u00e9s par bo\u00eete<\/strong><\/td>\n<\/tr>\n<tr>\n<td width=\"15%\">5159<\/td>\n<td width=\"12%\"><strong>STRP12<\/strong><\/td>\n<td width=\"47%\">Bidon de 12lb<\/td>\n<td>1<\/td>\n<\/tr>\n<tr>\n<td width=\"15%\">5152<\/td>\n<td width=\"12%\"><strong>NPAC12H<\/strong><\/td>\n<td width=\"47%\">Tuyau pour bidon de 12 pieds<\/td>\n<td>1<\/td>\n<\/tr>\n<tr>\n<td width=\"15%\">5153<\/td>\n<td width=\"12%\"><b>NPAG<\/b><\/td>\n<td width=\"47%\">Pistolet \u00e0 bidon avec embout pour solvant uniquement<\/td>\n<td>1<\/td>\n<\/tr>\n<\/tbody>\n<\/table>\n<p><a href=\"https:\/\/www.durodynecanada.com\/wp-content\/uploads\/2019\/02\/stripper_litsheet_2_2020.pdf\">Stripper Literature Sheet<br \/>\n<\/a><a href=\"https:\/\/www.durodynecanada.com\/wp-content\/uploads\/2019\/02\/stripper_submittal_2_2020.pdf\">Stripper Submittal<\/a><br \/>\n<a href=\"\/wp-content\/uploads\/2017\/04\/sds_stripper_set17.pdf\" target=\"_blank\" rel=\"noopener noreferrer\">Stripper Safety Data Sheet<\/a><\/p>\n<div id=\"pgc-1344-0-1\" class=\"panel-grid-cell\" data-weight=\"0.25\">\n<div id=\"panel-1344-0-1-0\" class=\"so-panel widget widget_sow-editor panel-first-child panel-last-child\" data-index=\"1\" data-style=\"{&quot;background_display&quot;:&quot;tile&quot;,&quot;featured_widgets&quot;:&quot;&quot;}\">\n<div class=\"so-widget-sow-editor so-widget-sow-editor-base\">\n<div class=\"siteorigin-widget-tinymce textwidget\"><\/div>\n<\/div>\n<\/div>\n<\/div>\n<\/div>\n<\/div>\n<\/div>\n<\/div>\n<\/div>\n<\/div>\n","protected":false},"excerpt":{"rendered":"<p>\u00ab\u00a0STRIPPER\u00a0\u00bb &nbsp; Spray nettoyant et lubrifiant Elimine les d\u00e9p\u00f4ts de galvanisation &#8211; Lubrifie les pi\u00e8ces mobiles &#8211; Spray d&rsquo;entretien pr\u00e9ventif efficace. Les d\u00e9p\u00f4ts de galvanisation sont n\u00e9fastes pour les \u00e9quipements de profilage, l&rsquo;efficacit\u00e9 de la production et les b\u00e9n\u00e9fices. Le Stripper est un agent de d\u00e9galvanisation qui d\u00e9barrasse votre machine de ces accumulations d\u00e9sagr\u00e9ables. Il &hellip;<\/p>\n","protected":false},"author":15,"featured_media":0,"parent":7623,"menu_order":0,"comment_status":"closed","ping_status":"closed","template":"","meta":{"_acf_changed":false,"footnotes":""},"acf":[],"_links":{"self":[{"href":"https:\/\/www.durodynecanada.com\/fr\/wp-json\/wp\/v2\/pages\/7644"}],"collection":[{"href":"https:\/\/www.durodynecanada.com\/fr\/wp-json\/wp\/v2\/pages"}],"about":[{"href":"https:\/\/www.durodynecanada.com\/fr\/wp-json\/wp\/v2\/types\/page"}],"author":[{"embeddable":true,"href":"https:\/\/www.durodynecanada.com\/fr\/wp-json\/wp\/v2\/users\/15"}],"replies":[{"embeddable":true,"href":"https:\/\/www.durodynecanada.com\/fr\/wp-json\/wp\/v2\/comments?post=7644"}],"version-history":[{"count":3,"href":"https:\/\/www.durodynecanada.com\/fr\/wp-json\/wp\/v2\/pages\/7644\/revisions"}],"predecessor-version":[{"id":8365,"href":"https:\/\/www.durodynecanada.com\/fr\/wp-json\/wp\/v2\/pages\/7644\/revisions\/8365"}],"up":[{"embeddable":true,"href":"https:\/\/www.durodynecanada.com\/fr\/wp-json\/wp\/v2\/pages\/7623"}],"wp:attachment":[{"href":"https:\/\/www.durodynecanada.com\/fr\/wp-json\/wp\/v2\/media?parent=7644"}],"curies":[{"name":"wp","href":"https:\/\/api.w.org\/{rel}","templated":true}]}}