{"id":7634,"date":"2019-06-06T14:16:13","date_gmt":"2019-06-06T18:16:13","guid":{"rendered":"https:\/\/www.durodynecanada.com\/nos-produits\/wrenches\/"},"modified":"2023-06-13T11:59:13","modified_gmt":"2023-06-13T15:59:13","slug":"cles-a-molette","status":"publish","type":"page","link":"https:\/\/www.durodynecanada.com\/fr\/nos-produits\/cles-a-molette\/","title":{"rendered":"Cl\u00e9s \u00e0 molette"},"content":{"rendered":"<h1>CL\u00c9S \u00c0 MOLETTE<\/h1>\n<h3>BLX12 Jeu de cl\u00e9s en L de 12 pi\u00e8ces<\/h3>\n<p>Le mod\u00e8le BLX12 de cl\u00e9 en L de 12 pi\u00e8ces est emball\u00e9 dans un \u00e9tui \u00e0 cl\u00e9s qui verrouille les cl\u00e9s en place. Il suffit de glisser les cl\u00e9s dans leurs fentes marqu\u00e9es individuellement et de les tourner pour les verrouiller en place. Les tailles vont de 0,050 \u00e0 5\/16&Prime;. Le c\u00f4t\u00e9 court de la cl\u00e9 en L est con\u00e7u avec une extr\u00e9mit\u00e9 chanfrein\u00e9e tandis que le c\u00f4t\u00e9 long poss\u00e8de une pointe sph\u00e9rique pour les endroits difficiles \u00e0 atteindre. Les pointes sph\u00e9riques permettent une entr\u00e9e jusqu&rsquo;\u00e0 25\u02da. Toutes les cl\u00e9s sont fabriqu\u00e9es en acier tremp\u00e9.<\/p>\n<p><img loading=\"lazy\" decoding=\"async\" class=\"alignnone size-medium wp-image-6372\" src=\"https:\/\/www.durodynecanada.com\/wp-content\/uploads\/Tools_Images\/blx12L_wrench-300x125.jpg\" alt=\"BLX12 L-Wrench Key Set\" width=\"300\" height=\"125\" srcset=\"https:\/\/www.durodynecanada.com\/wp-content\/uploads\/Tools_Images\/blx12L_wrench-300x125.jpg 300w, https:\/\/www.durodynecanada.com\/wp-content\/uploads\/Tools_Images\/blx12L_wrench.jpg 302w\" sizes=\"(max-width: 300px) 100vw, 300px\" \/><\/p>\n<table width=\"100%\">\n<tbody>\n<tr>\n<td width=\"9%\"><strong>Item No.<\/strong><\/td>\n<td width=\"12%\"><strong>Code<\/strong><\/td>\n<td width=\"38%\"><strong>Description<\/strong><\/td>\n<td width=\"12%\"><strong>Qt\u00e9 par Pqt<\/strong><\/td>\n<\/tr>\n<tr>\n<td width=\"15%\">818102<\/td>\n<td width=\"9%\"><strong>BLX12<\/strong><\/td>\n<td width=\"14%\">Jeu de cl\u00e9s en L de 12 pi\u00e8ces<\/td>\n<td style=\"text-align: center;\" width=\"12%\">1<\/td>\n<\/tr>\n<\/tbody>\n<\/table>\n","protected":false},"excerpt":{"rendered":"<p>CL\u00c9S \u00c0 MOLETTE BLX12 Jeu de cl\u00e9s en L de 12 pi\u00e8ces Le mod\u00e8le BLX12 de cl\u00e9 en L de 12 pi\u00e8ces est emball\u00e9 dans un \u00e9tui \u00e0 cl\u00e9s qui verrouille les cl\u00e9s en place. Il suffit de glisser les cl\u00e9s dans leurs fentes marqu\u00e9es individuellement et de les tourner pour les verrouiller en place. &hellip;<\/p>\n","protected":false},"author":7,"featured_media":0,"parent":7603,"menu_order":0,"comment_status":"closed","ping_status":"closed","template":"","meta":{"_acf_changed":false,"footnotes":""},"acf":[],"_links":{"self":[{"href":"https:\/\/www.durodynecanada.com\/fr\/wp-json\/wp\/v2\/pages\/7634"}],"collection":[{"href":"https:\/\/www.durodynecanada.com\/fr\/wp-json\/wp\/v2\/pages"}],"about":[{"href":"https:\/\/www.durodynecanada.com\/fr\/wp-json\/wp\/v2\/types\/page"}],"author":[{"embeddable":true,"href":"https:\/\/www.durodynecanada.com\/fr\/wp-json\/wp\/v2\/users\/7"}],"replies":[{"embeddable":true,"href":"https:\/\/www.durodynecanada.com\/fr\/wp-json\/wp\/v2\/comments?post=7634"}],"version-history":[{"count":6,"href":"https:\/\/www.durodynecanada.com\/fr\/wp-json\/wp\/v2\/pages\/7634\/revisions"}],"predecessor-version":[{"id":8941,"href":"https:\/\/www.durodynecanada.com\/fr\/wp-json\/wp\/v2\/pages\/7634\/revisions\/8941"}],"up":[{"embeddable":true,"href":"https:\/\/www.durodynecanada.com\/fr\/wp-json\/wp\/v2\/pages\/7603"}],"wp:attachment":[{"href":"https:\/\/www.durodynecanada.com\/fr\/wp-json\/wp\/v2\/media?parent=7634"}],"curies":[{"name":"wp","href":"https:\/\/api.w.org\/{rel}","templated":true}]}}