{"id":7628,"date":"2017-03-16T18:43:51","date_gmt":"2017-03-16T18:43:51","guid":{"rendered":"https:\/\/www.durodynecanada.com\/nos-produits\/air-regulation\/"},"modified":"2022-06-16T15:52:14","modified_gmt":"2022-06-16T19:52:14","slug":"regulateur-air","status":"publish","type":"page","link":"https:\/\/www.durodynecanada.com\/fr\/nos-produits\/regulateur-air\/","title":{"rendered":"R\u00e9gulateur d&rsquo;air"},"content":{"rendered":"<div id=\"pl-7628\"  class=\"panel-layout\" ><div id=\"pg-7628-0\"  class=\"panel-grid panel-no-style\" ><div id=\"pgc-7628-0-0\"  class=\"panel-grid-cell\" ><div id=\"panel-7628-0-0-0\" class=\"so-panel widget widget_sow-editor panel-first-child panel-last-child\" data-index=\"0\" ><div\n\t\t\t\n\t\t\tclass=\"so-widget-sow-editor so-widget-sow-editor-base\"\n\t\t\t\n\t\t>\n<div class=\"siteorigin-widget-tinymce textwidget\">\n\t<p><strong><span style=\"color: #000000;\">MAT\u00c9RIEL DE R\u00c9GULATION D'AIR<\/span><\/strong><br \/> <span style=\"color: #000000;\">Veuillez utiliser le sous-menu sous Air Regulation \u00e0 gauche pour parcourir<\/span><br \/> <span style=\"color: #000000;\"> tous nos produits de r\u00e9gulation de l'air.<\/span><br \/> La vaste s\u00e9lection de mat\u00e9riel de r\u00e9gulation d'air de Duro Dyne fait de nous un guichet unique<br \/> pour tous vos besoins en accessoires de t\u00f4lerie.<\/p>\n<p><img loading=\"lazy\" decoding=\"async\" class=\"alignleft wp-image-1590\" src=\"\/wp-content\/uploads\/2017\/04\/air_reg.jpg\" alt=\"\" width=\"800\" height=\"533\" srcset=\"https:\/\/www.durodynecanada.com\/wp-content\/uploads\/2017\/04\/air_reg.jpg 1200w, https:\/\/www.durodynecanada.com\/wp-content\/uploads\/2017\/04\/air_reg-600x400.jpg 600w, https:\/\/www.durodynecanada.com\/wp-content\/uploads\/2017\/04\/air_reg-300x200.jpg 300w, https:\/\/www.durodynecanada.com\/wp-content\/uploads\/2017\/04\/air_reg-768x512.jpg 768w, https:\/\/www.durodynecanada.com\/wp-content\/uploads\/2017\/04\/air_reg-1024x683.jpg 1024w, https:\/\/www.durodynecanada.com\/wp-content\/uploads\/2017\/04\/air_reg-540x360.jpg 540w, https:\/\/www.durodynecanada.com\/wp-content\/uploads\/2017\/04\/air_reg-272x182.jpg 272w\" sizes=\"(max-width: 800px) 100vw, 800px\" \/><\/p>\n<\/div>\n<\/div><\/div><\/div><\/div><\/div>","protected":false},"excerpt":{"rendered":"<p>MAT\u00c9RIEL DE R\u00c9GULATION D&rsquo;AIR Veuillez utiliser le sous-menu sous Air Regulation \u00e0 gauche pour parcourir tous nos produits de r\u00e9gulation de l&rsquo;air. La vaste s\u00e9lection de mat\u00e9riel de r\u00e9gulation d&rsquo;air de Duro Dyne fait de nous un guichet unique pour tous vos besoins en accessoires de t\u00f4lerie.<\/p>\n","protected":false},"author":15,"featured_media":0,"parent":7603,"menu_order":2,"comment_status":"closed","ping_status":"closed","template":"","meta":{"_acf_changed":false,"footnotes":""},"acf":[],"_links":{"self":[{"href":"https:\/\/www.durodynecanada.com\/fr\/wp-json\/wp\/v2\/pages\/7628"}],"collection":[{"href":"https:\/\/www.durodynecanada.com\/fr\/wp-json\/wp\/v2\/pages"}],"about":[{"href":"https:\/\/www.durodynecanada.com\/fr\/wp-json\/wp\/v2\/types\/page"}],"author":[{"embeddable":true,"href":"https:\/\/www.durodynecanada.com\/fr\/wp-json\/wp\/v2\/users\/15"}],"replies":[{"embeddable":true,"href":"https:\/\/www.durodynecanada.com\/fr\/wp-json\/wp\/v2\/comments?post=7628"}],"version-history":[{"count":4,"href":"https:\/\/www.durodynecanada.com\/fr\/wp-json\/wp\/v2\/pages\/7628\/revisions"}],"predecessor-version":[{"id":8376,"href":"https:\/\/www.durodynecanada.com\/fr\/wp-json\/wp\/v2\/pages\/7628\/revisions\/8376"}],"up":[{"embeddable":true,"href":"https:\/\/www.durodynecanada.com\/fr\/wp-json\/wp\/v2\/pages\/7603"}],"wp:attachment":[{"href":"https:\/\/www.durodynecanada.com\/fr\/wp-json\/wp\/v2\/media?parent=7628"}],"curies":[{"name":"wp","href":"https:\/\/api.w.org\/{rel}","templated":true}]}}