{"id":7623,"date":"2017-03-16T18:43:24","date_gmt":"2017-03-16T18:43:24","guid":{"rendered":"https:\/\/www.durodynecanada.com\/nos-produits\/adhesives\/"},"modified":"2022-06-16T15:45:57","modified_gmt":"2022-06-16T19:45:57","slug":"adhesifs","status":"publish","type":"page","link":"https:\/\/www.durodynecanada.com\/fr\/nos-produits\/adhesifs\/","title":{"rendered":"Adh\u00e9sifs"},"content":{"rendered":"<div id=\"pl-7623\"  class=\"panel-layout\" ><div id=\"pg-7623-0\"  class=\"panel-grid panel-no-style\" ><div id=\"pgc-7623-0-0\"  class=\"panel-grid-cell panel-grid-cell-empty\" ><\/div><div id=\"pgc-7623-0-1\"  class=\"panel-grid-cell panel-grid-cell-mobile-last\" ><div id=\"panel-7623-0-1-0\" class=\"so-panel widget widget_sow-editor panel-first-child\" data-index=\"0\" ><div\n\t\t\t\n\t\t\tclass=\"so-widget-sow-editor so-widget-sow-editor-base\"\n\t\t\t\n\t\t>\n<div class=\"siteorigin-widget-tinymce textwidget\">\n\t<h1><strong>ADH\u00c9SIFS ISOLANTS<\/strong><br \/><strong>ET SCELLANT DE CONDUITS<\/strong><\/h1>\n<p>Veuillez utiliser le menu de gauche pour parcourir tous nos produits et applicateurs d'adh\u00e9sifs d'isolation et d'\u00e9tanch\u00e9it\u00e9 pour conduits.<\/p>\n<\/div>\n<\/div><\/div><div id=\"panel-7623-0-1-1\" class=\"so-panel widget widget_sow-image panel-last-child\" data-index=\"1\" ><div\n\t\t\t\n\t\t\tclass=\"so-widget-sow-image so-widget-sow-image-default-c67d20f9f743-7623\"\n\t\t\t\n\t\t>\n<div class=\"sow-image-container\">\n\t\t<img \n\tsrc=\"https:\/\/www.durodynecanada.com\/wp-content\/uploads\/2017\/04\/sealer_adh_mainpic_sm.jpg\" width=\"550\" height=\"642\" srcset=\"https:\/\/www.durodynecanada.com\/wp-content\/uploads\/2017\/04\/sealer_adh_mainpic_sm.jpg 550w, https:\/\/www.durodynecanada.com\/wp-content\/uploads\/2017\/04\/sealer_adh_mainpic_sm-257x300.jpg 257w, https:\/\/www.durodynecanada.com\/wp-content\/uploads\/2017\/04\/sealer_adh_mainpic_sm-463x540.jpg 463w\" sizes=\"(max-width: 550px) 100vw, 550px\" alt=\"Sealer Adh Mainpic_sm\" \t\tclass=\"so-widget-image\"\/>\n\t<\/div>\n\n<\/div><\/div><\/div><div id=\"pgc-7623-0-2\"  class=\"panel-grid-cell panel-grid-cell-empty\" ><\/div><\/div><\/div>","protected":false},"excerpt":{"rendered":"<p>ADH\u00c9SIFS ISOLANTSET SCELLANT DE CONDUITSVeuillez utiliser le menu de gauche pour parcourir tous nos produits et applicateurs d&rsquo;adh\u00e9sifs d&rsquo;isolation et d&rsquo;\u00e9tanch\u00e9it\u00e9 pour conduits.<\/p>\n","protected":false},"author":15,"featured_media":0,"parent":7603,"menu_order":1,"comment_status":"closed","ping_status":"closed","template":"","meta":{"_acf_changed":false,"footnotes":""},"acf":[],"_links":{"self":[{"href":"https:\/\/www.durodynecanada.com\/fr\/wp-json\/wp\/v2\/pages\/7623"}],"collection":[{"href":"https:\/\/www.durodynecanada.com\/fr\/wp-json\/wp\/v2\/pages"}],"about":[{"href":"https:\/\/www.durodynecanada.com\/fr\/wp-json\/wp\/v2\/types\/page"}],"author":[{"embeddable":true,"href":"https:\/\/www.durodynecanada.com\/fr\/wp-json\/wp\/v2\/users\/15"}],"replies":[{"embeddable":true,"href":"https:\/\/www.durodynecanada.com\/fr\/wp-json\/wp\/v2\/comments?post=7623"}],"version-history":[{"count":6,"href":"https:\/\/www.durodynecanada.com\/fr\/wp-json\/wp\/v2\/pages\/7623\/revisions"}],"predecessor-version":[{"id":7864,"href":"https:\/\/www.durodynecanada.com\/fr\/wp-json\/wp\/v2\/pages\/7623\/revisions\/7864"}],"up":[{"embeddable":true,"href":"https:\/\/www.durodynecanada.com\/fr\/wp-json\/wp\/v2\/pages\/7603"}],"wp:attachment":[{"href":"https:\/\/www.durodynecanada.com\/fr\/wp-json\/wp\/v2\/media?parent=7623"}],"curies":[{"name":"wp","href":"https:\/\/api.w.org\/{rel}","templated":true}]}}