{"id":7620,"date":"2019-06-06T14:15:26","date_gmt":"2019-06-06T18:15:26","guid":{"rendered":"https:\/\/www.durodynecanada.com\/nos-produits\/wire-cutters\/"},"modified":"2022-06-16T15:21:45","modified_gmt":"2022-06-16T19:21:45","slug":"coupe-fils","status":"publish","type":"page","link":"https:\/\/www.durodynecanada.com\/fr\/nos-produits\/coupe-fils\/","title":{"rendered":"Coupe-fils"},"content":{"rendered":"<h1>COUPE-FILS<\/h1>\n<h2>Coupe-c\u00e2bles de poche pour c\u00e2bles m\u00e9talliques (DTWRCL)<\/h2>\n<p>Ce coupeur de poche de qualit\u00e9 sup\u00e9rieure DTWRCL est parfaitement con\u00e7u pour couper les c\u00e2bles de c\u00e2ble m\u00e9tallique, les cordes \u00e0 piano ou les c\u00e2bles d&rsquo;avion jusqu&rsquo;\u00e0 1\/8&Prime;. Il est dot\u00e9 de poign\u00e9es en plastisol et les surfaces m\u00e9talliques expos\u00e9es sont recouvertes d&rsquo;une finition antirouille. Les lames cisaill\u00e9es \u00e0 ressort s&rsquo;ouvrent automatiquement lorsque la pression de la poign\u00e9e est supprim\u00e9e.<\/p>\n<ul>\n<li>Prise de s\u00fbret\u00e9<\/li>\n<li>Outil de coupe \u00e0 main pour couper jusqu&rsquo;\u00e0 1\/8&Prime; de c\u00e2ble m\u00e9tallique, de corde \u00e0 piano ou de c\u00e2ble d&rsquo;avion.<\/li>\n<li>Ressort pour faciliter l&rsquo;utilisation<\/li>\n<li>Poign\u00e9es longues de 5&Prime; pour un effet de levier \u00e9lev\u00e9<\/li>\n<li>Lames en acier tremp\u00e9 pour la durabilit\u00e9<\/li>\n<li>Poign\u00e9es recouvertes de vinyle pour une prise en main confortable et antid\u00e9rapante<\/li>\n<\/ul>\n<p><img loading=\"lazy\" decoding=\"async\" class=\"alignnone wp-image-6133 size-full\" src=\"https:\/\/www.durodynecanada.com\/wp-content\/uploads\/D-Tite_Main\/cablecutter_818263.jpg\" alt=\"DTRWC14 Cable Cutter\" width=\"295\" height=\"85\"><\/p>\n<table width=\"100%\">\n<tbody>\n<tr>\n<td width=\"9%\"><strong>Item No.<\/strong><\/td>\n<td width=\"12%\"><strong>Code<\/strong><\/td>\n<td width=\"38%\"><strong>Description<\/strong><\/td>\n<td width=\"12%\"><strong>Qt\u00e9 par Pqt<\/strong><\/td>\n<\/tr>\n<tr>\n<td width=\"15%\">818263<\/td>\n<td width=\"9%\"><strong>DTWRCL<\/strong><\/td>\n<td width=\"14%\">Coupe-c\u00e2bles pour c\u00e2bles m\u00e9talliques<\/td>\n<td style=\"text-align: center;\" width=\"12%\">1<\/td>\n<\/tr>\n<\/tbody>\n<\/table>\n<h1>DTRWC14 Coupe-c\u00e2bles<\/h1>\n<p>Lorsque vous coupez un c\u00e2ble m\u00e9tallique, il est important d&rsquo;utiliser un coupe-c\u00e2ble reconnu tel que le coupe-c\u00e2ble Duro Dyne d\u00e9taill\u00e9 ici. Cela permettra de s&rsquo;assurer que la forme du c\u00e2ble est maintenue avant son insertion dans le verrou de c\u00e2ble Dyna-Tite.<\/p>\n<ul>\n<li>Prise de s\u00fbret\u00e9<\/li>\n<li>Capacit\u00e9 de coupe des c\u00e2bles m\u00e9talliques <strong>WC8-CL25<\/strong><\/li>\n<li>Ressort pour faciliter l&rsquo;utilisation<\/li>\n<li>Lames en acier tremp\u00e9 pour la durabilit\u00e9<\/li>\n<li>Poign\u00e9es recouvertes de vinyle pour une prise en main confortable et antid\u00e9rapante<\/li>\n<\/ul>\n<p><img loading=\"lazy\" decoding=\"async\" class=\"alignnone size-full wp-image-6134\" src=\"https:\/\/www.durodynecanada.com\/wp-content\/uploads\/D-Tite_Main\/cablecutterwc8_30344.jpg\" alt=\"DTRWC Cable Cutter for WC8 Wire Rope\" width=\"295\" height=\"85\"><\/p>\n<table width=\"100%\">\n<tbody>\n<tr>\n<td width=\"9%\"><strong>Item No.<\/strong><\/td>\n<td width=\"12%\"><strong>Code<\/strong><\/td>\n<td width=\"38%\"><strong>Description<\/strong><\/td>\n<td width=\"12%\"><strong>Qt\u00e9 par Pqt<\/strong><\/td>\n<\/tr>\n<tr>\n<td width=\"15%\">30344<\/td>\n<td width=\"9%\"><strong>DTRWC14<\/strong><\/td>\n<td width=\"14%\">Coupe-c\u00e2ble pour c\u00e2ble <strong>WC8-CL25<\/strong><\/td>\n<td style=\"text-align: center;\" width=\"12%\">1<\/td>\n<\/tr>\n<\/tbody>\n<\/table>\n","protected":false},"excerpt":{"rendered":"<p>COUPE-FILS Coupe-c\u00e2bles de poche pour c\u00e2bles m\u00e9talliques (DTWRCL) Ce coupeur de poche de qualit\u00e9 sup\u00e9rieure DTWRCL est parfaitement con\u00e7u pour couper les c\u00e2bles de c\u00e2ble m\u00e9tallique, les cordes \u00e0 piano ou les c\u00e2bles d&rsquo;avion jusqu&rsquo;\u00e0 1\/8&Prime;. Il est dot\u00e9 de poign\u00e9es en plastisol et les surfaces m\u00e9talliques expos\u00e9es sont recouvertes d&rsquo;une finition antirouille. Les lames &hellip;<\/p>\n","protected":false},"author":7,"featured_media":0,"parent":7603,"menu_order":0,"comment_status":"closed","ping_status":"closed","template":"","meta":{"_acf_changed":false,"footnotes":""},"acf":[],"_links":{"self":[{"href":"https:\/\/www.durodynecanada.com\/fr\/wp-json\/wp\/v2\/pages\/7620"}],"collection":[{"href":"https:\/\/www.durodynecanada.com\/fr\/wp-json\/wp\/v2\/pages"}],"about":[{"href":"https:\/\/www.durodynecanada.com\/fr\/wp-json\/wp\/v2\/types\/page"}],"author":[{"embeddable":true,"href":"https:\/\/www.durodynecanada.com\/fr\/wp-json\/wp\/v2\/users\/7"}],"replies":[{"embeddable":true,"href":"https:\/\/www.durodynecanada.com\/fr\/wp-json\/wp\/v2\/comments?post=7620"}],"version-history":[{"count":5,"href":"https:\/\/www.durodynecanada.com\/fr\/wp-json\/wp\/v2\/pages\/7620\/revisions"}],"predecessor-version":[{"id":8310,"href":"https:\/\/www.durodynecanada.com\/fr\/wp-json\/wp\/v2\/pages\/7620\/revisions\/8310"}],"up":[{"embeddable":true,"href":"https:\/\/www.durodynecanada.com\/fr\/wp-json\/wp\/v2\/pages\/7603"}],"wp:attachment":[{"href":"https:\/\/www.durodynecanada.com\/fr\/wp-json\/wp\/v2\/media?parent=7620"}],"curies":[{"name":"wp","href":"https:\/\/api.w.org\/{rel}","templated":true}]}}