{"id":7603,"date":"2017-03-04T01:39:36","date_gmt":"2017-03-04T01:39:36","guid":{"rendered":"https:\/\/www.durodynecanada.com\/products\/"},"modified":"2022-06-14T15:47:05","modified_gmt":"2022-06-14T19:47:05","slug":"nos-produits","status":"publish","type":"page","link":"https:\/\/www.durodynecanada.com\/fr\/nos-produits\/","title":{"rendered":"PRODUITS"},"content":{"rendered":"<div id=\"pl-7603\"  class=\"panel-layout\" ><div id=\"pg-7603-0\"  class=\"panel-grid panel-no-style\" ><div id=\"pgc-7603-0-0\"  class=\"panel-grid-cell panel-grid-cell-empty\" ><\/div><div id=\"pgc-7603-0-1\"  class=\"panel-grid-cell panel-grid-cell-mobile-last\" ><div id=\"panel-7603-0-1-0\" class=\"so-panel widget widget_sow-editor panel-first-child\" data-index=\"0\" ><div\n\t\t\t\n\t\t\tclass=\"so-widget-sow-editor so-widget-sow-editor-base\"\n\t\t\t\n\t\t>\n<div class=\"siteorigin-widget-tinymce textwidget\">\n\t<h1><strong><span style=\"color: #000000;\">Produits Duro Dyne<\/span><\/strong><\/h1>\n<\/div>\n<\/div><\/div><div id=\"panel-7603-0-1-1\" class=\"so-panel widget widget_sow-editor\" data-index=\"1\" ><div\n\t\t\t\n\t\t\tclass=\"so-widget-sow-editor so-widget-sow-editor-base\"\n\t\t\t\n\t\t>\n<div class=\"siteorigin-widget-tinymce textwidget\">\n\t<p>Veuillez utiliser les menus ainsi que les sous-menus \u00e0 gauche pour naviguer dans la vaste gamme de produits Duro Dyne. Des <a href=\"https:\/\/www.durodynecanada.com\/products\/adhesives\/\">adh\u00e9sifs<\/a>au <a href=\"https:\/\/www.durodynecanada.com\/products\/durozone\/\">contr\u00f4le de zone<\/a>, nous avons tous vos besoins en CVC sous un m\u00eame toit ! <\/p>\n<p>Duro Dyne - Le plus grand nom des n\u00e9cessit\u00e9s en t\u00f4le !<\/p>\n<\/div>\n<\/div><\/div><div id=\"panel-7603-0-1-2\" class=\"so-panel widget widget_sow-editor panel-last-child\" data-index=\"2\" ><div\n\t\t\t\n\t\t\tclass=\"so-widget-sow-editor so-widget-sow-editor-base\"\n\t\t\t\n\t\t>\n<div class=\"siteorigin-widget-tinymce textwidget\">\n\t<p><img loading=\"lazy\" decoding=\"async\" class=\" wp-image-1398 aligncenter\" src=\"\/wp-content\/uploads\/2017\/03\/Products-GroupShot-273x300.jpg\" alt=\"\" width=\"469\" height=\"515\" srcset=\"https:\/\/www.durodynecanada.com\/wp-content\/uploads\/2017\/03\/Products-GroupShot-273x300.jpg 273w, https:\/\/www.durodynecanada.com\/wp-content\/uploads\/2017\/03\/Products-GroupShot-600x660.jpg 600w, https:\/\/www.durodynecanada.com\/wp-content\/uploads\/2017\/03\/Products-GroupShot-768x845.jpg 768w, https:\/\/www.durodynecanada.com\/wp-content\/uploads\/2017\/03\/Products-GroupShot-931x1024.jpg 931w, https:\/\/www.durodynecanada.com\/wp-content\/uploads\/2017\/03\/Products-GroupShot-491x540.jpg 491w, https:\/\/www.durodynecanada.com\/wp-content\/uploads\/2017\/03\/Products-GroupShot.jpg 1500w\" sizes=\"(max-width: 469px) 100vw, 469px\" \/><\/p>\n<\/div>\n<\/div><\/div><\/div><div id=\"pgc-7603-0-2\"  class=\"panel-grid-cell panel-grid-cell-empty\" ><\/div><\/div><\/div>","protected":false},"excerpt":{"rendered":"<p>Produits Duro Dyne Veuillez utiliser les menus ainsi que les sous-menus \u00e0 gauche pour naviguer dans la vaste gamme de produits Duro Dyne. Des adh\u00e9sifsau contr\u00f4le de zone, nous avons tous vos besoins en CVC sous un m\u00eame toit ! Duro Dyne &#8211; Le plus grand nom des n\u00e9cessit\u00e9s en t\u00f4le !<\/p>\n","protected":false},"author":15,"featured_media":0,"parent":0,"menu_order":11,"comment_status":"closed","ping_status":"closed","template":"","meta":{"_acf_changed":false,"footnotes":""},"acf":[],"_links":{"self":[{"href":"https:\/\/www.durodynecanada.com\/fr\/wp-json\/wp\/v2\/pages\/7603"}],"collection":[{"href":"https:\/\/www.durodynecanada.com\/fr\/wp-json\/wp\/v2\/pages"}],"about":[{"href":"https:\/\/www.durodynecanada.com\/fr\/wp-json\/wp\/v2\/types\/page"}],"author":[{"embeddable":true,"href":"https:\/\/www.durodynecanada.com\/fr\/wp-json\/wp\/v2\/users\/15"}],"replies":[{"embeddable":true,"href":"https:\/\/www.durodynecanada.com\/fr\/wp-json\/wp\/v2\/comments?post=7603"}],"version-history":[{"count":5,"href":"https:\/\/www.durodynecanada.com\/fr\/wp-json\/wp\/v2\/pages\/7603\/revisions"}],"predecessor-version":[{"id":7606,"href":"https:\/\/www.durodynecanada.com\/fr\/wp-json\/wp\/v2\/pages\/7603\/revisions\/7606"}],"wp:attachment":[{"href":"https:\/\/www.durodynecanada.com\/fr\/wp-json\/wp\/v2\/media?parent=7603"}],"curies":[{"name":"wp","href":"https:\/\/api.w.org\/{rel}","templated":true}]}}