{"id":7593,"date":"2018-11-06T13:25:20","date_gmt":"2018-11-06T18:25:20","guid":{"rendered":"https:\/\/www.durodynecanada.com\/products\/welded-insulation-fasteners\/"},"modified":"2022-06-16T15:28:01","modified_gmt":"2022-06-16T19:28:01","slug":"fixations-soudees-pour-isolation","status":"publish","type":"page","link":"https:\/\/www.durodynecanada.com\/fr\/nos-produits\/fixations-soudees-pour-isolation\/","title":{"rendered":"Fixations soud\u00e9es pour l&rsquo;isolation"},"content":{"rendered":"<h1>FIXATIONS D&rsquo;ISOLATION SOUD\u00c9ES<\/h1>\n<h2><strong>\u00c9pingles \u00e0 clip CP (\u00e9pingles \u00e0 nervures)<\/strong><\/h2>\n<p>Les goupilles nervur\u00e9es Duro Dyne <strong>(CP)<\/strong> ont des rondelles bomb\u00e9es, des clous nervur\u00e9s pour un refroidissement post-soudure plus rapide et des pointes de pr\u00e9cision pour assurer une qualit\u00e9 uniforme. Disponibles en longueurs de 1\/2&Prime;, 3\/4&Prime;, 1&Prime;, 1-1\/8&Prime;, 1-1\/2&Prime; et 2&Prime;. Ils sont disponibles en bo\u00eetes de mille <strong>(CPT)<\/strong> et en bo\u00eetes de vrac <strong>(CPB)<\/strong>.<br \/>\nTige : 0,15&Prime; de diam\u00e8tre <img loading=\"lazy\" decoding=\"async\" class=\"alignright wp-image-5925\" src=\"https:\/\/www.durodynecanada.com\/wp-content\/uploads\/2018\/11\/cp.jpg\" alt=\"CP Rib Pins\" width=\"149\" height=\"78\"><br \/>\nRondelle : Diam\u00e8tre de 1,0 pouce<br \/>\n\u00c9paisseur : .015&Prime; &#8211; .017&Prime;<br \/>\nLes axes de c\u00f4tes <strong>CP<\/strong> sont utilis\u00e9s avec les Pinspotters <strong>FG, RH, PBF, MF<\/strong> et <strong>CCD110<\/strong>.<\/p>\n<table>\n<tbody>\n<tr>\n<td width=\"12%\"><strong>Num\u00e9ro d&rsquo;item<\/strong><\/td>\n<td width=\"15%\"><strong>Code<\/strong><\/td>\n<td width=\"20%\"><strong>Description<\/strong><\/td>\n<td style=\"text-align: center;\" width=\"20%\"><b>Longueur de la tige avant soudure<\/b><\/td>\n<td style=\"text-align: center;\" width=\"20%\"><strong><b>Longueur de la tige apr\u00e8s soudure<\/b><\/strong><\/td>\n<td style=\"text-align: center;\" width=\"17%\"><strong>Quantit\u00e9<\/strong><\/td>\n<\/tr>\n<tr>\n<td width=\"12%\">26023<\/td>\n<td width=\"15%\"><strong>CPT-50<\/strong><\/td>\n<td width=\"20%\">Tige d&rsquo;arr\u00eat 1\/2&Prime;<\/td>\n<td style=\"text-align: center;\" width=\"20%\">.49<\/td>\n<td style=\"text-align: center;\" width=\"20%\">.365<\/td>\n<td style=\"text-align: center;\" width=\"17%\">1 M<\/td>\n<\/tr>\n<tr>\n<td width=\"12%\">26024<\/td>\n<td width=\"15%\"><strong>CPT-75<\/strong><\/td>\n<td width=\"20%\">Tige d&rsquo;arr\u00eat 3\/4&Prime;<\/td>\n<td style=\"text-align: center;\" width=\"20%\">.656<\/td>\n<td style=\"text-align: center;\" width=\"20%\">.531<\/td>\n<td style=\"text-align: center;\" width=\"17%\">1 M<\/td>\n<\/tr>\n<tr>\n<td width=\"12%\">26025<\/td>\n<td width=\"15%\"><strong>CPT-100<\/strong><\/td>\n<td width=\"20%\">Tige d&rsquo;arr\u00eat 1&Prime;<\/td>\n<td style=\"text-align: center;\" width=\"20%\">.906<\/td>\n<td style=\"text-align: center;\" width=\"20%\">.781<\/td>\n<td style=\"text-align: center;\" width=\"17%\">1 M<\/td>\n<\/tr>\n<tr>\n<td width=\"12%\">26032<\/td>\n<td width=\"15%\"><strong>CPT-118<\/strong><\/td>\n<td width=\"20%\">Tige d&rsquo;arr\u00eat 1-1\/8&Prime;<\/td>\n<td style=\"text-align: center;\" width=\"20%\">1.125<\/td>\n<td style=\"text-align: center;\" width=\"20%\">1.000<\/td>\n<td style=\"text-align: center;\" width=\"17%\">1 M<\/td>\n<\/tr>\n<tr>\n<td width=\"12%\">26026<\/td>\n<td width=\"15%\"><strong>CPT-150<\/strong><\/td>\n<td width=\"20%\">Tige d&rsquo;arr\u00eat 1-1\/2&Prime;<\/td>\n<td style=\"text-align: center;\" width=\"20%\">1.490<\/td>\n<td style=\"text-align: center;\" width=\"20%\">1.365<\/td>\n<td style=\"text-align: center;\" width=\"17%\">1 M<\/td>\n<\/tr>\n<tr>\n<td width=\"12%\">26027<\/td>\n<td width=\"15%\"><strong>CPT-200<\/strong><\/td>\n<td width=\"20%\">Tige d&rsquo;arr\u00eat 2&Prime;<\/td>\n<td style=\"text-align: center;\" width=\"20%\">1.906<\/td>\n<td style=\"text-align: center;\" width=\"20%\">1.781<\/td>\n<td style=\"text-align: center;\" width=\"17%\">1 M<\/td>\n<\/tr>\n<tr>\n<td width=\"12%\">26028<\/td>\n<td width=\"15%\"><strong>CPB-50<\/strong><\/td>\n<td width=\"20%\">Tige d&rsquo;arr\u00eat 1\/2&Prime;<\/td>\n<td style=\"text-align: center;\" width=\"20%\">.49<\/td>\n<td style=\"text-align: center;\" width=\"20%\">.365<\/td>\n<td style=\"text-align: center;\" width=\"17%\">5 M<\/td>\n<\/tr>\n<tr>\n<td width=\"12%\">26029<\/td>\n<td width=\"15%\"><strong>CPB-75<\/strong><\/td>\n<td width=\"20%\">Tige d&rsquo;arr\u00eat 3\/4&Prime;<\/td>\n<td style=\"text-align: center;\" width=\"20%\">.656<\/td>\n<td style=\"text-align: center;\" width=\"20%\">.531<\/td>\n<td style=\"text-align: center;\" width=\"17%\">5 M<\/td>\n<\/tr>\n<tr>\n<td width=\"12%\">26030<\/td>\n<td width=\"15%\"><strong>CPB-100<\/strong><\/td>\n<td width=\"20%\">Tige d&rsquo;arr\u00eat 1&Prime;<\/td>\n<td style=\"text-align: center;\" width=\"20%\">.906<\/td>\n<td style=\"text-align: center;\" width=\"20%\">.781<\/td>\n<td style=\"text-align: center;\" width=\"17%\">5 M<\/td>\n<\/tr>\n<tr>\n<td width=\"12%\">26035<\/td>\n<td width=\"15%\"><strong>CPB-118<\/strong><\/td>\n<td width=\"20%\">Tige d&rsquo;arr\u00eat 1-1\/8&Prime;<\/td>\n<td style=\"text-align: center;\" width=\"20%\">1.125<\/td>\n<td style=\"text-align: center;\" width=\"20%\">1.000<\/td>\n<td style=\"text-align: center;\" width=\"17%\">3 M<\/td>\n<\/tr>\n<tr>\n<td width=\"12%\">26031<\/td>\n<td width=\"15%\"><strong>CPB-150<\/strong><\/td>\n<td width=\"20%\">Tige d&rsquo;arr\u00eat 1-1\/2&Prime;<\/td>\n<td style=\"text-align: center;\" width=\"20%\">1.490<\/td>\n<td style=\"text-align: center;\" width=\"20%\">1.365<\/td>\n<td style=\"text-align: center;\" width=\"17%\">3 M<\/td>\n<\/tr>\n<tr>\n<td width=\"12%\">26038<\/td>\n<td width=\"15%\"><strong>CPB-200<\/strong><\/td>\n<td width=\"20%\">Tige d&rsquo;arr\u00eat 2&Prime;<\/td>\n<td style=\"text-align: center;\" width=\"20%\">1.906<\/td>\n<td style=\"text-align: center;\" width=\"20%\">1.781<\/td>\n<td style=\"text-align: center;\" width=\"17%\">3 M<\/td>\n<\/tr>\n<\/tbody>\n<\/table>\n<h2>Tiges FTC Econo Point<\/h2>\n<p>Les pointes \u00e0 souder Econo Point FTC utilisent un clou sp\u00e9cialement pointu pour assurer une soudure uniforme. Disponibles en longueurs de 1\/2&Prime;, 3\/4&Prime;, 1&Prime;, 1-1\/8&Prime;, 1-1\/2&Prime; et 2&Prime;. Elles sont disponibles uniquement dans des bo\u00eetes en vrac.<br \/>\nTige: .130&Prime; Diam\u00e8tre<img loading=\"lazy\" decoding=\"async\" class=\"alignright wp-image-5929\" src=\"https:\/\/www.durodynecanada.com\/wp-content\/uploads\/2018\/11\/ftc.jpg\" alt=\"FTC Econo Point Pins\" width=\"149\" height=\"78\"><br \/>\nRondelle: 1.0&Prime; Diam\u00e8tre<br \/>\n\u00c9paisseur: .015&Prime; &#8211; .017&Prime;<br \/>\nLes pointes <strong>FTC<\/strong> Econo Point sont utilis\u00e9es avec les Pinspotters <strong>FG, RH, PBF, MF<\/strong> et <strong>CCD110<\/strong>.<\/p>\n<table>\n<tbody>\n<tr>\n<td width=\"12%\"><strong>Num\u00e9ro d&rsquo;item<\/strong><\/td>\n<td width=\"15%\"><strong>Code<\/strong><\/td>\n<td width=\"20%\"><strong>Description<\/strong><\/td>\n<td style=\"text-align: center;\" width=\"20%\"><strong><b>Longueur de la tige avant soudure<\/b><\/strong><\/td>\n<td style=\"text-align: center;\" width=\"20%\"><strong><b>Longueur de la tige apr\u00e8s soudure<\/b><\/strong><\/td>\n<td style=\"text-align: center;\" width=\"17%\"><strong>Quantit\u00e9<\/strong><\/td>\n<\/tr>\n<tr>\n<td width=\"12%\">26072<\/td>\n<td width=\"15%\"><strong>FTC-12<\/strong><\/td>\n<td width=\"20%\">1\/2&Prime; Econo Pin<\/td>\n<td style=\"text-align: center;\" width=\"20%\">.49<\/td>\n<td style=\"text-align: center;\" width=\"20%\">.365<\/td>\n<td style=\"text-align: center;\" width=\"17%\">5 M<\/td>\n<\/tr>\n<tr>\n<td width=\"12%\">26073<\/td>\n<td width=\"15%\"><strong>FTC-34<\/strong><\/td>\n<td width=\"20%\">3\/4&Prime; Econo Pin<\/td>\n<td style=\"text-align: center;\" width=\"20%\">.656<\/td>\n<td style=\"text-align: center;\" width=\"20%\">.531<\/td>\n<td style=\"text-align: center;\" width=\"17%\">5 M<\/td>\n<\/tr>\n<tr>\n<td width=\"12%\">26074<\/td>\n<td width=\"15%\"><strong>FTC-100<\/strong><\/td>\n<td width=\"20%\">1&Prime; Econo Pin<\/td>\n<td style=\"text-align: center;\" width=\"20%\">.906<\/td>\n<td style=\"text-align: center;\" width=\"20%\">.781<\/td>\n<td style=\"text-align: center;\" width=\"17%\">5 M<\/td>\n<\/tr>\n<tr>\n<td width=\"12%\">26131<\/td>\n<td width=\"15%\"><strong>FTC-118<\/strong><\/td>\n<td width=\"20%\">1-1\/8&Prime; Econo Pin<\/td>\n<td style=\"text-align: center;\" width=\"20%\">1.125<\/td>\n<td style=\"text-align: center;\" width=\"20%\">1.000<\/td>\n<td style=\"text-align: center;\" width=\"17%\">3 M<\/td>\n<\/tr>\n<tr>\n<td width=\"12%\">26226<\/td>\n<td width=\"15%\"><strong>FTC-150<\/strong><\/td>\n<td width=\"20%\">1-1\/2&Prime; Econo Pin<\/td>\n<td style=\"text-align: center;\" width=\"20%\">1.490<\/td>\n<td style=\"text-align: center;\" width=\"20%\">1.365<\/td>\n<td style=\"text-align: center;\" width=\"17%\">3 M<\/td>\n<\/tr>\n<tr>\n<td width=\"12%\">26227<\/td>\n<td width=\"15%\"><strong>FTC-200<\/strong><\/td>\n<td width=\"20%\">2&Prime; Econo Pin<\/td>\n<td style=\"text-align: center;\" width=\"20%\">1.906<\/td>\n<td style=\"text-align: center;\" width=\"20%\">1.781<\/td>\n<td style=\"text-align: center;\" width=\"17%\">3 M<\/td>\n<\/tr>\n<\/tbody>\n<\/table>\n<h2>Tiges SSP Gold Seal<\/h2>\n<p>Les goupilles de scellement en or maintiennent la gaine en place et scellent le trou cr\u00e9\u00e9 lors de l&rsquo;insertion. L&rsquo;adh\u00e9sif dor\u00e9 activ\u00e9 par la chaleur sur la face inf\u00e9rieure de la rondelle fixe la goupille sur le rev\u00eatement de la gaine pendant le processus de soudage.<\/p>\n<p>\u2022 Le rev\u00eatement adh\u00e9sif isole le dessous de la rondelle pour permettre la soudure sur un isolant \u00e0 feuille.<br \/>\n\u2022 Ne pas stocker \u00e0 une temp\u00e9rature \u00e9gale ou sup\u00e9rieure \u00e0 110\u00baF, sinon les broches risquent de coller entre elles.<br \/>\n\u2022 Les goupilles Gold Seal sont \u00e9galement dot\u00e9es de \u00a0\u00bb rondelles bomb\u00e9es \u00a0\u00bb et d&rsquo;une forme pr\u00e9cise.<br \/>\npoints to insure consistent penetration of duct liner.<br \/>\n\u2022 Les \u00e9pingles Gold Seal sont disponibles en longueurs de 1\/2&Prime;, 3\/4&Prime;, 1&Prime; et 2&Prime;. Disponible uniquement dans des bo\u00eetes en vrac.<br \/>\n\u2022 Les \u00e9pingles Gold Seal sont \u00e9galement disponibles en 3&Prime; et 4&Prime; dans un emballage de mille unit\u00e9s seulement.<\/p>\n<p>Tige: .130&Prime; Diam\u00e8tre<img loading=\"lazy\" decoding=\"async\" class=\"alignright wp-image-5934\" src=\"https:\/\/www.durodynecanada.com\/wp-content\/uploads\/2018\/11\/sspb.jpg\" alt=\"SSP Gold Seal Pins\" width=\"149\" height=\"78\"><br \/>\nRondelle: 1.0&Prime; Diam\u00e8tre<br \/>\n\u00c9paisseur: .015&Prime; &#8211; .017&Prime;<br \/>\nAcrylique PSA<br \/>\nLes broches <strong>SSP<\/strong> Gold Seal sont utilis\u00e9es avec les Pinspotters <strong>FG, RH, PBF, MF<\/strong> et <strong>CCD110<\/strong>.<\/p>\n<table>\n<tbody>\n<tr>\n<td width=\"12%\"><b>Num\u00e9ro d&rsquo;item<\/b><\/td>\n<td width=\"15%\"><strong>Code<\/strong><\/td>\n<td width=\"20%\"><strong>Description<\/strong><\/td>\n<td style=\"text-align: center;\" width=\"20%\"><strong><b>Longueur de la tige avant soudure<\/b><\/strong><\/td>\n<td style=\"text-align: center;\" width=\"20%\"><strong><b>Longueur de la tige apr\u00e8s soudure<\/b><\/strong><\/td>\n<td style=\"text-align: center;\" width=\"17%\"><strong>Quantit\u00e9<\/strong><\/td>\n<\/tr>\n<tr>\n<td width=\"12%\">26297<\/td>\n<td width=\"15%\"><strong>SSPB12<\/strong><\/td>\n<td width=\"20%\">1\/2&Prime; Gold Seal Pin<\/td>\n<td style=\"text-align: center;\" width=\"20%\">.49<\/td>\n<td style=\"text-align: center;\" width=\"20%\">.365<\/td>\n<td style=\"text-align: center;\" width=\"17%\">5 M<\/td>\n<\/tr>\n<tr>\n<td width=\"12%\">26294<\/td>\n<td width=\"15%\"><strong>SSPB34<\/strong><\/td>\n<td width=\"20%\">3\/4&Prime; Gold Seal Pin<\/td>\n<td style=\"text-align: center;\" width=\"20%\">.656<\/td>\n<td style=\"text-align: center;\" width=\"20%\">.531<\/td>\n<td style=\"text-align: center;\" width=\"17%\">5 M<\/td>\n<\/tr>\n<tr>\n<td width=\"12%\">26295<\/td>\n<td width=\"15%\"><strong>SSPB100<\/strong><\/td>\n<td width=\"20%\">1&Prime; Gold Seal Pin<\/td>\n<td style=\"text-align: center;\" width=\"20%\">.906<\/td>\n<td style=\"text-align: center;\" width=\"20%\">.781<\/td>\n<td style=\"text-align: center;\" width=\"17%\">5 M<\/td>\n<\/tr>\n<tr>\n<td width=\"12%\">26296<\/td>\n<td width=\"15%\"><strong>SSPB200<\/strong><\/td>\n<td width=\"20%\">2&Prime; Gold Seal Pin<\/td>\n<td style=\"text-align: center;\" width=\"20%\">1.906<\/td>\n<td style=\"text-align: center;\" width=\"20%\">1.781<\/td>\n<td style=\"text-align: center;\" width=\"17%\">3 M<\/td>\n<\/tr>\n<tr>\n<td width=\"12%\">26303<\/td>\n<td width=\"15%\"><strong>SSP300<\/strong><\/td>\n<td width=\"20%\">3&Prime; Gold Seal Pin<\/td>\n<td style=\"text-align: center;\" width=\"20%\">2.750<\/td>\n<td style=\"text-align: center;\" width=\"20%\">2.875<\/td>\n<td style=\"text-align: center;\" width=\"17%\">1 M<\/td>\n<\/tr>\n<tr>\n<td width=\"12%\">26304<\/td>\n<td width=\"15%\"><strong>SSP400<\/strong><\/td>\n<td width=\"20%\">4&Prime; Gold Seal Pin<\/td>\n<td style=\"text-align: center;\" width=\"20%\">3.750<\/td>\n<td style=\"text-align: center;\" width=\"20%\">3.875<\/td>\n<td style=\"text-align: center;\" width=\"17%\">1 M<\/td>\n<\/tr>\n<\/tbody>\n<\/table>\n<h2>Pointes de cible de la rondelle a\u00e9rodynamique BDEP<\/h2>\n<p>Les Target Pins sont des fixations d&rsquo;isolation brevet\u00e9es dot\u00e9es d&rsquo;une rondelle a\u00e9rodynamique en relief et d&rsquo;une t\u00eate de clou en retrait, afin d&rsquo;am\u00e9liorer le contour matelass\u00e9 de la gaine fix\u00e9e. Disponibles en longueurs de 1\/2&Prime;, 3\/4&Prime;, 1&Prime;, 1-1\/8&Prime;, 1-1\/2&Prime; et 2&Prime;. Disponible en seaux de plastique en vrac.<br \/>\n<img loading=\"lazy\" decoding=\"async\" class=\"alignright wp-image-5923\" src=\"https:\/\/www.durodynecanada.com\/wp-content\/uploads\/2018\/11\/bdep_pail.jpg\" alt=\"BDEP Plastic Pail\" width=\"95\" height=\"141\"><br \/>\nTige: .130&Prime; Diam\u00e8tre<img loading=\"lazy\" decoding=\"async\" class=\"alignright wp-image-5922\" src=\"https:\/\/www.durodynecanada.com\/wp-content\/uploads\/2018\/11\/bdep.jpg\" alt=\"BDEP Target Pin\" width=\"134\" height=\"70\"><br \/>\nRondelle: 1.0&Prime; Diam\u00e8tre<br \/>\n\u00c9paisseur: .015&Prime; &#8211; .017&Prime;<br \/>\nLes pointes de cible \u00e0 rondelle a\u00e9rodynamique <strong>BDEP<\/strong> sont utilis\u00e9es avec les pointes de cible <strong>FG<\/strong>, <strong>RH<\/strong>, <strong>PBF<\/strong> et <strong>MF<\/strong>.<\/p>\n<table>\n<tbody>\n<tr>\n<td width=\"12%\"><b>Num\u00e9ro d&rsquo;item<\/b><\/td>\n<td width=\"15%\"><strong>Code<\/strong><\/td>\n<td width=\"20%\"><strong>Description<\/strong><\/td>\n<td style=\"text-align: center;\" width=\"20%\"><strong><b>Longueur de la tige avant soudure<\/b><\/strong><\/td>\n<td style=\"text-align: center;\" width=\"20%\"><strong><b>Longueur de la tige apr\u00e8s soudure<\/b><\/strong><\/td>\n<td style=\"text-align: center;\" width=\"17%\"><strong>Quantit\u00e9<\/strong><\/td>\n<\/tr>\n<tr>\n<td width=\"12%\">26220<\/td>\n<td width=\"15%\"><strong>BDEP-12<\/strong><\/td>\n<td width=\"20%\">Tige de cible 1\/2&Prime;<\/td>\n<td style=\"text-align: center;\" width=\"20%\">.49<\/td>\n<td style=\"text-align: center;\" width=\"20%\">.365<\/td>\n<td style=\"text-align: center;\" width=\"17%\">5 M<\/td>\n<\/tr>\n<tr>\n<td width=\"12%\">26221<\/td>\n<td width=\"15%\"><strong>BDEP-34<\/strong><\/td>\n<td width=\"20%\">Tige de cible 3\/4&Prime;<\/td>\n<td style=\"text-align: center;\" width=\"20%\">.656<\/td>\n<td style=\"text-align: center;\" width=\"20%\">.531<\/td>\n<td style=\"text-align: center;\" width=\"17%\">5 M<\/td>\n<\/tr>\n<tr>\n<td width=\"12%\">26222<\/td>\n<td width=\"15%\"><strong>BDEP-100<\/strong><\/td>\n<td width=\"20%\">Tige de cible 1&Prime;<\/td>\n<td style=\"text-align: center;\" width=\"20%\">.906<\/td>\n<td style=\"text-align: center;\" width=\"20%\">.781<\/td>\n<td style=\"text-align: center;\" width=\"17%\">5 M<\/td>\n<\/tr>\n<tr>\n<td width=\"12%\">26217<\/td>\n<td width=\"15%\"><strong>BDEP-118<\/strong><\/td>\n<td width=\"20%\">Tige de cible 1-1\/8&Prime;<\/td>\n<td style=\"text-align: center;\" width=\"20%\">1.125<\/td>\n<td style=\"text-align: center;\" width=\"20%\">1.000<\/td>\n<td style=\"text-align: center;\" width=\"17%\">3 M<\/td>\n<\/tr>\n<tr>\n<td width=\"12%\">26218<\/td>\n<td width=\"15%\"><strong>BDEP-150<\/strong><\/td>\n<td width=\"20%\">Tige de cible 1-1\/2&Prime;<\/td>\n<td style=\"text-align: center;\" width=\"20%\">1.490<\/td>\n<td style=\"text-align: center;\" width=\"20%\">1.365<\/td>\n<td style=\"text-align: center;\" width=\"17%\">3 M<\/td>\n<\/tr>\n<tr>\n<td width=\"12%\">26219<\/td>\n<td width=\"15%\"><strong>BDEP-200<\/strong><\/td>\n<td width=\"20%\">Tige de cible 2&Prime;<\/td>\n<td style=\"text-align: center;\" width=\"20%\">1.906<\/td>\n<td style=\"text-align: center;\" width=\"20%\">1.781<\/td>\n<td style=\"text-align: center;\" width=\"17%\">3 M<\/td>\n<\/tr>\n<\/tbody>\n<\/table>\n<p><a href=\"https:\/\/www.durodynecanada.com\/wp-content\/uploads\/2018\/11\/bdep_litsheet_ddc1118.pdf\"><strong>BDEP<\/strong> Target Pin Literature Sheet<\/a><\/p>\n<h2>Tiges de rep\u00e9rage PN<\/h2>\n<p>Le clou de rep\u00e9rage est soud\u00e9 \u00e0 la t\u00f4le et l&rsquo;isolant est empal\u00e9 sur le clou. Il est maintenu en place par l&rsquo;ajout d&rsquo;une rondelle en acier galvanis\u00e9. Les rondelles en PC (m\u00e9tal) sont utilis\u00e9es avec les PN. Les clous peuvent \u00eatre install\u00e9s avec tous les Pinspotters LF, MF et PBF. Disponibles en longueurs de 3\/4&Prime;, 1-1\/4&Prime;, 2&Prime; et 2-1\/2&Prime;.<br \/>\nElles sont disponibles en paquets de mille <strong>(PNT)<\/strong> et en bo\u00eetes en vrac <strong>(PNB)<\/strong>.<br \/>\n<img loading=\"lazy\" decoding=\"async\" class=\"alignright wp-image-5932\" src=\"https:\/\/www.durodynecanada.com\/wp-content\/uploads\/2018\/11\/pn.jpg\" alt=\"PN Spotter Pin\" width=\"100\" height=\"43\"><br \/>\nDiam\u00e8tre de l&rsquo;axe : 14 Gauge galvanis\u00e9<\/p>\n<table>\n<tbody>\n<tr>\n<td width=\"12%\"><strong>Num\u00e9ro d&rsquo;item<\/strong><\/td>\n<td width=\"15%\"><strong>Code<\/strong><\/td>\n<td width=\"23%\"><strong>Description<\/strong><\/td>\n<td style=\"text-align: center;\" width=\"17%\"><b>Longueur de la tige approx.<\/b><\/td>\n<td style=\"text-align: center;\" width=\"20%\"><strong>Pour l&rsquo;isolation<br \/>\n\u00c9paisseur<\/strong><\/td>\n<td style=\"text-align: center;\" width=\"17%\"><strong>Quantit\u00e9<\/strong><\/td>\n<\/tr>\n<tr>\n<td width=\"12%\">26001<\/td>\n<td width=\"15%\"><strong>PNT-34<\/strong><\/td>\n<td width=\"23%\">Tige de rep\u00e9rage 3\/4&Prime;<\/td>\n<td style=\"text-align: center;\" width=\"17%\">.75<\/td>\n<td style=\"text-align: center;\" width=\"20%\">1\/2&Prime;<\/td>\n<td style=\"text-align: center;\" width=\"17%\">1 M<\/td>\n<\/tr>\n<tr>\n<td width=\"12%\">26002<\/td>\n<td width=\"15%\"><strong>PNT-114<\/strong><\/td>\n<td width=\"23%\">Tige de rep\u00e9rage 1-1\/4&Prime;<\/td>\n<td style=\"text-align: center;\" width=\"17%\">1.25<\/td>\n<td style=\"text-align: center;\" width=\"20%\">1&Prime;<\/td>\n<td style=\"text-align: center;\" width=\"17%\">1 M<\/td>\n<\/tr>\n<tr>\n<td width=\"12%\">26003<\/td>\n<td width=\"15%\"><strong>PNT-200<\/strong><\/td>\n<td width=\"23%\">Tige de rep\u00e9rage 2&Prime;<\/td>\n<td style=\"text-align: center;\" width=\"17%\">2.0<\/td>\n<td style=\"text-align: center;\" width=\"20%\">1-1\/2&Prime;-2&Prime;<\/td>\n<td style=\"text-align: center;\" width=\"17%\">1 M<\/td>\n<\/tr>\n<tr>\n<td width=\"12%\">26004<\/td>\n<td width=\"15%\"><strong>PNT-250<\/strong><\/td>\n<td width=\"23%\">Tige de rep\u00e9rage 2-1\/2&Prime;<\/td>\n<td style=\"text-align: center;\" width=\"17%\">2.5<\/td>\n<td style=\"text-align: center;\" width=\"20%\">2&Prime;-3&Prime;<\/td>\n<td style=\"text-align: center;\" width=\"17%\">1 M<\/td>\n<\/tr>\n<tr>\n<td width=\"12%\">26005<\/td>\n<td width=\"15%\"><strong>PNB-34<\/strong><\/td>\n<td width=\"23%\">Tige de rep\u00e9rage 3\/4&Prime;<\/td>\n<td style=\"text-align: center;\" width=\"17%\">.75<\/td>\n<td style=\"text-align: center;\" width=\"20%\">1\/2&Prime;<\/td>\n<td style=\"text-align: center;\" width=\"17%\">10 M<\/td>\n<\/tr>\n<tr>\n<td width=\"12%\">26006<\/td>\n<td width=\"15%\"><strong>PNB-114<\/strong><\/td>\n<td width=\"23%\">Tige de rep\u00e9rage 1-1\/4&Prime;<\/td>\n<td style=\"text-align: center;\" width=\"17%\">1.25<\/td>\n<td style=\"text-align: center;\" width=\"20%\">1&Prime;<\/td>\n<td style=\"text-align: center;\" width=\"17%\">10 M<\/td>\n<\/tr>\n<tr>\n<td width=\"12%\">26007<\/td>\n<td width=\"15%\"><strong>PNB-200<\/strong><\/td>\n<td width=\"23%\">Tige de rep\u00e9rage 2&Prime;<\/td>\n<td style=\"text-align: center;\" width=\"17%\">2.0<\/td>\n<td style=\"text-align: center;\" width=\"20%\">1-1\/2&Prime;-2&Prime;<\/td>\n<td style=\"text-align: center;\" width=\"17%\">5 M<\/td>\n<\/tr>\n<tr>\n<td width=\"12%\">26008<\/td>\n<td width=\"15%\"><strong>PNB-250<\/strong><\/td>\n<td width=\"23%\">Tige de rep\u00e9rage 2-1\/2&Prime;<\/td>\n<td style=\"text-align: center;\" width=\"17%\">2.5<\/td>\n<td style=\"text-align: center;\" width=\"20%\">2&Prime;-3&Prime;<\/td>\n<td style=\"text-align: center;\" width=\"17%\">5 M<\/td>\n<\/tr>\n<\/tbody>\n<\/table>\n<h2>Clips de rep\u00e9rage PC (rondelles)<img loading=\"lazy\" decoding=\"async\" class=\"alignright wp-image-5939\" src=\"https:\/\/www.durodynecanada.com\/wp-content\/uploads\/2018\/11\/pc.jpg\" alt=\"PC Spotter Clip (Washer)\" width=\"75\" height=\"72\"><\/h2>\n<p>Les clips de rep\u00e9rage <strong>PC<\/strong> sont destin\u00e9s \u00e0 \u00eatre utilis\u00e9s avec les broches de rep\u00e9rage <strong>PN<\/strong> et sont fabriqu\u00e9s en acier galvanis\u00e9 de calibre 30. Ils sont disponibles en bo\u00eetes de mille <strong>(PCT)<\/strong> et en bo\u00eetes d&#8217;emballage en vrac <strong>(PCB)<\/strong>.<\/p>\n<table>\n<tbody>\n<tr>\n<td width=\"12%\"><strong>Item Number<\/strong><\/td>\n<td width=\"15%\"><strong>Code<\/strong><\/td>\n<td width=\"20%\"><strong>Description<\/strong><\/td>\n<td style=\"text-align: center;\" width=\"20%\"><strong>Aire<br \/>\n<\/strong><\/td>\n<td style=\"text-align: center;\" width=\"20%\"><strong>Pour utilisation avec<\/strong><\/td>\n<td style=\"text-align: center;\" width=\"17%\"><strong>Quantit\u00e9<\/strong><\/td>\n<\/tr>\n<tr>\n<td width=\"12%\">26017<\/td>\n<td width=\"15%\"><strong>PCT-1<\/strong><\/td>\n<td width=\"13%\">Clip de rep\u00e9rage<\/td>\n<td style=\"text-align: center;\" width=\"27%\">1.4375 Po carr\u00e9<\/td>\n<td style=\"text-align: center;\" width=\"20%\">Tiges de rep\u00e9rage PN<\/td>\n<td style=\"text-align: center;\" width=\"17%\">1 M<\/td>\n<\/tr>\n<tr>\n<td width=\"12%\">26002<\/td>\n<td width=\"15%\"><strong>PCB-1<\/strong><\/td>\n<td width=\"13%\">&nbsp;Clip de rep\u00e9rage<\/td>\n<td style=\"text-align: center;\" width=\"27%\">1.4375 Po carr\u00e9<\/td>\n<td style=\"text-align: center;\" width=\"20%\">&nbsp;Tiges de rep\u00e9rage PN<\/td>\n<td style=\"text-align: center;\" width=\"17%\">10 M<\/td>\n<\/tr>\n<\/tbody>\n<\/table>\n","protected":false},"excerpt":{"rendered":"<p>FIXATIONS D&rsquo;ISOLATION SOUD\u00c9ES \u00c9pingles \u00e0 clip CP (\u00e9pingles \u00e0 nervures) Les goupilles nervur\u00e9es Duro Dyne (CP) ont des rondelles bomb\u00e9es, des clous nervur\u00e9s pour un refroidissement post-soudure plus rapide et des pointes de pr\u00e9cision pour assurer une qualit\u00e9 uniforme. Disponibles en longueurs de 1\/2&Prime;, 3\/4&Prime;, 1&Prime;, 1-1\/8&Prime;, 1-1\/2&Prime; et 2&Prime;. Ils sont disponibles en bo\u00eetes &hellip;<\/p>\n","protected":false},"author":7,"featured_media":0,"parent":7603,"menu_order":0,"comment_status":"closed","ping_status":"closed","template":"","meta":{"_acf_changed":false,"footnotes":""},"acf":[],"_links":{"self":[{"href":"https:\/\/www.durodynecanada.com\/fr\/wp-json\/wp\/v2\/pages\/7593"}],"collection":[{"href":"https:\/\/www.durodynecanada.com\/fr\/wp-json\/wp\/v2\/pages"}],"about":[{"href":"https:\/\/www.durodynecanada.com\/fr\/wp-json\/wp\/v2\/types\/page"}],"author":[{"embeddable":true,"href":"https:\/\/www.durodynecanada.com\/fr\/wp-json\/wp\/v2\/users\/7"}],"replies":[{"embeddable":true,"href":"https:\/\/www.durodynecanada.com\/fr\/wp-json\/wp\/v2\/comments?post=7593"}],"version-history":[{"count":4,"href":"https:\/\/www.durodynecanada.com\/fr\/wp-json\/wp\/v2\/pages\/7593\/revisions"}],"predecessor-version":[{"id":8322,"href":"https:\/\/www.durodynecanada.com\/fr\/wp-json\/wp\/v2\/pages\/7593\/revisions\/8322"}],"up":[{"embeddable":true,"href":"https:\/\/www.durodynecanada.com\/fr\/wp-json\/wp\/v2\/pages\/7603"}],"wp:attachment":[{"href":"https:\/\/www.durodynecanada.com\/fr\/wp-json\/wp\/v2\/media?parent=7593"}],"curies":[{"name":"wp","href":"https:\/\/api.w.org\/{rel}","templated":true}]}}