{"id":7590,"date":"2019-03-19T15:11:06","date_gmt":"2019-03-19T19:11:06","guid":{"rendered":"https:\/\/www.durodynecanada.com\/products\/drill-x-screws\/"},"modified":"2022-06-16T15:45:26","modified_gmt":"2022-06-16T19:45:26","slug":"vis-drill-x","status":"publish","type":"page","link":"https:\/\/www.durodynecanada.com\/fr\/nos-produits\/vis-drill-x\/","title":{"rendered":"Vis Drill-X"},"content":{"rendered":"<h1>VIS DRILL-X DURO DYNE<\/h1>\n<p>Les vis Drill-X, vis autoperceuses dot\u00e9es d&rsquo;une pointe de foret de pr\u00e9cision, sont con\u00e7ues pour fixer des m\u00e9taux de forte \u00e9paisseur. Ces vis assurent des trous de taille pr\u00e9cise pour une puissance de maintien maximale, \u00e9liminant ainsi la n\u00e9cessit\u00e9 de pr\u00e9parer les trous et les fr\u00e9quents probl\u00e8mes d&rsquo;alignement rencontr\u00e9s lors de l&rsquo;assemblage de pi\u00e8ces.<\/p>\n<h2>Vis autoperceuses Drill-X (DX)<br \/>\n<img loading=\"lazy\" decoding=\"async\" class=\"wp-image-6186 alignright\" src=\"https:\/\/www.durodynecanada.com\/wp-content\/uploads\/2019\/03\/dx_screw.jpg\" alt=\"DX Screw\" width=\"85\" height=\"106\"><\/h2>\n<p><strong>DXT Thousand Pack dans des conteneurs \u00e0 vis en plastique<br \/>\n<\/strong>Les n\u00b0 8 ont une t\u00eate hexagonale de 1\/4&Prime;, les n\u00b0 10 et 12 une t\u00eate hexagonale de 5\/16&Prime;.<\/p>\n<table width=\"100%\">\n<tbody>\n<tr>\n<td width=\"9%\"><strong>Item No.<\/strong><\/td>\n<td width=\"12%\"><strong>Code<\/strong><\/td>\n<td width=\"38%\"><strong>Taille de la vis<\/strong><\/td>\n<td width=\"12%\"><strong>Qt\u00e9 par Pqt<\/strong><\/td>\n<\/tr>\n<tr>\n<td width=\"15%\">14100<\/td>\n<td width=\"9%\"><strong>DXT 812<\/strong><\/td>\n<td width=\"14%\">8-18 x 1\/2&Prime;<\/td>\n<td style=\"text-align: center;\" width=\"12%\">1 M<\/td>\n<\/tr>\n<tr>\n<td width=\"15%\">14102<\/td>\n<td width=\"9%\"><strong>DXT 834<\/strong><\/td>\n<td width=\"14%\">8-18 x 3\/4&Prime;<\/td>\n<td style=\"text-align: center;\" width=\"12%\">1 M<\/td>\n<\/tr>\n<tr>\n<td width=\"15%\">14103<\/td>\n<td width=\"9%\"><strong>DXT 1012<\/strong><\/td>\n<td width=\"14%\">10-16 x 1\/2&Prime;<\/td>\n<td style=\"text-align: center;\" width=\"12%\">1 M<\/td>\n<\/tr>\n<tr>\n<td width=\"15%\">14105<\/td>\n<td width=\"9%\"><strong>DXT 1034<\/strong><\/td>\n<td width=\"14%\">10-16 x 3\/4&Prime;<\/td>\n<td style=\"text-align: center;\" width=\"12%\">1 M<\/td>\n<\/tr>\n<tr>\n<td width=\"15%\">14106<\/td>\n<td width=\"9%\"><strong>DXT 1011<\/strong><\/td>\n<td width=\"14%\">10-16 x 1&Prime;<\/td>\n<td style=\"text-align: center;\" width=\"12%\">1 M<\/td>\n<\/tr>\n<tr>\n<td width=\"15%\">14107<\/td>\n<td width=\"9%\"><strong>DXT 1234<\/strong><\/td>\n<td width=\"14%\">12-14 x 3\/4&Prime;<\/td>\n<td style=\"text-align: center;\" width=\"12%\">1 M<\/td>\n<\/tr>\n<\/tbody>\n<\/table>\n<p><strong>DXB Emballage en vrac dans des bo\u00eetes en carton<br \/>\n<\/strong>Les n\u00b0 8 ont une t\u00eate hexagonale de 1\/4&Prime;, les n\u00b0 10 et 12 ont une t\u00eate hexagonale de 5\/16&Prime;.<strong><br \/>\n<\/strong><\/p>\n<table width=\"100%\">\n<tbody>\n<tr>\n<td width=\"9%\"><strong>Item No.<\/strong><\/td>\n<td width=\"12%\"><strong>Code<\/strong><\/td>\n<td width=\"38%\"><strong>Taille de la vis<\/strong><\/td>\n<td width=\"12%\"><strong>Qt\u00e9 par Pqt<\/strong><\/td>\n<\/tr>\n<tr>\n<td width=\"15%\">15100<\/td>\n<td width=\"9%\"><strong>DXB 812<\/strong><\/td>\n<td width=\"14%\">8-18 x 1\/2&Prime;<\/td>\n<td style=\"text-align: center;\" width=\"12%\">10 M<\/td>\n<\/tr>\n<tr>\n<td width=\"15%\">15102<\/td>\n<td width=\"9%\"><strong>DXB 834<\/strong><\/td>\n<td width=\"14%\">8-18 x 3\/4&Prime;<\/td>\n<td style=\"text-align: center;\" width=\"12%\">10 M<\/td>\n<\/tr>\n<tr>\n<td width=\"15%\">15103<\/td>\n<td width=\"9%\"><strong>DXB 1012<\/strong><\/td>\n<td width=\"14%\">10-16 x 1\/2&Prime;<\/td>\n<td style=\"text-align: center;\" width=\"12%\">8 M<\/td>\n<\/tr>\n<tr>\n<td width=\"15%\">15105<\/td>\n<td width=\"9%\"><strong>DXB 1034<\/strong><\/td>\n<td width=\"14%\">10-16 x 3\/4&Prime;<\/td>\n<td style=\"text-align: center;\" width=\"12%\">5 M<\/td>\n<\/tr>\n<tr>\n<td width=\"15%\">15106<\/td>\n<td width=\"9%\"><strong>DXB 1011<\/strong><\/td>\n<td width=\"14%\">10-16 x 1&Prime;<\/td>\n<td style=\"text-align: center;\" width=\"12%\">5 M<\/td>\n<\/tr>\n<tr>\n<td width=\"15%\">15107<\/td>\n<td width=\"9%\"><strong>DXB 1234<\/strong><\/td>\n<td width=\"14%\">12-14 x 3\/4&Prime;<\/td>\n<td style=\"text-align: center;\" width=\"12%\">5 M<\/td>\n<\/tr>\n<\/tbody>\n<\/table>\n<h2><strong>Vis \u00e0 t\u00eate cylindrique bomb\u00e9e DRILL-X (SDX)<br \/>\n<img loading=\"lazy\" decoding=\"async\" class=\"alignright wp-image-6184\" src=\"https:\/\/www.durodynecanada.com\/wp-content\/uploads\/2019\/03\/sdx_set.jpg\" alt=\"SDX Screw and Head\" width=\"85\" height=\"94\"><\/strong><\/h2>\n<p><strong>SDXT Thousand Pack dans des conteneurs \u00e0 vis en plastique<\/strong><\/p>\n<table width=\"100%\">\n<tbody>\n<tr>\n<td width=\"9%\"><strong>Item No.<\/strong><\/td>\n<td width=\"12%\"><strong>Code<\/strong><\/td>\n<td width=\"38%\"><strong>Taille de la vis<\/strong><\/td>\n<td width=\"12%\"><strong>Qt\u00e9 par Pqt<\/strong><\/td>\n<\/tr>\n<tr>\n<td width=\"15%\">14214<\/td>\n<td width=\"9%\"><strong>SDXT 812<\/strong><\/td>\n<td width=\"14%\">8 x 1\/2&Prime;<\/td>\n<td style=\"text-align: center;\" width=\"12%\">1 M<\/td>\n<\/tr>\n<\/tbody>\n<\/table>\n<p><strong>SDXB en vrac dans des bo\u00eetes en carton<\/strong><\/p>\n<table width=\"100%\">\n<tbody>\n<tr>\n<td width=\"9%\"><strong>Item No.<\/strong><\/td>\n<td width=\"12%\"><strong>Code<\/strong><\/td>\n<td width=\"38%\"><strong>Taille de la vis<\/strong><\/td>\n<td width=\"12%\"><strong>Qt\u00e9 par Pqt<\/strong><\/td>\n<\/tr>\n<tr>\n<td width=\"15%\">15176<\/td>\n<td width=\"9%\"><strong>SDXB 812<\/strong><\/td>\n<td width=\"14%\">8 x 1\/2&Prime;<\/td>\n<td style=\"text-align: center;\" width=\"12%\">10 M<\/td>\n<\/tr>\n<\/tbody>\n<\/table>\n<h2>Mandrins pour vis de per\u00e7age<img loading=\"lazy\" decoding=\"async\" class=\"wp-image-6179 alignright\" src=\"https:\/\/www.durodynecanada.com\/wp-content\/uploads\/2019\/03\/dclchucks-300x178.jpg\" alt=\"DCL Drill Chucks\" width=\"125\" height=\"74\" srcset=\"https:\/\/www.durodynecanada.com\/wp-content\/uploads\/2019\/03\/dclchucks-300x178.jpg 300w, https:\/\/www.durodynecanada.com\/wp-content\/uploads\/2019\/03\/dclchucks.jpg 308w\" sizes=\"(max-width: 125px) 100vw, 125px\" \/><\/h2>\n<p>Les mandrins pour vis de per\u00e7age Duro Dyne sont super durs mais r\u00e9sistants aux chocs. Les mandrins Duro Dyne sont plus performants que tous les autres. Un aimant permanent puissant maintient la vis fermement en position. Un trou hexagonal de pr\u00e9cision r\u00e9siste \u00e0 l&rsquo;effet d&rsquo;al\u00e9sage de la t\u00eate de la vis lors d&rsquo;un usage prolong\u00e9.<\/p>\n<table width=\"100%\">\n<tbody>\n<tr>\n<td width=\"9%\"><strong>Item No.<\/strong><\/td>\n<td width=\"12%\"><strong>Code<\/strong><\/td>\n<td width=\"38%\"><strong>Taille de la douille hexagonale<\/strong><\/td>\n<td width=\"12%\"><strong>Qt\u00e9 par Pqt<\/strong><\/td>\n<\/tr>\n<tr>\n<td width=\"15%\">16008<\/td>\n<td width=\"9%\"><strong>DCL-14<\/strong><\/td>\n<td width=\"14%\">2-3\/4&Prime; 1\/4&Prime; Hex Shank<\/td>\n<td style=\"text-align: center;\" width=\"12%\">1<\/td>\n<\/tr>\n<tr>\n<td width=\"15%\">16009<\/td>\n<td width=\"9%\"><strong>DCL-516<\/strong><\/td>\n<td width=\"14%\">2-3\/4&Prime; 5\/16&Prime; Hex Shank for #10 &amp; #12 Drill-X<br \/>\nScrews (DX)<\/td>\n<td style=\"text-align: center;\" width=\"12%\">1<\/td>\n<\/tr>\n<\/tbody>\n<\/table>\n","protected":false},"excerpt":{"rendered":"<p>VIS DRILL-X DURO DYNE Les vis Drill-X, vis autoperceuses dot\u00e9es d&rsquo;une pointe de foret de pr\u00e9cision, sont con\u00e7ues pour fixer des m\u00e9taux de forte \u00e9paisseur. Ces vis assurent des trous de taille pr\u00e9cise pour une puissance de maintien maximale, \u00e9liminant ainsi la n\u00e9cessit\u00e9 de pr\u00e9parer les trous et les fr\u00e9quents probl\u00e8mes d&rsquo;alignement rencontr\u00e9s lors de &hellip;<\/p>\n","protected":false},"author":7,"featured_media":0,"parent":7603,"menu_order":0,"comment_status":"closed","ping_status":"closed","template":"","meta":{"_acf_changed":false,"footnotes":""},"acf":[],"_links":{"self":[{"href":"https:\/\/www.durodynecanada.com\/fr\/wp-json\/wp\/v2\/pages\/7590"}],"collection":[{"href":"https:\/\/www.durodynecanada.com\/fr\/wp-json\/wp\/v2\/pages"}],"about":[{"href":"https:\/\/www.durodynecanada.com\/fr\/wp-json\/wp\/v2\/types\/page"}],"author":[{"embeddable":true,"href":"https:\/\/www.durodynecanada.com\/fr\/wp-json\/wp\/v2\/users\/7"}],"replies":[{"embeddable":true,"href":"https:\/\/www.durodynecanada.com\/fr\/wp-json\/wp\/v2\/comments?post=7590"}],"version-history":[{"count":4,"href":"https:\/\/www.durodynecanada.com\/fr\/wp-json\/wp\/v2\/pages\/7590\/revisions"}],"predecessor-version":[{"id":8360,"href":"https:\/\/www.durodynecanada.com\/fr\/wp-json\/wp\/v2\/pages\/7590\/revisions\/8360"}],"up":[{"embeddable":true,"href":"https:\/\/www.durodynecanada.com\/fr\/wp-json\/wp\/v2\/pages\/7603"}],"wp:attachment":[{"href":"https:\/\/www.durodynecanada.com\/fr\/wp-json\/wp\/v2\/media?parent=7590"}],"curies":[{"name":"wp","href":"https:\/\/api.w.org\/{rel}","templated":true}]}}