{"id":7571,"date":"2019-06-07T22:03:05","date_gmt":"2019-06-08T02:03:05","guid":{"rendered":"https:\/\/www.durodynecanada.com\/products-2\/"},"modified":"2022-06-14T15:37:43","modified_gmt":"2022-06-14T19:37:43","slug":"produits","status":"publish","type":"page","link":"https:\/\/www.durodynecanada.com\/fr\/produits\/","title":{"rendered":"Produits"},"content":{"rendered":"<div id=\"pl-7571\"  class=\"panel-layout\" ><div id=\"pg-7571-0\"  class=\"panel-grid panel-no-style\" ><div id=\"pgc-7571-0-0\"  class=\"panel-grid-cell\" ><div id=\"panel-7571-0-0-0\" class=\"so-panel widget widget_pw_portfolio_grid widget-portfolio-grid panel-first-child panel-last-child\" data-index=\"0\" >\t\t\t\t\t<div class=\"portfolio-grid  portfolio-grid--grid\" data-type=\"grid\">\n\t\t\t\t\t\t\t\t\t<nav class=\"portfolio-grid__header\">\n\t\t\t\t\t<a href=\"#\" class=\"portfolio-grid__mobile-filter  js-filter  btn  btn-primary  btn-sm  hidden-lg-up\">\n\t\t\t\t\t\t<span class=\"fa  fa-filter\"><\/span> &nbsp;\n\t\t\t\t\t\tFILTER\t\t\t\t\t<\/a>\n\n\t\t\t\t\t\n\t\t\t\t\t<ul class=\"portfolio-grid__nav  js-wpg-nav-holder\">\n\t\t\t\t\t\t<li class=\"portfolio-grid__nav-item  is-active  is-disabled\" style=\"display:none;\">\n\t\t\t\t\t\t\t<a href=\"#widget-0-0-0-all\" data-category=\"*\" class=\"portfolio-grid__nav-link  js-wpg-nav\"><\/a>\n\t\t\t\t\t\t<\/li>\n\t\t\t\t\t\t\t\t\t\t\t\t\t<li class=\"portfolio-grid__nav-item\">\n\t\t\t\t\t\t\t\t<a href=\"#widget-0-0-0-produit\" data-category=\"produit\" class=\"portfolio-grid__nav-link  js-wpg-nav\">Produit<\/a>\n\t\t\t\t\t\t\t<\/li>\n\t\t\t\t\t\t\t\t\t\t\t<\/ul>\n\t\t\t\t<\/nav>\n\n\t\t\t\t\t\t\t\t\t<div class=\"js-wpg-items\">\n\t\t\t\t\t\t\t<div class=\"row\">\n\t\t\t\t\t\t\t\t\t\t<div class=\"col-xs-12  col-sm-6  col-lg-3  js-wpg-item\" data-categories=\"produit\">\n\t\t\t\t<a class=\"card  portfolio-grid__card  js-wpg-card\" href=\"https:\/\/www.durodynecanada.com\/fr\/portfolio\/large-appartments-2\/\">\n\t\t\t\t\t<img loading=\"lazy\" decoding=\"async\" width=\"225\" height=\"150\" src=\"https:\/\/www.durodynecanada.com\/wp-content\/uploads\/Tools_Images\/tools_block_thmbnl_1-e1559247332403.jpg\" class=\"card-img-top  portfolio-grid__card-img wp-post-image\" alt=\"\" \/>\t\t\t\t\t<div class=\"card-block  portfolio-grid__card-block\">\n\t\t\t\t\t\t\t\t\t\t\t\t<h5 class=\"card-title  portfolio-grid__card-title\">Outils manuels<\/h5>\n\t\t\t\t\t\t\t\t\t\t\t\t\t\t\t\t\t<\/div>\n\t\t\t\t<\/a>\n\t\t\t<\/div>\n\t\t\t\t\t\t<div class=\"col-xs-12  col-sm-6  col-lg-3  js-wpg-item\" data-categories=\"produit\">\n\t\t\t\t<a class=\"card  portfolio-grid__card  js-wpg-card\" href=\"https:\/\/www.durodynecanada.com\/fr\/portfolio\/large-appartments\/\">\n\t\t\t\t\t<img loading=\"lazy\" decoding=\"async\" width=\"360\" height=\"180\" src=\"https:\/\/www.durodynecanada.com\/wp-content\/uploads\/2017\/03\/gloves-360x180.jpg\" class=\"card-img-top  portfolio-grid__card-img wp-post-image\" alt=\"\" \/>\t\t\t\t\t<div class=\"card-block  portfolio-grid__card-block\">\n\t\t\t\t\t\t\t\t\t\t\t\t<h5 class=\"card-title  portfolio-grid__card-title\">Outils divers<\/h5>\n\t\t\t\t\t\t\t\t\t\t\t\t\t\t\t\t\t<\/div>\n\t\t\t\t<\/a>\n\t\t\t<\/div>\n\t\t\t\t\t\t<div class=\"col-xs-12  col-sm-6  col-lg-3  js-wpg-item\" data-categories=\"produit\">\n\t\t\t\t<a class=\"card  portfolio-grid__card  js-wpg-card\" href=\"https:\/\/www.durodynecanada.com\/fr\/portfolio\/ccd110-capacitor-discharge-welder\/\">\n\t\t\t\t\t<img loading=\"lazy\" decoding=\"async\" width=\"360\" height=\"180\" src=\"https:\/\/www.durodynecanada.com\/wp-content\/uploads\/2018\/11\/ccd110n-360x180.jpg\" class=\"card-img-top  portfolio-grid__card-img wp-post-image\" alt=\"CCD110N Soudeur \u00e0 d\u00e9charge de condensateur Pinspotter\" \/>\t\t\t\t\t<div class=\"card-block  portfolio-grid__card-block\">\n\t\t\t\t\t\t\t\t\t\t\t\t<h5 class=\"card-title  portfolio-grid__card-title\">CCD110N &#8211; Soudeuse \u00e0 d\u00e9charge de condensateur<\/h5>\n\t\t\t\t\t\t\t\t\t\t\t\t\t\t\t\t\t<\/div>\n\t\t\t\t<\/a>\n\t\t\t<\/div>\n\t\t\t\t\t\t<div class=\"col-xs-12  col-sm-6  col-lg-3  js-wpg-item\" data-categories=\"produit\">\n\t\t\t\t<a class=\"card  portfolio-grid__card  js-wpg-card\" href=\"https:\/\/www.durodynecanada.com\/fr\/portfolio\/gear-driven-cable-operated-damper\/\">\n\t\t\t\t\t<img loading=\"lazy\" decoding=\"async\" width=\"175\" height=\"140\" src=\"https:\/\/www.durodynecanada.com\/wp-content\/uploads\/2017\/03\/cable_op_dampers.jpg\" class=\"card-img-top  portfolio-grid__card-img wp-post-image\" alt=\"\" \/>\t\t\t\t\t<div class=\"card-block  portfolio-grid__card-block\">\n\t\t\t\t\t\t\t\t\t\t\t\t<h5 class=\"card-title  portfolio-grid__card-title\">Amortisseur actionn\u00e9 par c\u00e2ble \u00e0 engrenages<\/h5>\n\t\t\t\t\t\t\t\t\t\t\t\t\t\t\t\t\t<\/div>\n\t\t\t\t<\/a>\n\t\t\t<\/div>\n\t\t\t<\/div><div class=\"row\">\t\t\t<div class=\"col-xs-12  col-sm-6  col-lg-3  js-wpg-item\" data-categories=\"produit\">\n\t\t\t\t<a class=\"card  portfolio-grid__card  js-wpg-card\" href=\"https:\/\/www.durodynecanada.com\/fr\/portfolio\/automatic-universal-liner-sizer\/\">\n\t\t\t\t\t<img loading=\"lazy\" decoding=\"async\" width=\"295\" height=\"162\" src=\"https:\/\/www.durodynecanada.com\/wp-content\/uploads\/2017\/03\/plsu2.jpg\" class=\"card-img-top  portfolio-grid__card-img wp-post-image\" alt=\"\" \/>\t\t\t\t\t<div class=\"card-block  portfolio-grid__card-block\">\n\t\t\t\t\t\t\t\t\t\t\t\t<h5 class=\"card-title  portfolio-grid__card-title\">CALIBRAGE UNIVERSEL AUTOMATIQUE DE LINER<\/h5>\n\t\t\t\t\t\t\t\t\t\t\t\t\t\t\t\t\t<\/div>\n\t\t\t\t<\/a>\n\t\t\t<\/div>\n\t\t\t\t\t\t\t\t\t\t<\/div>\n\t\t\t\t\t\t<\/div>\n\t\t\t\t\t<\/div>\n\t\t\t\t\t<\/div><\/div><\/div><\/div>","protected":false},"excerpt":{"rendered":"<p>Le PLSU2est le dernier n\u00e9 des d\u00e9coupeurs automatiques de gaines pour l&rsquo;industrie du CVC. La d\u00e9coupeuse entra\u00een\u00e9e par engrenage et une lame de coupe transversale entra\u00een\u00e9e par poulie cr\u00e9ent une centrale \u00e9lectrique pour s&rsquo;attaquer \u00e0 toutes les isolations sp\u00e9cialis\u00e9es. Cette nouvelle action de coupe permettra au PLSU2 pour accueillir pratiquement tous les types d&rsquo;isolation sur &hellip;<\/p>\n","protected":false},"author":15,"featured_media":0,"parent":0,"menu_order":0,"comment_status":"closed","ping_status":"closed","template":"","meta":{"_acf_changed":false,"footnotes":""},"acf":[],"_links":{"self":[{"href":"https:\/\/www.durodynecanada.com\/fr\/wp-json\/wp\/v2\/pages\/7571"}],"collection":[{"href":"https:\/\/www.durodynecanada.com\/fr\/wp-json\/wp\/v2\/pages"}],"about":[{"href":"https:\/\/www.durodynecanada.com\/fr\/wp-json\/wp\/v2\/types\/page"}],"author":[{"embeddable":true,"href":"https:\/\/www.durodynecanada.com\/fr\/wp-json\/wp\/v2\/users\/15"}],"replies":[{"embeddable":true,"href":"https:\/\/www.durodynecanada.com\/fr\/wp-json\/wp\/v2\/comments?post=7571"}],"version-history":[{"count":4,"href":"https:\/\/www.durodynecanada.com\/fr\/wp-json\/wp\/v2\/pages\/7571\/revisions"}],"predecessor-version":[{"id":7598,"href":"https:\/\/www.durodynecanada.com\/fr\/wp-json\/wp\/v2\/pages\/7571\/revisions\/7598"}],"wp:attachment":[{"href":"https:\/\/www.durodynecanada.com\/fr\/wp-json\/wp\/v2\/media?parent=7571"}],"curies":[{"name":"wp","href":"https:\/\/api.w.org\/{rel}","templated":true}]}}