{"id":7566,"date":"2017-03-04T01:40:29","date_gmt":"2017-03-04T01:40:29","guid":{"rendered":"https:\/\/www.durodynecanada.com\/technical-support\/"},"modified":"2022-06-14T14:54:55","modified_gmt":"2022-06-14T18:54:55","slug":"technical-support","status":"publish","type":"page","link":"https:\/\/www.durodynecanada.com\/fr\/technical-support\/","title":{"rendered":"SOUTIEN TECHNIQUE"},"content":{"rendered":"<div id=\"pl-7566\"  class=\"panel-layout\" ><div id=\"pg-7566-0\"  class=\"panel-grid panel-no-style\" ><div id=\"pgc-7566-0-0\"  class=\"panel-grid-cell panel-grid-cell-empty\" ><\/div><div id=\"pgc-7566-0-1\"  class=\"panel-grid-cell\" ><div id=\"panel-7566-0-1-0\" class=\"so-panel widget widget_sow-editor panel-first-child\" data-index=\"0\" ><div\n\t\t\t\n\t\t\tclass=\"so-widget-sow-editor so-widget-sow-editor-base\"\n\t\t\t\n\t\t>\n<div class=\"siteorigin-widget-tinymce textwidget\">\n\t<p style=\"text-align: center;\"><strong><span style=\"color: #000000;\">Les fiches de donn\u00e9es de s\u00e9curit\u00e9<\/span> <\/strong><\/p>\n<\/div>\n<\/div><\/div><div id=\"panel-7566-0-1-1\" class=\"so-panel widget widget_sow-editor\" data-index=\"1\" ><div\n\t\t\t\n\t\t\tclass=\"so-widget-sow-editor so-widget-sow-editor-base\"\n\t\t\t\n\t\t>\n<div class=\"siteorigin-widget-tinymce textwidget\">\n\t<p>Pour visualiser ces documents, Adobe Acrobat est requis. Vous pouvez t\u00e9l\u00e9charger une copie gratuite de ce lecteur <a href=\"http:\/\/www.adobe.com\/products\/reader\/\">ici<\/a>.<\/p>\n<\/div>\n<\/div><\/div><div id=\"panel-7566-0-1-2\" class=\"so-panel widget widget_sow-editor panel-last-child\" data-index=\"2\" ><div\n\t\t\t\n\t\t\tclass=\"so-widget-sow-editor so-widget-sow-editor-base\"\n\t\t\t\n\t\t>\n<div class=\"siteorigin-widget-tinymce textwidget\">\n\t<form action=\"..\/\">\n<select name=\"tsus\"><option value=\"-\">Veuillez s\u00e9lectionner une fiche de donn\u00e9es de s\u00e9curit\u00e9 dans cette liste<\/option><option value=\"\/wp-content\/uploads\/2019\/04\/sds_dwn_set15.pdf\">Fiche de donn\u00e9es de s\u00e9curit\u00e9 DWN<\/option><option value=\"\/wp-content\/uploads\/2017\/04\/sds_rpg_set.pdf\">Fiche de donn\u00e9es de s\u00e9curit\u00e9 RPG<\/option><option value=\"\/wp-content\/uploads\/2019\/04\/sds_rpglvoc_set18.pdf\">Fiche de donn\u00e9es de s\u00e9curit\u00e9 RPGLVOC<\/option><option value=\"\/wp-content\/uploads\/2019\/04\/sds_srpglvoc_set.pdf\">Fiche de donn\u00e9es de s\u00e9curit\u00e9 SRPGLVOC<\/option><option value=\"\/wp-content\/uploads\/2019\/04\/sds_witlvas_set.pdf\">Fiche de donn\u00e9es de s\u00e9curit\u00e9 WITLVAS<\/option><option value=\"\/wp-content\/uploads\/2019\/04\/sds_wit_set18.pdf\">Fiche de donn\u00e9es de s\u00e9curit\u00e9 WIT<\/option><option value=\"\/wp-content\/uploads\/2019\/04\/sds_wsa_set18.pdf\">Fiche de donn\u00e9es de s\u00e9curit\u00e9 WSA<\/option><option value=\"\/wp-content\/uploads\/2017\/04\/sds_stripper_set17.pdf\">Fiche de donn\u00e9es de s\u00e9curit\u00e9 STRIPPER<\/option><option value=\"\/wp-content\/uploads\/2017\/03\/voc_leed_sealer_adhesive_summary3.pdf\">Fiche r\u00e9capitulative COV LEED<\/option><\/select><br \/>\n<input type=\"button\" value=\"Ouvrir\" onclick=\"ob=this.form.tsus;window.open(ob.options[ob.selectedIndex].value)\"><br \/>\n<\/form>\n<\/div>\n<\/div><\/div><\/div><\/div><\/div>","protected":false},"excerpt":{"rendered":"<p>Les fiches de donn\u00e9es de s\u00e9curit\u00e9 Pour visualiser ces documents, Adobe Acrobat est requis. Vous pouvez t\u00e9l\u00e9charger une copie gratuite de ce lecteur ici. Veuillez s\u00e9lectionner une fiche de donn\u00e9es de s\u00e9curit\u00e9 dans cette liste Fiche de donn\u00e9es de s\u00e9curit\u00e9 DWN Fiche de donn\u00e9es de s\u00e9curit\u00e9 RPG Fiche de donn\u00e9es de s\u00e9curit\u00e9 RPGLVOC Fiche de &hellip;<\/p>\n","protected":false},"author":15,"featured_media":0,"parent":0,"menu_order":4,"comment_status":"closed","ping_status":"closed","template":"","meta":{"_acf_changed":false,"footnotes":""},"acf":[],"_links":{"self":[{"href":"https:\/\/www.durodynecanada.com\/fr\/wp-json\/wp\/v2\/pages\/7566"}],"collection":[{"href":"https:\/\/www.durodynecanada.com\/fr\/wp-json\/wp\/v2\/pages"}],"about":[{"href":"https:\/\/www.durodynecanada.com\/fr\/wp-json\/wp\/v2\/types\/page"}],"author":[{"embeddable":true,"href":"https:\/\/www.durodynecanada.com\/fr\/wp-json\/wp\/v2\/users\/15"}],"replies":[{"embeddable":true,"href":"https:\/\/www.durodynecanada.com\/fr\/wp-json\/wp\/v2\/comments?post=7566"}],"version-history":[{"count":1,"href":"https:\/\/www.durodynecanada.com\/fr\/wp-json\/wp\/v2\/pages\/7566\/revisions"}],"predecessor-version":[{"id":7569,"href":"https:\/\/www.durodynecanada.com\/fr\/wp-json\/wp\/v2\/pages\/7566\/revisions\/7569"}],"wp:attachment":[{"href":"https:\/\/www.durodynecanada.com\/fr\/wp-json\/wp\/v2\/media?parent=7566"}],"curies":[{"name":"wp","href":"https:\/\/api.w.org\/{rel}","templated":true}]}}