{"id":7546,"date":"2019-05-15T12:12:42","date_gmt":"2019-05-15T16:12:42","guid":{"rendered":"https:\/\/www.durodynecanada.com\/products\/tools-accessories\/"},"modified":"2022-06-16T15:38:08","modified_gmt":"2022-06-16T19:38:08","slug":"outils-et-accessoires","status":"publish","type":"page","link":"https:\/\/www.durodynecanada.com\/fr\/nos-produits\/outils-et-accessoires\/","title":{"rendered":"Outils et accessoires"},"content":{"rendered":"<h1>OUTILS ET ACCESSOIRES DYN-O-MATE<\/h1>\n<h2>Super Dyna-Hammer pour serrure Pittsburgh<\/h2>\n<p>The Super Dyna-Hammer puts an end to manual hammering with the toughest tool in the industry. Radius fittings and straight line duct get powerfully knocked down at approximately 20 feet per minute on 14 to 30 gauge metal. Manufactured of 100% high grade tool steel for durability and trouble-free years of use. Fully rebuildable.<\/p>\n<p><img loading=\"lazy\" decoding=\"async\" class=\"alignnone wp-image-6547\" src=\"https:\/\/www.durodynecanada.com\/wp-content\/uploads\/2021\/03\/super_dynahammer-1024x529.jpg\" alt=\"Super Dyna-Hammer\" width=\"600\" height=\"310\" srcset=\"https:\/\/www.durodynecanada.com\/wp-content\/uploads\/2021\/03\/super_dynahammer-1024x529.jpg 1024w, https:\/\/www.durodynecanada.com\/wp-content\/uploads\/2021\/03\/super_dynahammer-600x310.jpg 600w, https:\/\/www.durodynecanada.com\/wp-content\/uploads\/2021\/03\/super_dynahammer-300x155.jpg 300w, https:\/\/www.durodynecanada.com\/wp-content\/uploads\/2021\/03\/super_dynahammer-768x397.jpg 768w, https:\/\/www.durodynecanada.com\/wp-content\/uploads\/2021\/03\/super_dynahammer-540x279.jpg 540w\" sizes=\"(max-width: 600px) 100vw, 600px\" \/><\/p>\n<p><a href=\"https:\/\/www.durodynecanada.com\/wp-content\/uploads\/2021\/03\/super_dynahammer_litsheet.pdf\">Super Dyna-Hammer Literature Sheet<\/a><\/p>\n<h2>Dyna-Hammer pour serrure Pittsburgh<\/h2>\n<p>Le <strong>Dyna-Hammer<\/strong> met fin au martelage manuel. Il suffit de donner quelques coups au centre et aux extr\u00e9mit\u00e9s d&rsquo;un conduit de longueur standard pour le fixer, puis le Dyna-Hammer fait tout le travail. Les raccords arrondis et les conduits droits sont martel\u00e9s \u00e0 une vitesse d&rsquo;environ 6 m\u00e8tres par minute sur du m\u00e9tal de calibre 14 \u00e0 30. Comprend une g\u00e2chette ergonomique \u00e0 plusieurs niveaux pour un meilleur contr\u00f4le pendant l&rsquo;utilisation. La rotule multidirectionnelle incluse pour le tuyau d&rsquo;air emp\u00eache la restriction du tuyau pendant l&rsquo;utilisation. Fabriqu\u00e9 \u00e0 100% en acier \u00e0 outils de haute qualit\u00e9 pour une durabilit\u00e9 et des ann\u00e9es d&rsquo;utilisation sans probl\u00e8me.<\/p>\n<p><img loading=\"lazy\" decoding=\"async\" class=\"size-full wp-image-6459 alignnone\" src=\"https:\/\/www.durodynecanada.com\/wp-content\/uploads\/D-MATE_Pics\/dyna_hammer.jpg\" alt=\"Dyna-Hammer\" width=\"500\" height=\"123\" srcset=\"https:\/\/www.durodynecanada.com\/wp-content\/uploads\/D-MATE_Pics\/dyna_hammer.jpg 500w, https:\/\/www.durodynecanada.com\/wp-content\/uploads\/D-MATE_Pics\/dyna_hammer-300x74.jpg 300w\" sizes=\"(max-width: 500px) 100vw, 500px\" \/><br \/>\n<a href=\"https:\/\/www.durodynecanada.com\/wp-content\/uploads\/D-MATE_Pdf\/dynahammer_litsheet_012221.pdf\">Dyna-Hammer Literature Sheet<\/a><\/p>\n<h2>Joint en butyle rose<\/h2>\n<p>Ce nouveau <strong>joint en butyle rose<\/strong> de Duro Dyne a un motif sp\u00e9cial en forme de \u00ab\u00a0H\u00a0\u00bb qui fournit 4 points de contact avec le m\u00e9tal pour un joint herm\u00e9tique s\u00e9curis\u00e9. Il a \u00e9galement une r\u00e9sistance \u00e0 la compression plus faible, une excellente r\u00e9sistance \u00e0 l&rsquo;eau, aux alcools, aux acides doux et aux bases douces, il est non corrosif, il est consid\u00e9r\u00e9 comme non irritant pour \u00ab\u00a0l&rsquo;\u00e9valuation de la s\u00e9curit\u00e9 des produits chimiques dans les aliments, les m\u00e9dicaments et les cosm\u00e9tiques\u00a0\u00bb et peut \u00eatre appliqu\u00e9 pour le cr\u00e9dit LEED. La couleur rose est tr\u00e8s visible et facilite l&rsquo;inspection sur le chantier, tout en sensibilisant \u00e0 la n\u00e9cessit\u00e9 de participer \u00e0 la lutte contre le cancer du sein.<\/p>\n<p>La mission de la Breast Cancer Research Foundation (BCRF) est de pr\u00e9venir et de gu\u00e9rir le cancer du sein en faisant progresser la recherche la plus prometteuse au monde. Pour aider \u00e0 faire avancer la cause de la BCRF, Duro Dyne a d\u00e9cid\u00e9 de s&rsquo;associer \u00e0 eux et d&rsquo;organiser une vente aux ench\u00e8res de machines en 2017 qui a permis de r\u00e9colter 65 885 $ pour la recherche sur le cancer du sein.<\/p>\n<p>Duro Dyne poursuit son partenariat de collecte de fonds avec la Fondation pour la recherche sur le cancer du sein en versant 2 $ \u00e0 la BCRF pour chaque bo\u00eete (500 pi) de <strong>joint en butyle rose<\/strong> vendue.<\/p>\n<p><img loading=\"lazy\" decoding=\"async\" class=\"alignnone wp-image-6236 size-full\" src=\"https:\/\/www.durodynecanada.com\/wp-content\/uploads\/D-MATE_Pics\/pinkbutylgasket.jpg\" alt=\"Pink Butyl Gasket\" width=\"602\" height=\"263\" srcset=\"https:\/\/www.durodynecanada.com\/wp-content\/uploads\/D-MATE_Pics\/pinkbutylgasket.jpg 602w, https:\/\/www.durodynecanada.com\/wp-content\/uploads\/D-MATE_Pics\/pinkbutylgasket-600x262.jpg 600w, https:\/\/www.durodynecanada.com\/wp-content\/uploads\/D-MATE_Pics\/pinkbutylgasket-300x131.jpg 300w, https:\/\/www.durodynecanada.com\/wp-content\/uploads\/D-MATE_Pics\/pinkbutylgasket-540x236.jpg 540w\" sizes=\"(max-width: 602px) 100vw, 602px\" \/><\/p>\n<p><a href=\"https:\/\/www.durodynecanada.com\/wp-content\/uploads\/D-MATE_Pdf\/pinkbutyl_litsheet.pdf\">Pink Butyl Gasket Literature Sheet<\/a><\/p>\n<p><a href=\"https:\/\/www.durodynecanada.com\/wp-content\/uploads\/D-MATE_Pdf\/pinkbutyl_submittal.pdf\">Pink Butyl Gasket Submittal<\/a><\/p>\n<h2>Outil \u00e0 cliquet \u00e0 goupille magn\u00e9tique de 9 pouces<\/h2>\n<p><strong>(Brevet No. 6,901,823)<\/strong><\/p>\n<p>L&rsquo;outil \u00e0 cliquet \u00e0 goupille de d\u00e9rive magn\u00e9tique de 9&Prime; est id\u00e9al pour l&rsquo;installation de conduits. L&rsquo;extr\u00e9mit\u00e9 de la goupille de d\u00e9rive de 9 vous permet d&rsquo;aligner facilement deux coins dans un raccord \u00e0 bride. Le cliquet r\u00e9versible de 9\/16 r\u00e9versible permet de serrer et de desserrer facilement les \u00e9crous et boulons standard de 3\/8&Prime; couramment utilis\u00e9s dans les raccords \u00e0 bride. Un aimant robuste \u00e0 l&rsquo;int\u00e9rieur de l&rsquo;outil<br \/>\nl&rsquo;outil le fixe solidement aux conduits lorsqu&rsquo;il n&rsquo;est pas utilis\u00e9, afin qu&rsquo;il soit toujours \u00e0 port\u00e9e de main<br \/>\no\u00f9 vous en avez besoin \u00e0 tout moment.<\/p>\n<p><img loading=\"lazy\" decoding=\"async\" class=\"alignnone wp-image-6519 size-full\" src=\"https:\/\/www.durodynecanada.com\/wp-content\/uploads\/D-MATE_Pics\/ratchettool_2019.jpg\" alt=\"Ratchet Tool Diagram Image 2019\" width=\"611\" height=\"512\" srcset=\"https:\/\/www.durodynecanada.com\/wp-content\/uploads\/D-MATE_Pics\/ratchettool_2019.jpg 611w, https:\/\/www.durodynecanada.com\/wp-content\/uploads\/D-MATE_Pics\/ratchettool_2019-600x503.jpg 600w, https:\/\/www.durodynecanada.com\/wp-content\/uploads\/D-MATE_Pics\/ratchettool_2019-300x251.jpg 300w, https:\/\/www.durodynecanada.com\/wp-content\/uploads\/D-MATE_Pics\/ratchettool_2019-540x453.jpg 540w\" sizes=\"(max-width: 611px) 100vw, 611px\" \/><\/p>\n<table width=\"100%\">\n<tbody>\n<tr>\n<td width=\"9%\"><strong>Item No.<\/strong><\/td>\n<td width=\"12%\"><strong>Code<\/strong><\/td>\n<td width=\"38%\"><strong>Description<\/strong><\/td>\n<td style=\"text-align: center;\" width=\"12%\"><strong>Qt\u00e9 par Pqt<\/strong><\/td>\n<\/tr>\n<tr>\n<td width=\"15%\">13289<\/td>\n<td width=\"9%\"><strong>MDPR916<\/strong><\/td>\n<td width=\"14%\">Outil \u00e0 cliquet \u00e0 goupille magn\u00e9tique de 9 pouces<\/td>\n<td style=\"text-align: center;\" width=\"12%\">1<\/td>\n<\/tr>\n<tr>\n<td width=\"15%\">13107<\/td>\n<td width=\"9%\"><strong>MWI916<\/strong><\/td>\n<td width=\"14%\">Insert pour cl\u00e9 magn\u00e9tique 9\/16<\/td>\n<td style=\"text-align: center;\" width=\"12%\">1<\/td>\n<\/tr>\n<\/tbody>\n<\/table>\n<p><a href=\"https:\/\/www.durodynecanada.com\/wp-content\/uploads\/D-MATE_Pdf\/ratchettool_litsheet_09_2019.pdf\">9&Prime; Magnetic Drift Pin Ratchet Tool Literature Sheet<\/a><\/p>\n<p>L&rsquo;outil Ratchel 9&Prime; Magnetic Drift Pin en utilisation<br \/>\n<iframe loading=\"lazy\" src=\"https:\/\/www.youtube.com\/embed\/8KqMI6S_2qM\" width=\"400\" height=\"300\" frameborder=\"0\" allowfullscreen=\"allowfullscreen\"><\/iframe><\/p>\n<h2>Outil d&rsquo;ouverture de serrure Pittsburgh<\/h2>\n<p><strong>L&rsquo;outil d&rsquo;ouverture de serrure MPOTSA Pittsburgh<\/strong> est utilis\u00e9 pour ouvrir un joint longitudinal utilis\u00e9 dans la fabrication de gaines en t\u00f4le.<\/p>\n<p><img loading=\"lazy\" decoding=\"async\" class=\"alignnone size-medium wp-image-6474\" src=\"https:\/\/www.durodynecanada.com\/wp-content\/uploads\/Tools_Images\/mpotsa_pittsbrg_tool-300x140.jpg\" alt=\"MPOTSA Pittsburgh Lock Tool\" width=\"300\" height=\"140\" srcset=\"https:\/\/www.durodynecanada.com\/wp-content\/uploads\/Tools_Images\/mpotsa_pittsbrg_tool-300x140.jpg 300w, https:\/\/www.durodynecanada.com\/wp-content\/uploads\/Tools_Images\/mpotsa_pittsbrg_tool-600x279.jpg 600w, https:\/\/www.durodynecanada.com\/wp-content\/uploads\/Tools_Images\/mpotsa_pittsbrg_tool-768x357.jpg 768w, https:\/\/www.durodynecanada.com\/wp-content\/uploads\/Tools_Images\/mpotsa_pittsbrg_tool-1024x477.jpg 1024w, https:\/\/www.durodynecanada.com\/wp-content\/uploads\/Tools_Images\/mpotsa_pittsbrg_tool-540x251.jpg 540w, https:\/\/www.durodynecanada.com\/wp-content\/uploads\/Tools_Images\/mpotsa_pittsbrg_tool.jpg 1130w\" sizes=\"(max-width: 300px) 100vw, 300px\" \/><\/p>\n<table width=\"100%\">\n<tbody>\n<tr>\n<td width=\"9%\"><strong>Item No.<\/strong><\/td>\n<td width=\"12%\"><strong>Code<\/strong><\/td>\n<td width=\"38%\"><strong>Description<\/strong><\/td>\n<td style=\"text-align: center;\" width=\"12%\"><strong>Qt\u00e9 par Pqt<\/strong><\/td>\n<\/tr>\n<tr>\n<td width=\"15%\">10069<\/td>\n<td width=\"9%\"><strong>MPOTSA<\/strong><\/td>\n<td width=\"14%\">Outil d&rsquo;ouverture de serrure Pittsburgh<\/td>\n<td style=\"text-align: center;\" width=\"12%\">1<\/td>\n<\/tr>\n<\/tbody>\n<\/table>\n<p><a href=\"https:\/\/www.durodynecanada.com\/wp-content\/uploads\/D-MATE_Pdf\/mpotsa_litsheet_8_2019_ddc.pdf\">Pittsburgh Lock Opening Tool Literature Sheet<\/a><\/p>\n<h2>Serre-poutre<\/h2>\n<p>Le <strong>serre-poutre<\/strong> est une fixation structurelle au sommet ou \u00e0 la base des poutres m\u00e9talliques en I, des pannes, des profil\u00e9s ou des corni\u00e8res. Il est propos\u00e9 avec une grande ou une petite bouche et un fini \u00e9lectrogalvanis\u00e9 ou uni. Il est disponible pour les tiges filet\u00e9es de 3\/8\u00a0\u00bb et 1\/2\u00a0\u00bb.<\/p>\n<p><img loading=\"lazy\" decoding=\"async\" class=\"alignnone wp-image-6238 size-full\" src=\"https:\/\/www.durodynecanada.com\/wp-content\/uploads\/D-MATE_Pics\/beamclamps.jpg\" alt=\"Beam Clamps\" width=\"396\" height=\"180\" srcset=\"https:\/\/www.durodynecanada.com\/wp-content\/uploads\/D-MATE_Pics\/beamclamps.jpg 396w, https:\/\/www.durodynecanada.com\/wp-content\/uploads\/D-MATE_Pics\/beamclamps-300x136.jpg 300w\" sizes=\"(max-width: 396px) 100vw, 396px\" \/><\/p>\n<p><a href=\"https:\/\/www.durodynecanada.com\/wp-content\/uploads\/D-MATE_Pdf\/beamclamp_litsheet_03_2020.pdf\">Beam Clamp Literature Sheet<\/a><\/p>\n<p><a href=\"https:\/\/www.durodynecanada.com\/wp-content\/uploads\/D-MATE_Pdf\/beamclamp_submittal_03_2020.pdf\">Beam Clamp Submittal<\/a><\/p>\n<h2>Fer d&rsquo;angle perfor\u00e9<\/h2>\n<p>Le <strong>fer d&rsquo;angle perfor\u00e9<\/strong> est un produit polyvalent id\u00e9al pour le renforcement des conduits ou comme angle de montage.<br \/>\n\u2022 Disponible en longueurs de 10&prime;, 12&prime; et 20&prime;.<br \/>\n\u2022 Construction en m\u00e9tal lamin\u00e9<br \/>\n\u2022 Disponible en aluminium et en acier inoxydable<br \/>\n\u2022 Acier galvanis\u00e9 de calibre 16 ou 14<br \/>\n\u2022 Trous de 3\/16&Prime; sur des centres de 3&Prime;<br \/>\n\u2022 \u00c9galement disponible en calibre 26 non perfor\u00e9<\/p>\n<p><img loading=\"lazy\" decoding=\"async\" class=\"alignnone wp-image-6239 size-full\" src=\"https:\/\/www.durodynecanada.com\/wp-content\/uploads\/D-MATE_Pics\/punched_angle_iron.jpg\" alt=\"Punched Angle Iron\" width=\"396\" height=\"133\" srcset=\"https:\/\/www.durodynecanada.com\/wp-content\/uploads\/D-MATE_Pics\/punched_angle_iron.jpg 396w, https:\/\/www.durodynecanada.com\/wp-content\/uploads\/D-MATE_Pics\/punched_angle_iron-300x101.jpg 300w\" sizes=\"(max-width: 396px) 100vw, 396px\" \/><\/p>\n<p><a href=\"https:\/\/www.durodynecanada.com\/wp-content\/uploads\/D-MATE_Pdf\/punchedangleiron_litsheet_101620.pdf\">Punched Angle Iron Literature Sheet<\/a><\/p>\n<p><a href=\"https:\/\/www.durodynecanada.com\/wp-content\/uploads\/D-MATE_Pdf\/punchedangleiron_submittal_121420.pdf\">Punched Angle Iron Submittal<\/a><\/p>\n<h2>Outil de sertissage<\/h2>\n<p>L&rsquo;outil de sertissage Dyn-O-Mate installe le coin TDC ou TDF et sertit le bord pour maintenir le coin en place.<\/p>\n<p><img loading=\"lazy\" decoding=\"async\" class=\"alignnone wp-image-6240 size-full\" src=\"https:\/\/www.durodynecanada.com\/wp-content\/uploads\/D-MATE_Pics\/crimpertool_21072.jpg\" alt=\"\" width=\"295\" height=\"133\"><\/p>\n<p><a href=\"https:\/\/www.durodynecanada.com\/wp-content\/uploads\/D-MATE_Pdf\/crimpertool_litsheet.pdf\">Crimper Tool Literature Sheet<\/a><\/p>\n<p><a href=\"https:\/\/www.durodynecanada.com\/wp-content\/uploads\/D-MATE_Pdf\/crimpertool_instructions.pdf\">Crimper Tool Instructions<\/a><\/p>\n<h2>Outil pour taquet &#8211; Deluxe<\/h2>\n<p>Installez le taquet de finition rapidement et facilement. Le Cleat Tool Deluxe tire sur la gaine tout en installant le taquet et en cr\u00e9ant un joint rapide, facile et propre sur les connexions de gaines de plus de 48\u00a0\u00bb.<\/p>\n<p><img loading=\"lazy\" decoding=\"async\" class=\"alignnone wp-image-6241 size-full\" src=\"https:\/\/www.durodynecanada.com\/wp-content\/uploads\/D-MATE_Pics\/cleattool_deluxe.jpg\" alt=\"Cleat Tool - Deluxe\" width=\"295\" height=\"154\"><\/p>\n<h2>Outil magn\u00e9tique universel pour les taquets<\/h2>\n<p>Installez le taquet de finition rapidement et facilement avec l&rsquo;<strong>outil magn\u00e9tique universel pour taquets<\/strong>. L&rsquo;outil permet de serrer la gaine tout en installant le tasseau et en cr\u00e9ant un joint rapide, facile et propre sur les connexions de gaines de toutes tailles.<\/p>\n<ul>\n<li>2 aimants sur l&rsquo;outil<\/li>\n<li>Installe tous les types de crampons Duro Dyne.<\/li>\n<li>Jaune haute visibilit\u00e9 pour trouver facilement l&rsquo;outil dont vous avez besoin<\/li>\n<li>L&rsquo;extr\u00e9mit\u00e9 du manche de l&rsquo;outil aide \u00e0 retirer le taquet de la gaine.<\/li>\n<li>Nouveau design l\u00e9ger<\/li>\n<\/ul>\n<p><img loading=\"lazy\" decoding=\"async\" class=\"alignnone size-full wp-image-6242\" src=\"https:\/\/www.durodynecanada.com\/wp-content\/uploads\/D-MATE_Pics\/cleattool_magnetic_yellow.jpg\" alt=\"Universal Magnetic Cleat Tool\" width=\"295\" height=\"154\"><\/p>\n<p><a href=\"https:\/\/www.durodynecanada.com\/wp-content\/uploads\/D-MATE_Pdf\/cleattool_litsheet.pdf\">Universal Magnetic Cleat Tool Literature Sheet<\/a><\/p>\n<p>L&rsquo;outil magn\u00e9tique universel pour taquets en cours d&rsquo;utilisation<br \/>\n<iframe loading=\"lazy\" src=\"https:\/\/www.youtube.com\/embed\/ordENgivJoE\" width=\"400\" height=\"300\" frameborder=\"0\" allowfullscreen=\"allowfullscreen\"><\/iframe><\/p>\n<h2>Vane Dimpler<\/h2>\n<p align=\"LEFT\">L&rsquo;outil manuel Duro Dyne <strong>Vane Dimpler<\/strong> est un moyen rapide et facile de fixer les ailettes aux rails.<\/p>\n<ul>\n<li>Remplace la soudure par points, le burinage ou d&rsquo;autres m\u00e9thodes peu pratiques et fastidieuses.<\/li>\n<li>Le <strong>Vane Dimpler<\/strong> peut \u00eatre utilis\u00e9 sur l&rsquo;aube avant ou apr\u00e8s son placement sur le rail. D&rsquo;une mani\u00e8re ou d&rsquo;une autre, il est bien verrouill\u00e9 !<\/li>\n<li>Aucun autre outil ou \u00e9quipement de soudage n&rsquo;est n\u00e9cessaire.<\/li>\n<\/ul>\n<p><img loading=\"lazy\" decoding=\"async\" class=\"alignnone size-full wp-image-6243\" src=\"https:\/\/www.durodynecanada.com\/wp-content\/uploads\/D-MATE_Pics\/vanedimpler_21062.jpg\" alt=\"Vane Dimpler\" width=\"295\" height=\"133\"> <img loading=\"lazy\" decoding=\"async\" class=\"alignnone wp-image-6308\" src=\"https:\/\/www.durodynecanada.com\/wp-content\/uploads\/D-MATE_Pics\/vanedimpler_inuse-232x300.jpg\" alt=\"Vane Dimpler in use\" width=\"175\" height=\"226\" srcset=\"https:\/\/www.durodynecanada.com\/wp-content\/uploads\/D-MATE_Pics\/vanedimpler_inuse-232x300.jpg 232w, https:\/\/www.durodynecanada.com\/wp-content\/uploads\/D-MATE_Pics\/vanedimpler_inuse.jpg 338w\" sizes=\"(max-width: 175px) 100vw, 175px\" \/><\/p>\n<p><a href=\"https:\/\/www.durodynecanada.com\/wp-content\/uploads\/D-MATE_Pdf\/vanedimpler_litsheet.pdf\">Vane Dimpler Literature Sheet<\/a><\/p>\n<h2>Joint d&rsquo;\u00e9tanch\u00e9it\u00e9 en butyle<\/h2>\n<p>Les joints en butyle <strong>BTL500<\/strong> et en n\u00e9opr\u00e8ne <strong>BN516-34<\/strong> offrent un produit d&rsquo;\u00e9tanch\u00e9it\u00e9 facile \u00e0 utiliser pour fournir un joint \u00e9tanche \u00e0 l&rsquo;humidit\u00e9 et \u00e0 la vapeur afin d&rsquo;interdire l&rsquo;eau et la poussi\u00e8re de toute connexion \u00e0 toute pression atmosph\u00e9rique.<\/p>\n<p>Le<strong> joint en butyle<\/strong> est utilis\u00e9 sous forme de bande et de cordon pour sceller les syst\u00e8mes de connexion transversale des conduits, contribuant ainsi \u00e0 fournir un joint \u00e9tanche \u00e0 l&rsquo;humidit\u00e9 et \u00e0 l&rsquo;air. Ce joint plus \u00e9tanche contribue \u00e9galement \u00e0 r\u00e9duire le gaspillage d&rsquo;\u00e9nergie et le bruit.<\/p>\n<ul>\n<li>Le joint en butyle <strong>Duro Dyne<\/strong> peut r\u00e9sister aux mouvements sans se fissurer.<\/li>\n<li>Adh\u00e8re \u00e0 la plupart des surfaces s\u00e8ches et propres telles que l&rsquo;acier, l&rsquo;aluminium, les plastiques, le bois et le b\u00e9ton.<\/li>\n<li>Excellente r\u00e9sistance \u00e0 l&rsquo;eau, aux alcools, aux acides doux et aux bases douces.<\/li>\n<li>Non-Corrosif<\/li>\n<li>Tous les joints en butyle de <strong>Duro Dyne<\/strong> sont consid\u00e9r\u00e9s comme non irritants pour \u00ab\u00a0l&rsquo;\u00e9valuation de la s\u00e9curit\u00e9 des produits chimiques dans les aliments, les m\u00e9dicaments et les cosm\u00e9tiques\u00a0\u00bb.<\/li>\n<li>Le <strong>BTL500<\/strong> est homologu\u00e9 UL et peut \u00eatre appliqu\u00e9 au cr\u00e9dit LEED.<\/li>\n<\/ul>\n<p><img loading=\"lazy\" decoding=\"async\" class=\"alignnone size-full wp-image-6244\" src=\"https:\/\/www.durodynecanada.com\/wp-content\/uploads\/D-MATE_Pics\/btl_butylgasket.jpg\" alt=\"BTL Butyl Gasketing Roll\" width=\"295\" height=\"154\"><\/p>\n<p><a href=\"https:\/\/www.durodynecanada.com\/wp-content\/uploads\/D-MATE_Pdf\/btl316_butylgasket_submittal_08_2019.pdf\">BTL316 Butyl Gasketing Submittal<\/a><\/p>\n<p><a href=\"https:\/\/www.durodynecanada.com\/wp-content\/uploads\/D-MATE_Pdf\/btl500_butylgasket_submittal.pdf\">BTL500 Butyl Gasketing Submittal<\/a><\/p>\n<h2>Joint en n\u00e9opr\u00e8ne et en ur\u00e9thane Reddi-Stik<\/h2>\n<p><strong>N\u00c9OPR\u00c8NE (GN)<\/strong><\/p>\n<p>N\u00e9opr\u00e8ne \u00e0 cellules ferm\u00e9es moyennement souple (ASTM-SC-41) avec des cellules non connect\u00e9es pour des qualit\u00e9s d&rsquo;isolation exceptionnelles, soutenu par un adh\u00e9sif puissant et fiable. Prot\u00e9g\u00e9 par un papier dorsal facile \u00e0 d\u00e9tacher (trait\u00e9).<\/p>\n<p><strong>UR\u00c9THANE (GU)<\/strong><\/p>\n<p>Mousse de polyur\u00e9thane (type polyester) avec support en Mylar. Un adh\u00e9sif sensible \u00e0 la pression et \u00e0 haute adh\u00e9rence est appliqu\u00e9 sur une face et est prot\u00e9g\u00e9 par un papier dorsal silicon\u00e9 facile \u00e0 enlever.<\/p>\n<p>Cliquez <a href=\"https:\/\/www.durodynecanada.com\/products\/air-regulation\/gasketing\/\">here<\/a> pour plus d&rsquo;informations sur les joints <strong>Duro Dyne Reddi-Stik.<\/strong><\/p>\n<h2>Duro-Gum\u2122<\/h2>\n<p><strong>Duro-Gum<\/strong>\u2122 est un moyen pratique de sceller un joint, une fissure ou toute ouverture afin qu&rsquo;aucune humidit\u00e9, particule de poussi\u00e8re ou air ne puisse p\u00e9n\u00e9trer dans la crevasse. C&rsquo;est un compos\u00e9 gris, mou en permanence, non toxique, qui adh\u00e8re aux surfaces propres et s\u00e8ches, notamment le m\u00e9tal, le plastique, le bois et le verre. Il n&rsquo;a pas d&rsquo;effet n\u00e9gatif sur les autres mati\u00e8res plastiques et ne corrode pas les m\u00e9taux. Il n&rsquo;a pas non plus d&rsquo;effet n\u00e9gatif sur la peau humaine.<\/p>\n<p><img loading=\"lazy\" decoding=\"async\" class=\"alignnone wp-image-6246 size-medium\" src=\"https:\/\/www.durodynecanada.com\/wp-content\/uploads\/D-MATE_Pics\/durogum-300x184.jpg\" alt=\"Duro Gum\" width=\"300\" height=\"184\" srcset=\"https:\/\/www.durodynecanada.com\/wp-content\/uploads\/D-MATE_Pics\/durogum-300x184.jpg 300w, https:\/\/www.durodynecanada.com\/wp-content\/uploads\/D-MATE_Pics\/durogum.jpg 364w\" sizes=\"(max-width: 300px) 100vw, 300px\" \/><\/p>\n<p><a href=\"https:\/\/www.durodynecanada.com\/wp-content\/uploads\/D-MATE_Pdf\/durogum_litsheet.pdf\">Duro-Gum Literature Sheet<\/a><\/p>\n<p><a href=\"https:\/\/www.durodynecanada.com\/wp-content\/uploads\/D-MATE_Pdf\/durogum_submittal.pdf\">Duro-Gum Submittal<\/a><\/p>\n<p>Voir aussi <a href=\"https:\/\/www.durodynecanada.com\/products\/dyn-o-loc-accessories-and-insertion-machine\/\"><strong>DYN-O-LOC and Accessories<\/strong><\/a><\/p>\n","protected":false},"excerpt":{"rendered":"<p>OUTILS ET ACCESSOIRES DYN-O-MATE Super Dyna-Hammer pour serrure Pittsburgh The Super Dyna-Hammer puts an end to manual hammering with the toughest tool in the industry. Radius fittings and straight line duct get powerfully knocked down at approximately 20 feet per minute on 14 to 30 gauge metal. Manufactured of 100% high grade tool steel for &hellip;<\/p>\n","protected":false},"author":7,"featured_media":0,"parent":7603,"menu_order":0,"comment_status":"closed","ping_status":"closed","template":"","meta":{"_acf_changed":false,"footnotes":""},"acf":[],"_links":{"self":[{"href":"https:\/\/www.durodynecanada.com\/fr\/wp-json\/wp\/v2\/pages\/7546"}],"collection":[{"href":"https:\/\/www.durodynecanada.com\/fr\/wp-json\/wp\/v2\/pages"}],"about":[{"href":"https:\/\/www.durodynecanada.com\/fr\/wp-json\/wp\/v2\/types\/page"}],"author":[{"embeddable":true,"href":"https:\/\/www.durodynecanada.com\/fr\/wp-json\/wp\/v2\/users\/7"}],"replies":[{"embeddable":true,"href":"https:\/\/www.durodynecanada.com\/fr\/wp-json\/wp\/v2\/comments?post=7546"}],"version-history":[{"count":6,"href":"https:\/\/www.durodynecanada.com\/fr\/wp-json\/wp\/v2\/pages\/7546\/revisions"}],"predecessor-version":[{"id":8344,"href":"https:\/\/www.durodynecanada.com\/fr\/wp-json\/wp\/v2\/pages\/7546\/revisions\/8344"}],"up":[{"embeddable":true,"href":"https:\/\/www.durodynecanada.com\/fr\/wp-json\/wp\/v2\/pages\/7603"}],"wp:attachment":[{"href":"https:\/\/www.durodynecanada.com\/fr\/wp-json\/wp\/v2\/media?parent=7546"}],"curies":[{"name":"wp","href":"https:\/\/api.w.org\/{rel}","templated":true}]}}