{"id":7543,"date":"2019-03-19T15:22:04","date_gmt":"2019-03-19T19:22:04","guid":{"rendered":"https:\/\/www.durodynecanada.com\/products\/super-saber-point-screws\/"},"modified":"2022-06-16T15:44:59","modified_gmt":"2022-06-16T19:44:59","slug":"vis-a-pointe-super-sabre","status":"publish","type":"page","link":"https:\/\/www.durodynecanada.com\/fr\/nos-produits\/vis-a-pointe-super-sabre\/","title":{"rendered":"Vis \u00e0 pointe super sabre"},"content":{"rendered":"<h1>VIS \u00c0 POINTE SUPER SABRE DURO DYNE<\/h1>\n<p>Ces vis auto-perforantes sont con\u00e7ues pour les mat\u00e9riaux de calibre l\u00e9ger \u00e0 moyen. La pointe \u00ab\u00a0<strong>Super Saber<\/strong>\u00a0\u00bb permet une fixation en une seule \u00e9tape. Son gain de temps est li\u00e9 \u00e0 la pointe de per\u00e7age aiguis\u00e9e comme un sabre avec un filetage machine \u00ab\u00a0fine-cut\u00a0\u00bb, qui perce le m\u00e9tal d\u00e8s le contact. Une fois perc\u00e9, le filet propulse la vis \u00e0 travers le m\u00e9tal rapidement et presque sans effort.<\/p>\n<p>Toutes les vis \u00e0 pointe<strong> ZD \u00ab\u00a0Super Saber\u00a0\u00bb<\/strong> ont une t\u00eate hexagonale de 1\/4&Prime;. Les vis ZD de plus de 3\/4&Prime; n\u00e9cessitent un trou pr\u00e9-perc\u00e9.<\/p>\n<h2>Vis \u00e0 pointe super sabre (ZD)<br \/>\n<img loading=\"lazy\" decoding=\"async\" class=\"alignright wp-image-6190\" src=\"https:\/\/www.durodynecanada.com\/wp-content\/uploads\/2019\/03\/zd_set.jpg\" alt=\"ZD Screw and Head\" width=\"95\" height=\"95\" srcset=\"https:\/\/www.durodynecanada.com\/wp-content\/uploads\/2019\/03\/zd_set.jpg 300w, https:\/\/www.durodynecanada.com\/wp-content\/uploads\/2019\/03\/zd_set-100x100.jpg 100w, https:\/\/www.durodynecanada.com\/wp-content\/uploads\/2019\/03\/zd_set-150x150.jpg 150w, https:\/\/www.durodynecanada.com\/wp-content\/uploads\/2019\/03\/zd_set-75x75.jpg 75w\" sizes=\"(max-width: 95px) 100vw, 95px\" \/><\/h2>\n<p><strong>ZDT Thousand Pack dans des conteneurs \u00e0 vis en plastique<br \/>\n<\/strong>Le n\u00b0 8 a une t\u00eate hexagonale de 1\/4&Prime;. Le n\u00b0 10 a une t\u00eate hexagonale de 5\/16&Prime;.<\/p>\n<table width=\"100%\">\n<tbody>\n<tr>\n<td width=\"9%\"><strong>Item No.<\/strong><\/td>\n<td width=\"12%\"><strong>Code<\/strong><\/td>\n<td width=\"38%\"><strong>Taille de la vis<\/strong><\/td>\n<td width=\"12%\"><strong>Qt\u00e9 par Pqt<\/strong><\/td>\n<\/tr>\n<tr>\n<td width=\"15%\">14160<\/td>\n<td width=\"9%\"><strong>ZDT 8&#215;1\/2<\/strong><\/td>\n<td width=\"14%\">8 x 1\/2&Prime;<\/td>\n<td style=\"text-align: center;\" width=\"12%\">1 M<\/td>\n<\/tr>\n<tr>\n<td width=\"15%\">14161<\/td>\n<td width=\"9%\"><strong>ZDT 8&#215;3\/4<\/strong><\/td>\n<td width=\"14%\">8 x 3\/4&Prime;<\/td>\n<td style=\"text-align: center;\" width=\"12%\">1 M<\/td>\n<\/tr>\n<tr>\n<td width=\"15%\">14174<\/td>\n<td width=\"9%\"><strong>ZDT 8&#215;1<\/strong><\/td>\n<td width=\"14%\">8 x 1&Prime;<\/td>\n<td style=\"text-align: center;\" width=\"12%\">1 M<\/td>\n<\/tr>\n<tr>\n<td width=\"15%\">14175<\/td>\n<td width=\"9%\"><strong>ZDT 8&#215;1-1\/2<\/strong><\/td>\n<td width=\"14%\">8 x 1-1\/2&Prime;<\/td>\n<td style=\"text-align: center;\" width=\"12%\">1 M<\/td>\n<\/tr>\n<tr>\n<td width=\"15%\">14176<\/td>\n<td width=\"9%\"><strong>ZDT 8&#215;2 *<\/strong><\/td>\n<td width=\"14%\">8 x 2&Prime;<\/td>\n<td style=\"text-align: center;\" width=\"12%\">1 M<\/td>\n<\/tr>\n<tr>\n<td width=\"15%\">14162<\/td>\n<td width=\"9%\"><strong>ZDT 10&#215;1\/2<\/strong><\/td>\n<td width=\"14%\">10 x 1\/2&Prime;<\/td>\n<td style=\"text-align: center;\" width=\"12%\">1 M<\/td>\n<\/tr>\n<tr>\n<td width=\"15%\">14163<\/td>\n<td width=\"9%\"><strong>ZDT 10&#215;3\/4<\/strong><\/td>\n<td width=\"14%\">10 x 3\/4&Prime;<\/td>\n<td style=\"text-align: center;\" width=\"12%\">1 M<\/td>\n<\/tr>\n<\/tbody>\n<\/table>\n<p><strong>*<\/strong> <em>Disponible dans une bo\u00eete de carton seulement<\/em><em>.<\/em><\/p>\n<p><strong>ZDB en vrac dans des bo\u00eetes en carton<br \/>\n<\/strong><strong>Le n\u00b0 8 a une t\u00eate hexagonale de 1\/4&Prime;. Le n\u00b0 10 a une t\u00eate hexagonale de 5\/16&Prime;.<\/strong><\/p>\n<table width=\"100%\">\n<tbody>\n<tr>\n<td width=\"9%\"><strong>Item No.<\/strong><\/td>\n<td width=\"12%\"><strong>Code<\/strong><\/td>\n<td width=\"38%\"><strong>Taille de la vis<\/strong><\/td>\n<td width=\"12%\"><strong>Qt\u00e9 per Pqt<\/strong><\/td>\n<\/tr>\n<tr>\n<td width=\"15%\">15110<\/td>\n<td width=\"9%\"><strong>ZDB 8&#215;1\/2<\/strong><\/td>\n<td width=\"14%\">8 x 1\/2&Prime;<\/td>\n<td style=\"text-align: center;\" width=\"12%\">14 M<\/td>\n<\/tr>\n<tr>\n<td width=\"15%\">15111<\/td>\n<td width=\"9%\"><strong>ZDB 8&#215;3\/4<\/strong><\/td>\n<td width=\"14%\">8 x 3\/4&Prime;<\/td>\n<td style=\"text-align: center;\" width=\"12%\">10 M<\/td>\n<\/tr>\n<tr>\n<td width=\"15%\">15124<\/td>\n<td width=\"9%\"><strong>ZDB 8&#215;1<\/strong><\/td>\n<td width=\"14%\">8 x 1&Prime;<\/td>\n<td style=\"text-align: center;\" width=\"12%\">7 M<\/td>\n<\/tr>\n<tr>\n<td width=\"15%\">15125<\/td>\n<td width=\"9%\"><strong>ZDB 8&#215;1-1\/2<\/strong><\/td>\n<td width=\"14%\">8 x 1-1\/2&Prime;<\/td>\n<td style=\"text-align: center;\" width=\"12%\">4 M<\/td>\n<\/tr>\n<tr>\n<td width=\"15%\">15126<\/td>\n<td width=\"9%\"><strong>ZDB 8&#215;2<\/strong><\/td>\n<td width=\"14%\">8 x 2&Prime;<\/td>\n<td style=\"text-align: center;\" width=\"12%\">3 M<\/td>\n<\/tr>\n<tr>\n<td width=\"15%\">15112<\/td>\n<td width=\"9%\"><strong>ZDB 10&#215;1\/2<\/strong><\/td>\n<td width=\"14%\">10 x 1\/2&Prime;<\/td>\n<td style=\"text-align: center;\" width=\"12%\">10 M<\/td>\n<\/tr>\n<tr>\n<td width=\"15%\">15113<\/td>\n<td width=\"9%\"><strong>ZDB 10&#215;3\/4<\/strong><\/td>\n<td width=\"14%\">10 x 3\/4&Prime;<\/td>\n<td style=\"text-align: center;\" width=\"12%\">7 M<\/td>\n<\/tr>\n<\/tbody>\n<\/table>\n<h2>Vis \u00e0 t\u00eate cylindrique bomb\u00e9e, pointe \u00ab\u00a0Super Saber\u00a0\u00bb.<br \/>\nVis (SDU)<br \/>\n<img loading=\"lazy\" decoding=\"async\" class=\"wp-image-6185 alignright\" src=\"https:\/\/www.durodynecanada.com\/wp-content\/uploads\/2019\/03\/sdu_set.jpg\" alt=\"SDU Screw and SDU Head\" width=\"95\" height=\"123\"><\/h2>\n<p><strong>Qualit\u00e9 sup\u00e9rieure, plaqu\u00e9 en chrome-zinc<\/strong><\/p>\n<p><strong>SDUT Thousand Pack dans des conteneurs \u00e0 vis en plastique<\/strong><\/p>\n<table width=\"100%\">\n<tbody>\n<tr>\n<td width=\"9%\"><strong>Item No.<\/strong><\/td>\n<td width=\"12%\"><strong>Code<\/strong><\/td>\n<td width=\"38%\"><strong>Taille de la vis<\/strong><\/td>\n<td width=\"12%\"><strong>Qt\u00e9 par Pqt<\/strong><\/td>\n<\/tr>\n<tr>\n<td width=\"15%\">11032<\/td>\n<td width=\"9%\"><strong>SDUT 8&#215;1\/2<\/strong><\/td>\n<td width=\"14%\">8 x 1\/2&Prime;<\/td>\n<td style=\"text-align: center;\" width=\"12%\">1 M<\/td>\n<\/tr>\n<tr>\n<td width=\"15%\">11034<\/td>\n<td width=\"9%\"><strong>SDUT 10&#215;1\/2<\/strong><\/td>\n<td width=\"14%\">10 x 1\/2&Prime;<\/td>\n<td style=\"text-align: center;\" width=\"12%\">1 M<\/td>\n<\/tr>\n<tr>\n<td width=\"15%\">11035<\/td>\n<td width=\"9%\"><strong>SDUT 10&#215;3\/4<\/strong><\/td>\n<td width=\"14%\">10 x 3\/4&Prime;<\/td>\n<td style=\"text-align: center;\" width=\"12%\">1 M<\/td>\n<\/tr>\n<\/tbody>\n<\/table>\n<p><strong>SDUB en vrac dans des bo\u00eetes en carton<\/strong><\/p>\n<table width=\"100%\">\n<tbody>\n<tr>\n<td width=\"9%\"><strong>Item No.<\/strong><\/td>\n<td width=\"12%\"><strong>Code<\/strong><\/td>\n<td width=\"38%\"><strong>Taille de la vis<\/strong><\/td>\n<td width=\"12%\"><strong>Qt\u00e9 par Pqt<\/strong><\/td>\n<\/tr>\n<tr>\n<td width=\"15%\">12043<\/td>\n<td width=\"9%\"><strong>SDUB 8&#215;1\/2<\/strong><\/td>\n<td width=\"14%\">8 x 1\/2&Prime;<\/td>\n<td style=\"text-align: center;\" width=\"12%\">14 M<\/td>\n<\/tr>\n<tr>\n<td width=\"15%\">12045<\/td>\n<td width=\"9%\"><strong>SDUB 10&#215;1\/2<\/strong><\/td>\n<td width=\"14%\">10 x 1\/2&Prime;<\/td>\n<td style=\"text-align: center;\" width=\"12%\">10 M<\/td>\n<\/tr>\n<tr>\n<td width=\"15%\">12046<\/td>\n<td width=\"9%\"><strong>SDUB 10&#215;3\/4<\/strong><\/td>\n<td width=\"14%\">10 x 3\/4&Prime;<\/td>\n<td style=\"text-align: center;\" width=\"12%\">7 M<\/td>\n<\/tr>\n<\/tbody>\n<\/table>\n<h2>Tournevis pour vis \u00e0 t\u00eate cylindrique (SDU)<\/h2>\n<table width=\"100%\">\n<tbody>\n<tr>\n<td width=\"9%\"><strong>Item No.<\/strong><\/td>\n<td width=\"12%\"><strong>Code<\/strong><\/td>\n<td width=\"38%\"><strong>Description<\/strong><\/td>\n<td width=\"12%\"><strong>Qt\u00e9 par Pqt<\/strong><\/td>\n<\/tr>\n<tr>\n<td width=\"15%\">16011<\/td>\n<td width=\"9%\"><strong>DCR-2<\/strong><\/td>\n<td width=\"14%\">Tige hexagonale pleine 1\/4&Prime;, longueur 2&Prime;, t\u00eate double<\/td>\n<td style=\"text-align: center;\" width=\"12%\">25<\/td>\n<\/tr>\n<\/tbody>\n<\/table>\n","protected":false},"excerpt":{"rendered":"<p>VIS \u00c0 POINTE SUPER SABRE DURO DYNE Ces vis auto-perforantes sont con\u00e7ues pour les mat\u00e9riaux de calibre l\u00e9ger \u00e0 moyen. La pointe \u00ab\u00a0Super Saber\u00a0\u00bb permet une fixation en une seule \u00e9tape. Son gain de temps est li\u00e9 \u00e0 la pointe de per\u00e7age aiguis\u00e9e comme un sabre avec un filetage machine \u00ab\u00a0fine-cut\u00a0\u00bb, qui perce le m\u00e9tal &hellip;<\/p>\n","protected":false},"author":7,"featured_media":0,"parent":7603,"menu_order":0,"comment_status":"closed","ping_status":"closed","template":"","meta":{"_acf_changed":false,"footnotes":""},"acf":[],"_links":{"self":[{"href":"https:\/\/www.durodynecanada.com\/fr\/wp-json\/wp\/v2\/pages\/7543"}],"collection":[{"href":"https:\/\/www.durodynecanada.com\/fr\/wp-json\/wp\/v2\/pages"}],"about":[{"href":"https:\/\/www.durodynecanada.com\/fr\/wp-json\/wp\/v2\/types\/page"}],"author":[{"embeddable":true,"href":"https:\/\/www.durodynecanada.com\/fr\/wp-json\/wp\/v2\/users\/7"}],"replies":[{"embeddable":true,"href":"https:\/\/www.durodynecanada.com\/fr\/wp-json\/wp\/v2\/comments?post=7543"}],"version-history":[{"count":3,"href":"https:\/\/www.durodynecanada.com\/fr\/wp-json\/wp\/v2\/pages\/7543\/revisions"}],"predecessor-version":[{"id":8358,"href":"https:\/\/www.durodynecanada.com\/fr\/wp-json\/wp\/v2\/pages\/7543\/revisions\/8358"}],"up":[{"embeddable":true,"href":"https:\/\/www.durodynecanada.com\/fr\/wp-json\/wp\/v2\/pages\/7603"}],"wp:attachment":[{"href":"https:\/\/www.durodynecanada.com\/fr\/wp-json\/wp\/v2\/media?parent=7543"}],"curies":[{"name":"wp","href":"https:\/\/api.w.org\/{rel}","templated":true}]}}