{"id":7540,"date":"2019-05-15T09:33:16","date_gmt":"2019-05-15T13:33:16","guid":{"rendered":"https:\/\/www.durodynecanada.com\/products\/slips-drives\/"},"modified":"2022-06-16T15:30:42","modified_gmt":"2022-06-16T19:30:42","slug":"glissements-et-entrainements","status":"publish","type":"page","link":"https:\/\/www.durodynecanada.com\/fr\/nos-produits\/glissements-et-entrainements\/","title":{"rendered":"Glissements et entra\u00eenements"},"content":{"rendered":"<h1>GLISSEMENTS ET ENTRA\u00ceNEMENTS<\/h1>\n<h2>Serrure en S debout<\/h2>\n<ul>\n<li>Con\u00e7u pour renforcer la connexion sur les applications de gaines plus larges.<\/li>\n<li>Disponible en longueurs de 5 et 10 pieds.<\/li>\n<li>Ourlet pour faciliter l&rsquo;insertion du conduit brut.<\/li>\n<li>\u00c9galement disponible en \u00ab\u00a0Cut-To-Length\u00a0\u00bb.<\/li>\n<\/ul>\n<p><img loading=\"lazy\" decoding=\"async\" class=\"alignnone wp-image-6232 size-full\" src=\"https:\/\/www.durodynecanada.com\/wp-content\/uploads\/D-MATE_Pics\/standing_s_lock.jpg\" alt=\"Standing S Lock\" width=\"360\" height=\"154\" srcset=\"https:\/\/www.durodynecanada.com\/wp-content\/uploads\/D-MATE_Pics\/standing_s_lock.jpg 360w, https:\/\/www.durodynecanada.com\/wp-content\/uploads\/D-MATE_Pics\/standing_s_lock-300x128.jpg 300w\" sizes=\"(max-width: 360px) 100vw, 360px\" \/><\/p>\n<p><a href=\"https:\/\/www.durodynecanada.com\/wp-content\/uploads\/D-MATE_Pdf\/standing_s_submittal_10_2019.pdf\">Standing S Lock Submittal<\/a><\/p>\n<h2>Taquet d&rsquo;entra\u00eenement plat<\/h2>\n<ul>\n<li>Con\u00e7u pour s\u00e9curiser la connexion pour les applications de gaines plus l\u00e9g\u00e8res.<\/li>\n<li>Parfait pour les applications de conduits r\u00e9sidentiels et de calibre plus l\u00e9ger.<\/li>\n<li>Extr\u00e9mit\u00e9s coniques pour un d\u00e9marrage facile.<\/li>\n<li>Disponible en longueurs de 5, 8 ou 10 pieds et \u00e9galement en \u00ab\u00a0coupe \u00e0 longueur\u00a0\u00bb.<\/li>\n<\/ul>\n<p><img loading=\"lazy\" decoding=\"async\" class=\"alignnone wp-image-6233 size-full\" src=\"https:\/\/www.durodynecanada.com\/wp-content\/uploads\/D-MATE_Pics\/flatdrive.jpg\" alt=\"Flat Drive Cleat\" width=\"360\" height=\"120\" srcset=\"https:\/\/www.durodynecanada.com\/wp-content\/uploads\/D-MATE_Pics\/flatdrive.jpg 360w, https:\/\/www.durodynecanada.com\/wp-content\/uploads\/D-MATE_Pics\/flatdrive-300x100.jpg 300w\" sizes=\"(max-width: 360px) 100vw, 360px\" \/><\/p>\n<p><img loading=\"lazy\" decoding=\"async\" class=\"alignnone wp-image-6234\" src=\"https:\/\/www.durodynecanada.com\/wp-content\/uploads\/D-MATE_Pics\/flatdrive_cut.jpg\" alt=\"Flat Drive Cut\" width=\"175\" height=\"71\"><\/p>\n<ul>\n<li>\u00ab\u00a0Cut-To-Length\u00a0\u00bb \u00e9galement disponible avec onglet.<\/li>\n<\/ul>\n<p><a href=\"https:\/\/www.durodynecanada.com\/wp-content\/uploads\/D-MATE_Pdf\/flatdrive_submittal.pdf\">Flat Drive Cleat Submittal<\/a><\/p>\n<h2>Serrure plate en S<\/h2>\n<ul>\n<li>Con\u00e7u pour s\u00e9curiser la connexion pour les applications de gaines plus l\u00e9g\u00e8res.<\/li>\n<li>Disponible en longueurs de 5, 8 ou 10 pieds.<\/li>\n<li>\u00c9galement disponible en \u00ab\u00a0Cut-To-Length\u00a0\u00bb.<\/li>\n<\/ul>\n<p><img loading=\"lazy\" decoding=\"async\" class=\"alignnone size-full wp-image-6235\" src=\"https:\/\/www.durodynecanada.com\/wp-content\/uploads\/D-MATE_Pics\/flat_s_lock.jpg\" alt=\"Flat S Lock\" width=\"295\" height=\"120\"><\/p>\n<p><a href=\"https:\/\/www.durodynecanada.com\/wp-content\/uploads\/D-MATE_Pdf\/flat_s_lock_submittal_10_2019.pdf\">Flat S Lock Submittal<br \/>\n<\/a><\/p>\n","protected":false},"excerpt":{"rendered":"<p>GLISSEMENTS ET ENTRA\u00ceNEMENTS Serrure en S debout Con\u00e7u pour renforcer la connexion sur les applications de gaines plus larges. Disponible en longueurs de 5 et 10 pieds. Ourlet pour faciliter l&rsquo;insertion du conduit brut. \u00c9galement disponible en \u00ab\u00a0Cut-To-Length\u00a0\u00bb. Standing S Lock Submittal Taquet d&rsquo;entra\u00eenement plat Con\u00e7u pour s\u00e9curiser la connexion pour les applications de gaines &hellip;<\/p>\n","protected":false},"author":7,"featured_media":0,"parent":7603,"menu_order":0,"comment_status":"closed","ping_status":"closed","template":"","meta":{"_acf_changed":false,"footnotes":""},"acf":[],"_links":{"self":[{"href":"https:\/\/www.durodynecanada.com\/fr\/wp-json\/wp\/v2\/pages\/7540"}],"collection":[{"href":"https:\/\/www.durodynecanada.com\/fr\/wp-json\/wp\/v2\/pages"}],"about":[{"href":"https:\/\/www.durodynecanada.com\/fr\/wp-json\/wp\/v2\/types\/page"}],"author":[{"embeddable":true,"href":"https:\/\/www.durodynecanada.com\/fr\/wp-json\/wp\/v2\/users\/7"}],"replies":[{"embeddable":true,"href":"https:\/\/www.durodynecanada.com\/fr\/wp-json\/wp\/v2\/comments?post=7540"}],"version-history":[{"count":3,"href":"https:\/\/www.durodynecanada.com\/fr\/wp-json\/wp\/v2\/pages\/7540\/revisions"}],"predecessor-version":[{"id":8327,"href":"https:\/\/www.durodynecanada.com\/fr\/wp-json\/wp\/v2\/pages\/7540\/revisions\/8327"}],"up":[{"embeddable":true,"href":"https:\/\/www.durodynecanada.com\/fr\/wp-json\/wp\/v2\/pages\/7603"}],"wp:attachment":[{"href":"https:\/\/www.durodynecanada.com\/fr\/wp-json\/wp\/v2\/media?parent=7540"}],"curies":[{"name":"wp","href":"https:\/\/api.w.org\/{rel}","templated":true}]}}