{"id":7537,"date":"2019-03-19T15:12:31","date_gmt":"2019-03-19T19:12:31","guid":{"rendered":"https:\/\/www.durodynecanada.com\/products\/pin-rivets\/"},"modified":"2023-06-13T12:36:18","modified_gmt":"2023-06-13T16:36:18","slug":"rivets-a-tige","status":"publish","type":"page","link":"https:\/\/www.durodynecanada.com\/fr\/nos-produits\/rivets-a-tige\/","title":{"rendered":"Rivets \u00e0 tige"},"content":{"rendered":"<h1>RIVETS \u00c0 TIGE<\/h1>\n<p>Les <strong>rivets \u00e0 tige<\/strong>\u00a0sont des rivets solides et creux assembl\u00e9s sur un mandrin solide. Ils sont fabriqu\u00e9s selon des normes strictes de contr\u00f4le de la qualit\u00e9 et sont disponibles dans une large gamme de tailles et de styles afin de fournir le rivet appropri\u00e9 pour chaque type d&rsquo;application. Les <strong>rivets \u00e0 tige<\/strong> sont ins\u00e9r\u00e9s et pos\u00e9s du m\u00eame c\u00f4t\u00e9. Ils sont particuli\u00e8rement pratiques lorsqu&rsquo;il n&rsquo;y a pas d&rsquo;acc\u00e8s \u00e0 l&rsquo;envers de la pi\u00e8ce.<br \/>\nTous les <strong>rivets \u00e0 tige<\/strong> sont emball\u00e9s dans des bo\u00eetes en carton. Un paquet de mille pi\u00e8ces seulement par taille.<br \/>\n<img loading=\"lazy\" decoding=\"async\" class=\"wp-image-6180 alignright\" src=\"https:\/\/www.durodynecanada.com\/wp-content\/uploads\/2019\/03\/rivet-300x74.jpg\" alt=\"Pin Rivet\" width=\"200\" height=\"49\" srcset=\"https:\/\/www.durodynecanada.com\/wp-content\/uploads\/2019\/03\/rivet-300x74.jpg 300w, https:\/\/www.durodynecanada.com\/wp-content\/uploads\/2019\/03\/rivet-360x90.jpg 360w, https:\/\/www.durodynecanada.com\/wp-content\/uploads\/2019\/03\/rivet.jpg 366w\" sizes=\"(max-width: 200px) 100vw, 200px\" \/><\/p>\n<table width=\"100%\">\n<tbody>\n<tr>\n<td style=\"text-align: center;\" colspan=\"8\"><strong>RIVET EN ACIER &#8211; MANDRIN EN ACIER<\/strong><\/td>\n<\/tr>\n<tr>\n<td style=\"text-align: center;\"><strong>T\u00eate du Rivet<\/strong><\/td>\n<td style=\"text-align: center;\"><strong>Mat. Rivet<\/strong><\/td>\n<td style=\"text-align: center;\"><strong>Mat. Tige<\/strong><\/td>\n<td style=\"text-align: center;\"><strong>Mat. Rivet<\/strong><\/td>\n<td style=\"text-align: center;\"><strong>Poigne Max<\/strong><\/td>\n<td style=\"text-align: center;\"><strong>No. Taille Perceuse<\/strong><\/td>\n<td style=\"text-align: center;\"><strong>Item No.<\/strong><\/td>\n<td style=\"text-align: center;\"><strong>Code<\/strong><\/td>\n<\/tr>\n<tr>\n<td style=\"text-align: center;\">D<\/td>\n<td style=\"text-align: center;\">S<\/td>\n<td style=\"text-align: center;\">S<\/td>\n<td style=\"text-align: center;\">5\/32<\/td>\n<td style=\"text-align: center;\">.125<\/td>\n<td style=\"text-align: center;\">20<\/td>\n<td style=\"text-align: center;\">23006<\/td>\n<td style=\"text-align: center;\"><strong>SS-52-DT<\/strong><\/td>\n<\/tr>\n<tr>\n<td style=\"text-align: center;\">D<\/td>\n<td style=\"text-align: center;\">S<\/td>\n<td style=\"text-align: center;\">S<\/td>\n<td style=\"text-align: center;\">5\/32<\/td>\n<td style=\"text-align: center;\">.250<\/td>\n<td style=\"text-align: center;\">20<\/td>\n<td style=\"text-align: center;\">23007<\/td>\n<td style=\"text-align: center;\"><strong>SS-54-DT<\/strong><\/td>\n<\/tr>\n<tr>\n<td style=\"text-align: center;\">D<\/td>\n<td style=\"text-align: center;\">S<\/td>\n<td style=\"text-align: center;\">S<\/td>\n<td style=\"text-align: center;\">5\/32<\/td>\n<td style=\"text-align: center;\">.375<\/td>\n<td style=\"text-align: center;\">20<\/td>\n<td style=\"text-align: center;\">23008<\/td>\n<td style=\"text-align: center;\"><strong>SS-56-DT<\/strong><\/td>\n<\/tr>\n<tr>\n<td style=\"text-align: center;\">D<\/td>\n<td style=\"text-align: center;\">S<\/td>\n<td style=\"text-align: center;\">S<\/td>\n<td style=\"text-align: center;\">3\/16<\/td>\n<td style=\"text-align: center;\">.625<\/td>\n<td style=\"text-align: center;\">11<\/td>\n<td style=\"text-align: center;\">23111<\/td>\n<td style=\"text-align: center;\"><strong>SS-610-DT<\/strong><\/td>\n<\/tr>\n<tr>\n<td style=\"text-align: center;\" colspan=\"8\"><strong>RIVET EN ALUMINUM &#8211; MANDRIN EN ACIER<\/strong><\/td>\n<\/tr>\n<tr>\n<td style=\"text-align: center;\">D<\/td>\n<td style=\"text-align: center;\">A<\/td>\n<td style=\"text-align: center;\">S<\/td>\n<td style=\"text-align: center;\">1\/8<\/td>\n<td style=\"text-align: center;\">.063<\/td>\n<td style=\"text-align: center;\">30<\/td>\n<td style=\"text-align: center;\">23029<\/td>\n<td style=\"text-align: center;\"><strong>AS-41-DT<\/strong><\/td>\n<\/tr>\n<tr>\n<td style=\"text-align: center;\">D<\/td>\n<td style=\"text-align: center;\">A<\/td>\n<td style=\"text-align: center;\">S<\/td>\n<td style=\"text-align: center;\">1\/8<\/td>\n<td style=\"text-align: center;\">.375<\/td>\n<td style=\"text-align: center;\">30<\/td>\n<td style=\"text-align: center;\">23034<\/td>\n<td style=\"text-align: center;\"><strong>AS-46-DT<\/strong><\/td>\n<\/tr>\n<tr>\n<td style=\"text-align: center;\">D<\/td>\n<td style=\"text-align: center;\">A<\/td>\n<td style=\"text-align: center;\">S<\/td>\n<td style=\"text-align: center;\">1\/8<\/td>\n<td style=\"text-align: center;\">.500<\/td>\n<td style=\"text-align: center;\">30<\/td>\n<td style=\"text-align: center;\">23112<\/td>\n<td style=\"text-align: center;\"><strong>AS-48-DT<\/strong><\/td>\n<\/tr>\n<tr>\n<td style=\"text-align: center;\">D<\/td>\n<td style=\"text-align: center;\">A<\/td>\n<td style=\"text-align: center;\">S<\/td>\n<td style=\"text-align: center;\">5\/32<\/td>\n<td style=\"text-align: center;\">.125<\/td>\n<td style=\"text-align: center;\">20<\/td>\n<td style=\"text-align: center;\">23035<\/td>\n<td style=\"text-align: center;\"><strong>AS-52-DT<\/strong><\/td>\n<\/tr>\n<tr>\n<td style=\"text-align: center;\">D<\/td>\n<td style=\"text-align: center;\">A<\/td>\n<td style=\"text-align: center;\">S<\/td>\n<td style=\"text-align: center;\">5\/32<\/td>\n<td style=\"text-align: center;\">.375<\/td>\n<td style=\"text-align: center;\">20<\/td>\n<td style=\"text-align: center;\">23038<\/td>\n<td style=\"text-align: center;\"><strong>AS-56-DT<\/strong><\/td>\n<\/tr>\n<tr>\n<td style=\"text-align: center;\">D<\/td>\n<td style=\"text-align: center;\">A<\/td>\n<td style=\"text-align: center;\">S<\/td>\n<td style=\"text-align: center;\">3\/16<\/td>\n<td style=\"text-align: center;\">.125<\/td>\n<td style=\"text-align: center;\">11<\/td>\n<td style=\"text-align: center;\">23039<\/td>\n<td style=\"text-align: center;\"><strong>AS-62-DT<\/strong><\/td>\n<\/tr>\n<tr>\n<td style=\"text-align: center;\">D<\/td>\n<td style=\"text-align: center;\">A<\/td>\n<td style=\"text-align: center;\">S<\/td>\n<td style=\"text-align: center;\">3\/16<\/td>\n<td style=\"text-align: center;\">.375<\/td>\n<td style=\"text-align: center;\">11<\/td>\n<td style=\"text-align: center;\">23042<\/td>\n<td style=\"text-align: center;\"><strong>AS-66-DT<\/strong><\/td>\n<\/tr>\n<tr>\n<td style=\"text-align: center;\">D<\/td>\n<td style=\"text-align: center;\">A<\/td>\n<td style=\"text-align: center;\">S<\/td>\n<td style=\"text-align: center;\">3\/16<\/td>\n<td style=\"text-align: center;\">.500<\/td>\n<td style=\"text-align: center;\">11<\/td>\n<td style=\"text-align: center;\">23043<\/td>\n<td style=\"text-align: center;\"><strong>AS-68-DT<\/strong><\/td>\n<\/tr>\n<tr>\n<td style=\"text-align: center;\">D<\/td>\n<td style=\"text-align: center;\">A<\/td>\n<td style=\"text-align: center;\">S<\/td>\n<td style=\"text-align: center;\">3\/16<\/td>\n<td style=\"text-align: center;\">.625<\/td>\n<td style=\"text-align: center;\">11<\/td>\n<td style=\"text-align: center;\">23044<\/td>\n<td style=\"text-align: center;\"><strong>AS-610-DT<\/strong><\/td>\n<\/tr>\n<tr>\n<td style=\"text-align: center;\" colspan=\"8\"><strong>RIVET EN ALUMINUM &#8211; MANDRIN EN ALUMINIUM<\/strong><\/td>\n<\/tr>\n<tr>\n<td style=\"text-align: center;\">D<\/td>\n<td style=\"text-align: center;\">A<\/td>\n<td style=\"text-align: center;\">A<\/td>\n<td style=\"text-align: center;\">1\/8<\/td>\n<td style=\"text-align: center;\">.063<\/td>\n<td style=\"text-align: center;\">30<\/td>\n<td style=\"text-align: center;\">23059<\/td>\n<td style=\"text-align: center;\"><strong>AA-41-DT<\/strong><\/td>\n<\/tr>\n<tr>\n<td style=\"text-align: center;\">D<\/td>\n<td style=\"text-align: center;\">A<\/td>\n<td style=\"text-align: center;\">A<\/td>\n<td style=\"text-align: center;\">1\/8<\/td>\n<td style=\"text-align: center;\">.250<\/td>\n<td style=\"text-align: center;\">30<\/td>\n<td style=\"text-align: center;\">23062<\/td>\n<td style=\"text-align: center;\"><strong>AA-44-DT<\/strong><\/td>\n<\/tr>\n<tr>\n<td style=\"text-align: center;\">D<\/td>\n<td style=\"text-align: center;\">A<\/td>\n<td style=\"text-align: center;\">A<\/td>\n<td style=\"text-align: center;\">5\/32<\/td>\n<td style=\"text-align: center;\">.125<\/td>\n<td style=\"text-align: center;\">20<\/td>\n<td style=\"text-align: center;\">23065<\/td>\n<td style=\"text-align: center;\"><strong>AA-52-DT<\/strong><\/td>\n<\/tr>\n<tr>\n<td style=\"text-align: center;\">D<\/td>\n<td style=\"text-align: center;\">A<\/td>\n<td style=\"text-align: center;\">A<\/td>\n<td style=\"text-align: center;\">5\/32<\/td>\n<td style=\"text-align: center;\">.250<\/td>\n<td style=\"text-align: center;\">20<\/td>\n<td style=\"text-align: center;\">23067<\/td>\n<td style=\"text-align: center;\"><strong>AA-54-DT<\/strong><\/td>\n<\/tr>\n<tr>\n<td style=\"text-align: center;\">D<\/td>\n<td style=\"text-align: center;\">A<\/td>\n<td style=\"text-align: center;\">A<\/td>\n<td style=\"text-align: center;\">5\/32<\/td>\n<td style=\"text-align: center;\">.375<\/td>\n<td style=\"text-align: center;\">20<\/td>\n<td style=\"text-align: center;\">23068<\/td>\n<td style=\"text-align: center;\"><strong>AA-56-DT<\/strong><\/td>\n<\/tr>\n<tr>\n<td style=\"text-align: center;\">D<\/td>\n<td style=\"text-align: center;\">A<\/td>\n<td style=\"text-align: center;\">A<\/td>\n<td style=\"text-align: center;\">3\/16<\/td>\n<td style=\"text-align: center;\">.125<\/td>\n<td style=\"text-align: center;\">11<\/td>\n<td style=\"text-align: center;\">23069<\/td>\n<td style=\"text-align: center;\"><strong>AA-62-DT<\/strong><\/td>\n<\/tr>\n<tr>\n<td style=\"text-align: center;\">D<\/td>\n<td style=\"text-align: center;\">A<\/td>\n<td style=\"text-align: center;\">A<\/td>\n<td style=\"text-align: center;\">3\/16<\/td>\n<td style=\"text-align: center;\">.250<\/td>\n<td style=\"text-align: center;\">11<\/td>\n<td style=\"text-align: center;\">23071<\/td>\n<td style=\"text-align: center;\"><strong>AA-64-DT<\/strong><\/td>\n<\/tr>\n<tr>\n<td style=\"text-align: center;\">D<\/td>\n<td style=\"text-align: center;\">A<\/td>\n<td style=\"text-align: center;\">A<\/td>\n<td style=\"text-align: center;\">3\/16<\/td>\n<td style=\"text-align: center;\">.375<\/td>\n<td style=\"text-align: center;\">11<\/td>\n<td style=\"text-align: center;\">23072<\/td>\n<td style=\"text-align: center;\"><strong>AA-66-DT<\/strong><\/td>\n<\/tr>\n<tr>\n<td style=\"text-align: center;\">D<\/td>\n<td style=\"text-align: center;\">A<\/td>\n<td style=\"text-align: center;\">A<\/td>\n<td style=\"text-align: center;\">3\/16<\/td>\n<td style=\"text-align: center;\">.625<\/td>\n<td style=\"text-align: center;\">11<\/td>\n<td style=\"text-align: center;\">23074<\/td>\n<td style=\"text-align: center;\"><strong>AA-610-DT<\/strong><\/td>\n<\/tr>\n<tr>\n<td style=\"text-align: center;\" colspan=\"8\"><strong>RIVET EN ACIER INOXYDABLE &#8211; MANDRIN EN ACIER<\/strong><\/td>\n<\/tr>\n<tr>\n<td style=\"text-align: center;\" colspan=\"8\"><strong>RIVET EN CUIVRE &#8211; MANDRIN EN ACIER<\/strong><\/td>\n<\/tr>\n<tr>\n<td style=\"text-align: center;\">D<\/td>\n<td style=\"text-align: center;\">C<\/td>\n<td style=\"text-align: center;\">S<\/td>\n<td style=\"text-align: center;\">1\/8<\/td>\n<td style=\"text-align: center;\">.250<\/td>\n<td style=\"text-align: center;\">30<\/td>\n<td style=\"text-align: center;\">23051<\/td>\n<td style=\"text-align: center;\"><strong>CS-44-DT<\/strong><\/td>\n<\/tr>\n<\/tbody>\n<\/table>\n<p>T\u00eate du Rivet &#8211; D = T\u00eate du Dome<br \/>\nMat\u00e9riau Rivet &#8211; S=Acier, A=Aluminum, X=Inoxydable, C=Cuivre<br \/>\nMat\u00e9riau de la tige &#8211; S=Acier, A=Aluminum<\/p>\n<h2>OUTIL \u00c0 RIVET<br \/>\n<img loading=\"lazy\" decoding=\"async\" class=\"alignright wp-image-6187\" src=\"https:\/\/www.durodynecanada.com\/wp-content\/uploads\/2019\/03\/ddpr_riveter-300x215.jpg\" alt=\"DDPR Pin Rivet Gun\" width=\"136\" height=\"97\" srcset=\"https:\/\/www.durodynecanada.com\/wp-content\/uploads\/2019\/03\/ddpr_riveter-300x215.jpg 300w, https:\/\/www.durodynecanada.com\/wp-content\/uploads\/2019\/03\/ddpr_riveter-600x429.jpg 600w, https:\/\/www.durodynecanada.com\/wp-content\/uploads\/2019\/03\/ddpr_riveter-768x549.jpg 768w, https:\/\/www.durodynecanada.com\/wp-content\/uploads\/2019\/03\/ddpr_riveter-1024x733.jpg 1024w, https:\/\/www.durodynecanada.com\/wp-content\/uploads\/2019\/03\/ddpr_riveter-540x386.jpg 540w, https:\/\/www.durodynecanada.com\/wp-content\/uploads\/2019\/03\/ddpr_riveter-100x70.jpg 100w, https:\/\/www.durodynecanada.com\/wp-content\/uploads\/2019\/03\/ddpr_riveter.jpg 1518w\" sizes=\"(max-width: 136px) 100vw, 136px\" \/><\/h2>\n<p>L&rsquo;<strong>outil \u00e0 rivets<\/strong> est utilis\u00e9 pour poser tous les rivets aveugles de diam\u00e8tre courant. Il vous suffit de s\u00e9lectionner et d&rsquo;ins\u00e9rer la buse appropri\u00e9e au diam\u00e8tre du rivet.<\/p>\n<p>Caract\u00e9ristiques du pistolet \u00e0 rivet de Duro Dyne :<\/p>\n<ul>\n<li>La m\u00e2choire du mandrin permet l&rsquo;\u00e9jection des clous \u00e0 l&rsquo;avant ou \u00e0 l&rsquo;arri\u00e8re.<\/li>\n<li>Poign\u00e9es ergonomiques<\/li>\n<li>Clip de verrouillage de la poign\u00e9e<\/li>\n<li>Construit en acier tremp\u00e9 pour une plus longue dur\u00e9e de vie.<\/li>\n<li>Design compact du nez pour les endroits difficiles \u00e0 atteindre.<\/li>\n<li>4 pi\u00e8ces de nez incluses 3\/32&Prime;, 1\/8&Prime;, 5\/32&Prime;, 3\/16&Prime; avec cl\u00e9 incluse.<\/li>\n<li>Poign\u00e9es \u00e0 fort effet de levier pour plus de puissance et une utilisation plus facile. Avantage m\u00e9canique de 25:1.<\/li>\n<\/ul>\n<table width=\"100%\">\n<tbody>\n<tr>\n<td width=\"9%\"><strong>Item No.<\/strong><\/td>\n<td width=\"12%\"><strong>Code<\/strong><\/td>\n<td width=\"38%\"><strong>Description<\/strong><\/td>\n<td width=\"12%\"><strong>Qt\u00e9 par Pqt<\/strong><\/td>\n<\/tr>\n<tr>\n<td width=\"15%\">22110<\/td>\n<td width=\"9%\"><strong>DDPR6<\/strong><\/td>\n<td width=\"14%\">Pistolet \u00e0 rivet<\/td>\n<td style=\"text-align: center;\" width=\"12%\">1<\/td>\n<\/tr>\n<\/tbody>\n<\/table>\n<p><a href=\"https:\/\/www.durodynecanada.com\/wp-content\/uploads\/2019\/03\/ddpr6_riveter_litsheet.pdf\">Rivet Gun Literature Sheet<\/a><\/p>\n","protected":false},"excerpt":{"rendered":"<p>RIVETS \u00c0 TIGE Les rivets \u00e0 tige\u00a0sont des rivets solides et creux assembl\u00e9s sur un mandrin solide. Ils sont fabriqu\u00e9s selon des normes strictes de contr\u00f4le de la qualit\u00e9 et sont disponibles dans une large gamme de tailles et de styles afin de fournir le rivet appropri\u00e9 pour chaque type d&rsquo;application. Les rivets \u00e0 tige &hellip;<\/p>\n","protected":false},"author":7,"featured_media":0,"parent":7603,"menu_order":0,"comment_status":"closed","ping_status":"closed","template":"","meta":{"_acf_changed":false,"footnotes":""},"acf":[],"_links":{"self":[{"href":"https:\/\/www.durodynecanada.com\/fr\/wp-json\/wp\/v2\/pages\/7537"}],"collection":[{"href":"https:\/\/www.durodynecanada.com\/fr\/wp-json\/wp\/v2\/pages"}],"about":[{"href":"https:\/\/www.durodynecanada.com\/fr\/wp-json\/wp\/v2\/types\/page"}],"author":[{"embeddable":true,"href":"https:\/\/www.durodynecanada.com\/fr\/wp-json\/wp\/v2\/users\/7"}],"replies":[{"embeddable":true,"href":"https:\/\/www.durodynecanada.com\/fr\/wp-json\/wp\/v2\/comments?post=7537"}],"version-history":[{"count":5,"href":"https:\/\/www.durodynecanada.com\/fr\/wp-json\/wp\/v2\/pages\/7537\/revisions"}],"predecessor-version":[{"id":8952,"href":"https:\/\/www.durodynecanada.com\/fr\/wp-json\/wp\/v2\/pages\/7537\/revisions\/8952"}],"up":[{"embeddable":true,"href":"https:\/\/www.durodynecanada.com\/fr\/wp-json\/wp\/v2\/pages\/7603"}],"wp:attachment":[{"href":"https:\/\/www.durodynecanada.com\/fr\/wp-json\/wp\/v2\/media?parent=7537"}],"curies":[{"name":"wp","href":"https:\/\/api.w.org\/{rel}","templated":true}]}}