{"id":7534,"date":"2019-06-13T14:16:39","date_gmt":"2019-06-13T18:16:39","guid":{"rendered":"https:\/\/www.durodynecanada.com\/products\/new-products\/"},"modified":"2022-06-16T15:36:18","modified_gmt":"2022-06-16T19:36:18","slug":"nouveaux-produits","status":"publish","type":"page","link":"https:\/\/www.durodynecanada.com\/fr\/nos-produits\/nouveaux-produits\/","title":{"rendered":"Nouveaux Produits"},"content":{"rendered":"<h1>NOUVEAUX PRODUITS<\/h1>\n<table width=\"75%\">\n<tbody>\n<tr>\n<td width=\"25%\"><strong><br \/>\n<img loading=\"lazy\" decoding=\"async\" class=\"wp-image-6582 aligncenter\" src=\"https:\/\/www.durodynecanada.com\/wp-content\/uploads\/D-MATE_NAILS_HANGERS\/new_prod_nails_hangers_sm.jpg\" alt=\"Nail Plates hangers New Product Image\" width=\"251\" height=\"143\"><\/strong><\/p>\n<p><strong>Protections de goujons, plaques de clouage et suspensions<br \/>\n<a href=\"https:\/\/www.durodynecanada.com\/nail-plates-and-hangers\/\">Click here<\/a><\/strong><\/td>\n<td width=\"25%\"><strong><strong><img loading=\"lazy\" decoding=\"async\" class=\"aligncenter wp-image-6512\" src=\"https:\/\/www.durodynecanada.com\/wp-content\/uploads\/D-MATE_Pics\/new_prod_dynoring.jpg\" alt=\"New product Dyn-O-Rings\" width=\"188\" height=\"150\"><\/strong><\/strong><\/p>\n<p><strong><br \/>\n<\/strong>Les <strong>DYN-O-RINGS<\/strong> rendent l&rsquo;installation de conduits en spirale rapide et facile !<br \/>\n<a style=\"font-family: inherit; font-size: inherit;\" href=\"https:\/\/www.durodynecanada.com\/produits\/dyn-o-ring\/\"><strong>Click here<\/strong><\/a><\/td>\n<td width=\"25%\"><strong><img loading=\"lazy\" decoding=\"async\" class=\"wp-image-6397 aligncenter\" src=\"https:\/\/www.durodynecanada.com\/wp-content\/uploads\/D-MATE_Pics\/ez_conn_components-300x136.jpg\" alt=\"EZ Connector Components\" width=\"264\" height=\"120\" srcset=\"https:\/\/www.durodynecanada.com\/wp-content\/uploads\/D-MATE_Pics\/ez_conn_components-300x136.jpg 300w, https:\/\/www.durodynecanada.com\/wp-content\/uploads\/D-MATE_Pics\/ez_conn_components.jpg 396w\" sizes=\"(max-width: 264px) 100vw, 264px\" \/><\/strong><\/p>\n<p><strong>EZ CONNECTOR<\/strong> est un nouveau syst\u00e8me de coin, qui pour la premi\u00e8re fois&#8230;<br \/>\n<strong><a href=\"https:\/\/www.durodynecanada.com\/products\/corners\/\">Click here<\/a><\/strong><\/td>\n<\/tr>\n<tr>\n<td width=\"25%\"><img loading=\"lazy\" decoding=\"async\" class=\"aligncenter wp-image-6402\" src=\"https:\/\/www.durodynecanada.com\/wp-content\/uploads\/D-MATE_Pics\/perfplaststrap_newprod.jpg\" alt=\"\" width=\"188\" height=\"150\"><strong>SANGLE DE SUSPENSION EN PLASTIQUE PERFOR\u00c9 3\/4&Prime;<\/strong><strong><a href=\"https:\/\/www.durodynecanada.com\/products\/hanging-strap\/\"><br \/>\nClick here<\/a><\/strong><\/td>\n<td width=\"25%\"><strong><strong><img loading=\"lazy\" decoding=\"async\" class=\"size-full wp-image-6403 aligncenter\" src=\"https:\/\/www.durodynecanada.com\/wp-content\/uploads\/D-MATE_Pics\/ratchettool_newprod.jpg\" alt=\"\" width=\"175\" height=\"140\"><\/strong><\/strong><\/p>\n<p>L&rsquo;outil \u00e0 cliquet<strong> 9&Prime; MAGNETIC DRIFT<br \/>\nOUTIL \u00c0 CLIQUET POUR GOUPILLES<br \/>\n<a href=\"https:\/\/www.durodynecanada.com\/products\/tools-accessories\/\">Click here<\/a><\/strong><\/td>\n<td width=\"25%\"><img loading=\"lazy\" decoding=\"async\" class=\"wp-image-6394 aligncenter\" src=\"https:\/\/www.durodynecanada.com\/wp-content\/uploads\/E-Blast_Pics\/pink-butyl-gasket-roll_1-300x208.jpg\" alt=\"Pink Butyl Gasket for EBlast\" width=\"175\" height=\"121\" srcset=\"https:\/\/www.durodynecanada.com\/wp-content\/uploads\/E-Blast_Pics\/pink-butyl-gasket-roll_1-300x208.jpg 300w, https:\/\/www.durodynecanada.com\/wp-content\/uploads\/E-Blast_Pics\/pink-butyl-gasket-roll_1-100x70.jpg 100w, https:\/\/www.durodynecanada.com\/wp-content\/uploads\/E-Blast_Pics\/pink-butyl-gasket-roll_1.jpg 400w\" sizes=\"(max-width: 175px) 100vw, 175px\" \/><\/p>\n<p>Le<strong> GASKET BUTYL ROSE <\/strong>a un motif sp\u00e9cial en forme de H pour&#8230;<br \/>\n<strong><a href=\"https:\/\/www.durodynecanada.com\/products\/tools-accessories\/\">Click here<\/a><\/strong><\/td>\n<\/tr>\n<\/tbody>\n<\/table>\n","protected":false},"excerpt":{"rendered":"<p>NOUVEAUX PRODUITS Protections de goujons, plaques de clouage et suspensions Click here Les DYN-O-RINGS rendent l&rsquo;installation de conduits en spirale rapide et facile ! Click here EZ CONNECTOR est un nouveau syst\u00e8me de coin, qui pour la premi\u00e8re fois&#8230; Click here SANGLE DE SUSPENSION EN PLASTIQUE PERFOR\u00c9 3\/4&Prime; Click here L&rsquo;outil \u00e0 cliquet 9&Prime; MAGNETIC &hellip;<\/p>\n","protected":false},"author":7,"featured_media":0,"parent":7603,"menu_order":0,"comment_status":"closed","ping_status":"closed","template":"","meta":{"_acf_changed":false,"footnotes":""},"acf":[],"_links":{"self":[{"href":"https:\/\/www.durodynecanada.com\/fr\/wp-json\/wp\/v2\/pages\/7534"}],"collection":[{"href":"https:\/\/www.durodynecanada.com\/fr\/wp-json\/wp\/v2\/pages"}],"about":[{"href":"https:\/\/www.durodynecanada.com\/fr\/wp-json\/wp\/v2\/types\/page"}],"author":[{"embeddable":true,"href":"https:\/\/www.durodynecanada.com\/fr\/wp-json\/wp\/v2\/users\/7"}],"replies":[{"embeddable":true,"href":"https:\/\/www.durodynecanada.com\/fr\/wp-json\/wp\/v2\/comments?post=7534"}],"version-history":[{"count":4,"href":"https:\/\/www.durodynecanada.com\/fr\/wp-json\/wp\/v2\/pages\/7534\/revisions"}],"predecessor-version":[{"id":8340,"href":"https:\/\/www.durodynecanada.com\/fr\/wp-json\/wp\/v2\/pages\/7534\/revisions\/8340"}],"up":[{"embeddable":true,"href":"https:\/\/www.durodynecanada.com\/fr\/wp-json\/wp\/v2\/pages\/7603"}],"wp:attachment":[{"href":"https:\/\/www.durodynecanada.com\/fr\/wp-json\/wp\/v2\/media?parent=7534"}],"curies":[{"name":"wp","href":"https:\/\/api.w.org\/{rel}","templated":true}]}}