{"id":7531,"date":"2019-06-06T14:14:26","date_gmt":"2019-06-06T18:14:26","guid":{"rendered":"https:\/\/www.durodynecanada.com\/products\/misc\/"},"modified":"2022-06-16T15:25:09","modified_gmt":"2022-06-16T19:25:09","slug":"divers","status":"publish","type":"page","link":"https:\/\/www.durodynecanada.com\/fr\/nos-produits\/divers\/","title":{"rendered":"Divers"},"content":{"rendered":"<h1>Outils divers<\/h1>\n<h2>Gants<\/h2>\n<p>Duro Dyne propose trois styles de gants allant d&rsquo;un indice de coupure ANSI de 1 \u00e0 un indice de coupure ANSI de 4. Veuillez cliquer sur le lien de la fiche de documentation ci-dessous pour obtenir les d\u00e9tails de nos gants, et consultez \u00e9galement notre formulaire de soumission de gants pour un examen plus approfondi.<\/p>\n<p><img loading=\"lazy\" decoding=\"async\" class=\"alignnone size-medium wp-image-6361\" src=\"https:\/\/www.durodynecanada.com\/wp-content\/uploads\/Tools_Images\/gloves_3pr-300x253.jpg\" alt=\"Gloves 3\" width=\"300\" height=\"253\" srcset=\"https:\/\/www.durodynecanada.com\/wp-content\/uploads\/Tools_Images\/gloves_3pr-300x253.jpg 300w, https:\/\/www.durodynecanada.com\/wp-content\/uploads\/Tools_Images\/gloves_3pr-540x455.jpg 540w, https:\/\/www.durodynecanada.com\/wp-content\/uploads\/Tools_Images\/gloves_3pr.jpg 600w\" sizes=\"(max-width: 300px) 100vw, 300px\" \/><\/p>\n<p><a href=\"https:\/\/www.durodynecanada.com\/wp-content\/uploads\/Tools_Pdf\/gloves_litsheet_ddc.pdf\">Duro Dyne Gloves Literature Sheet (DDC)<\/a><\/p>\n<p><a href=\"https:\/\/www.durodynecanada.com\/wp-content\/uploads\/Tools_Pdf\/gloves_submittal_ddc.pdf\">Duro Dyne Gloves Submittal (DDC)<br \/>\n<\/a><\/p>\n<h2>Tablier d&rsquo;atelier Duro Dyne<\/h2>\n<p><strong>Le tablier d&rsquo;atelier SA1<\/strong> de Duro Dyne offre un endroit pratique pour tenir vos outils, broches et vis pendant le travail.<\/p>\n<p><img loading=\"lazy\" decoding=\"async\" class=\"alignnone wp-image-6439 size-medium\" src=\"https:\/\/www.durodynecanada.com\/wp-content\/uploads\/Tools_Images\/apron_2019-300x203.jpg\" alt=\"Apron 2019\" width=\"300\" height=\"203\" srcset=\"https:\/\/www.durodynecanada.com\/wp-content\/uploads\/Tools_Images\/apron_2019-300x203.jpg 300w, https:\/\/www.durodynecanada.com\/wp-content\/uploads\/Tools_Images\/apron_2019.jpg 500w\" sizes=\"(max-width: 300px) 100vw, 300px\" \/><\/p>\n<table width=\"100%\">\n<tbody>\n<tr>\n<td width=\"9%\"><strong>Item No.<\/strong><\/td>\n<td width=\"12%\"><strong>Code<\/strong><\/td>\n<td width=\"38%\"><strong>Description<\/strong><\/td>\n<td width=\"12%\"><strong>Qt\u00e9 par Pqt<\/strong><\/td>\n<\/tr>\n<tr>\n<td width=\"15%\">20003<\/td>\n<td width=\"9%\"><strong>SA1<\/strong><\/td>\n<td width=\"14%\">Tablier d&rsquo;atelier (Noir)<\/td>\n<td style=\"text-align: center;\" width=\"12%\">1<\/td>\n<\/tr>\n<\/tbody>\n<\/table>\n","protected":false},"excerpt":{"rendered":"<p>Outils divers Gants Duro Dyne propose trois styles de gants allant d&rsquo;un indice de coupure ANSI de 1 \u00e0 un indice de coupure ANSI de 4. Veuillez cliquer sur le lien de la fiche de documentation ci-dessous pour obtenir les d\u00e9tails de nos gants, et consultez \u00e9galement notre formulaire de soumission de gants pour un &hellip;<\/p>\n","protected":false},"author":7,"featured_media":0,"parent":7603,"menu_order":0,"comment_status":"closed","ping_status":"closed","template":"","meta":{"_acf_changed":false,"footnotes":""},"acf":[],"_links":{"self":[{"href":"https:\/\/www.durodynecanada.com\/fr\/wp-json\/wp\/v2\/pages\/7531"}],"collection":[{"href":"https:\/\/www.durodynecanada.com\/fr\/wp-json\/wp\/v2\/pages"}],"about":[{"href":"https:\/\/www.durodynecanada.com\/fr\/wp-json\/wp\/v2\/types\/page"}],"author":[{"embeddable":true,"href":"https:\/\/www.durodynecanada.com\/fr\/wp-json\/wp\/v2\/users\/7"}],"replies":[{"embeddable":true,"href":"https:\/\/www.durodynecanada.com\/fr\/wp-json\/wp\/v2\/comments?post=7531"}],"version-history":[{"count":3,"href":"https:\/\/www.durodynecanada.com\/fr\/wp-json\/wp\/v2\/pages\/7531\/revisions"}],"predecessor-version":[{"id":8316,"href":"https:\/\/www.durodynecanada.com\/fr\/wp-json\/wp\/v2\/pages\/7531\/revisions\/8316"}],"up":[{"embeddable":true,"href":"https:\/\/www.durodynecanada.com\/fr\/wp-json\/wp\/v2\/pages\/7603"}],"wp:attachment":[{"href":"https:\/\/www.durodynecanada.com\/fr\/wp-json\/wp\/v2\/media?parent=7531"}],"curies":[{"name":"wp","href":"https:\/\/api.w.org\/{rel}","templated":true}]}}