{"id":7528,"date":"2019-06-06T14:13:38","date_gmt":"2019-06-06T18:13:38","guid":{"rendered":"https:\/\/www.durodynecanada.com\/products\/knives\/"},"modified":"2022-06-16T15:24:42","modified_gmt":"2022-06-16T19:24:42","slug":"couteaux","status":"publish","type":"page","link":"https:\/\/www.durodynecanada.com\/fr\/nos-produits\/couteaux\/","title":{"rendered":"Couteaux"},"content":{"rendered":"<h1>COUTEAUX<\/h1>\n<h2>Couteau SAK6 6&Prime; en acier inoxydable avec \u00e9tui<\/h2>\n<p>Le <strong>SAK6<\/strong> est un couteau en acier inoxydable de 6&Prime; dont un bord de la lame est dentel\u00e9 et l&rsquo;autre est lisse. Il poss\u00e8de une pointe super tranchante id\u00e9ale pour couper une grande vari\u00e9t\u00e9 d&rsquo;isolants, y compris, mais sans s&rsquo;y limiter, la fibre de verre, le coton et le caoutchouc.<\/p>\n<p><img loading=\"lazy\" decoding=\"async\" class=\"alignnone wp-image-6369\" src=\"https:\/\/www.durodynecanada.com\/wp-content\/uploads\/Tools_Images\/sak6_diag-300x167.jpg\" alt=\"SAK6 6in Stainless Steel Knife\" width=\"399\" height=\"223\" srcset=\"https:\/\/www.durodynecanada.com\/wp-content\/uploads\/Tools_Images\/sak6_diag-300x167.jpg 300w, https:\/\/www.durodynecanada.com\/wp-content\/uploads\/Tools_Images\/sak6_diag-600x335.jpg 600w, https:\/\/www.durodynecanada.com\/wp-content\/uploads\/Tools_Images\/sak6_diag-540x301.jpg 540w, https:\/\/www.durodynecanada.com\/wp-content\/uploads\/Tools_Images\/sak6_diag.jpg 643w\" sizes=\"(max-width: 399px) 100vw, 399px\" \/> <img loading=\"lazy\" decoding=\"async\" class=\"alignnone size-medium wp-image-6370\" src=\"https:\/\/www.durodynecanada.com\/wp-content\/uploads\/Tools_Images\/sak6_sheath-300x139.jpg\" alt=\"SAK6 Sheath\" width=\"300\" height=\"139\" srcset=\"https:\/\/www.durodynecanada.com\/wp-content\/uploads\/Tools_Images\/sak6_sheath-300x139.jpg 300w, https:\/\/www.durodynecanada.com\/wp-content\/uploads\/Tools_Images\/sak6_sheath-600x278.jpg 600w, https:\/\/www.durodynecanada.com\/wp-content\/uploads\/Tools_Images\/sak6_sheath-768x355.jpg 768w, https:\/\/www.durodynecanada.com\/wp-content\/uploads\/Tools_Images\/sak6_sheath-540x250.jpg 540w, https:\/\/www.durodynecanada.com\/wp-content\/uploads\/Tools_Images\/sak6_sheath.jpg 800w\" sizes=\"(max-width: 300px) 100vw, 300px\" \/><\/p>\n<table width=\"100%\">\n<tbody>\n<tr>\n<td width=\"9%\"><strong>Item No.<\/strong><\/td>\n<td width=\"12%\"><strong>Code<\/strong><\/td>\n<td width=\"38%\"><strong>Description<\/strong><\/td>\n<td width=\"12%\"><strong>Qt\u00e9 par Pqt<\/strong><\/td>\n<\/tr>\n<tr>\n<td width=\"15%\">818267<\/td>\n<td width=\"9%\"><strong>SAK6<\/strong><\/td>\n<td width=\"14%\">Couteau en acier inoxydable de 6&Prime; avec \u00e9tui<\/td>\n<td style=\"text-align: center;\" width=\"12%\">1<\/td>\n<\/tr>\n<\/tbody>\n<\/table>\n","protected":false},"excerpt":{"rendered":"<p>COUTEAUX Couteau SAK6 6&Prime; en acier inoxydable avec \u00e9tui Le SAK6 est un couteau en acier inoxydable de 6&Prime; dont un bord de la lame est dentel\u00e9 et l&rsquo;autre est lisse. Il poss\u00e8de une pointe super tranchante id\u00e9ale pour couper une grande vari\u00e9t\u00e9 d&rsquo;isolants, y compris, mais sans s&rsquo;y limiter, la fibre de verre, le &hellip;<\/p>\n","protected":false},"author":7,"featured_media":0,"parent":7603,"menu_order":0,"comment_status":"closed","ping_status":"closed","template":"","meta":{"_acf_changed":false,"footnotes":""},"acf":[],"_links":{"self":[{"href":"https:\/\/www.durodynecanada.com\/fr\/wp-json\/wp\/v2\/pages\/7528"}],"collection":[{"href":"https:\/\/www.durodynecanada.com\/fr\/wp-json\/wp\/v2\/pages"}],"about":[{"href":"https:\/\/www.durodynecanada.com\/fr\/wp-json\/wp\/v2\/types\/page"}],"author":[{"embeddable":true,"href":"https:\/\/www.durodynecanada.com\/fr\/wp-json\/wp\/v2\/users\/7"}],"replies":[{"embeddable":true,"href":"https:\/\/www.durodynecanada.com\/fr\/wp-json\/wp\/v2\/comments?post=7528"}],"version-history":[{"count":3,"href":"https:\/\/www.durodynecanada.com\/fr\/wp-json\/wp\/v2\/pages\/7528\/revisions"}],"predecessor-version":[{"id":8314,"href":"https:\/\/www.durodynecanada.com\/fr\/wp-json\/wp\/v2\/pages\/7528\/revisions\/8314"}],"up":[{"embeddable":true,"href":"https:\/\/www.durodynecanada.com\/fr\/wp-json\/wp\/v2\/pages\/7603"}],"wp:attachment":[{"href":"https:\/\/www.durodynecanada.com\/fr\/wp-json\/wp\/v2\/media?parent=7528"}],"curies":[{"name":"wp","href":"https:\/\/api.w.org\/{rel}","templated":true}]}}