{"id":7525,"date":"2019-06-10T16:29:42","date_gmt":"2019-06-10T20:29:42","guid":{"rendered":"https:\/\/www.durodynecanada.com\/products\/klenk-duct-toolspecialty-items\/"},"modified":"2023-06-13T14:39:53","modified_gmt":"2023-06-13T18:39:53","slug":"klenk-duct-toolspecialty-items","status":"publish","type":"page","link":"https:\/\/www.durodynecanada.com\/fr\/nos-produits\/klenk-duct-toolspecialty-items\/","title":{"rendered":"Articles sp\u00e9cialis\u00e9s Klenk"},"content":{"rendered":"<h1>ARTICLES SP\u00c9CIALIS\u00c9S KLENK<sup>\u00ae<\/sup><\/h1>\n<h2>Sertisseur Klenk<sup>\u00ae<\/sup>\u00a0K-6<\/h2>\n<p>Le mod\u00e8le K-6 est un sertisseur de conduits ronds, de tuyaux en t\u00f4le et de tuyaux de descente. Cet outil r\u00e9duit le diam\u00e8tre de l&rsquo;extr\u00e9mit\u00e9 du tuyau afin de pouvoir l&rsquo;ins\u00e9rer dans un autre tuyau de taille similaire. Le K-6 poss\u00e8de 5 lames et r\u00e9alise des sertissages uniformes et parfaits sur des t\u00f4les jusqu&rsquo;au calibre 20. Il est recommand\u00e9 pour la tuyauterie l\u00e9g\u00e8re ou lourde &#8211; fourneau, fum\u00e9e, chemin\u00e9es murales, conduits d&rsquo;air, tuyaux d&rsquo;\u00e9vent de chauffe-eau et tuyaux de descente. Le K-6 sertit jusqu&rsquo;\u00e0 1-5\/8&Prime; pour une bonne connexion par chevauchement. Lames trait\u00e9es thermiquement pour une usure prolong\u00e9e, boulon de pivot tremp\u00e9 pour la durabilit\u00e9, poign\u00e9es d\u00e9cal\u00e9es avec poign\u00e9es en vinyle orange pour le confort. Pour une p\u00e9n\u00e9tration naturelle dans le m\u00e9tal, commencez toujours par les trois lames du haut.<br \/>\nLongueur totale de 9-3\/4&Prime;.<\/p>\n<div class=\"__reading_mode_table_and_collapse_button_container\">\n<table class=\" __reading_mode_data_table_class\" width=\"100%\">\n<tbody>\n<tr>\n<td width=\"9%\"><strong>Item No.<\/strong><\/td>\n<td width=\"12%\"><strong>Code<\/strong><\/td>\n<td width=\"38%\"><strong>Description<\/strong><\/td>\n<td width=\"12%\"><strong>Klenk No.<\/strong><\/td>\n<td width=\"20%\"><\/td>\n<\/tr>\n<tr>\n<td width=\"9%\">820110<\/td>\n<td width=\"12%\"><strong>K-6<\/strong><\/td>\n<td width=\"38%\">Sertisseur \u00e0 5 lames<\/td>\n<td width=\"12%\">MA71260<\/td>\n<td width=\"20%\"><img loading=\"lazy\" decoding=\"async\" width=\"250\" height=\"190\" class=\"alignnone wp-image-6385 c008\" src=\"https:\/\/www.durodynecanada.com\/wp-content\/uploads\/Tools_Images\/k6_crimper_2019.jpg\" alt=\"K-6 Crimper 2019\" \/><\/td>\n<\/tr>\n<tr>\n<td width=\"9%\">820331<\/td>\n<td width=\"12%\"><strong>Ressort K-6<\/strong><\/td>\n<td width=\"38%\">Ressort de rechange pour le sertisseur K-6<\/td>\n<td width=\"12%\">MA76050<\/td>\n<td width=\"20%\"><\/td>\n<\/tr>\n<\/tbody>\n<\/table>\n<\/div>\n<h2>Klenk\u00ae KDS-3000 Trancheuse de conduits<\/h2>\n<p>ARR\u00caTEZ de casser votre tournevis ! Le\u00a0<strong>KDS-3000<\/strong>\u00a0tranche en toute s\u00e9curit\u00e9 les gaines m\u00e9talliques et fonctionne parfaitement pour les d\u00e9collages. Le\u00a0<strong>KDS-3000<\/strong>\u00a0peut \u00e9galement \u00eatre utilis\u00e9 comme un levier ou un tournevis ordinaire.<\/p>\n<ul>\n<li>L&rsquo;encoche en biseau sur la pointe permet de percer plus facilement et plus pr\u00e9cis\u00e9ment la t\u00f4le.<\/li>\n<li>Le manche en acier thermotrait\u00e9 am\u00e9lior\u00e9 offre une durabilit\u00e9 et un tranchant plus durable sur la pointe.<\/li>\n<li>La poign\u00e9e ergonomique est profil\u00e9e avec un grip caoutchout\u00e9 sur l&rsquo;ext\u00e9rieur de la poign\u00e9e, ce qui permet aux utilisateurs une prise en main plus confortable et plus s\u00fbre.<\/li>\n<li>Le manche absorbeur de chocs. La structure interne repens\u00e9e et l&#8217;embout en acier renforcent la poign\u00e9e et absorbent les chocs lorsque l&rsquo;outil est frapp\u00e9, r\u00e9duisant ainsi la fatigue de la main.<\/li>\n<li>Longueur totale de 12&Prime;.<\/li>\n<\/ul>\n<div class=\"__reading_mode_table_and_collapse_button_container\">\n<table class=\" __reading_mode_data_table_class\" width=\"100%\">\n<tbody>\n<tr>\n<td width=\"9%\"><strong>Item No.<\/strong><\/td>\n<td width=\"12%\"><strong>Code<\/strong><\/td>\n<td width=\"38%\"><strong>Description<\/strong><\/td>\n<td width=\"12%\"><strong>Klenk No.<\/strong><\/td>\n<td width=\"20%\"><\/td>\n<\/tr>\n<tr>\n<td width=\"9%\">820117<\/td>\n<td width=\"12%\"><strong>KDS-3000<\/strong><\/td>\n<td width=\"38%\">Trancheur de conduit 3000 de 12&Prime; de long<\/td>\n<td width=\"12%\">MA73010<\/td>\n<td width=\"20%\"><img loading=\"lazy\" decoding=\"async\" width=\"200\" height=\"160\" class=\"alignnone wp-image-6346 c008\" src=\"https:\/\/www.durodynecanada.com\/wp-content\/uploads\/Tools_Images\/kds3000a.jpg\" alt=\"KDS3000 Duct Slicer\" \/><\/td>\n<\/tr>\n<\/tbody>\n<\/table>\n<\/div>\n<h2>Klenk\u00ae KDC-5 Coupe-tubes \/ Double coupe<\/h2>\n<ul>\n<li>Coupe les tuyaux ronds, ovales, les tuyaux noirs et les tuyaux de descente.<\/li>\n<li>En poussant la pointe de la lame centrale dans le tuyau, la coupe commence. Cet outil \u00e0 trois lames enl\u00e8ve une trace de 1\/8&Prime;, laissant les deux extr\u00e9mit\u00e9s propres et droites.<\/li>\n<li>L&rsquo;ouverture maximale des m\u00e2choires assure un meilleur mordant &#8211; l&rsquo;ouverture minimale des poign\u00e9es \u00e0 ressort facilite la coupe.<\/li>\n<li>Fabriqu\u00e9 en acier tremp\u00e9 durable et le boulon de pivot tremp\u00e9 assure une longue usure.<\/li>\n<li>Les poign\u00e9es antid\u00e9rapantes sont confortables et s\u00fbres.<\/li>\n<li>Longueur totale 10-1\/2&Prime;, coupe 1-1\/4&Prime;.<\/li>\n<\/ul>\n<div class=\"__reading_mode_table_and_collapse_button_container\">\n<table class=\" __reading_mode_data_table_class\" width=\"100%\">\n<tbody>\n<tr>\n<td width=\"9%\"><strong>Item No.<\/strong><\/td>\n<td width=\"12%\"><strong>Code<\/strong><\/td>\n<td width=\"38%\"><strong>Description<\/strong><\/td>\n<td width=\"12%\"><strong>Klenk No.<\/strong><\/td>\n<td width=\"20%\"><\/td>\n<\/tr>\n<tr>\n<td width=\"9%\">820100<\/td>\n<td width=\"12%\"><strong>KDC-5<\/strong><\/td>\n<td width=\"38%\">Coupe-tube de 10-1\/2&Prime; de long \/ Double coupe<\/td>\n<td width=\"12%\">MA71500<\/td>\n<td width=\"20%\"><img loading=\"lazy\" decoding=\"async\" width=\"250\" height=\"155\" class=\"alignnone wp-image-6386 c008\" src=\"https:\/\/www.durodynecanada.com\/wp-content\/uploads\/Tools_Images\/kdc5_2019.jpg\" alt=\"KDC5 Pipe Cutter 2019\" \/><\/td>\n<\/tr>\n<\/tbody>\n<\/table>\n<\/div>\n<h2>Klenk\u00ae Pince<\/h2>\n<table width=\"100%\">\n<tbody>\n<tr>\n<td width=\"9%\"><strong>Item No.<\/strong><\/td>\n<td width=\"12%\"><strong>Code<\/strong><\/td>\n<td width=\"38%\"><strong>Description<\/strong><\/td>\n<td style=\"text-align: center;\" width=\"12%\"><strong>Klenk No.<\/strong><\/td>\n<td width=\"20%\"><\/td>\n<\/tr>\n<tr>\n<td width=\"9%\">820103<\/td>\n<td width=\"12%\"><strong>KHT<\/strong><\/td>\n<td width=\"38%\">3&Prime; Pince<\/td>\n<td style=\"text-align: center;\" width=\"12%\">DA73000<\/td>\n<td width=\"20%\"><img loading=\"lazy\" decoding=\"async\" class=\"alignnone wp-image-6357\" src=\"https:\/\/www.durodynecanada.com\/wp-content\/uploads\/Tools_Images\/kht.jpg\" alt=\"\" width=\"176\" height=\"59\" \/><\/td>\n<\/tr>\n<tr>\n<td width=\"9%\">820104<\/td>\n<td width=\"12%\"><strong>KHT-3G<\/strong><\/td>\n<td width=\"38%\">3&Prime; Pince avec poigne<\/td>\n<td style=\"text-align: center;\" width=\"12%\">MA73500<\/td>\n<td width=\"20%\"><img loading=\"lazy\" decoding=\"async\" class=\"alignnone wp-image-6358\" src=\"https:\/\/www.durodynecanada.com\/wp-content\/uploads\/Tools_Images\/kht3g.jpg\" alt=\"KHT3G Tongs\" width=\"174\" height=\"55\" \/><\/td>\n<\/tr>\n<\/tbody>\n<\/table>\n","protected":false},"excerpt":{"rendered":"<p>ARTICLES SP\u00c9CIALIS\u00c9S KLENK\u00ae Sertisseur Klenk\u00ae\u00a0K-6 Le mod\u00e8le K-6 est un sertisseur de conduits ronds, de tuyaux en t\u00f4le et de tuyaux de descente. Cet outil r\u00e9duit le diam\u00e8tre de l&rsquo;extr\u00e9mit\u00e9 du tuyau afin de pouvoir l&rsquo;ins\u00e9rer dans un autre tuyau de taille similaire. Le K-6 poss\u00e8de 5 lames et r\u00e9alise des sertissages uniformes et parfaits &hellip;<\/p>\n","protected":false},"author":7,"featured_media":0,"parent":7603,"menu_order":0,"comment_status":"closed","ping_status":"closed","template":"","meta":{"_acf_changed":false,"footnotes":""},"acf":[],"_links":{"self":[{"href":"https:\/\/www.durodynecanada.com\/fr\/wp-json\/wp\/v2\/pages\/7525"}],"collection":[{"href":"https:\/\/www.durodynecanada.com\/fr\/wp-json\/wp\/v2\/pages"}],"about":[{"href":"https:\/\/www.durodynecanada.com\/fr\/wp-json\/wp\/v2\/types\/page"}],"author":[{"embeddable":true,"href":"https:\/\/www.durodynecanada.com\/fr\/wp-json\/wp\/v2\/users\/7"}],"replies":[{"embeddable":true,"href":"https:\/\/www.durodynecanada.com\/fr\/wp-json\/wp\/v2\/comments?post=7525"}],"version-history":[{"count":4,"href":"https:\/\/www.durodynecanada.com\/fr\/wp-json\/wp\/v2\/pages\/7525\/revisions"}],"predecessor-version":[{"id":8960,"href":"https:\/\/www.durodynecanada.com\/fr\/wp-json\/wp\/v2\/pages\/7525\/revisions\/8960"}],"up":[{"embeddable":true,"href":"https:\/\/www.durodynecanada.com\/fr\/wp-json\/wp\/v2\/pages\/7603"}],"wp:attachment":[{"href":"https:\/\/www.durodynecanada.com\/fr\/wp-json\/wp\/v2\/media?parent=7525"}],"curies":[{"name":"wp","href":"https:\/\/api.w.org\/{rel}","templated":true}]}}