{"id":7522,"date":"2019-06-07T15:35:18","date_gmt":"2019-06-07T19:35:18","guid":{"rendered":"https:\/\/www.durodynecanada.com\/products\/klenk-snips\/"},"modified":"2022-06-16T15:13:32","modified_gmt":"2022-06-16T19:13:32","slug":"ciseaux-klenk","status":"publish","type":"page","link":"https:\/\/www.durodynecanada.com\/fr\/nos-produits\/ciseaux-klenk\/","title":{"rendered":"Ciseaux Klenk"},"content":{"rendered":"<h1>OUTILS KLENK<sup>\u00ae<\/sup><\/h1>\n<h2>Mod\u00e8les Klenk\u00ae de ciseaux d&rsquo;aviation de 9-1\/2 pouces<\/h2>\n<p>Les poign\u00e9es plus courtes rendent l&rsquo;outil confortable \u00e0 saisir, \u00e0 tenir et \u00e0 utiliser, m\u00eame dans les endroits difficiles \u00e0 atteindre. Des lames plus petites s&rsquo;ins\u00e8rent plus facilement dans les endroits \u00e9troits pour effectuer les coupes critiques dans des angles difficiles. Construction \u00e0 double action pour une plus grande puissance de coupe avec moins d&rsquo;effort. Le mod\u00e8le pour droitier coupe \u00e0 gauche, le mod\u00e8le pour gaucher coupe \u00e0 droite et le manche jaune coupe les lignes droites et les courbes l\u00e9g\u00e8res.<\/p>\n<table width=\"100%\">\n<tbody>\n<tr>\n<td width=\"9%\"><strong>Item No.<\/strong><\/td>\n<td width=\"12%\"><strong>Code<\/strong><\/td>\n<td width=\"38%\"><strong>Description<\/strong><\/td>\n<td style=\"text-align: center;\" width=\"12%\"><strong>Klenk No.<\/strong><\/td>\n<td width=\"20%\"><\/td>\n<\/tr>\n<tr>\n<td width=\"9%\">820011<\/td>\n<td width=\"12%\"><strong>KJS-1<\/strong><\/td>\n<td width=\"38%\">Couteau d&rsquo;aviation droit de 9-1\/2&Prime; avec coupe de 1-1\/4&Prime; &#8211; coupe \u00e0 gauche<\/td>\n<td style=\"text-align: center;\" width=\"12%\">MA70000<\/td>\n<td width=\"20%\"><img loading=\"lazy\" decoding=\"async\" class=\"alignnone size-full wp-image-6342\" src=\"https:\/\/www.durodynecanada.com\/wp-content\/uploads\/Tools_Images\/kjs1.jpg\" alt=\"KJS1 Snip\" width=\"145\" height=\"51\"><\/td>\n<\/tr>\n<tr>\n<td width=\"9%\">820021<\/td>\n<td width=\"12%\"><strong>KJS-2<\/strong><\/td>\n<td width=\"38%\">Couteau d&rsquo;aviation LH 9-1\/2&Prime; avec coupe 1-1\/4&Prime; &#8211; coupe droite<\/td>\n<td style=\"text-align: center;\" width=\"12%\">MA70010<\/td>\n<td width=\"20%\"><img loading=\"lazy\" decoding=\"async\" class=\"alignnone wp-image-6341 size-full\" src=\"https:\/\/www.durodynecanada.com\/wp-content\/uploads\/Tools_Images\/kjs2.jpg\" alt=\"KJS2 Snip\" width=\"145\" height=\"51\"><\/td>\n<\/tr>\n<tr>\n<td width=\"9%\">820031<\/td>\n<td width=\"12%\"><strong>KJS-3<\/strong><\/td>\n<td width=\"38%\">Couteau d&rsquo;aviation de 9-1\/2&Prime; avec coupe de 1-1\/4&Prime; &#8211; coupe droite<\/td>\n<td style=\"text-align: center;\" width=\"12%\">MA70020<\/td>\n<td width=\"20%\"><img loading=\"lazy\" decoding=\"async\" class=\"alignnone wp-image-6343 size-full\" src=\"https:\/\/www.durodynecanada.com\/wp-content\/uploads\/Tools_Images\/kjs3.jpg\" alt=\"KJS3 Snip\" width=\"145\" height=\"51\"><\/td>\n<\/tr>\n<\/tbody>\n<\/table>\n<p><em><strong>Voir les ressorts de remplacement au bas de cette page.<\/strong><\/em><\/p>\n<h3>Klenk\u00ae Couteau Bulldog<\/h3>\n<ul>\n<li>Poign\u00e9es douces et long levier<\/li>\n<li>Lames et boulons tremp\u00e9s pour un outil durable et de qualit\u00e9 professionnelle.<\/li>\n<li>Lames dentel\u00e9es \u00e0 mors court pour les m\u00e9taux de forte \u00e9paisseur.<\/li>\n<li>Poign\u00e9e ergonomique, conception confortable<\/li>\n<li>Id\u00e9al pour les glissements et les entra\u00eenements en \u00ab\u00a0S\u00a0\u00bb.<\/li>\n<li>Fonctionne bien sur les barres en T utilis\u00e9es dans les plafonds suspendus et sur l&rsquo;aluminium extrud\u00e9 utilis\u00e9 dans les cadres de portes et de fen\u00eatres.<\/li>\n<\/ul>\n<table width=\"100%\">\n<tbody>\n<tr>\n<td width=\"9%\"><strong>Item No.<\/strong><\/td>\n<td width=\"12%\"><strong>Code<\/strong><\/td>\n<td width=\"38%\"><strong>Description<\/strong><\/td>\n<td style=\"text-align: center;\" width=\"12%\"><strong>Klenk No.<\/strong><\/td>\n<td width=\"20%\"><\/td>\n<\/tr>\n<tr>\n<td width=\"9%\">820095<\/td>\n<td width=\"12%\"><strong>KBD<\/strong><\/td>\n<td width=\"38%\">Couteau bulldog de 9-1\/8&Prime; avec coupe de 3\/4&Prime;.<\/td>\n<td style=\"text-align: center;\" width=\"12%\">MA74500<\/td>\n<td width=\"20%\"><img loading=\"lazy\" decoding=\"async\" class=\"alignnone wp-image-6384\" src=\"https:\/\/www.durodynecanada.com\/wp-content\/uploads\/Tools_Images\/kbd_snip_2019.jpg\" alt=\"KBD Snip 2019\" width=\"160\" height=\"90\"><\/td>\n<\/tr>\n<\/tbody>\n<\/table>\n<p><em><strong>Voir les ressorts de remplacement au bas de cette page.<\/strong><\/em><\/p>\n<h2>Mod\u00e8les Klenk\u00ae de ciseaux d&rsquo;aviation de 10-1\/2 pouces<\/h2>\n<p>Construction \u00e0 double action de came pour une plus grande puissance de coupe avec moins d&rsquo;effort. Le mod\u00e8le pour droitiers coupe \u00e0 gauche, le mod\u00e8le pour gauchers coupe \u00e0 droite et la poign\u00e9e jaune coupe les lignes droites et les courbes l\u00e9g\u00e8res.<\/p>\n<table width=\"100%\">\n<tbody>\n<tr>\n<td width=\"9%\"><strong>Item No.<\/strong><\/td>\n<td width=\"12%\"><strong>Code<\/strong><\/td>\n<td width=\"38%\"><strong>Description<\/strong><\/td>\n<td style=\"text-align: center;\" width=\"12%\"><strong>Klenk No.<\/strong><\/td>\n<td width=\"20%\"><\/td>\n<\/tr>\n<tr>\n<td width=\"9%\">820070<\/td>\n<td width=\"12%\"><strong>KDC-1G<\/strong><\/td>\n<td width=\"38%\">Couteau d&rsquo;aviation droit de 10-1\/2&Prime; avec coupe de 1-1\/2&Prime; &#8211; coupe gauche\/droite<\/td>\n<td style=\"text-align: center;\" width=\"12%\">MA70560<\/td>\n<td width=\"20%\"><img loading=\"lazy\" decoding=\"async\" class=\"alignnone wp-image-6379\" src=\"https:\/\/www.durodynecanada.com\/wp-content\/uploads\/Tools_Images\/kdc1g_2019.jpg\" alt=\"KDC-1G RH Snip\" width=\"150\" height=\"89\"><\/td>\n<\/tr>\n<tr>\n<td width=\"9%\">820080<\/td>\n<td width=\"12%\"><strong>KDC-2G<\/strong><\/td>\n<td width=\"38%\">Couteau d&rsquo;aviation 10-1\/2&Prime; LH avec coupe 1-1\/2&Prime; &#8211; coupe droite\/droite<\/td>\n<td style=\"text-align: center;\" width=\"12%\">MA70570<\/td>\n<td width=\"20%\"><img loading=\"lazy\" decoding=\"async\" class=\"alignnone wp-image-6380\" src=\"https:\/\/www.durodynecanada.com\/wp-content\/uploads\/Tools_Images\/kdc2g_2019.jpg\" alt=\"KDC-2G LH Snip\" width=\"151\" height=\"98\"><\/td>\n<\/tr>\n<tr>\n<td width=\"9%\">820090<\/td>\n<td width=\"12%\"><strong>KDC-3G<\/strong><\/td>\n<td width=\"38%\">Couteau d&rsquo;aviation de 10-1\/2 po avec coupe de 1-1\/2 po &#8211; coupe droite\/l\u00e9g\u00e8re courbe<\/td>\n<td style=\"text-align: center;\" width=\"12%\">MA70580<\/td>\n<td width=\"20%\"><img loading=\"lazy\" decoding=\"async\" class=\"alignnone wp-image-6381\" src=\"https:\/\/www.durodynecanada.com\/wp-content\/uploads\/Tools_Images\/kdc3g_2019.jpg\" alt=\"KDC-3G Straight Cut Snip\" width=\"150\" height=\"87\"><\/td>\n<\/tr>\n<\/tbody>\n<\/table>\n<p><strong><em>Voir les ressorts de remplacement au bas de cette page.<\/em><\/strong><\/p>\n<h2>Klenk\u00ae Couteaux d&rsquo;aviation \u00e0 d\u00e9calage<\/h2>\n<p>Le snip le plus <strong>DURABLE<\/strong> est maintenant le plus <strong>CONFORTABLE<\/strong><\/p>\n<p><img loading=\"lazy\" decoding=\"async\" class=\"alignnone wp-image-6350 size-full\" src=\"https:\/\/www.durodynecanada.com\/wp-content\/uploads\/Tools_Images\/kos1_made_in_usa.jpg\" alt=\"KOS Snip Diagram\" width=\"700\" height=\"280\" srcset=\"https:\/\/www.durodynecanada.com\/wp-content\/uploads\/Tools_Images\/kos1_made_in_usa.jpg 700w, https:\/\/www.durodynecanada.com\/wp-content\/uploads\/Tools_Images\/kos1_made_in_usa-600x240.jpg 600w, https:\/\/www.durodynecanada.com\/wp-content\/uploads\/Tools_Images\/kos1_made_in_usa-300x120.jpg 300w, https:\/\/www.durodynecanada.com\/wp-content\/uploads\/Tools_Images\/kos1_made_in_usa-540x216.jpg 540w\" sizes=\"(max-width: 700px) 100vw, 700px\" \/><\/p>\n<ul>\n<li>Les nouvelles poign\u00e9es plus courtes avec un grip plus doux sur la partie sup\u00e9rieure de la poign\u00e9e vous offrent un confort ergonomique, r\u00e9duisant la fatigue des mains.<\/li>\n<li>Les lames en acier alli\u00e9 plus \u00e9paisses augmentent la r\u00e9sistance et la durabilit\u00e9.<\/li>\n<li>La conception unique de la lame plate en fait la cisaille la plus facile \u00e0 tourner.<\/li>\n<li>Le processus de formage am\u00e9lior\u00e9 produit des lames sans contrainte qui r\u00e9sistent \u00e0 la rupture.<\/li>\n<li>Le processus de traitement thermique am\u00e9lior\u00e9 produit des lames plus robustes et plus r\u00e9sistantes \u00e0 l&rsquo;usure.<\/li>\n<li>Les pointes aff\u00fbt\u00e9es avec pr\u00e9cision se rejoignent uniform\u00e9ment pour \u00e9viter les hame\u00e7ons, les bavures et les d\u00e9chirures \u00e0 la fin de chaque coupe.<\/li>\n<\/ul>\n<p><strong>Capacit\u00e9 de coupe : SS de calibre 18 \u00e0 22 (utilisation non recommand\u00e9e pour les coutures)<\/strong><\/p>\n<table width=\"100%\">\n<tbody>\n<tr>\n<td width=\"12%\"><strong>Item No.<\/strong><\/td>\n<td width=\"9%\"><strong>Code<\/strong><\/td>\n<td width=\"38%\"><strong>Description<\/strong><\/td>\n<td style=\"text-align: center;\" width=\"12%\"><strong>Klenk No.<\/strong><\/td>\n<td width=\"29%\"><\/td>\n<\/tr>\n<tr>\n<td style=\"text-align: left;\" width=\"12%\">820075<\/td>\n<td width=\"9%\"><strong>KOS-1<\/strong><\/td>\n<td width=\"38%\">Couteau d\u00e9port\u00e9 10-1\/2&Prime; RH avec coupe 1-3\/8&Prime; &#8211; coupe \u00e0 gauche\/coupe droite<\/td>\n<td style=\"text-align: center;\" width=\"12%\">MA75200<\/td>\n<td width=\"29%\"><img loading=\"lazy\" decoding=\"async\" class=\"alignnone wp-image-6351\" src=\"https:\/\/www.durodynecanada.com\/wp-content\/uploads\/Tools_Images\/kos1.jpg\" alt=\"KOS1 Offset Snip\" width=\"155\" height=\"124\"><img loading=\"lazy\" decoding=\"async\" class=\"alignnone wp-image-6352 size-full\" src=\"https:\/\/www.durodynecanada.com\/wp-content\/uploads\/Tools_Images\/klenk_offset_left_arrow.jpg\" alt=\"Left Straight Cut Arrow\" width=\"46\" height=\"50\"><\/td>\n<\/tr>\n<tr>\n<td style=\"text-align: left;\" width=\"12%\">820085<\/td>\n<td width=\"9%\"><strong>KOS-2<\/strong><\/td>\n<td width=\"38%\">Couteau d\u00e9port\u00e9 de 10-1\/2&Prime; LH avec coupe de 1-3\/8&Prime; &#8211; coupe droite\/coupe droite<\/td>\n<td style=\"text-align: center;\" width=\"12%\">MA75210<\/td>\n<td width=\"29%\"><img loading=\"lazy\" decoding=\"async\" class=\"alignnone wp-image-6353\" src=\"https:\/\/www.durodynecanada.com\/wp-content\/uploads\/Tools_Images\/kos2.jpg\" alt=\"KOS2 Offset Snip\" width=\"155\" height=\"124\"><img loading=\"lazy\" decoding=\"async\" class=\"alignnone wp-image-6354 size-full\" src=\"https:\/\/www.durodynecanada.com\/wp-content\/uploads\/Tools_Images\/klenk_offset_right_arrow.jpg\" alt=\"Right Straight Cut Arrow\" width=\"46\" height=\"50\"><\/td>\n<\/tr>\n<\/tbody>\n<\/table>\n<h2>Ressorts de remplacement pour ciseaux<\/h2>\n<table width=\"100%\">\n<tbody>\n<tr>\n<td width=\"9%\"><strong>Item No.<\/strong><\/td>\n<td width=\"12%\"><strong>Code<\/strong><\/td>\n<td width=\"38%\"><strong>Description<\/strong><\/td>\n<td style=\"text-align: center;\" width=\"12%\"><strong>Klenk No.<\/strong><\/td>\n<td width=\"20%\"><\/td>\n<\/tr>\n<tr>\n<td width=\"9%\">820211<\/td>\n<td width=\"12%\"><strong>Ressort RH<\/strong><\/td>\n<td width=\"38%\">Ressort droit &#8211; coupe droite et gauche &#8211; pour les ciseaux \u00e0 poign\u00e9e rouge et jaune &#8211; mod\u00e8les : <strong>KJS1, KJS3, KDC1G, KDC3G, KBD &amp; KDC5<\/strong><\/td>\n<td style=\"text-align: center;\" width=\"12%\">MA76000<\/td>\n<td width=\"20%\"><img loading=\"lazy\" decoding=\"async\" class=\"alignnone wp-image-6382 size-full\" src=\"https:\/\/www.durodynecanada.com\/wp-content\/uploads\/Tools_Images\/rh_spring_ma76000.jpg\" alt=\"RH Spring 820211\" width=\"95\" height=\"85\"><\/td>\n<\/tr>\n<tr>\n<td width=\"9%\">820221<\/td>\n<td width=\"12%\"><strong>Ressort LH<\/strong><\/td>\n<td width=\"38%\">Ressort gauche &#8211; coupe droite &#8211; pour les ciseaux \u00e0 manche vert.<br \/>\nMod\u00e8les : <strong>KJS2, KDC2G<\/strong><\/td>\n<td style=\"text-align: center;\" width=\"12%\">MA76010<\/td>\n<td width=\"20%\"><img loading=\"lazy\" decoding=\"async\" class=\"alignnone wp-image-6383 size-full\" src=\"https:\/\/www.durodynecanada.com\/wp-content\/uploads\/Tools_Images\/lh_spring_ma76010.jpg\" alt=\"LH Spring 820221\" width=\"101\" height=\"85\"><\/td>\n<\/tr>\n<tr>\n<td width=\"9%\">820331<\/td>\n<td width=\"12%\"><strong>Ressort K-6<\/strong><\/td>\n<td width=\"38%\">Ressort de remplacement pour la pince de serrage K-6<\/td>\n<td style=\"text-align: center;\" width=\"12%\">MA76050<\/td>\n<td width=\"20%\"><\/td>\n<\/tr>\n<\/tbody>\n<\/table>\n","protected":false},"excerpt":{"rendered":"<p>OUTILS KLENK\u00ae Mod\u00e8les Klenk\u00ae de ciseaux d&rsquo;aviation de 9-1\/2 pouces Les poign\u00e9es plus courtes rendent l&rsquo;outil confortable \u00e0 saisir, \u00e0 tenir et \u00e0 utiliser, m\u00eame dans les endroits difficiles \u00e0 atteindre. Des lames plus petites s&rsquo;ins\u00e8rent plus facilement dans les endroits \u00e9troits pour effectuer les coupes critiques dans des angles difficiles. Construction \u00e0 double action &hellip;<\/p>\n","protected":false},"author":7,"featured_media":0,"parent":7603,"menu_order":0,"comment_status":"closed","ping_status":"closed","template":"","meta":{"_acf_changed":false,"footnotes":""},"acf":[],"_links":{"self":[{"href":"https:\/\/www.durodynecanada.com\/fr\/wp-json\/wp\/v2\/pages\/7522"}],"collection":[{"href":"https:\/\/www.durodynecanada.com\/fr\/wp-json\/wp\/v2\/pages"}],"about":[{"href":"https:\/\/www.durodynecanada.com\/fr\/wp-json\/wp\/v2\/types\/page"}],"author":[{"embeddable":true,"href":"https:\/\/www.durodynecanada.com\/fr\/wp-json\/wp\/v2\/users\/7"}],"replies":[{"embeddable":true,"href":"https:\/\/www.durodynecanada.com\/fr\/wp-json\/wp\/v2\/comments?post=7522"}],"version-history":[{"count":3,"href":"https:\/\/www.durodynecanada.com\/fr\/wp-json\/wp\/v2\/pages\/7522\/revisions"}],"predecessor-version":[{"id":8295,"href":"https:\/\/www.durodynecanada.com\/fr\/wp-json\/wp\/v2\/pages\/7522\/revisions\/8295"}],"up":[{"embeddable":true,"href":"https:\/\/www.durodynecanada.com\/fr\/wp-json\/wp\/v2\/pages\/7603"}],"wp:attachment":[{"href":"https:\/\/www.durodynecanada.com\/fr\/wp-json\/wp\/v2\/media?parent=7522"}],"curies":[{"name":"wp","href":"https:\/\/api.w.org\/{rel}","templated":true}]}}