{"id":7519,"date":"2019-06-07T15:34:49","date_gmt":"2019-06-07T19:34:49","guid":{"rendered":"https:\/\/www.durodynecanada.com\/products\/klenk-tools\/"},"modified":"2022-10-12T15:29:04","modified_gmt":"2022-10-12T19:29:04","slug":"outils-klenk","status":"publish","type":"page","link":"https:\/\/www.durodynecanada.com\/fr\/nos-produits\/outils-klenk\/","title":{"rendered":"Klenk &#8211; Outils"},"content":{"rendered":"<h1>KLENK<sup>\u00ae<\/sup> OUTILS<\/h1>\n<p><img loading=\"lazy\" decoding=\"async\" class=\"wp-image-6389 alignnone\" src=\"https:\/\/www.durodynecanada.com\/wp-content\/uploads\/2019\/06\/KLENK-LOGO-300x243.jpg\" alt=\"KLENK Logo\" width=\"175\" height=\"142\" \/><\/p>\n<h2>Cisailles, cisailles et outils sp\u00e9ciaux pour conduits d&rsquo;aviation<\/h2>\n<p><strong>Une tradition de qualit\u00e9<\/strong><\/p>\n<p>Karl Klenk est l&rsquo;inventeur des ciseaux d&rsquo;aviation. En 1934, il a fond\u00e9 la soci\u00e9t\u00e9 sous son propre nom et a commenc\u00e9 \u00e0 fabriquer ces outils \u00e0 main uniques et utiles.<br \/>\nDe nouveaux outils pour diverses applications ont \u00e9t\u00e9 ajout\u00e9s pour r\u00e9pondre \u00e0 l&rsquo;\u00e9volution des besoins.<\/p>\n<p>Depuis plus de 66 ans, l&rsquo;entreprise r\u00e9pond aux besoins des artisans en concevant et en fabriquant uniquement des outils de qualit\u00e9 industrielle sup\u00e9rieure.<\/p>\n<p>Aujourd&rsquo;hui, <strong>Klenk Industries Inc.<\/strong> poursuit cette tradition en fabriquant le type de produits qui font de <strong>KLENKS\u00ae<\/strong> le leader de qualit\u00e9 reconnu dans l&rsquo;industrie.<\/p>\n<p>S\u00e9lectionnez l&rsquo;un des liens ci-dessous (en <span style=\"color: #3b8dd4;\"><strong>bleu<\/strong><\/span>) pour acc\u00e9der aux pages des ciseaux, cisailles ou outils pour conduits \/ articles sp\u00e9cialis\u00e9s <strong>KLENKS\u00ae<\/strong>.<\/p>\n<p><img loading=\"lazy\" decoding=\"async\" class=\"alignnone wp-image-6342 size-full\" src=\"https:\/\/www.durodynecanada.com\/wp-content\/uploads\/Tools_Images\/kjs1.jpg\" alt=\"\" width=\"145\" height=\"51\" \/> <img loading=\"lazy\" decoding=\"async\" class=\"alignnone size-full wp-image-6381\" src=\"https:\/\/www.durodynecanada.com\/wp-content\/uploads\/Tools_Images\/kdc3g_2019.jpg\" alt=\"KDC-3G Straight Cut Snip\" width=\"192\" height=\"111\" \/> <img loading=\"lazy\" decoding=\"async\" class=\"alignnone size-full wp-image-6351\" src=\"https:\/\/www.durodynecanada.com\/wp-content\/uploads\/Tools_Images\/kos1.jpg\" alt=\"KOS1 Offset Snip\" width=\"200\" height=\"160\" \/> <img loading=\"lazy\" decoding=\"async\" class=\"alignnone wp-image-6384 size-full\" src=\"https:\/\/www.durodynecanada.com\/wp-content\/uploads\/Tools_Images\/kbd_snip_2019.jpg\" alt=\"KBD Snip 2019\" width=\"192\" height=\"108\" \/><\/p>\n<p><a href=\"https:\/\/www.durodynecanada.com?page_id=4350\"><strong>AVIATION SNIPS<\/strong> <\/a> 9-1\/2&Prime;, 10-1\/2&Prime; (<strong>KJS, KDC<\/strong>), Offset Snips (<strong>KOS<\/strong>), Bulldog Snips (<strong>KBD<\/strong>)<\/p>\n<p><img loading=\"lazy\" decoding=\"async\" class=\"alignnone wp-image-6374\" src=\"https:\/\/www.durodynecanada.com\/wp-content\/uploads\/Tools_Images\/kts7_2019.jpg\" alt=\"KTS-7 7&quot; Klenk Tinner's Shear\" width=\"101\" height=\"50\" \/> <img loading=\"lazy\" decoding=\"async\" class=\"alignnone wp-image-6375\" src=\"https:\/\/www.durodynecanada.com\/wp-content\/uploads\/Tools_Images\/kts10_2019.jpg\" alt=\"KTS-10 10&quot; Klenk Tinner's Shear\" width=\"120\" height=\"55\" \/> <img loading=\"lazy\" decoding=\"async\" class=\"alignnone wp-image-6376\" src=\"https:\/\/www.durodynecanada.com\/wp-content\/uploads\/Tools_Images\/kts12_2019.jpg\" alt=\"KTS-12 12&quot; Klenk Tinner's Shear\" width=\"140\" height=\"55\" \/> <img loading=\"lazy\" decoding=\"async\" class=\"alignnone wp-image-6377\" src=\"https:\/\/www.durodynecanada.com\/wp-content\/uploads\/Tools_Images\/kts14_2019.jpg\" alt=\"KTS-14 14&quot; Klenk Tinner's Shear\" width=\"164\" height=\"57\" \/> <img loading=\"lazy\" decoding=\"async\" class=\"alignnone wp-image-6378\" src=\"https:\/\/www.durodynecanada.com\/wp-content\/uploads\/Tools_Images\/kts16_2019-300x106.jpg\" alt=\"KTS-16 16&quot; Klenk Bulldog Shear\" width=\"189\" height=\"67\" srcset=\"https:\/\/www.durodynecanada.com\/wp-content\/uploads\/Tools_Images\/kts16_2019-300x106.jpg 300w, https:\/\/www.durodynecanada.com\/wp-content\/uploads\/Tools_Images\/kts16_2019.jpg 322w\" sizes=\"(max-width: 189px) 100vw, 189px\" \/><\/p>\n<p><a href=\"https:\/\/www.durodynecanada.com?page_id=4402\"><strong>PROFESSIONAL TINNER&rsquo;S SHEARS<\/strong> (<strong>KTS<\/strong>)<\/a> disponible en 7, 10, 12, 14 &amp; 16 pouces.<\/p>\n<p><img loading=\"lazy\" decoding=\"async\" class=\"alignnone wp-image-6385\" src=\"https:\/\/www.durodynecanada.com\/wp-content\/uploads\/Tools_Images\/k6_crimper_2019.jpg\" alt=\"\" width=\"150\" height=\"114\" \/> <img loading=\"lazy\" decoding=\"async\" class=\"alignnone wp-image-6346\" src=\"https:\/\/www.durodynecanada.com\/wp-content\/uploads\/Tools_Images\/kds3000a.jpg\" alt=\"KDS3000 Duct Slicer\" width=\"140\" height=\"112\" \/> <img loading=\"lazy\" decoding=\"async\" class=\"alignnone wp-image-6386\" src=\"https:\/\/www.durodynecanada.com\/wp-content\/uploads\/Tools_Images\/kdc5_2019.jpg\" alt=\"\" width=\"150\" height=\"93\" \/> <img loading=\"lazy\" decoding=\"async\" class=\"alignnone wp-image-6356 size-full\" src=\"https:\/\/www.durodynecanada.com\/wp-content\/uploads\/Tools_Images\/ksm3.jpg\" alt=\"KSM3 Seamer\" width=\"155\" height=\"63\" \/> <img loading=\"lazy\" decoding=\"async\" class=\"alignnone wp-image-6388\" src=\"https:\/\/www.durodynecanada.com\/wp-content\/uploads\/Tools_Images\/knhr_notcher_2019.jpg\" alt=\"KNHR Notcher 2019\" width=\"150\" height=\"110\" \/> <img loading=\"lazy\" decoding=\"async\" class=\"alignnone size-full wp-image-6332\" src=\"https:\/\/www.durodynecanada.com\/wp-content\/uploads\/Tools_Images\/kdst_duct_stretcher.jpg\" alt=\"KDST Offset Duct Stretcher\" width=\"155\" height=\"85\" \/><\/p>\n<p><strong><a href=\"https:\/\/www.durodynecanada.com?page_id=4439\">KLENK<span style=\"font-size: medium;\"><sup>\u00ae<\/sup><\/span> SPECIALTY ITEMS<\/a><br \/>\n<\/strong>comprend la pince <strong>(K6)<\/strong>, le trancheur de gaines <strong>(KDS3000)<\/strong>, le coupe-tube <strong>(KDC5)<\/strong>, les pinces <strong>(KHT et KHT3G),<\/strong>\u00a0l&rsquo;encocheuse <strong>(KNHR)<\/strong> et le tendeur de gaines <strong>(KDST)<\/strong>.<\/p>\n","protected":false},"excerpt":{"rendered":"<p>KLENK\u00ae OUTILS Cisailles, cisailles et outils sp\u00e9ciaux pour conduits d&rsquo;aviation Une tradition de qualit\u00e9 Karl Klenk est l&rsquo;inventeur des ciseaux d&rsquo;aviation. En 1934, il a fond\u00e9 la soci\u00e9t\u00e9 sous son propre nom et a commenc\u00e9 \u00e0 fabriquer ces outils \u00e0 main uniques et utiles. De nouveaux outils pour diverses applications ont \u00e9t\u00e9 ajout\u00e9s pour r\u00e9pondre &hellip;<\/p>\n","protected":false},"author":7,"featured_media":0,"parent":7603,"menu_order":0,"comment_status":"closed","ping_status":"closed","template":"","meta":{"_acf_changed":false,"footnotes":""},"acf":[],"_links":{"self":[{"href":"https:\/\/www.durodynecanada.com\/fr\/wp-json\/wp\/v2\/pages\/7519"}],"collection":[{"href":"https:\/\/www.durodynecanada.com\/fr\/wp-json\/wp\/v2\/pages"}],"about":[{"href":"https:\/\/www.durodynecanada.com\/fr\/wp-json\/wp\/v2\/types\/page"}],"author":[{"embeddable":true,"href":"https:\/\/www.durodynecanada.com\/fr\/wp-json\/wp\/v2\/users\/7"}],"replies":[{"embeddable":true,"href":"https:\/\/www.durodynecanada.com\/fr\/wp-json\/wp\/v2\/comments?post=7519"}],"version-history":[{"count":4,"href":"https:\/\/www.durodynecanada.com\/fr\/wp-json\/wp\/v2\/pages\/7519\/revisions"}],"predecessor-version":[{"id":8715,"href":"https:\/\/www.durodynecanada.com\/fr\/wp-json\/wp\/v2\/pages\/7519\/revisions\/8715"}],"up":[{"embeddable":true,"href":"https:\/\/www.durodynecanada.com\/fr\/wp-json\/wp\/v2\/pages\/7603"}],"wp:attachment":[{"href":"https:\/\/www.durodynecanada.com\/fr\/wp-json\/wp\/v2\/media?parent=7519"}],"curies":[{"name":"wp","href":"https:\/\/api.w.org\/{rel}","templated":true}]}}