{"id":7516,"date":"2019-06-06T14:13:01","date_gmt":"2019-06-06T18:13:01","guid":{"rendered":"https:\/\/www.durodynecanada.com\/products\/hvac-tools\/"},"modified":"2022-06-16T15:39:13","modified_gmt":"2022-06-16T19:39:13","slug":"outils-hvac","status":"publish","type":"page","link":"https:\/\/www.durodynecanada.com\/fr\/nos-produits\/outils-hvac\/","title":{"rendered":"Outils HVAC"},"content":{"rendered":"<h1>OUTILS HVAC<\/h1>\n<h2>Outils pneumatiques<\/h2>\n<p>Le<strong> Duro Air Gun (DAG)<\/strong>&nbsp;est un produit polyvalent utilis\u00e9 pour r\u00e9duire l&rsquo;effort des travaux de ferblanterie qui demandent beaucoup de travail, comme la fermeture des verrous Pittsburgh, le \u00a0\u00bb verrouillage \u00a0\u00bb de la palette sur le rail et l&rsquo;insertion des verrous de tige dans le conduit.<\/p>\n<p>Le Duro Air Gun <strong>(DAG)<\/strong> est vendu sans embout et utilise 90 PSI. Veuillez consulter ci-dessous les quatre embouts innovants, en attente de brevet, qui sont disponibles et les capacit\u00e9s qu&rsquo;ils offrent.<br \/>\n<a href=\"https:\/\/www.durodynecanada.com\/products\/air-tools\/\">For more information on Air Tools, click here.<\/a><\/p>\n<p><img loading=\"lazy\" decoding=\"async\" class=\"alignnone size-full wp-image-6202\" src=\"https:\/\/www.durodynecanada.com\/wp-content\/uploads\/D-MATE_Pics\/airgun.jpg\" alt=\"Duro Dyne Air Gun\" width=\"269\" height=\"230\"><\/p>\n<table width=\"100%\">\n<tbody>\n<tr>\n<td width=\"9%\"><strong>Item No.<\/strong><\/td>\n<td width=\"12%\"><strong>Code<\/strong><\/td>\n<td width=\"38%\"><strong>Description<\/strong><\/td>\n<td width=\"12%\"><strong>Qt\u00e9 par Pqt<\/strong><\/td>\n<\/tr>\n<tr>\n<td width=\"15%\">13113<\/td>\n<td width=\"9%\"><strong>DAG<\/strong><\/td>\n<td width=\"14%\">Duro Air Gun<\/td>\n<td style=\"text-align: center;\" width=\"12%\">1<\/td>\n<\/tr>\n<\/tbody>\n<\/table>\n<p><strong>D\u00e9monstration des outils pneumatiques Duro Dyne HVAC<\/strong><br \/>\n<iframe loading=\"lazy\" src=\"https:\/\/www.youtube.com\/embed\/IwNkjtFMCJI\" width=\"400\" height=\"300\" frameborder=\"0\" allowfullscreen=\"allowfullscreen\"><\/iframe><\/p>\n<h2>Outil \u00e0 cliquet \u00e0 goupille magn\u00e9tique de 9 pouces<\/h2>\n<p>L&rsquo;outil \u00e0 cliquet \u00e0 goupille de d\u00e9rive magn\u00e9tique de 9&Prime; est id\u00e9al pour l&rsquo;installation de conduits. L&rsquo;extr\u00e9mit\u00e9 de la goupille de d\u00e9rive de 9 vous permet d&rsquo;aligner facilement deux coins dans un raccord \u00e0 bride. Le cliquet r\u00e9versible de 9\/16 r\u00e9versible permet de serrer et de desserrer facilement les \u00e9crous et boulons standard de 3\/8&Prime; couramment utilis\u00e9s dans les raccords \u00e0 bride. 3\/8&Prime; couramment utilis\u00e9s dans les raccords \u00e0 brides. Un aimant robuste \u00e0 l&rsquo;int\u00e9rieur de l&rsquo;outil l&rsquo;outil le fixe solidement aux conduits lorsqu&rsquo;il n&rsquo;est pas utilis\u00e9, afin qu&rsquo;il soit toujours \u00e0 port\u00e9e de main. o\u00f9 vous en avez besoin \u00e0 tout moment.<\/p>\n<p><img loading=\"lazy\" decoding=\"async\" class=\"alignnone wp-image-6519 size-full\" src=\"https:\/\/www.durodynecanada.com\/wp-content\/uploads\/D-MATE_Pics\/ratchettool_2019.jpg\" alt=\"Ratchet Tool Diagram Image 2019\" width=\"611\" height=\"512\" srcset=\"https:\/\/www.durodynecanada.com\/wp-content\/uploads\/D-MATE_Pics\/ratchettool_2019.jpg 611w, https:\/\/www.durodynecanada.com\/wp-content\/uploads\/D-MATE_Pics\/ratchettool_2019-600x503.jpg 600w, https:\/\/www.durodynecanada.com\/wp-content\/uploads\/D-MATE_Pics\/ratchettool_2019-300x251.jpg 300w, https:\/\/www.durodynecanada.com\/wp-content\/uploads\/D-MATE_Pics\/ratchettool_2019-540x453.jpg 540w\" sizes=\"(max-width: 611px) 100vw, 611px\" \/><\/p>\n<table width=\"100%\">\n<tbody>\n<tr>\n<td width=\"9%\"><strong>Item No.<\/strong><\/td>\n<td width=\"12%\"><strong>Code<\/strong><\/td>\n<td width=\"38%\"><strong>Description<\/strong><\/td>\n<td style=\"text-align: center;\" width=\"12%\"><strong>Qt\u00e9 par Pqt<\/strong><\/td>\n<\/tr>\n<tr>\n<td width=\"15%\">13289<\/td>\n<td width=\"9%\"><strong>MDPR916<\/strong><\/td>\n<td width=\"14%\">Outil \u00e0 cliquet \u00e0 goupille magn\u00e9tique de 9 pouces<\/td>\n<td style=\"text-align: center;\" width=\"12%\">1<\/td>\n<\/tr>\n<tr>\n<td width=\"15%\">13107<\/td>\n<td width=\"9%\"><strong>MWI916<\/strong><\/td>\n<td width=\"14%\">Insert pour cl\u00e9 magn\u00e9tique 9\/16<\/td>\n<td style=\"text-align: center;\" width=\"12%\">1<\/td>\n<\/tr>\n<\/tbody>\n<\/table>\n<p><a href=\"https:\/\/www.durodynecanada.com\/wp-content\/uploads\/D-MATE_Pdf\/ratchettool_litsheet_09_2019.pdf\">9&Prime; Magnetic Drift Pin Ratchet Tool Literature Sheet<\/a><\/p>\n<p>L&rsquo;outil Ratchel 9&Prime; Magnetic Drift Pin en utilisation<br \/>\n<iframe loading=\"lazy\" src=\"https:\/\/www.youtube.com\/embed\/8KqMI6S_2qM\" width=\"400\" height=\"300\" frameborder=\"0\" allowfullscreen=\"allowfullscreen\"><\/iframe><\/p>\n<h2>Outil d&rsquo;ouverture de serrure Pittsburgh<\/h2>\n<p><strong>L&rsquo;outil d&rsquo;ouverture de serrure MPOTSA Pittsburgh<\/strong> est utilis\u00e9 pour ouvrir un joint longitudinal utilis\u00e9 dans la fabrication de gaines en t\u00f4le.<\/p>\n<p><img loading=\"lazy\" decoding=\"async\" class=\"alignnone size-medium wp-image-6474\" src=\"https:\/\/www.durodynecanada.com\/wp-content\/uploads\/Tools_Images\/mpotsa_pittsbrg_tool-300x140.jpg\" alt=\"MPOTSA Pittsburgh Lock Tool\" width=\"300\" height=\"140\" srcset=\"https:\/\/www.durodynecanada.com\/wp-content\/uploads\/Tools_Images\/mpotsa_pittsbrg_tool-300x140.jpg 300w, https:\/\/www.durodynecanada.com\/wp-content\/uploads\/Tools_Images\/mpotsa_pittsbrg_tool-600x279.jpg 600w, https:\/\/www.durodynecanada.com\/wp-content\/uploads\/Tools_Images\/mpotsa_pittsbrg_tool-768x357.jpg 768w, https:\/\/www.durodynecanada.com\/wp-content\/uploads\/Tools_Images\/mpotsa_pittsbrg_tool-1024x477.jpg 1024w, https:\/\/www.durodynecanada.com\/wp-content\/uploads\/Tools_Images\/mpotsa_pittsbrg_tool-540x251.jpg 540w, https:\/\/www.durodynecanada.com\/wp-content\/uploads\/Tools_Images\/mpotsa_pittsbrg_tool.jpg 1130w\" sizes=\"(max-width: 300px) 100vw, 300px\" \/><\/p>\n<table width=\"100%\">\n<tbody>\n<tr>\n<td width=\"9%\"><strong>Item No.<\/strong><\/td>\n<td width=\"12%\"><strong>Code<\/strong><\/td>\n<td width=\"38%\"><strong>Description<\/strong><\/td>\n<td width=\"12%\"><strong>Qt\u00e9 par Pqt<\/strong><\/td>\n<\/tr>\n<tr>\n<td width=\"15%\">10069<\/td>\n<td width=\"9%\"><strong>MPOTSA<\/strong><\/td>\n<td width=\"14%\">L&rsquo;outil d&rsquo;ouverture de serrure MPOTSA Pittsburgh<\/td>\n<td style=\"text-align: center;\" width=\"12%\">1<\/td>\n<\/tr>\n<\/tbody>\n<\/table>\n<p><a href=\"https:\/\/www.durodynecanada.com\/wp-content\/uploads\/Tools_Pdf\/mpotsa_pittsbrg_tool_litsheet.pdf\">Pittsburgh Lock Opening Tool Literature Sheet<\/a><\/p>\n<h2>Outil magn\u00e9tique universel pour les taquets<\/h2>\n<p>Installez le taquet de finition rapidement et facilement avec l&rsquo;outil magn\u00e9tique universel UMCT2. L&rsquo;outil permet de serrer la gaine tout en installant le tasseau et en cr\u00e9ant un joint rapide, facile et propre sur les connexions de gaines de toutes tailles.<\/p>\n<ul>\n<li>2 aimants sur l&rsquo;outil<\/li>\n<li>Installe tous les types de crampons Duro Dyne.<\/li>\n<li>Jaune haute visibilit\u00e9 pour trouver facilement l&rsquo;outil dont vous avez besoin<\/li>\n<li>L&rsquo;extr\u00e9mit\u00e9 du manche de l&rsquo;outil aide \u00e0 retirer le taquet de la gaine.<\/li>\n<li>Nouveau design l\u00e9ger<\/li>\n<\/ul>\n<p><img loading=\"lazy\" decoding=\"async\" class=\"alignnone size-full wp-image-6242\" src=\"https:\/\/www.durodynecanada.com\/wp-content\/uploads\/D-MATE_Pics\/cleattool_magnetic_yellow.jpg\" alt=\"Universal Magnetic Cleat Tool\" width=\"295\" height=\"154\"><\/p>\n<table width=\"100%\">\n<tbody>\n<tr>\n<td width=\"9%\"><strong>Item No.<\/strong><\/td>\n<td width=\"12%\"><strong>Code<\/strong><\/td>\n<td width=\"38%\"><strong>Description<\/strong><\/td>\n<td width=\"12%\"><strong>Qt\u00e9 par Pqt<\/strong><\/td>\n<\/tr>\n<tr>\n<td width=\"15%\">13124<\/td>\n<td width=\"9%\"><strong>UMCT2<\/strong><\/td>\n<td width=\"14%\">Outil magn\u00e9tique universel pour les taquets<\/td>\n<td style=\"text-align: center;\" width=\"12%\">1<\/td>\n<\/tr>\n<\/tbody>\n<\/table>\n<p><a href=\"https:\/\/www.durodynecanada.com\/wp-content\/uploads\/D-MATE_Pdf\/cleattool_litsheet.pdf\">Universal Magnetic Cleat Tool Literature Sheet<\/a><\/p>\n<p>L&rsquo;outil magn\u00e9tique universel pour taquets en cours d&rsquo;utilisation<br \/>\n<iframe loading=\"lazy\" src=\"https:\/\/www.youtube.com\/embed\/ordENgivJoE\" width=\"400\" height=\"300\" frameborder=\"0\" allowfullscreen=\"allowfullscreen\"><\/iframe><\/p>\n<h2>Outil pour taquet &#8211; Deluxe<\/h2>\n<p>Installez le taquet de finition rapidement et facilement. Le <strong>DCTDOM Cleat Tool Deluxe<\/strong> tire sur la gaine tout en installant le taquet et en cr\u00e9ant un joint rapide, facile et propre sur les connexions de gaines de plus de 48&Prime;.<\/p>\n<p><img loading=\"lazy\" decoding=\"async\" class=\"alignnone wp-image-6241 size-full\" src=\"https:\/\/www.durodynecanada.com\/wp-content\/uploads\/D-MATE_Pics\/cleattool_deluxe.jpg\" alt=\"Cleat Tool - Deluxe\" width=\"295\" height=\"154\"><\/p>\n<table width=\"100%\">\n<tbody>\n<tr>\n<td width=\"9%\"><strong>Item No.<\/strong><\/td>\n<td width=\"12%\"><strong>Code<\/strong><\/td>\n<td width=\"38%\"><strong>Description<\/strong><\/td>\n<td width=\"12%\"><strong>Qt\u00e9 par Pqt<\/strong><\/td>\n<\/tr>\n<tr>\n<td width=\"15%\">21051<\/td>\n<td width=\"9%\"><strong>DCTDOM<\/strong><\/td>\n<td width=\"14%\">Outil pour taquet deluxe<\/td>\n<td style=\"text-align: center;\" width=\"12%\">1<\/td>\n<\/tr>\n<\/tbody>\n<\/table>\n<h2>S\u00e9parateur d&rsquo;aubes<\/h2>\n<p align=\"LEFT\">L&rsquo;outil manuel Duro Dyne <strong>DOM6 Vane Dimpler<\/strong> est un moyen rapide et facile de fixer les ailettes aux rails.<\/p>\n<ul>\n<li>Remplace la soudure par points, le burinage ou d&rsquo;autres m\u00e9thodes peu pratiques et fastidieuses.<\/li>\n<li>Le <strong>DOM6 Vane Dimpler<\/strong> peut \u00eatre utilis\u00e9 sur l&rsquo;ailette avant ou apr\u00e8s son placement sur le rail. D&rsquo;une mani\u00e8re ou d&rsquo;une autre, elle est bien fix\u00e9e!<\/li>\n<li>Aucun autre outil ou \u00e9quipement de soudage n&rsquo;est n\u00e9cessaire.<\/li>\n<\/ul>\n<p><img loading=\"lazy\" decoding=\"async\" class=\"alignnone size-full wp-image-6243\" src=\"https:\/\/www.durodynecanada.com\/wp-content\/uploads\/D-MATE_Pics\/vanedimpler_21062.jpg\" alt=\"Vane Dimpler\" width=\"295\" height=\"133\"> <img loading=\"lazy\" decoding=\"async\" class=\"alignnone wp-image-6308\" src=\"https:\/\/www.durodynecanada.com\/wp-content\/uploads\/D-MATE_Pics\/vanedimpler_inuse-232x300.jpg\" alt=\"Vane Dimpler in use\" width=\"175\" height=\"226\" srcset=\"https:\/\/www.durodynecanada.com\/wp-content\/uploads\/D-MATE_Pics\/vanedimpler_inuse-232x300.jpg 232w, https:\/\/www.durodynecanada.com\/wp-content\/uploads\/D-MATE_Pics\/vanedimpler_inuse.jpg 338w\" sizes=\"(max-width: 175px) 100vw, 175px\" \/><\/p>\n<table width=\"100%\">\n<tbody>\n<tr>\n<td width=\"9%\"><strong>Item No.<\/strong><\/td>\n<td width=\"12%\"><strong>Code<\/strong><\/td>\n<td width=\"38%\"><strong>Description<\/strong><\/td>\n<td width=\"12%\"><strong>Qt\u00e9 par Pqt<\/strong><\/td>\n<\/tr>\n<tr>\n<td width=\"15%\">21062<\/td>\n<td width=\"9%\"><strong>DOM6<\/strong><\/td>\n<td width=\"14%\">S\u00e9parateur d&rsquo;aubes<\/td>\n<td style=\"text-align: center;\" width=\"12%\">1<\/td>\n<\/tr>\n<\/tbody>\n<\/table>\n<p><a href=\"https:\/\/www.durodynecanada.com\/wp-content\/uploads\/D-MATE_Pdf\/vanedimpler_litsheet.pdf\">Vane Dimpler Literature Sheet<\/a><\/p>\n<h2>Outil de sertissage<\/h2>\n<p><strong>L&rsquo;outil de sertissage DOMCRMP<\/strong> de Dyn-O-Mate installe l&rsquo;angle <strong>TDC<\/strong> ou <strong>TDF<\/strong> et sertit le bord pour maintenir l&rsquo;angle en place.<\/p>\n<p><img loading=\"lazy\" decoding=\"async\" class=\"alignnone wp-image-6240 size-full\" src=\"https:\/\/www.durodynecanada.com\/wp-content\/uploads\/D-MATE_Pics\/crimpertool_21072.jpg\" alt=\"\" width=\"295\" height=\"133\"><\/p>\n<table width=\"100%\">\n<tbody>\n<tr>\n<td width=\"9%\"><strong>Item No.<\/strong><\/td>\n<td width=\"12%\"><strong>Code<\/strong><\/td>\n<td width=\"38%\"><strong>Description<\/strong><\/td>\n<td width=\"12%\"><strong>Qt\u00e9 par Pqt<\/strong><\/td>\n<\/tr>\n<tr>\n<td width=\"15%\">21072<\/td>\n<td width=\"9%\"><strong>DOMCRMP<\/strong><\/td>\n<td width=\"14%\">Outil de sertissage TDC\/TDF<\/td>\n<td style=\"text-align: center;\" width=\"12%\">1<\/td>\n<\/tr>\n<\/tbody>\n<\/table>\n<p><a href=\"https:\/\/www.durodynecanada.com\/wp-content\/uploads\/D-MATE_Pdf\/crimpertool_litsheet.pdf\">Crimper Tool Literature Sheet<\/a><\/p>\n<p><a href=\"https:\/\/www.durodynecanada.com\/wp-content\/uploads\/D-MATE_Pdf\/crimpertool_instructions.pdf\">Crimper Tool Instructions<\/a><\/p>\n","protected":false},"excerpt":{"rendered":"<p>OUTILS HVAC Outils pneumatiques Le Duro Air Gun (DAG)&nbsp;est un produit polyvalent utilis\u00e9 pour r\u00e9duire l&rsquo;effort des travaux de ferblanterie qui demandent beaucoup de travail, comme la fermeture des verrous Pittsburgh, le \u00a0\u00bb verrouillage \u00a0\u00bb de la palette sur le rail et l&rsquo;insertion des verrous de tige dans le conduit. Le Duro Air Gun (DAG) &hellip;<\/p>\n","protected":false},"author":7,"featured_media":0,"parent":7603,"menu_order":0,"comment_status":"closed","ping_status":"closed","template":"","meta":{"_acf_changed":false,"footnotes":""},"acf":[],"_links":{"self":[{"href":"https:\/\/www.durodynecanada.com\/fr\/wp-json\/wp\/v2\/pages\/7516"}],"collection":[{"href":"https:\/\/www.durodynecanada.com\/fr\/wp-json\/wp\/v2\/pages"}],"about":[{"href":"https:\/\/www.durodynecanada.com\/fr\/wp-json\/wp\/v2\/types\/page"}],"author":[{"embeddable":true,"href":"https:\/\/www.durodynecanada.com\/fr\/wp-json\/wp\/v2\/users\/7"}],"replies":[{"embeddable":true,"href":"https:\/\/www.durodynecanada.com\/fr\/wp-json\/wp\/v2\/comments?post=7516"}],"version-history":[{"count":3,"href":"https:\/\/www.durodynecanada.com\/fr\/wp-json\/wp\/v2\/pages\/7516\/revisions"}],"predecessor-version":[{"id":8346,"href":"https:\/\/www.durodynecanada.com\/fr\/wp-json\/wp\/v2\/pages\/7516\/revisions\/8346"}],"up":[{"embeddable":true,"href":"https:\/\/www.durodynecanada.com\/fr\/wp-json\/wp\/v2\/pages\/7603"}],"wp:attachment":[{"href":"https:\/\/www.durodynecanada.com\/fr\/wp-json\/wp\/v2\/media?parent=7516"}],"curies":[{"name":"wp","href":"https:\/\/api.w.org\/{rel}","templated":true}]}}