{"id":7513,"date":"2019-06-06T14:12:20","date_gmt":"2019-06-06T18:12:20","guid":{"rendered":"https:\/\/www.durodynecanada.com\/products\/hole-cutter\/"},"modified":"2022-06-16T15:22:25","modified_gmt":"2022-06-16T19:22:25","slug":"coupe-trou","status":"publish","type":"page","link":"https:\/\/www.durodynecanada.com\/fr\/nos-produits\/coupe-trou\/","title":{"rendered":"Coupe-trou"},"content":{"rendered":"<h1>D\u00c9COUPEUR DE TROUS ET PI\u00c8CES<\/h1>\n<h2>Coupe-trou<\/h2>\n<p>Le coupe-trou <strong>THC12<\/strong> permet de d\u00e9couper des trous dans le m\u00e9tal l\u00e9ger, l&rsquo;aluminium, le plastique et le formica jusqu&rsquo;\u00e0 un diam\u00e8tre maximal de 12&Prime;. Il est dot\u00e9 d&rsquo;une \u00e9chelle facile \u00e0 lire de 2&Prime; \u00e0 12&Prime;.<\/p>\n<p><img loading=\"lazy\" decoding=\"async\" class=\"alignnone wp-image-6472\" src=\"https:\/\/www.durodynecanada.com\/wp-content\/uploads\/Tools_Images\/thc12_holecutter-1024x608.jpg\" alt=\"THC12 Hole Cutter\" width=\"501\" height=\"297\" srcset=\"https:\/\/www.durodynecanada.com\/wp-content\/uploads\/Tools_Images\/thc12_holecutter-1024x608.jpg 1024w, https:\/\/www.durodynecanada.com\/wp-content\/uploads\/Tools_Images\/thc12_holecutter-600x356.jpg 600w, https:\/\/www.durodynecanada.com\/wp-content\/uploads\/Tools_Images\/thc12_holecutter-300x178.jpg 300w, https:\/\/www.durodynecanada.com\/wp-content\/uploads\/Tools_Images\/thc12_holecutter-768x456.jpg 768w, https:\/\/www.durodynecanada.com\/wp-content\/uploads\/Tools_Images\/thc12_holecutter-540x320.jpg 540w\" sizes=\"(max-width: 501px) 100vw, 501px\" \/><\/p>\n<table width=\"100%\">\n<tbody>\n<tr>\n<td width=\"9%\"><strong>Item No.<\/strong><\/td>\n<td width=\"12%\"><strong>Code<\/strong><\/td>\n<td width=\"38%\"><strong>Description<\/strong><\/td>\n<td width=\"12%\"><strong>Qt\u00e9 par Pkg<\/strong><\/td>\n<\/tr>\n<tr>\n<td width=\"15%\">818269<\/td>\n<td width=\"9%\"><strong>THC12<\/strong><\/td>\n<td width=\"14%\">Coupe-trou<\/td>\n<td style=\"text-align: center;\" width=\"12%\">1<\/td>\n<\/tr>\n<\/tbody>\n<\/table>\n<p><a href=\"https:\/\/www.durodynecanada.com\/wp-content\/uploads\/Tools_Pdf\/thc12_holecutter.pdf\">THC12 Hole Cutter Literature Sheet<\/a><\/p>\n<h2>THC12 Hole Cutter Replacement Bit<\/h2>\n<table width=\"100%\">\n<tbody>\n<tr>\n<td width=\"9%\"><strong>Item No.<\/strong><\/td>\n<td width=\"12%\"><strong>Code<\/strong><\/td>\n<td width=\"38%\"><strong>Description<\/strong><\/td>\n<td width=\"12%\"><strong>Qt\u00e9 par Pkg<\/strong><\/td>\n<\/tr>\n<tr>\n<td width=\"15%\">818264<\/td>\n<td width=\"9%\"><strong>THC12RB<\/strong><\/td>\n<td width=\"14%\">Embout de remplacement du coupe-trou<\/td>\n<td style=\"text-align: center;\" width=\"12%\">1<\/td>\n<\/tr>\n<\/tbody>\n<\/table>\n","protected":false},"excerpt":{"rendered":"<p>D\u00c9COUPEUR DE TROUS ET PI\u00c8CES Coupe-trou Le coupe-trou THC12 permet de d\u00e9couper des trous dans le m\u00e9tal l\u00e9ger, l&rsquo;aluminium, le plastique et le formica jusqu&rsquo;\u00e0 un diam\u00e8tre maximal de 12&Prime;. Il est dot\u00e9 d&rsquo;une \u00e9chelle facile \u00e0 lire de 2&Prime; \u00e0 12&Prime;. Item No. Code Description Qt\u00e9 par Pkg 818269 THC12 Coupe-trou 1 THC12 Hole &hellip;<\/p>\n","protected":false},"author":7,"featured_media":0,"parent":7603,"menu_order":0,"comment_status":"closed","ping_status":"closed","template":"","meta":{"_acf_changed":false,"footnotes":""},"acf":[],"_links":{"self":[{"href":"https:\/\/www.durodynecanada.com\/fr\/wp-json\/wp\/v2\/pages\/7513"}],"collection":[{"href":"https:\/\/www.durodynecanada.com\/fr\/wp-json\/wp\/v2\/pages"}],"about":[{"href":"https:\/\/www.durodynecanada.com\/fr\/wp-json\/wp\/v2\/types\/page"}],"author":[{"embeddable":true,"href":"https:\/\/www.durodynecanada.com\/fr\/wp-json\/wp\/v2\/users\/7"}],"replies":[{"embeddable":true,"href":"https:\/\/www.durodynecanada.com\/fr\/wp-json\/wp\/v2\/comments?post=7513"}],"version-history":[{"count":3,"href":"https:\/\/www.durodynecanada.com\/fr\/wp-json\/wp\/v2\/pages\/7513\/revisions"}],"predecessor-version":[{"id":8312,"href":"https:\/\/www.durodynecanada.com\/fr\/wp-json\/wp\/v2\/pages\/7513\/revisions\/8312"}],"up":[{"embeddable":true,"href":"https:\/\/www.durodynecanada.com\/fr\/wp-json\/wp\/v2\/pages\/7603"}],"wp:attachment":[{"href":"https:\/\/www.durodynecanada.com\/fr\/wp-json\/wp\/v2\/media?parent=7513"}],"curies":[{"name":"wp","href":"https:\/\/api.w.org\/{rel}","templated":true}]}}