{"id":7510,"date":"2019-05-14T12:29:24","date_gmt":"2019-05-14T16:29:24","guid":{"rendered":"https:\/\/www.durodynecanada.com\/products\/hanging-strap\/"},"modified":"2022-06-16T15:40:58","modified_gmt":"2022-06-16T19:40:58","slug":"sangle-de-suspension","status":"publish","type":"page","link":"https:\/\/www.durodynecanada.com\/fr\/nos-produits\/sangle-de-suspension\/","title":{"rendered":"Sangle de suspension"},"content":{"rendered":"<h1>SANGLE DE SUSPENSION<\/h1>\n<h2><strong>Sangle de suspension en plastique perfor\u00e9<\/strong><\/h2>\n<ul>\n<li>Trous \u00e0 3\/4&Prime; d&rsquo;intervalle<\/li>\n<li>R\u00e9sistant aux UV<\/li>\n<\/ul>\n<p><strong>Id\u00e9al pour utilisation sur:<\/strong><\/p>\n<ul>\n<li>Conduit flexible<\/li>\n<li>Tube dur<\/li>\n<li>Fixation de la tuyauterie hydronique<\/li>\n<li>Tous les besoins l\u00e9gers de suspension et de cerclage de CVC<\/li>\n<\/ul>\n<p>Test\u00e9 pour une force de traction d&rsquo;environ 180 lbs.<br \/>\n<strong>\u00c0 NOTER:<\/strong> La force de traction peut varier consid\u00e9rablement en fonction de l&rsquo;application et des conditions environnementales.<\/p>\n<p><img loading=\"lazy\" decoding=\"async\" class=\"alignnone wp-image-6226\" src=\"https:\/\/www.durodynecanada.com\/wp-content\/uploads\/D-MATE_Pics\/perfplasticstrap-300x171.jpg\" alt=\"Perforated Plastic Hanging Strap\" width=\"400\" height=\"228\" srcset=\"https:\/\/www.durodynecanada.com\/wp-content\/uploads\/D-MATE_Pics\/perfplasticstrap-300x171.jpg 300w, https:\/\/www.durodynecanada.com\/wp-content\/uploads\/D-MATE_Pics\/perfplasticstrap-540x307.jpg 540w, https:\/\/www.durodynecanada.com\/wp-content\/uploads\/D-MATE_Pics\/perfplasticstrap-360x204.jpg 360w, https:\/\/www.durodynecanada.com\/wp-content\/uploads\/D-MATE_Pics\/perfplasticstrap.jpg 562w\" sizes=\"(max-width: 400px) 100vw, 400px\" \/><\/p>\n<p><a href=\"https:\/\/www.durodynecanada.com\/wp-content\/uploads\/D-MATE_Pdf\/perforatedplasticstrap_litsheet042021.pdf\">Perforated Plastic Hanging Strap Literature Sheet<\/a><\/p>\n<p><a href=\"https:\/\/www.durodynecanada.com\/wp-content\/uploads\/D-MATE_Pdf\/perforatedplasticstrap_submittal040921.pdf\">Perforated Plastic Hanging Strap Submittal<\/a><\/p>\n<h2>Sangle de suspension galvanis\u00e9e<\/h2>\n<p><strong>La sangle de suspension galvanis\u00e9e<\/strong> est un produit polyvalent utilis\u00e9 pour suspendre les gaines.<\/p>\n<h2>Sangle Duro enroul\u00e9e<\/h2>\n<ul>\n<li>Les sangles enroul\u00e9es rendent le produit pratique \u00e0 transporter et facile \u00e0 couper sans gaspiller de mat\u00e9riau.<\/li>\n<li><strong>La sangle Duro enroul\u00e9e<\/strong> est fabriqu\u00e9e en acier de calibre 16, 18, 22, 24, 26, 28 et 30.<\/li>\n<\/ul>\n<p><img loading=\"lazy\" decoding=\"async\" class=\"alignnone wp-image-6227 size-full\" src=\"https:\/\/www.durodynecanada.com\/wp-content\/uploads\/D-MATE_Pics\/galvdurostrap.jpg\" alt=\"Galvanized Duro Strap\" width=\"295\" height=\"154\"><\/p>\n<p><img loading=\"lazy\" decoding=\"async\" class=\"alignnone wp-image-6228 size-full\" src=\"https:\/\/www.durodynecanada.com\/wp-content\/uploads\/D-MATE_Pics\/galvdurostrap_boxes.jpg\" alt=\"Galvanized Duro Strap Boxes\" width=\"295\" height=\"154\"><\/p>\n<p><a href=\"https:\/\/www.durodynecanada.com\/wp-content\/uploads\/D-MATE_Pdf\/galvdurostrap_litsheet.pdf\">Coiled Duro Strap Literature Sheet<\/a><\/p>\n<p><a href=\"https:\/\/www.durodynecanada.com\/wp-content\/uploads\/D-MATE_Pdf\/hangingstrap_submittal_040821.pdf\">Hanging Strap Submittal<\/a><\/p>\n<h2>Sangle de suspension plate<\/h2>\n<ul>\n<li><strong>La sangle de suspension plate <\/strong>est fabriqu\u00e9e en acier de calibre 16, 18, 22 et 24.<\/li>\n<li><strong>La sangle de suspension plate <\/strong>est vendue en longueurs pr\u00e9d\u00e9coup\u00e9es de 10 pieds.<\/li>\n<li>Emballage pratique.<\/li>\n<\/ul>\n<p><img loading=\"lazy\" decoding=\"async\" class=\"alignnone size-medium wp-image-6229\" src=\"https:\/\/www.durodynecanada.com\/wp-content\/uploads\/D-MATE_Pics\/flathangingstrap-243x300.jpg\" alt=\"Flat Hanging Strap Packaged\" width=\"243\" height=\"300\" srcset=\"https:\/\/www.durodynecanada.com\/wp-content\/uploads\/D-MATE_Pics\/flathangingstrap-243x300.jpg 243w, https:\/\/www.durodynecanada.com\/wp-content\/uploads\/D-MATE_Pics\/flathangingstrap.jpg 267w\" sizes=\"(max-width: 243px) 100vw, 243px\" \/><\/p>\n<p><a href=\"https:\/\/www.durodynecanada.com\/wp-content\/uploads\/D-MATE_Pdf\/flathangingstrap_litsheet_042021.pdf\">Flat Hanging Strap Literature Sheet<\/a><\/p>\n<p><a href=\"https:\/\/www.durodynecanada.com\/wp-content\/uploads\/D-MATE_Pdf\/hangingstrap_submittal_040821.pdf\">Hanging Strap Submittal<\/a><\/p>\n<h2>Sangle de suspension galvanis\u00e9e perfor\u00e9e &#8211; bord festonn\u00e9<\/h2>\n<ul>\n<li>Pour les march\u00e9s du CVC et de la plomberie.<\/li>\n<li>Sangle enroul\u00e9e qui se distribue facilement \u00e0 partir d&rsquo;une bo\u00eete.<\/li>\n<li>Fabriqu\u00e9 en acier de calibre 24.<\/li>\n<li>Perfor\u00e9 avec des trous de tailles diff\u00e9rentes alternant pour accueillir des vis \u00e0 t\u00f4le ainsi que des combinaisons d&rsquo;\u00e9crous et de boulons.<\/li>\n<li>La sangle a une forme de sablier (festonn\u00e9e) sans bords tranchants sur lesquels l&rsquo;entrepreneur pourrait se couper ou s&rsquo;accrocher.<\/li>\n<\/ul>\n<p><img loading=\"lazy\" decoding=\"async\" class=\"alignnone size-full wp-image-6230\" src=\"https:\/\/www.durodynecanada.com\/wp-content\/uploads\/D-MATE_Pics\/perfgalvstrap.jpg\" alt=\"Perforated Galvanized Hanging Strap-Scalloped Edge\" width=\"295\" height=\"104\"><\/p>\n<p><a href=\"https:\/\/www.durodynecanada.com\/wp-content\/uploads\/D-MATE_Pdf\/perfgalvstrap_litsheet.pdf\">Perforated Hanging Strap Literature Sheet<\/a><\/p>\n<p><a href=\"https:\/\/www.durodynecanada.com\/wp-content\/uploads\/D-MATE_Pdf\/hangingstrap_submittal_040821.pdf\">Hanging Strap Submittal<\/a><\/p>\n<h2>Sangle de suspension galvanis\u00e9e perfor\u00e9e &#8211; bord droit<\/h2>\n<ul>\n<li>Sangle enroul\u00e9e qui se distribue facilement \u00e0 partir d&rsquo;une bo\u00eete.<\/li>\n<li>Fabriqu\u00e9 en acier de calibre 26, 28 et 30.<\/li>\n<li>Perfor\u00e9 avec des trous de 3\/16&Prime;, espacement de 3-7\/8&Prime; entre les trous.<\/li>\n<\/ul>\n<p><img loading=\"lazy\" decoding=\"async\" class=\"alignnone size-full wp-image-6231\" src=\"https:\/\/www.durodynecanada.com\/wp-content\/uploads\/D-MATE_Pics\/perfgalvstrap_straight.jpg\" alt=\"Perforated Galvanized Hanging Strap-Straight Edge\" width=\"295\" height=\"104\"><\/p>\n<p><a href=\"https:\/\/www.durodynecanada.com\/wp-content\/uploads\/D-MATE_Pdf\/perfgalvstrap_litsheet.pdf\">Perforated Hanging Strap Literature Sheet<\/a><\/p>\n<p><a href=\"https:\/\/www.durodynecanada.com\/wp-content\/uploads\/D-MATE_Pdf\/hangingstrap_submittal_040821.pdf\">Hanging Strap Submittal<br \/>\n<\/a><\/p>\n","protected":false},"excerpt":{"rendered":"<p>SANGLE DE SUSPENSION Sangle de suspension en plastique perfor\u00e9 Trous \u00e0 3\/4&Prime; d&rsquo;intervalle R\u00e9sistant aux UV Id\u00e9al pour utilisation sur: Conduit flexible Tube dur Fixation de la tuyauterie hydronique Tous les besoins l\u00e9gers de suspension et de cerclage de CVC Test\u00e9 pour une force de traction d&rsquo;environ 180 lbs. \u00c0 NOTER: La force de traction &hellip;<\/p>\n","protected":false},"author":7,"featured_media":0,"parent":7603,"menu_order":0,"comment_status":"closed","ping_status":"closed","template":"","meta":{"_acf_changed":false,"footnotes":""},"acf":[],"_links":{"self":[{"href":"https:\/\/www.durodynecanada.com\/fr\/wp-json\/wp\/v2\/pages\/7510"}],"collection":[{"href":"https:\/\/www.durodynecanada.com\/fr\/wp-json\/wp\/v2\/pages"}],"about":[{"href":"https:\/\/www.durodynecanada.com\/fr\/wp-json\/wp\/v2\/types\/page"}],"author":[{"embeddable":true,"href":"https:\/\/www.durodynecanada.com\/fr\/wp-json\/wp\/v2\/users\/7"}],"replies":[{"embeddable":true,"href":"https:\/\/www.durodynecanada.com\/fr\/wp-json\/wp\/v2\/comments?post=7510"}],"version-history":[{"count":3,"href":"https:\/\/www.durodynecanada.com\/fr\/wp-json\/wp\/v2\/pages\/7510\/revisions"}],"predecessor-version":[{"id":8350,"href":"https:\/\/www.durodynecanada.com\/fr\/wp-json\/wp\/v2\/pages\/7510\/revisions\/8350"}],"up":[{"embeddable":true,"href":"https:\/\/www.durodynecanada.com\/fr\/wp-json\/wp\/v2\/pages\/7603"}],"wp:attachment":[{"href":"https:\/\/www.durodynecanada.com\/fr\/wp-json\/wp\/v2\/media?parent=7510"}],"curies":[{"name":"wp","href":"https:\/\/api.w.org\/{rel}","templated":true}]}}