{"id":7504,"date":"2019-06-06T14:10:20","date_gmt":"2019-06-06T18:10:20","guid":{"rendered":"https:\/\/www.durodynecanada.com\/products\/accessory-tools\/"},"modified":"2023-06-13T11:21:18","modified_gmt":"2023-06-13T15:21:18","slug":"outils-a-main","status":"publish","type":"page","link":"https:\/\/www.durodynecanada.com\/fr\/nos-produits\/outils-a-main\/","title":{"rendered":"Outils \u00e0 main"},"content":{"rendered":"<h3>Clou \u00e0 gratter<\/h3>\n<p>Le poin\u00e7on \u00e0 gratter <strong>ESPG<\/strong> 3\/8&Prime; est dot\u00e9 d&rsquo;une large poign\u00e9e offrant une grande surface de contact ou de prise.<\/p>\n<p><img loading=\"lazy\" decoding=\"async\" class=\"alignnone wp-image-6333\" src=\"https:\/\/www.durodynecanada.com\/wp-content\/uploads\/Tools_Images\/10014-scratch-awl-300x69.jpg\" alt=\"Scratch Awl\" width=\"200\" height=\"46\" srcset=\"https:\/\/www.durodynecanada.com\/wp-content\/uploads\/Tools_Images\/10014-scratch-awl-300x69.jpg 300w, https:\/\/www.durodynecanada.com\/wp-content\/uploads\/Tools_Images\/10014-scratch-awl.jpg 313w\" sizes=\"(max-width: 200px) 100vw, 200px\" \/><\/p>\n<table width=\"100%\">\n<tbody>\n<tr>\n<td width=\"9%\"><strong>Item No.<\/strong><\/td>\n<td width=\"12%\"><strong>Code<\/strong><\/td>\n<td width=\"38%\"><strong>Description<\/strong><\/td>\n<td style=\"text-align: center;\" width=\"12%\"><strong>Qt\u00e9 par Pkg<\/strong><\/td>\n<\/tr>\n<tr>\n<td width=\"15%\">10014<\/td>\n<td width=\"9%\"><strong>ESPG<\/strong><\/td>\n<td width=\"14%\">Poin\u00e7on \u00e0 gratter de 3-3\/8 po avec manche en plastique<\/td>\n<td style=\"text-align: center;\" width=\"12%\">1<\/td>\n<\/tr>\n<\/tbody>\n<\/table>\n<h3>Jauge d&rsquo;acier circulaire<\/h3>\n<p>La jauge d&rsquo;acier circulaire <strong>323W<\/strong> est fabriqu\u00e9e en acier lourd et est utilis\u00e9e pour d\u00e9terminer l&rsquo;\u00e9paisseur de l&rsquo;acier de 0 \u00e0 36. Elle est fabriqu\u00e9e en acier inoxydable de s\u00e9rie 300. Elle est livr\u00e9e avec son propre \u00e9tui de protection.<\/p>\n<p><img loading=\"lazy\" decoding=\"async\" class=\"alignnone wp-image-6335\" src=\"https:\/\/www.durodynecanada.com\/wp-content\/uploads\/Tools_Images\/818015-circular-steel-gauge.jpg\" alt=\"323W Circular Steel Gauge\" width=\"200\" height=\"111\" \/><\/p>\n<table width=\"100%\">\n<tbody>\n<tr>\n<td width=\"9%\"><strong>Item No.<\/strong><\/td>\n<td width=\"12%\"><strong>Code<\/strong><\/td>\n<td width=\"38%\"><strong>Description<\/strong><\/td>\n<td style=\"text-align: center;\" width=\"12%\"><strong>Qt\u00e9 par Pkg<\/strong><\/td>\n<\/tr>\n<tr>\n<td width=\"15%\">818015<\/td>\n<td width=\"9%\"><strong>323W<\/strong><\/td>\n<td width=\"14%\">Jauge d&rsquo;acier circulaire<\/td>\n<td style=\"text-align: center;\" width=\"12%\">1<\/td>\n<\/tr>\n<\/tbody>\n<\/table>\n<h3>Scribe de bord<\/h3>\n<p>Le traceur de bords en acier inoxydable <strong>SSES<\/strong> permet un marquage simple et facile des feuilles de m\u00e9tal. Un aimant attach\u00e9 permet de garder l&rsquo;outil \u00e0 port\u00e9e de main. Il marque des dimensions de 1\/8&Prime;, 3\/16&Prime;, 1\/4&Prime;, 5\/16&Prime;, 3\/8&Prime;, 1\/2&Prime;, 5\/8&Prime;, 3\/4&Prime; et 1&Prime;.<\/p>\n<p><img loading=\"lazy\" decoding=\"async\" class=\"alignnone wp-image-6336\" src=\"https:\/\/www.durodynecanada.com\/wp-content\/uploads\/Tools_Images\/10015-stainless-scribe.jpg\" alt=\"SSES Stainless Steel Edge Scribe\" width=\"224\" height=\"74\" \/><\/p>\n<table width=\"100%\">\n<tbody>\n<tr>\n<td width=\"9%\"><strong>Item No.<\/strong><\/td>\n<td width=\"12%\"><strong>Code<\/strong><\/td>\n<td width=\"38%\"><strong>Description<\/strong><\/td>\n<td style=\"text-align: center;\" width=\"12%\"><strong>Qt\u00e9 par Pkg<\/strong><\/td>\n<\/tr>\n<tr>\n<td width=\"15%\">10015<\/td>\n<td width=\"9%\"><strong>SSES<\/strong><\/td>\n<td width=\"14%\">Traceur de bords en acier inoxydable<\/td>\n<td style=\"text-align: center;\" width=\"12%\">1<\/td>\n<\/tr>\n<\/tbody>\n<\/table>\n<h3>Outil de tournage des bords en m\u00e9tal<\/h3>\n<p>L&rsquo;outil de tournage pour rebords m\u00e9talliques <strong>WMET<\/strong> est un outil en aluminium extrud\u00e9 \u00e0 haute r\u00e9sistance pour le tournage de rebords sur de l&rsquo;acier doux de calibre 24 \u00e0 30. L&rsquo;outil WMET permet de tourner des brides de 1&Prime; et 3\/8&Prime;. Les outils WMET sont l\u00e9gers et ne rouillent pas.<\/p>\n<p><img loading=\"lazy\" decoding=\"async\" class=\"alignnone wp-image-6411 size-medium\" src=\"https:\/\/www.durodynecanada.com\/wp-content\/uploads\/Tools_Images\/wmet-metal-edge-turner-1-300x83.jpg\" alt=\"WMET Metal Edge Turner 1\" width=\"300\" height=\"83\" srcset=\"https:\/\/www.durodynecanada.com\/wp-content\/uploads\/Tools_Images\/wmet-metal-edge-turner-1-300x83.jpg 300w, https:\/\/www.durodynecanada.com\/wp-content\/uploads\/Tools_Images\/wmet-metal-edge-turner-1-600x167.jpg 600w, https:\/\/www.durodynecanada.com\/wp-content\/uploads\/Tools_Images\/wmet-metal-edge-turner-1-768x213.jpg 768w, https:\/\/www.durodynecanada.com\/wp-content\/uploads\/Tools_Images\/wmet-metal-edge-turner-1-1024x285.jpg 1024w, https:\/\/www.durodynecanada.com\/wp-content\/uploads\/Tools_Images\/wmet-metal-edge-turner-1-540x150.jpg 540w\" sizes=\"(max-width: 300px) 100vw, 300px\" \/><\/p>\n<table width=\"100%\">\n<tbody>\n<tr>\n<td width=\"9%\"><strong>Item No.<\/strong><\/td>\n<td width=\"12%\"><strong>Code<\/strong><\/td>\n<td width=\"38%\"><strong>Description<\/strong><\/td>\n<td style=\"text-align: center;\" width=\"12%\"><strong>Qt\u00e9 par Pkg<\/strong><\/td>\n<\/tr>\n<tr>\n<td width=\"15%\">818135<\/td>\n<td width=\"9%\"><strong>WMET-24<\/strong><\/td>\n<td width=\"14%\">Tourne-bord en m\u00e9tal de 24&Prime; de long<\/td>\n<td style=\"text-align: center;\" width=\"12%\">1<\/td>\n<\/tr>\n<\/tbody>\n<\/table>\n<h3>Agrafeuse et agrafes Duro<\/h3>\n<p>L&rsquo;agrafeuse <strong>DS-31<\/strong> Rapit 31 est l&rsquo;outil id\u00e9al pour fermer facilement et rapidement un joint de tissu sur un connecteur de gaine flexible. Utilisez les agrafes <strong>DSP-1<\/strong> pour les agrafeuses \u00ab\u00a0Neva Clog\u00a0\u00bb.<\/p>\n<p><img loading=\"lazy\" decoding=\"async\" class=\"alignnone wp-image-6366\" src=\"https:\/\/www.durodynecanada.com\/wp-content\/uploads\/Tools_Images\/ds31_dsp1_sm-300x264.jpg\" alt=\"DS31 Stapler and DSP1 Staples\" width=\"200\" height=\"176\" srcset=\"https:\/\/www.durodynecanada.com\/wp-content\/uploads\/Tools_Images\/ds31_dsp1_sm-300x264.jpg 300w, https:\/\/www.durodynecanada.com\/wp-content\/uploads\/Tools_Images\/ds31_dsp1_sm.jpg 450w\" sizes=\"(max-width: 200px) 100vw, 200px\" \/><\/p>\n<table width=\"100%\">\n<tbody>\n<tr>\n<td width=\"9%\"><strong>Item No.<\/strong><\/td>\n<td width=\"12%\"><strong>Code<\/strong><\/td>\n<td width=\"38%\"><strong>Description<\/strong><\/td>\n<td style=\"text-align: center;\" width=\"12%\"><strong>Qt\u00e9 par Pkg<\/strong><\/td>\n<\/tr>\n<tr>\n<td width=\"15%\">10065<\/td>\n<td width=\"9%\"><strong>DS31<\/strong><\/td>\n<td width=\"14%\">Agrafeuse Rapit 31<\/td>\n<td style=\"text-align: center;\" width=\"12%\">1<\/td>\n<\/tr>\n<tr>\n<td width=\"15%\">10059<\/td>\n<td width=\"9%\"><strong>DSP1<\/strong><\/td>\n<td width=\"14%\">Agrafes pour agrafeuse \u00ab\u00a0Neva Clog\u00a0\u00bb<\/td>\n<td style=\"text-align: center;\" width=\"12%\">5000<\/td>\n<\/tr>\n<\/tbody>\n<\/table>\n<h3>Riveteuse \u00e0 broche<\/h3>\n<p>Les caract\u00e9ristiques du pistolet \u00e0 rivet <strong>DDPR<\/strong> de Duro Dyne:<\/p>\n<ul>\n<li>La m\u00e2choire du mandrin permet l&rsquo;\u00e9jection des clous \u00e0 l&rsquo;avant ou \u00e0 l&rsquo;arri\u00e8re.<\/li>\n<li>Poign\u00e9es ergonomiques.<\/li>\n<li>Clip de verrouillage de la poign\u00e9e.<\/li>\n<li>Construit en acier tremp\u00e9 pour une plus longue dur\u00e9e de vie.<\/li>\n<li>Design compact du nez pour les endroits difficiles \u00e0 atteindre.<\/li>\n<li>4 pi\u00e8ces de nez incluses 3\/32&Prime;, 1\/8&Prime;, 5\/32&Prime;, 3\/16&Prime; avec cl\u00e9 incluse.<\/li>\n<li>Poign\u00e9es \u00e0 fort effet de levier pour plus de puissance et une utilisation plus facile. Avantage m\u00e9canique de 25:1.<\/li>\n<\/ul>\n<p><img loading=\"lazy\" decoding=\"async\" class=\"alignnone wp-image-6187\" src=\"https:\/\/www.durodynecanada.com\/wp-content\/uploads\/2019\/03\/ddpr_riveter-300x215.jpg\" alt=\"DDPR Pin Rivet Gun\" width=\"175\" height=\"125\" srcset=\"https:\/\/www.durodynecanada.com\/wp-content\/uploads\/2019\/03\/ddpr_riveter-300x215.jpg 300w, https:\/\/www.durodynecanada.com\/wp-content\/uploads\/2019\/03\/ddpr_riveter-600x429.jpg 600w, https:\/\/www.durodynecanada.com\/wp-content\/uploads\/2019\/03\/ddpr_riveter-768x549.jpg 768w, https:\/\/www.durodynecanada.com\/wp-content\/uploads\/2019\/03\/ddpr_riveter-1024x733.jpg 1024w, https:\/\/www.durodynecanada.com\/wp-content\/uploads\/2019\/03\/ddpr_riveter-540x386.jpg 540w, https:\/\/www.durodynecanada.com\/wp-content\/uploads\/2019\/03\/ddpr_riveter-100x70.jpg 100w, https:\/\/www.durodynecanada.com\/wp-content\/uploads\/2019\/03\/ddpr_riveter.jpg 1518w\" sizes=\"(max-width: 175px) 100vw, 175px\" \/><\/p>\n<table width=\"100%\">\n<tbody>\n<tr>\n<td width=\"9%\"><strong>Item No.<\/strong><\/td>\n<td width=\"12%\"><strong>Code<\/strong><\/td>\n<td width=\"38%\"><strong>Description<\/strong><\/td>\n<td style=\"text-align: center;\" width=\"12%\"><strong>Qt\u00e9 par Pkg<\/strong><\/td>\n<\/tr>\n<tr>\n<td width=\"15%\">22110<\/td>\n<td width=\"9%\"><strong>DDPR6<\/strong><\/td>\n<td width=\"14%\">Pistolet \u00e0 rivets<\/td>\n<td style=\"text-align: center;\" width=\"12%\">1<\/td>\n<\/tr>\n<\/tbody>\n<\/table>\n<p><a href=\"https:\/\/www.durodynecanada.com\/wp-content\/uploads\/2019\/03\/ddpr6_riveter_litsheet.pdf\">Rivet Gun Literature Sheet<\/a><\/p>\n<h3>Outil d&rsquo;installation Dyn-O-Ties<\/h3>\n<p>Le <strong>DIT3<\/strong> est un outil l\u00e9ger couramment utilis\u00e9 pour installer la plupart des marques de colliers de serrage en nylon.<\/p>\n<p><img loading=\"lazy\" decoding=\"async\" class=\"alignnone wp-image-6337\" src=\"https:\/\/www.durodynecanada.com\/wp-content\/uploads\/Tools_Images\/dit3-dynotie-tool-300x159.jpg\" alt=\"DIT3 Dyn-O-Tie Installation Tool\" width=\"200\" height=\"106\" srcset=\"https:\/\/www.durodynecanada.com\/wp-content\/uploads\/Tools_Images\/dit3-dynotie-tool-300x159.jpg 300w, https:\/\/www.durodynecanada.com\/wp-content\/uploads\/Tools_Images\/dit3-dynotie-tool.jpg 360w\" sizes=\"(max-width: 200px) 100vw, 200px\" \/><\/p>\n<table width=\"100%\">\n<tbody>\n<tr>\n<td width=\"9%\"><strong>Item No.<\/strong><\/td>\n<td width=\"12%\"><strong>Code<\/strong><\/td>\n<td width=\"38%\"><strong>Description<\/strong><\/td>\n<td style=\"text-align: center;\" width=\"12%\"><strong>Qt\u00e9 par Pkg<\/strong><\/td>\n<\/tr>\n<tr>\n<td width=\"15%\">7343<\/td>\n<td width=\"9%\"><strong>DIT3<\/strong><\/td>\n<td width=\"14%\">Outil d&rsquo;installation Dyn-O-Ties<br \/>\n\u00e0 utiliser avec les Dyn-O-Ties en nylon (DNN)<\/td>\n<td style=\"text-align: center;\" width=\"12%\">1<\/td>\n<\/tr>\n<\/tbody>\n<\/table>\n<p>Nous proposons \u00e9galement d&rsquo;autres outils \u00e0 main sur notre page <a href=\"https:\/\/www.durodynecanada.com\/products\/tools-accessories\/\">Dyn-O-Mate Tools and Accessories<\/a>.<\/p>\n","protected":false},"excerpt":{"rendered":"<p>Clou \u00e0 gratter Le poin\u00e7on \u00e0 gratter ESPG 3\/8&Prime; est dot\u00e9 d&rsquo;une large poign\u00e9e offrant une grande surface de contact ou de prise. Item No. Code Description Qt\u00e9 par Pkg 10014 ESPG Poin\u00e7on \u00e0 gratter de 3-3\/8 po avec manche en plastique 1 Jauge d&rsquo;acier circulaire La jauge d&rsquo;acier circulaire 323W est fabriqu\u00e9e en acier &hellip;<\/p>\n","protected":false},"author":7,"featured_media":0,"parent":7603,"menu_order":0,"comment_status":"closed","ping_status":"closed","template":"","meta":{"_acf_changed":false,"footnotes":""},"acf":[],"_links":{"self":[{"href":"https:\/\/www.durodynecanada.com\/fr\/wp-json\/wp\/v2\/pages\/7504"}],"collection":[{"href":"https:\/\/www.durodynecanada.com\/fr\/wp-json\/wp\/v2\/pages"}],"about":[{"href":"https:\/\/www.durodynecanada.com\/fr\/wp-json\/wp\/v2\/types\/page"}],"author":[{"embeddable":true,"href":"https:\/\/www.durodynecanada.com\/fr\/wp-json\/wp\/v2\/users\/7"}],"replies":[{"embeddable":true,"href":"https:\/\/www.durodynecanada.com\/fr\/wp-json\/wp\/v2\/comments?post=7504"}],"version-history":[{"count":12,"href":"https:\/\/www.durodynecanada.com\/fr\/wp-json\/wp\/v2\/pages\/7504\/revisions"}],"predecessor-version":[{"id":8924,"href":"https:\/\/www.durodynecanada.com\/fr\/wp-json\/wp\/v2\/pages\/7504\/revisions\/8924"}],"up":[{"embeddable":true,"href":"https:\/\/www.durodynecanada.com\/fr\/wp-json\/wp\/v2\/pages\/7603"}],"wp:attachment":[{"href":"https:\/\/www.durodynecanada.com\/fr\/wp-json\/wp\/v2\/media?parent=7504"}],"curies":[{"name":"wp","href":"https:\/\/api.w.org\/{rel}","templated":true}]}}