{"id":7498,"date":"2019-06-06T14:11:32","date_gmt":"2019-06-06T18:11:32","guid":{"rendered":"https:\/\/www.durodynecanada.com\/products\/hammers\/"},"modified":"2022-06-16T15:34:36","modified_gmt":"2022-06-16T19:34:36","slug":"marteaux","status":"publish","type":"page","link":"https:\/\/www.durodynecanada.com\/fr\/nos-produits\/marteaux\/","title":{"rendered":"Marteaux"},"content":{"rendered":"<h1>MARTEAUX<\/h1>\n<h2>Dyna-Hammer pour serrure Pittsburgh<\/h2>\n<p>Le <strong>Dyna-Hammer<\/strong> met fin au martelage manuel. Il suffit de donner quelques coups au centre et aux extr\u00e9mit\u00e9s d&rsquo;un conduit de longueur standard pour le fixer, puis le <strong>Dyna-Hammer<\/strong> fait tout le travail. Les raccords arrondis et les conduits droits sont martel\u00e9s \u00e0 une vitesse d&rsquo;environ 6 m\u00e8tres par minute sur du m\u00e9tal de calibre 14 \u00e0 30. Comprend une g\u00e2chette ergonomique \u00e0 plusieurs niveaux pour un meilleur contr\u00f4le pendant l&rsquo;utilisation. La rotule multidirectionnelle incluse pour le tuyau d&rsquo;air emp\u00eache la restriction du tuyau pendant l&rsquo;utilisation. Fabriqu\u00e9 \u00e0 100% en acier \u00e0 outils de haute qualit\u00e9 pour une durabilit\u00e9 et des ann\u00e9es d&rsquo;utilisation sans probl\u00e8me.<\/p>\n<p><img loading=\"lazy\" decoding=\"async\" class=\"size-full wp-image-6459 alignnone\" src=\"https:\/\/www.durodynecanada.com\/wp-content\/uploads\/D-MATE_Pics\/dyna_hammer.jpg\" alt=\"Dyna-Hammer\" width=\"500\" height=\"123\" srcset=\"https:\/\/www.durodynecanada.com\/wp-content\/uploads\/D-MATE_Pics\/dyna_hammer.jpg 500w, https:\/\/www.durodynecanada.com\/wp-content\/uploads\/D-MATE_Pics\/dyna_hammer-300x74.jpg 300w\" sizes=\"(max-width: 500px) 100vw, 500px\" \/><\/p>\n<table width=\"100%\">\n<tbody>\n<tr>\n<td width=\"9%\"><strong>Item No.<\/strong><\/td>\n<td width=\"12%\"><strong>Code<\/strong><\/td>\n<td width=\"38%\"><strong>Description<\/strong><\/td>\n<td style=\"text-align: center;\" width=\"12%\"><strong>Qt\u00e9 par Pkg<\/strong><\/td>\n<\/tr>\n<tr>\n<td width=\"15%\">13063<\/td>\n<td width=\"9%\"><strong>PDH<\/strong><\/td>\n<td width=\"14%\">Dyna-Hammer pour serrure Pittsburgh<\/td>\n<td style=\"text-align: center;\" width=\"12%\">1<\/td>\n<\/tr>\n<\/tbody>\n<\/table>\n<p><a href=\"https:\/\/www.durodynecanada.com\/wp-content\/uploads\/D-MATE_Pdf\/dyna_hammer_litsheet_ddc.pdf\">Dyna-Hammer Literature Sheet (DDC)<\/a><\/p>\n<h2>Maillet en caryer<\/h2>\n<p>Le <strong>HM16<\/strong> est un maillet en noyer de 16 onces avec un grand diam\u00e8tre de face de 2-1\/2&Prime; pour aligner les joints lors de la fabrication de conduits. Id\u00e9al pour l&rsquo;utilisation par les ferblantiers sur les t\u00f4les.<\/p>\n<p><img loading=\"lazy\" decoding=\"async\" class=\"alignnone wp-image-6338\" src=\"https:\/\/www.durodynecanada.com\/wp-content\/uploads\/Tools_Images\/818115-hickory-mallet.jpg\" alt=\"HM16 Hickory Mallet\" width=\"199\" height=\"101\"><\/p>\n<table width=\"100%\">\n<tbody>\n<tr>\n<td width=\"9%\"><strong>Item No.<\/strong><\/td>\n<td width=\"12%\"><strong>Code<\/strong><\/td>\n<td width=\"38%\"><strong>Description<\/strong><\/td>\n<td style=\"text-align: center;\" width=\"12%\"><strong>Qt\u00e9 par Pkg<\/strong><\/td>\n<\/tr>\n<tr>\n<td width=\"15%\">818115<\/td>\n<td width=\"9%\"><strong>HM16<\/strong><\/td>\n<td width=\"14%\">Maillet en bois de caryer de 16 oz avec un diam\u00e8tre de face de 2,5&Prime;.<\/td>\n<td style=\"text-align: center;\" width=\"12%\">1<\/td>\n<\/tr>\n<\/tbody>\n<\/table>\n<p><a href=\"https:\/\/www.durodynecanada.com\/wp-content\/uploads\/Tools_Pdf\/hickory_mallet_litsheet_ddc.pdf\">HM16 Hickory Mallet Literature Sheet<\/a><\/p>\n<h2>Marteau d&rsquo;\u00e9tameur en acier<\/h2>\n<p>Le marteau d&rsquo;\u00e9tameur <strong>DDTH18<\/strong> en acier est disponible en un seul poids pratique. Ce marteau de 18 onces est fait d&rsquo;une seule pi\u00e8ce d&rsquo;acier massif poli avec une poign\u00e9e en caoutchouc de force industrielle solidement fix\u00e9e en place.<\/p>\n<p><img loading=\"lazy\" decoding=\"async\" class=\"alignnone wp-image-6339\" src=\"https:\/\/www.durodynecanada.com\/wp-content\/uploads\/Tools_Images\/838396-tinners-hammer.jpg\" alt=\"DDTH18 Tinner's Hammer\" width=\"200\" height=\"91\"><\/p>\n<table width=\"100%\">\n<tbody>\n<tr>\n<td width=\"9%\"><strong>Item No.<\/strong><\/td>\n<td width=\"12%\"><strong>Code<\/strong><\/td>\n<td width=\"38%\"><strong>Description<\/strong><\/td>\n<td style=\"text-align: center;\" width=\"12%\"><strong>Qt\u00e9 par Pkg<\/strong><\/td>\n<\/tr>\n<tr>\n<td width=\"15%\">838396<\/td>\n<td width=\"9%\"><strong>DDTH18<\/strong><\/td>\n<td width=\"14%\">Marteau d&rsquo;\u00e9tameur de 18 oz avec manche en caoutchouc<\/td>\n<td style=\"text-align: center;\" width=\"12%\">1<\/td>\n<\/tr>\n<\/tbody>\n<\/table>\n<h2>Marteau \u00e0 double t\u00eate RBH2<\/h2>\n<p>Le marteau <strong>RBH2<\/strong> Double Header est double face avec des t\u00eates magn\u00e9tiques. Il fonctionne parfaitement avec les Bangers standard BG et les Bangers tripodes TBG de Duro Dyne.<\/p>\n<p><img loading=\"lazy\" decoding=\"async\" class=\"alignnone size-full wp-image-6470\" src=\"https:\/\/www.durodynecanada.com\/wp-content\/uploads\/Tools_Images\/rbh2_doubleheader_hammer.jpg\" alt=\"RBH2 Double Headed Hammer\" width=\"180\" height=\"91\"><\/p>\n<table width=\"100%\">\n<tbody>\n<tr>\n<td width=\"9%\"><strong>Item No.<\/strong><\/td>\n<td width=\"12%\"><strong>Code<\/strong><\/td>\n<td width=\"38%\"><strong>Description<\/strong><\/td>\n<td style=\"text-align: center;\" width=\"12%\"><strong>Qt\u00e9 par Pkg<\/strong><\/td>\n<\/tr>\n<tr>\n<td width=\"15%\">27064<\/td>\n<td width=\"9%\"><b>RBH2<\/b><\/td>\n<td width=\"14%\">Marteau \u00e0 deux t\u00eates<\/td>\n<td style=\"text-align: center;\" width=\"12%\">1<\/td>\n<\/tr>\n<\/tbody>\n<\/table>\n<p><a href=\"https:\/\/www.durodynecanada.com\/wp-content\/uploads\/Tools_Pdf\/rbh2_doubleheader_hammer.pdf\">The RBH2 Literature Sheet<\/a><\/p>\n","protected":false},"excerpt":{"rendered":"<p>MARTEAUX Dyna-Hammer pour serrure Pittsburgh Le Dyna-Hammer met fin au martelage manuel. Il suffit de donner quelques coups au centre et aux extr\u00e9mit\u00e9s d&rsquo;un conduit de longueur standard pour le fixer, puis le Dyna-Hammer fait tout le travail. Les raccords arrondis et les conduits droits sont martel\u00e9s \u00e0 une vitesse d&rsquo;environ 6 m\u00e8tres par minute &hellip;<\/p>\n","protected":false},"author":7,"featured_media":0,"parent":7603,"menu_order":0,"comment_status":"closed","ping_status":"closed","template":"","meta":{"_acf_changed":false,"footnotes":""},"acf":[],"_links":{"self":[{"href":"https:\/\/www.durodynecanada.com\/fr\/wp-json\/wp\/v2\/pages\/7498"}],"collection":[{"href":"https:\/\/www.durodynecanada.com\/fr\/wp-json\/wp\/v2\/pages"}],"about":[{"href":"https:\/\/www.durodynecanada.com\/fr\/wp-json\/wp\/v2\/types\/page"}],"author":[{"embeddable":true,"href":"https:\/\/www.durodynecanada.com\/fr\/wp-json\/wp\/v2\/users\/7"}],"replies":[{"embeddable":true,"href":"https:\/\/www.durodynecanada.com\/fr\/wp-json\/wp\/v2\/comments?post=7498"}],"version-history":[{"count":4,"href":"https:\/\/www.durodynecanada.com\/fr\/wp-json\/wp\/v2\/pages\/7498\/revisions"}],"predecessor-version":[{"id":8337,"href":"https:\/\/www.durodynecanada.com\/fr\/wp-json\/wp\/v2\/pages\/7498\/revisions\/8337"}],"up":[{"embeddable":true,"href":"https:\/\/www.durodynecanada.com\/fr\/wp-json\/wp\/v2\/pages\/7603"}],"wp:attachment":[{"href":"https:\/\/www.durodynecanada.com\/fr\/wp-json\/wp\/v2\/media?parent=7498"}],"curies":[{"name":"wp","href":"https:\/\/api.w.org\/{rel}","templated":true}]}}