{"id":7493,"date":"2019-05-14T11:36:03","date_gmt":"2019-05-14T15:36:03","guid":{"rendered":"https:\/\/www.durodynecanada.com\/products\/flange\/"},"modified":"2022-06-16T15:10:04","modified_gmt":"2022-06-16T19:10:04","slug":"bride","status":"publish","type":"page","link":"https:\/\/www.durodynecanada.com\/fr\/nos-produits\/bride\/","title":{"rendered":"Bride"},"content":{"rendered":"<h1>BRIDE<\/h1>\n<h2>Bride DOMJ<\/h2>\n<ul>\n<li>Con\u00e7u pour renforcer la paroi de la gaine et relier les sections de gaine entre elles.<\/li>\n<li>Fourni avec une poche d&rsquo;\u00e9tanch\u00e9it\u00e9 int\u00e9gr\u00e9e pour un ajustement s\u00fbr et \u00e9tanche \u00e0 l&rsquo;air.<\/li>\n<li>Fabriqu\u00e9 en acier de calibre 20 en longueurs de 10, 12 et 20 pieds.<\/li>\n<li><strong>DOMJ<\/strong> est con\u00e7u pour les grandes applications commerciales et \u00e0 haute pression.<\/li>\n<li>Les paquets de 20 pieds de long ne sont disponibles qu&rsquo;avec une commande de camion complet.<\/li>\n<li>M\u00e9tal sp\u00e9cial disponible sur demande.<\/li>\n<\/ul>\n<p><img loading=\"lazy\" decoding=\"async\" class=\"alignnone wp-image-6224 size-full\" src=\"https:\/\/www.durodynecanada.com\/wp-content\/uploads\/D-MATE_Pics\/jflange.jpg\" alt=\"J Flange\" width=\"338\" height=\"154\" srcset=\"https:\/\/www.durodynecanada.com\/wp-content\/uploads\/D-MATE_Pics\/jflange.jpg 338w, https:\/\/www.durodynecanada.com\/wp-content\/uploads\/D-MATE_Pics\/jflange-300x137.jpg 300w\" sizes=\"(max-width: 338px) 100vw, 338px\" \/><\/p>\n<p><a href=\"https:\/\/www.durodynecanada.com\/wp-content\/uploads\/D-MATE_Pdf\/flange_litsheet.pdf\">Flange Literature Sheet<\/a><\/p>\n<p><a href=\"https:\/\/www.durodynecanada.com\/wp-content\/uploads\/D-MATE_Pdf\/flange_submittal.pdf\">Flange Submittal<\/a><\/p>\n<h2>Bride DOMH<\/h2>\n<ul>\n<li>Con\u00e7u pour renforcer la paroi de la gaine et relier les sections de gaine entre elles.<\/li>\n<li>Fourni avec une poche de mastic int\u00e9gr\u00e9e pour un ajustement \u00e9tanche \u00e0 l&rsquo;air.<\/li>\n<li>Fabriqu\u00e9 en acier de calibre 22, en longueurs de 12 et 20 pieds.<\/li>\n<li><strong>DOMH <\/strong>est con\u00e7u pour les applications r\u00e9sidentielles ou \u00e0 basse et moyenne pression.<\/li>\n<li>Les paquets de 20 pieds de long ne sont disponibles qu&rsquo;avec une commande de camion complet.<\/li>\n<li>M\u00e9tal sp\u00e9cial disponible sur demande.<\/li>\n<\/ul>\n<p><img loading=\"lazy\" decoding=\"async\" class=\"alignnone wp-image-6225 size-full\" src=\"https:\/\/www.durodynecanada.com\/wp-content\/uploads\/D-MATE_Pics\/hflange.jpg\" alt=\"H Flange\" width=\"318\" height=\"138\" srcset=\"https:\/\/www.durodynecanada.com\/wp-content\/uploads\/D-MATE_Pics\/hflange.jpg 318w, https:\/\/www.durodynecanada.com\/wp-content\/uploads\/D-MATE_Pics\/hflange-300x130.jpg 300w\" sizes=\"(max-width: 318px) 100vw, 318px\" \/><\/p>\n<p><a href=\"https:\/\/www.durodynecanada.com\/wp-content\/uploads\/D-MATE_Pdf\/flange_litsheet.pdf\">Flange Literature Sheet<\/a><\/p>\n<p><a href=\"https:\/\/www.durodynecanada.com\/wp-content\/uploads\/D-MATE_Pdf\/flange_submittal.pdf\">Flange Submittal<\/a><\/p>\n","protected":false},"excerpt":{"rendered":"<p>BRIDE Bride DOMJ Con\u00e7u pour renforcer la paroi de la gaine et relier les sections de gaine entre elles. Fourni avec une poche d&rsquo;\u00e9tanch\u00e9it\u00e9 int\u00e9gr\u00e9e pour un ajustement s\u00fbr et \u00e9tanche \u00e0 l&rsquo;air. Fabriqu\u00e9 en acier de calibre 20 en longueurs de 10, 12 et 20 pieds. DOMJ est con\u00e7u pour les grandes applications commerciales &hellip;<\/p>\n","protected":false},"author":7,"featured_media":0,"parent":7603,"menu_order":0,"comment_status":"closed","ping_status":"closed","template":"","meta":{"_acf_changed":false,"footnotes":""},"acf":[],"_links":{"self":[{"href":"https:\/\/www.durodynecanada.com\/fr\/wp-json\/wp\/v2\/pages\/7493"}],"collection":[{"href":"https:\/\/www.durodynecanada.com\/fr\/wp-json\/wp\/v2\/pages"}],"about":[{"href":"https:\/\/www.durodynecanada.com\/fr\/wp-json\/wp\/v2\/types\/page"}],"author":[{"embeddable":true,"href":"https:\/\/www.durodynecanada.com\/fr\/wp-json\/wp\/v2\/users\/7"}],"replies":[{"embeddable":true,"href":"https:\/\/www.durodynecanada.com\/fr\/wp-json\/wp\/v2\/comments?post=7493"}],"version-history":[{"count":4,"href":"https:\/\/www.durodynecanada.com\/fr\/wp-json\/wp\/v2\/pages\/7493\/revisions"}],"predecessor-version":[{"id":8004,"href":"https:\/\/www.durodynecanada.com\/fr\/wp-json\/wp\/v2\/pages\/7493\/revisions\/8004"}],"up":[{"embeddable":true,"href":"https:\/\/www.durodynecanada.com\/fr\/wp-json\/wp\/v2\/pages\/7603"}],"wp:attachment":[{"href":"https:\/\/www.durodynecanada.com\/fr\/wp-json\/wp\/v2\/media?parent=7493"}],"curies":[{"name":"wp","href":"https:\/\/api.w.org\/{rel}","templated":true}]}}