{"id":7488,"date":"2019-03-11T15:57:22","date_gmt":"2019-03-11T19:57:22","guid":{"rendered":"https:\/\/www.durodynecanada.com\/products\/dyna-tite-tools-and-accessories\/"},"modified":"2022-06-16T15:00:38","modified_gmt":"2022-06-16T19:00:38","slug":"accessoires-et-outils-dyna-tite","status":"publish","type":"page","link":"https:\/\/www.durodynecanada.com\/fr\/nos-produits\/accessoires-et-outils-dyna-tite\/","title":{"rendered":"Accessoires et Outils Dyna-Tite"},"content":{"rendered":"<h1>ACCESSOIRES ET OUTILS DYNA-TITE<\/h1>\n<h2>Suspension de terrasse Rapit\u00ae Drop-In<\/h2>\n<p><img loading=\"lazy\" decoding=\"async\" class=\"alignnone wp-image-6540 size-full\" src=\"https:\/\/www.durodynecanada.com\/wp-content\/uploads\/D-Tite_Main\/deck_hanger.jpg\" alt=\"Drop-In Deck Hanger\" width=\"411\" height=\"498\" srcset=\"https:\/\/www.durodynecanada.com\/wp-content\/uploads\/D-Tite_Main\/deck_hanger.jpg 411w, https:\/\/www.durodynecanada.com\/wp-content\/uploads\/D-Tite_Main\/deck_hanger-248x300.jpg 248w\" sizes=\"(max-width: 411px) 100vw, 411px\" \/><\/p>\n<p>Les suspentes <strong>Rapit\u00ae Drop-In Deck Hanger<\/strong> sont con\u00e7ues pour \u00eatre install\u00e9es dans les terrasses m\u00e9talliques remplies de b\u00e9ton. Les suspensions de pont RDI sont install\u00e9es avant de couler le b\u00e9ton, afin de r\u00e9duire les co\u00fbts d&rsquo;installation et d&rsquo;augmenter les valeurs de r\u00e9sistance. Une fois install\u00e9, l&rsquo;insert est suspendu sous la surface de la terrasse pour faciliter l&rsquo;installation de tiges filet\u00e9es ou de Dyna-Studs. Ils peuvent \u00eatre utilis\u00e9s pour suspendre des gaines de chauffage, de ventilation et de climatisation, des tuyaux, des entretoises, des conduits, des \u00e9clairages, des panneaux de signalisation, des syst\u00e8mes d&rsquo;arrosage, etc. Les applications sont infinies!<\/p>\n<ul>\n<li>Filets femelles UNC de 3\/8&Prime; de diam\u00e8tre<\/li>\n<li>Rapide et facile \u00e0 installer<\/li>\n<li>Profil bas pour r\u00e9duire les risques de tr\u00e9buchement sur le chantier<\/li>\n<li>Peut \u00eatre utilis\u00e9 \u00e0 travers ou entre les nervures sur les terrasses m\u00e9talliques<\/li>\n<li>Les filetages internes \u00e9liminent le besoin de raccords<\/li>\n<li>Trous de vis int\u00e9gr\u00e9s pour un montage solide et multi-positions sur le pont.<\/li>\n<li>Vis 10&#215;3\/4 High Head Pro Point incluses pour une installation pratique<\/li>\n<li>Rev\u00eatement en poudre jaune pour la durabilit\u00e9, la s\u00e9curit\u00e9 et l&rsquo;identification facile.<\/li>\n<li>Con\u00e7u pour \u00eatre utilis\u00e9 avec les syst\u00e8mes de localisation BIM<\/li>\n<li style=\"list-style-type: none;\"><\/li>\n<\/ul>\n<table width=\"100%\">\n<tbody>\n<tr>\n<td width=\"9%\"><strong>Item No.<\/strong><\/td>\n<td width=\"12%\"><strong>Code<\/strong><\/td>\n<td width=\"38%\"><strong>Description<\/strong><\/td>\n<td style=\"text-align: center;\" width=\"12%\"><strong>Qt\u00e9 par Pkg<\/strong><\/td>\n<\/tr>\n<tr>\n<td width=\"15%\">30339<\/td>\n<td width=\"9%\"><strong>RDI38<\/strong><\/td>\n<td width=\"14%\">Suspension de pont 3\/8in Rapit\u00ae Drop-In<\/td>\n<td style=\"text-align: center;\" width=\"12%\">50<\/td>\n<\/tr>\n<\/tbody>\n<\/table>\n<p><a href=\"https:\/\/www.durodynecanada.com\/wp-content\/uploads\/D-Tite_Litsheets\/deckhanger_litsheet.pdf\">Rapit Drop-In Deck Hanger Literature Sheet<\/a><br \/>\n<a href=\"https:\/\/www.durodynecanada.com\/wp-content\/uploads\/D-Tite_Submittals\/deckhanger_submittal.pdf\">Rapit Drop-In Deck Hanger Hanger Submittal<\/a><br \/>\n<a href=\"https:\/\/www.durodynecanada.com\/wp-content\/uploads\/D-Tite_Main\/deckhanger_instructions.pdf\">Rapit Drop-In Deck Hanger Instructions<\/a><\/p>\n<h2>Coupe-c\u00e2bles<\/h2>\n<p>Lorsque vous coupez un c\u00e2ble m\u00e9tallique, il est important d&rsquo;utiliser un coupe-c\u00e2ble reconnu tel que le coupe-c\u00e2ble Duro Dyne d\u00e9taill\u00e9 ici. Cela permettra de s&rsquo;assurer que la forme du c\u00e2ble est maintenue avant son insertion dans le Dyna-Tite.<\/p>\n<ul>\n<li>Prise de s\u00fbret\u00e9<\/li>\n<li>Outil de coupe \u00e0 main pour les c\u00e2bles m\u00e9talliques <strong>WC2-CL6, WC3-CL12, WC4-CL18<\/strong> et <strong>WC6-CL23<\/strong><\/li>\n<li>Ressort pour faciliter l&rsquo;utilisation<\/li>\n<li>Poign\u00e9es longues de 5&Prime; pour un effet de levier \u00e9lev\u00e9<\/li>\n<li>Lames en acier tremp\u00e9 pour la durabilit\u00e9<\/li>\n<li>Poign\u00e9es recouvertes de vinyle pour une prise en main confortable et antid\u00e9rapante<\/li>\n<\/ul>\n<p><img loading=\"lazy\" decoding=\"async\" class=\"alignnone wp-image-6133 size-full\" src=\"https:\/\/www.durodynecanada.com\/wp-content\/uploads\/D-Tite_Main\/cablecutter_818263.jpg\" alt=\"DTRWC14 Cable Cutter\" width=\"295\" height=\"85\"><\/p>\n<table width=\"100%\">\n<tbody>\n<tr>\n<td width=\"9%\"><strong>Item No.<\/strong><\/td>\n<td width=\"12%\"><strong>Code<\/strong><\/td>\n<td width=\"38%\"><strong>Description<\/strong><\/td>\n<td style=\"text-align: center;\" width=\"12%\"><strong>Qt\u00e9 par Pkg<\/strong><\/td>\n<\/tr>\n<tr>\n<td width=\"15%\">818263<\/td>\n<td width=\"9%\"><strong>DTWRCL<\/strong><\/td>\n<td width=\"14%\">Coupe-c\u00e2bles pour c\u00e2bles <strong>WC2, WC3, WC4<\/strong> et <strong>WC6<\/strong><\/td>\n<td style=\"text-align: center;\" width=\"12%\">1<\/td>\n<\/tr>\n<\/tbody>\n<\/table>\n<h2>Coupe-c\u00e2bles WC8-CL25<\/h2>\n<p>Lorsque vous coupez un c\u00e2ble m\u00e9tallique, il est important d&rsquo;utiliser un coupe-c\u00e2ble reconnu tel que le coupe-c\u00e2ble Duro Dyne d\u00e9taill\u00e9 ici. Cela permettra de s&rsquo;assurer que la forme du c\u00e2ble est maintenue avant son insertion dans le Dyna-Tite.<\/p>\n<ul>\n<li>Prise de s\u00e9curit\u00e9<\/li>\n<li>Capacit\u00e9 de coupe des c\u00e2bles m\u00e9talliques <strong>WC8-CL25<\/strong><\/li>\n<li>Lames en acier tremp\u00e9 pour la durabilit\u00e9<\/li>\n<li>Poign\u00e9es recouvertes de vinyle pour une prise en main confortable et antid\u00e9rapante<\/li>\n<\/ul>\n<p><img loading=\"lazy\" decoding=\"async\" class=\"alignnone size-full wp-image-6134\" src=\"https:\/\/www.durodynecanada.com\/wp-content\/uploads\/D-Tite_Main\/cablecutterwc8_30344.jpg\" alt=\"DTRWC Cable Cutter for WC8 Wire Rope\" width=\"295\" height=\"85\"><\/p>\n<table width=\"100%\">\n<tbody>\n<tr>\n<td width=\"9%\"><strong>Item No.<\/strong><\/td>\n<td width=\"12%\"><strong>Code<\/strong><\/td>\n<td width=\"38%\"><strong>Description<\/strong><\/td>\n<td style=\"text-align: center;\" width=\"12%\"><strong>Qt\u00e9 par Pkg<\/strong><\/td>\n<\/tr>\n<tr>\n<td width=\"15%\">30344<\/td>\n<td width=\"9%\"><strong>DTRWC14<\/strong><\/td>\n<td width=\"14%\">Coupe-c\u00e2ble pour c\u00e2ble WC8-CL25<\/td>\n<td style=\"text-align: center;\" width=\"12%\">1<\/td>\n<\/tr>\n<\/tbody>\n<\/table>\n<h2>Compteur de c\u00e2bles personnalis\u00e9<\/h2>\n<p>Le <strong>CCC1<\/strong> simplifie grandement la pr\u00e9paration de votre projet d&rsquo;accrochage de gaines. Prenez un seau vide de cinq gallons, mettez une bobine de c\u00e2ble m\u00e9tallique au fond, mettez quelques bo\u00eetes de verrous de c\u00e2ble Dyna-Tite et un coupe-c\u00e2ble. Placez le <strong>CCC1<\/strong> sur le dessus du seau et vous \u00eates pr\u00eat pour le chantier. Sur le chantier, retirez les bo\u00eetes de verrouillage de c\u00e2ble et le coupe-c\u00e2ble, faites passer le c\u00e2ble m\u00e9tallique dans le dispositif de mesure <strong>CCC1<\/strong> et vous \u00eates pr\u00eat \u00e0 suspendre les gaines. Il suffit de tirer le c\u00e2ble m\u00e9tallique \u00e0 la longueur n\u00e9cessaire, de le couper et de remettre le compteur \u00e0 z\u00e9ro.<\/p>\n<ul>\n<li>Affichage du compteur de 0 pied 0 pouce \u00e0 9999 pieds et 11 pouces<\/li>\n<li>R\u00e9initialisation par bouton poussoir<\/li>\n<li>Con\u00e7u pour \u00eatre utilis\u00e9 avec le c\u00e2ble m\u00e9tallique Duro Dyne<\/li>\n<li>Convient \u00e0 la plupart des seaux de 5 gallons<\/li>\n<li>L\u00e9ger<\/li>\n<\/ul>\n<h2><img loading=\"lazy\" decoding=\"async\" class=\"alignnone size-full wp-image-6142\" src=\"https:\/\/www.durodynecanada.com\/wp-content\/uploads\/D-Tite_Main\/ccc1.jpg\" alt=\"CCC1 Cable Counter\" width=\"295\" height=\"144\"><\/h2>\n<table width=\"100%\">\n<tbody>\n<tr>\n<td width=\"9%\"><strong>Item No.<\/strong><\/td>\n<td width=\"12%\"><strong>Code<\/strong><\/td>\n<td width=\"38%\"><strong>Description<\/strong><\/td>\n<td style=\"text-align: center;\" width=\"12%\"><strong>Qt\u00e9 par Pkg<\/strong><\/td>\n<\/tr>\n<tr>\n<td width=\"15%\">30390<\/td>\n<td width=\"9%\"><strong>CCC1<\/strong><\/td>\n<td width=\"14%\">Compteur de c\u00e2bles personnalis\u00e9<\/td>\n<td style=\"text-align: center;\" width=\"12%\">1<\/td>\n<\/tr>\n<\/tbody>\n<\/table>\n<h2>Boucle en spirale<\/h2>\n<p>Cette boucle en acier galvanis\u00e9 lourd est con\u00e7ue pour suspendre les gaines rondes et ovales aux solives ou aux poutres du plafond \u00e0 l&rsquo;aide d&rsquo;une tige filet\u00e9e d&rsquo;un diam\u00e8tre maximal de 3\/8&Prime;. Il suffit de placer une sangle de suspension de 1&Prime; dans un c\u00f4t\u00e9 de la boucle, puis autour du mat\u00e9riau et dans l&rsquo;autre c\u00f4t\u00e9 de la boucle. Lorsque la sangle est correctement ins\u00e9r\u00e9e dans les fentes, elle est verrouill\u00e9e dans la boucle par le poids de la gaine.<\/p>\n<p><img loading=\"lazy\" decoding=\"async\" class=\"alignnone size-full wp-image-6135\" src=\"https:\/\/www.durodynecanada.com\/wp-content\/uploads\/D-Tite_Main\/spiralbuckle.jpg\" alt=\"DSB1 Spiral Buckle\" width=\"184\" height=\"76\"><\/p>\n<p style=\"text-align: center;\">avec boulon \u00e0 \u0153il avec tige filet\u00e9e<\/p>\n<p><img loading=\"lazy\" decoding=\"async\" class=\"size-full wp-image-6136 aligncenter\" src=\"https:\/\/www.durodynecanada.com\/wp-content\/uploads\/D-Tite_Main\/spiralbuckle_app_set.jpg\" alt=\"Spiral Buckle with Eye Bolt and with Threaded Rod\" width=\"297\" height=\"221\"><\/p>\n<table width=\"100%\">\n<tbody>\n<tr>\n<td width=\"9%\"><strong>Item No.<\/strong><\/td>\n<td width=\"12%\"><strong>Code<\/strong><\/td>\n<td width=\"38%\"><strong>Description<\/strong><\/td>\n<td style=\"text-align: center;\" width=\"12%\"><strong>Qt\u00e9 par Pkg<\/strong><\/td>\n<\/tr>\n<tr>\n<td width=\"15%\">30340<\/td>\n<td width=\"9%\"><strong>DSB1<\/strong><\/td>\n<td width=\"14%\">Boucle en Spirale Dyna-Tite<\/td>\n<td style=\"text-align: center;\" width=\"12%\">50<\/td>\n<\/tr>\n<\/tbody>\n<\/table>\n<p><a href=\"https:\/\/www.durodynecanada.com\/wp-content\/uploads\/D-Tite_Litsheets\/spiral_buckle_litsheet_062016.pdf\">Spiral Buckle Literature Sheet<br \/>\n<\/a><a href=\"https:\/\/www.durodynecanada.com\/wp-content\/uploads\/D-Tite_Litsheets\/spiral_buckle_submittal_062016.pdf\">Spiral Buckle Submittal<\/a><\/p>\n<h2>Boulon et \u00e9crou \u00e0 \u0153il<\/h2>\n<ul>\n<li>Boulon \u00e0 \u0153il et \u00e9crou (3\/8&Prime; &#8211; 16 x 2-1\/2&Prime;)<\/li>\n<li>Limite de poids de 400 lbs.<\/li>\n<\/ul>\n<p><img loading=\"lazy\" decoding=\"async\" class=\"alignnone size-full wp-image-6147\" src=\"https:\/\/www.durodynecanada.com\/wp-content\/uploads\/D-Tite_Main\/eyeboltandnut.jpg\" alt=\"Eye Bolt and Nut\" width=\"161\" height=\"64\"><\/p>\n<table width=\"100%\">\n<tbody>\n<tr>\n<td width=\"9%\"><strong>Item No.<\/strong><\/td>\n<td width=\"12%\"><strong>Code<\/strong><\/td>\n<td width=\"38%\"><strong>Description<\/strong><\/td>\n<td style=\"text-align: center;\" width=\"12%\"><strong>Qt\u00e9 par Pkg<\/strong><\/td>\n<\/tr>\n<tr>\n<td width=\"15%\">30220<\/td>\n<td width=\"9%\"><strong>DDG3W<\/strong><\/td>\n<td width=\"14%\">Boulon \u00e0 \u0153il et \u00e9crou Dyna-Tite<\/td>\n<td style=\"text-align: center;\" width=\"12%\">100<\/td>\n<\/tr>\n<\/tbody>\n<\/table>\n","protected":false},"excerpt":{"rendered":"<p>ACCESSOIRES ET OUTILS DYNA-TITE Suspension de terrasse Rapit\u00ae Drop-In Les suspentes Rapit\u00ae Drop-In Deck Hanger sont con\u00e7ues pour \u00eatre install\u00e9es dans les terrasses m\u00e9talliques remplies de b\u00e9ton. Les suspensions de pont RDI sont install\u00e9es avant de couler le b\u00e9ton, afin de r\u00e9duire les co\u00fbts d&rsquo;installation et d&rsquo;augmenter les valeurs de r\u00e9sistance. Une fois install\u00e9, l&rsquo;insert &hellip;<\/p>\n","protected":false},"author":7,"featured_media":0,"parent":7603,"menu_order":0,"comment_status":"closed","ping_status":"closed","template":"","meta":{"_acf_changed":false,"footnotes":""},"acf":[],"_links":{"self":[{"href":"https:\/\/www.durodynecanada.com\/fr\/wp-json\/wp\/v2\/pages\/7488"}],"collection":[{"href":"https:\/\/www.durodynecanada.com\/fr\/wp-json\/wp\/v2\/pages"}],"about":[{"href":"https:\/\/www.durodynecanada.com\/fr\/wp-json\/wp\/v2\/types\/page"}],"author":[{"embeddable":true,"href":"https:\/\/www.durodynecanada.com\/fr\/wp-json\/wp\/v2\/users\/7"}],"replies":[{"embeddable":true,"href":"https:\/\/www.durodynecanada.com\/fr\/wp-json\/wp\/v2\/comments?post=7488"}],"version-history":[{"count":4,"href":"https:\/\/www.durodynecanada.com\/fr\/wp-json\/wp\/v2\/pages\/7488\/revisions"}],"predecessor-version":[{"id":7968,"href":"https:\/\/www.durodynecanada.com\/fr\/wp-json\/wp\/v2\/pages\/7488\/revisions\/7968"}],"up":[{"embeddable":true,"href":"https:\/\/www.durodynecanada.com\/fr\/wp-json\/wp\/v2\/pages\/7603"}],"wp:attachment":[{"href":"https:\/\/www.durodynecanada.com\/fr\/wp-json\/wp\/v2\/media?parent=7488"}],"curies":[{"name":"wp","href":"https:\/\/api.w.org\/{rel}","templated":true}]}}