{"id":7478,"date":"2019-03-12T11:55:07","date_gmt":"2019-03-12T15:55:07","guid":{"rendered":"https:\/\/www.durodynecanada.com\/products\/dyna-tite-testing-warnings\/"},"modified":"2022-06-16T15:43:04","modified_gmt":"2022-06-16T19:43:04","slug":"test-et-avertissements-dyna-tite","status":"publish","type":"page","link":"https:\/\/www.durodynecanada.com\/fr\/nos-produits\/test-et-avertissements-dyna-tite\/","title":{"rendered":"Tests et avertissements de Dyna-Tite"},"content":{"rendered":"<h1>TESTS ET AVERTISSEMENTS DE DYNA-TITE<\/h1>\n<p><strong>EFFETS DE LA SUSPENSION AUX ANGLES<\/strong><\/p>\n<p>Les verrous de c\u00e2ble peuvent \u00eatre utilis\u00e9s pour suspendre des objets en toute s\u00e9curit\u00e9 \u00e0 des angles allant jusqu&rsquo;\u00e0 60 degr\u00e9s de la verticale. Cependant, la suspension \u00e0 des angles r\u00e9duit la charge de travail s\u00fbre selon le tableau ci-dessous.<\/p>\n<table>\n<tbody>\n<tr>\n<td style=\"text-align: center;\" width=\"16%\"><strong>Taille<\/strong><\/td>\n<td style=\"text-align: center;\" width=\"20%\"><strong>Vertical<\/strong><\/td>\n<td style=\"text-align: center;\" width=\"16%\"><strong>15\u00b0 <\/strong><\/td>\n<td style=\"text-align: center;\" width=\"16%\"><strong>30\u00b0 <\/strong><\/td>\n<td style=\"text-align: center;\" width=\"16%\"><strong>45\u00b0 <\/strong><\/td>\n<td style=\"text-align: center;\" width=\"16%\"><strong>60\u00b0 <\/strong><\/td>\n<\/tr>\n<tr>\n<td style=\"text-align: center;\" width=\"16%\">WC8-25<\/td>\n<td style=\"text-align: center;\" width=\"20%\">1,100 lbs<\/td>\n<td style=\"text-align: center;\" width=\"16%\">1,060 lbs<\/td>\n<td style=\"text-align: center;\" width=\"16%\">950 lbs<\/td>\n<td style=\"text-align: center;\" width=\"16%\">775 lbs<\/td>\n<td style=\"text-align: center;\" width=\"16%\">550 lbs<\/td>\n<\/tr>\n<tr>\n<td style=\"text-align: center;\" width=\"16%\">WC6-23<\/td>\n<td style=\"text-align: center;\" width=\"20%\">640 lbs<\/td>\n<td style=\"text-align: center;\" width=\"16%\">625 lbs<\/td>\n<td style=\"text-align: center;\" width=\"16%\">559 lbs<\/td>\n<td style=\"text-align: center;\" width=\"16%\">455 lbs<\/td>\n<td style=\"text-align: center;\" width=\"16%\">325 lbs<\/td>\n<\/tr>\n<tr>\n<td style=\"text-align: center;\" width=\"16%\">WC4-18<\/td>\n<td style=\"text-align: center;\" width=\"20%\">250 lbs<\/td>\n<td style=\"text-align: center;\" width=\"16%\">240 lbs<\/td>\n<td style=\"text-align: center;\" width=\"16%\">215 lbs<\/td>\n<td style=\"text-align: center;\" width=\"16%\">175 lbs<\/td>\n<td style=\"text-align: center;\" width=\"16%\">125 lbs<\/td>\n<\/tr>\n<tr>\n<td style=\"text-align: center;\" width=\"16%\">WC3-12<\/td>\n<td style=\"text-align: center;\" width=\"20%\">150 lbs<\/td>\n<td style=\"text-align: center;\" width=\"16%\">144 lbs<\/td>\n<td style=\"text-align: center;\" width=\"16%\">129 lbs<\/td>\n<td style=\"text-align: center;\" width=\"16%\">105 lbs<\/td>\n<td style=\"text-align: center;\" width=\"16%\">75 lbs<\/td>\n<\/tr>\n<tr>\n<td style=\"text-align: center;\" width=\"16%\">WC2-6<\/td>\n<td style=\"text-align: center;\" width=\"20%\">75 lbs<\/td>\n<td style=\"text-align: center;\" width=\"16%\">72 lbs<\/td>\n<td style=\"text-align: center;\" width=\"16%\">64.5 lbs<\/td>\n<td style=\"text-align: center;\" width=\"16%\">52.5 lbs<\/td>\n<td style=\"text-align: center;\" width=\"16%\">37.5 lbs<\/td>\n<\/tr>\n<tr>\n<td style=\"text-align: center;\" width=\"16%\">Charge<\/td>\n<td style=\"text-align: center;\" width=\"20%\">100%<\/td>\n<td style=\"text-align: center;\" width=\"16%\">96%<\/td>\n<td style=\"text-align: center;\" width=\"16%\">86%<\/td>\n<td style=\"text-align: center;\" width=\"16%\">70%<\/td>\n<td style=\"text-align: center;\" width=\"16%\">50%<\/td>\n<\/tr>\n<\/tbody>\n<\/table>\n<p><strong>TESTS<\/strong><\/p>\n<p>Tous les Dyna-Tites ont \u00e9t\u00e9 test\u00e9s ind\u00e9pendamment \u00e0 cinq fois leur charge de travail admissible par un ou plusieurs des laboratoires ind\u00e9pendants suivants:<\/p>\n<ul>\n<li>RADCO Inc, Long Beach CA<\/li>\n<li>SMACNA testing and Research Institute<\/li>\n<li>New York Testing Laboratories<\/li>\n<\/ul>\n<p><img loading=\"lazy\" decoding=\"async\" class=\"alignnone size-full wp-image-6137\" src=\"https:\/\/www.durodynecanada.com\/wp-content\/uploads\/D-Tite_Main\/testing_logoset.jpg\" alt=\"Testing Labs Logo\" width=\"295\" height=\"128\"><\/p>\n<p><strong>AVERTISSEMENTS<\/strong><\/p>\n<p>Pour des raisons d&rsquo;ing\u00e9nierie, le <strong>Dyna-Tite<\/strong> ne doit pas \u00eatre situ\u00e9 \u00e0 moins de 12 pouces du point de suspension. Dans le cas d&rsquo;une gaine ronde, o\u00f9 le c\u00e2ble m\u00e9tallique entoure la gaine, le <strong>Dyna-Tite<\/strong> doit \u00eatre situ\u00e9 \u00e0 la distance d&rsquo;un diam\u00e8tre de la paroi de la gaine. Le respect de ces d\u00e9gagements minimums permettra de r\u00e9partir la charge le plus efficacement possible entre tous les \u00e9l\u00e9ments de suspension du conduit.<\/p>\n<h3 style=\"text-align: center;\"><strong><span style=\"color: #ff0000;\">&gt;&gt;<\/span> POUR LES APPLICATIONS DE CHARGE STATIQUE UNIQUEMENT&nbsp;<span style=\"color: #ff0000;\">&lt;&lt;<\/span><\/strong><\/h3>\n<ul>\n<li style=\"text-align: left;\"><strong>TOUJOURS CONFIRMER L&rsquo;ENGAGEMENT DU VERROU DE C\u00c2BLE SUR LE C\u00c2BLE AVANT D&rsquo;APPLIQUER LA CHARGE:<\/strong> En poussant la goupille de r\u00e9glage dans la direction oppos\u00e9e aux fl\u00e8ches sur le verrou de c\u00e2ble, puis en tirant le c\u00e2ble \u00e9galement dans la direction oppos\u00e9e aux fl\u00e8ches sur le verrou de c\u00e2ble.<\/li>\n<li style=\"text-align: left;\"><strong>TIRER LA GOUPILLE DE R\u00c9GLAGE VERS L&rsquo;ARRI\u00c8RE ET PASSER LA CORDE DE FIL \u00c0 TRAVERS LE BLOQUEUR DE C\u00c2BLE DYNA-TITE:<\/strong> Si l&rsquo;on ne tire pas d&rsquo;abord la goupille de r\u00e9glage, les dents dentel\u00e9es risquent d&rsquo;\u00eatre endommag\u00e9es et la capacit\u00e9 de maintien r\u00e9duite.<\/li>\n<li style=\"text-align: left;\"><strong>POUR ASSURER L&rsquo;INT\u00c9GRIT\u00c9 ET LA S\u00c9CURIT\u00c9 DU SYST\u00c8ME DE SUSPENSION:<\/strong> N&rsquo;utilisez que des c\u00e2bles m\u00e9talliques Duro Dyne.<\/li>\n<li style=\"text-align: left;\"><strong>LA CHARGE MAXIMALE DE TRAVAIL (CMT) DOIT RESTER DANS LA GAMME DE CHARGES DE TRAVAIL INDIQU\u00c9E DU VERROUILLAGE DE C\u00c2BLE:<\/strong> Chaque produit est class\u00e9 en fonction de sa charge et incorpore un facteur de s\u00e9curit\u00e9 minimum de 5:1. Cette CMT tient compte des crit\u00e8res de sp\u00e9cification du verrou de c\u00e2ble Dyna-Tite et du c\u00e2ble m\u00e9tallique.<\/li>\n<li style=\"text-align: left;\"><strong>Ne pas utiliser sur un c\u00e2ble m\u00e9tallique rev\u00eatu:<\/strong> Il est important de maintenir le contact m\u00e9tal sur m\u00e9tal entre les cliquets de verrouillage du Dyna-Tite et le c\u00e2ble m\u00e9tallique.<\/li>\n<li style=\"text-align: left;\"><strong>N&rsquo;appliquez pas de peinture ou d&rsquo;autre rev\u00eatement:<\/strong> sur une partie quelconque de l&rsquo;ensemble, car cela pourrait nuire au libre mouvement des cliquets de verrouillage \u00e0 l&rsquo;int\u00e9rieur du verrou de c\u00e2ble Dyna-Tite.<\/li>\n<li style=\"text-align: left;\"><strong>Do not apply lubricant:<\/strong> to any part of the assembly as this will alter the surface nature of the wire rope and attract dirt and debris.<\/li>\n<li style=\"text-align: left;\"><strong>N&rsquo;appliquez pas de lubrifiant:<\/strong> sur aucune partie de l&rsquo;assemblage car cela modifierait la nature de la surface du c\u00e2ble et attirerait la salet\u00e9 et les d\u00e9bris.<\/li>\n<li style=\"text-align: left;\"><strong>Gardez le produit propre et exempt de salet\u00e9:<\/strong> Toute salet\u00e9 doit \u00eatre retir\u00e9e du produit avant l&rsquo;assemblage.<\/li>\n<li style=\"text-align: left;\"><strong>Inspecter p\u00e9riodiquement:<\/strong> Lors de l&rsquo;inspection, jetez et remplacez s&rsquo;il est us\u00e9, d\u00e9form\u00e9 ou endommag\u00e9.<\/li>\n<li><strong>Retirez les extr\u00e9mit\u00e9s endommag\u00e9es du c\u00e2ble:<\/strong> \u00c0 l&rsquo;aide d&rsquo;une paire de coupe-c\u00e2bles d\u00e9sign\u00e9e, avant de les ins\u00e9rer dans le verrou de c\u00e2ble Dyna-Tite.<\/li>\n<li style=\"text-align: left;\"><strong>Lors de l&rsquo;installation des fixations de c\u00e2bles Dyna-Tite de Duro Dyne: <\/strong>sur des b\u00e2timents ou des \u00e9quipements, il convient de prendre en compte la m\u00e9thode de fixation et le mat\u00e9riau auquel la fixation est destin\u00e9e. L&rsquo;installateur est responsable de la s\u00e9lection, de l&rsquo;installation et de l&rsquo;ad\u00e9quation de la fixation aux sp\u00e9cifications du travail et aux codes. Duro Dyne peut donner des conseils g\u00e9n\u00e9raux, mais toute question \u00e0 ce sujet doit \u00eatre adress\u00e9e \u00e0 l&rsquo;ing\u00e9nieur du projet.<\/li>\n<li style=\"text-align: left;\"><strong>Pour les endroits secs uniquement<\/strong><\/li>\n<li style=\"text-align: left;\"><strong>Ne pas utiliser dans les atmosph\u00e8res chlor\u00e9es telles que les piscines et les natatoriums<\/strong><\/li>\n<li style=\"text-align: left;\"><strong>Les installations du gymnase doivent utiliser uniquement les serrures \u00e0 c\u00e2ble de verrouillage<\/strong><\/li>\n<\/ul>\n","protected":false},"excerpt":{"rendered":"<p>TESTS ET AVERTISSEMENTS DE DYNA-TITE EFFETS DE LA SUSPENSION AUX ANGLES Les verrous de c\u00e2ble peuvent \u00eatre utilis\u00e9s pour suspendre des objets en toute s\u00e9curit\u00e9 \u00e0 des angles allant jusqu&rsquo;\u00e0 60 degr\u00e9s de la verticale. Cependant, la suspension \u00e0 des angles r\u00e9duit la charge de travail s\u00fbre selon le tableau ci-dessous. Taille Vertical 15\u00b0 30\u00b0 &hellip;<\/p>\n","protected":false},"author":7,"featured_media":0,"parent":7603,"menu_order":0,"comment_status":"closed","ping_status":"closed","template":"","meta":{"_acf_changed":false,"footnotes":""},"acf":[],"_links":{"self":[{"href":"https:\/\/www.durodynecanada.com\/fr\/wp-json\/wp\/v2\/pages\/7478"}],"collection":[{"href":"https:\/\/www.durodynecanada.com\/fr\/wp-json\/wp\/v2\/pages"}],"about":[{"href":"https:\/\/www.durodynecanada.com\/fr\/wp-json\/wp\/v2\/types\/page"}],"author":[{"embeddable":true,"href":"https:\/\/www.durodynecanada.com\/fr\/wp-json\/wp\/v2\/users\/7"}],"replies":[{"embeddable":true,"href":"https:\/\/www.durodynecanada.com\/fr\/wp-json\/wp\/v2\/comments?post=7478"}],"version-history":[{"count":7,"href":"https:\/\/www.durodynecanada.com\/fr\/wp-json\/wp\/v2\/pages\/7478\/revisions"}],"predecessor-version":[{"id":8354,"href":"https:\/\/www.durodynecanada.com\/fr\/wp-json\/wp\/v2\/pages\/7478\/revisions\/8354"}],"up":[{"embeddable":true,"href":"https:\/\/www.durodynecanada.com\/fr\/wp-json\/wp\/v2\/pages\/7603"}],"wp:attachment":[{"href":"https:\/\/www.durodynecanada.com\/fr\/wp-json\/wp\/v2\/media?parent=7478"}],"curies":[{"name":"wp","href":"https:\/\/api.w.org\/{rel}","templated":true}]}}