{"id":7475,"date":"2019-03-11T13:42:47","date_gmt":"2019-03-11T17:42:47","guid":{"rendered":"https:\/\/www.durodynecanada.com\/products\/dyna-tite-specialty-brackets\/"},"modified":"2022-06-16T15:42:08","modified_gmt":"2022-06-16T19:42:08","slug":"supports-specialises-dyna-tite","status":"publish","type":"page","link":"https:\/\/www.durodynecanada.com\/fr\/nos-produits\/supports-specialises-dyna-tite\/","title":{"rendered":"Supports sp\u00e9cialis\u00e9s Dyna-Tite"},"content":{"rendered":"<h1>SUPPORTS SP\u00c9CIALIS\u00c9S DYNA-TITE<\/h1>\n<h2>Montage du support KV<\/h2>\n<p>L&rsquo;ensemble de support <strong>KV12<\/strong> am\u00e9liore le syst\u00e8me de suspension Dyna-Tite par l&rsquo;ajout d&rsquo;un support int\u00e9gral, qui fixe le verrou de c\u00e2ble \u00e0 la gaine \u00e0 l&rsquo;aide de vis \u00e0 t\u00f4le. Une fois que le support de l&rsquo;ensemble KV est fix\u00e9 \u00e0 la gaine, la \u00ab\u00a0chute\u00a0\u00bb du c\u00e2ble m\u00e9tallique est pass\u00e9e dans le trou d&rsquo;entr\u00e9e en haut du support, \u00e0 travers le verrou de c\u00e2ble, et ressort par le trou de sortie en bas. Les dents de verrouillage \u00e0 l&rsquo;int\u00e9rieur du verrou de c\u00e2ble s&rsquo;engagent dans le c\u00e2ble m\u00e9tallique et fixent la gaine en place. L&rsquo;ensemble de support <strong>KV12<\/strong> et le CL12-WC3 ont une limite de charge de travail de 150 livres.<\/p>\n<p><strong>* Le support KV doit \u00eatre suspendu \u00e0 un angle de 90 degr\u00e9s par rapport au point de suspension.<\/strong><\/p>\n<p><img loading=\"lazy\" decoding=\"async\" class=\"alignnone size-full wp-image-6130\" src=\"https:\/\/www.durodynecanada.com\/wp-content\/uploads\/D-Tite_Main\/kvbracket.jpg\" alt=\"KV12 Bracket Assembly\" width=\"295\" height=\"216\"> <img loading=\"lazy\" decoding=\"async\" class=\"alignnone size-full wp-image-6131\" src=\"https:\/\/www.durodynecanada.com\/wp-content\/uploads\/D-Tite_Main\/kv_12_sm.jpg\" alt=\"KV12 Brackets with CL12 Cable Lock\" width=\"250\" height=\"194\"><\/p>\n<table width=\"100%\">\n<tbody>\n<tr>\n<td width=\"9%\"><strong>Item No.<\/strong><\/td>\n<td width=\"12%\"><strong>Code<\/strong><\/td>\n<td width=\"38%\"><strong>Description<\/strong><\/td>\n<td width=\"12%\"><strong>Qt\u00e9 per Pkg<\/strong><\/td>\n<\/tr>\n<tr>\n<td width=\"15%\">30361<\/td>\n<td width=\"9%\"><strong>KV12-WC3<\/strong><\/td>\n<td width=\"14%\">Support avec verrou de c\u00e2ble CL12-WC3<\/td>\n<td style=\"text-align: center;\" width=\"12%\">100<\/td>\n<\/tr>\n<\/tbody>\n<\/table>\n<table width=\"50%\">\n<tbody>\n<tr>\n<td style=\"text-align: center;\" width=\"20%\"><b>C\u00e2ble<\/b><\/td>\n<td style=\"text-align: center;\" width=\"30%\"><b>Charge au facteur de s\u00e9curit\u00e9 5:1<\/b><\/td>\n<\/tr>\n<tr>\n<td style=\"text-align: center;\" width=\"20%\"><strong>WC3-CL12<\/strong><\/td>\n<td style=\"text-align: center;\" width=\"30%\">25-150 lbs (12-68 Kg)<\/td>\n<\/tr>\n<\/tbody>\n<\/table>\n<p><strong>** Pour usage avec c\u00e2ble WC3-CL12 SEULEMENT **<\/strong><\/p>\n<p><a href=\"https:\/\/www.durodynecanada.com\/wp-content\/uploads\/D-Tite_Litsheets\/kvbracket_litsheet.pdf\">KV12 Bracket Assembly Literature Sheet<\/a><\/p>\n<p><a href=\"https:\/\/www.durodynecanada.com\/wp-content\/uploads\/D-Tite_Submittals\/cl12_submittal.pdf\">CL12-WC3 Submittal Form<\/a><\/p>\n","protected":false},"excerpt":{"rendered":"<p>SUPPORTS SP\u00c9CIALIS\u00c9S DYNA-TITE Montage du support KV L&rsquo;ensemble de support KV12 am\u00e9liore le syst\u00e8me de suspension Dyna-Tite par l&rsquo;ajout d&rsquo;un support int\u00e9gral, qui fixe le verrou de c\u00e2ble \u00e0 la gaine \u00e0 l&rsquo;aide de vis \u00e0 t\u00f4le. Une fois que le support de l&rsquo;ensemble KV est fix\u00e9 \u00e0 la gaine, la \u00ab\u00a0chute\u00a0\u00bb du c\u00e2ble m\u00e9tallique &hellip;<\/p>\n","protected":false},"author":7,"featured_media":0,"parent":7603,"menu_order":0,"comment_status":"closed","ping_status":"closed","template":"","meta":{"_acf_changed":false,"footnotes":""},"acf":[],"_links":{"self":[{"href":"https:\/\/www.durodynecanada.com\/fr\/wp-json\/wp\/v2\/pages\/7475"}],"collection":[{"href":"https:\/\/www.durodynecanada.com\/fr\/wp-json\/wp\/v2\/pages"}],"about":[{"href":"https:\/\/www.durodynecanada.com\/fr\/wp-json\/wp\/v2\/types\/page"}],"author":[{"embeddable":true,"href":"https:\/\/www.durodynecanada.com\/fr\/wp-json\/wp\/v2\/users\/7"}],"replies":[{"embeddable":true,"href":"https:\/\/www.durodynecanada.com\/fr\/wp-json\/wp\/v2\/comments?post=7475"}],"version-history":[{"count":3,"href":"https:\/\/www.durodynecanada.com\/fr\/wp-json\/wp\/v2\/pages\/7475\/revisions"}],"predecessor-version":[{"id":8352,"href":"https:\/\/www.durodynecanada.com\/fr\/wp-json\/wp\/v2\/pages\/7475\/revisions\/8352"}],"up":[{"embeddable":true,"href":"https:\/\/www.durodynecanada.com\/fr\/wp-json\/wp\/v2\/pages\/7603"}],"wp:attachment":[{"href":"https:\/\/www.durodynecanada.com\/fr\/wp-json\/wp\/v2\/media?parent=7475"}],"curies":[{"name":"wp","href":"https:\/\/api.w.org\/{rel}","templated":true}]}}