{"id":7465,"date":"2019-03-11T14:33:45","date_gmt":"2019-03-11T18:33:45","guid":{"rendered":"https:\/\/www.durodynecanada.com\/products\/dyna-tite-kits\/"},"modified":"2022-06-16T15:32:13","modified_gmt":"2022-06-16T19:32:13","slug":"kits-dyna-tite","status":"publish","type":"page","link":"https:\/\/www.durodynecanada.com\/fr\/nos-produits\/kits-dyna-tite\/","title":{"rendered":"Kits Dyna-Tite"},"content":{"rendered":"<h1>KITS DYNA-TITE<\/h1>\n<h2>Protection hygi\u00e9nique de s\u00e9curit\u00e9<\/h2>\n<p>Alors que notre gouvernement a mis en place des mesures pour prot\u00e9ger le public du COVID-19, de nombreux d\u00e9taillants prennent des pr\u00e9cautions suppl\u00e9mentaires pour prot\u00e9ger leurs employ\u00e9s et leurs clients en installant des \u00e9crans de protection suspendus dans les magasins. Ceux-ci sont install\u00e9s aux caisses et offrent un \u00e9cran transparent entre la caissi\u00e8re et le client. Le syst\u00e8me Dyna-Tite de Duro Dyne est rapide et facile \u00e0 installer dans tous les environnements de vente au d\u00e9tail et repr\u00e9sente une solution id\u00e9ale pour cette application.<\/p>\n<ul>\n<li><strong>LE KIT INCLUT:<\/strong><\/li>\n<li>\u00c9cran de protection en Lexan<\/li>\n<li>2 oeillets pr\u00e9-attach\u00e9s avec des longueurs de c\u00e2ble de 15 pieds<\/li>\n<li>Clips de plafond en T<\/li>\n<li>Verrous de c\u00e2bles<\/li>\n<\/ul>\n<p>Des syst\u00e8mes de suspension suppl\u00e9mentaires sont disponibles s\u00e9par\u00e9ment.<\/p>\n<p><img loading=\"lazy\" decoding=\"async\" class=\"alignnone wp-image-6529 size-full\" src=\"https:\/\/www.durodynecanada.com\/wp-content\/uploads\/D-Tite_Main\/sneeze_guard.jpg\" alt=\"Sneeze Guard\" width=\"612\" height=\"772\" srcset=\"https:\/\/www.durodynecanada.com\/wp-content\/uploads\/D-Tite_Main\/sneeze_guard.jpg 612w, https:\/\/www.durodynecanada.com\/wp-content\/uploads\/D-Tite_Main\/sneeze_guard-600x757.jpg 600w, https:\/\/www.durodynecanada.com\/wp-content\/uploads\/D-Tite_Main\/sneeze_guard-238x300.jpg 238w, https:\/\/www.durodynecanada.com\/wp-content\/uploads\/D-Tite_Main\/sneeze_guard-428x540.jpg 428w\" sizes=\"(max-width: 612px) 100vw, 612px\" \/><\/p>\n<table width=\"100%\">\n<tbody>\n<tr>\n<td width=\"9%\"><strong>Item No.<\/strong><\/td>\n<td width=\"12%\"><strong>Code<\/strong><\/td>\n<td width=\"38%\"><strong>Description<\/strong><\/td>\n<\/tr>\n<tr>\n<td width=\"15%\">30090<\/td>\n<td width=\"9%\"><b>SG23-15K<\/b><\/td>\n<td width=\"14%\">Kit de protection hygi\u00e9nique 24 \u00ab\u00a0x36\u00a0\u00bb Lexan x 15ft WC2-CL6 C\u00e2ble Montage vertical<\/td>\n<\/tr>\n<tr>\n<td width=\"15%\">30091<\/td>\n<td width=\"9%\"><b>SG32-15K<\/b><\/td>\n<td width=\"14%\">Kit de protection hygi\u00e9nique de s\u00e9curit\u00e9 36 \u00ab\u00a0x24\u00a0\u00bb Lexan x 15ft WC2-CL6 C\u00e2ble Montage horizontal<\/td>\n<\/tr>\n<tr>\n<td width=\"15%\">30092<\/td>\n<td width=\"9%\"><b>SG33-15K<\/b><\/td>\n<td width=\"14%\">Kit de protection hygi\u00e9nique de s\u00e9curit\u00e9 36 \u00ab\u00a0x36\u00a0\u00bb Lexan x 15ft WC2-CL6 Cable Square Mount<\/td>\n<\/tr>\n<\/tbody>\n<\/table>\n<p><a href=\"https:\/\/www.durodynecanada.com\/wp-content\/uploads\/D-Tite_Litsheets\/sneeze_guard_litsheet.pdf\">Safety Sneeze Guard Literature Sheet<\/a><\/p>\n<h2>Kit de d\u00e9marrage Dyna-Tite<\/h2>\n<p>Le kit de d\u00e9marrage Dyna-Tite contient tout ce dont vous avez besoin pour commencer.<\/p>\n<p><strong>INCLUT:<\/strong><\/p>\n<ul>\n<li>1 rouleau de c\u00e2ble m\u00e9tallique <strong>WC3-CL12<\/strong><\/li>\n<li>100 <strong>CL12-WC3<\/strong> Verrous de c\u00e2ble<\/li>\n<li>1 <strong>CCC1<\/strong> Couvercle de compteur de c\u00e2bles sur mesure et seau en plastique<\/li>\n<li>1 coupe-c\u00e2bles<\/li>\n<\/ul>\n<p><img loading=\"lazy\" decoding=\"async\" class=\"alignnone wp-image-6132 size-full\" src=\"https:\/\/www.durodynecanada.com\/wp-content\/uploads\/D-Tite_Main\/30394_starterkit.jpg\" alt=\"30394 Starter Kit\" width=\"396\" height=\"288\" srcset=\"https:\/\/www.durodynecanada.com\/wp-content\/uploads\/D-Tite_Main\/30394_starterkit.jpg 396w, https:\/\/www.durodynecanada.com\/wp-content\/uploads\/D-Tite_Main\/30394_starterkit-300x218.jpg 300w\" sizes=\"(max-width: 396px) 100vw, 396px\" \/><\/p>\n<table width=\"100%\">\n<tbody>\n<tr>\n<td width=\"9%\"><strong>Item No.<\/strong><\/td>\n<td width=\"12%\"><strong>Code<\/strong><\/td>\n<td width=\"38%\"><strong>Description<\/strong><\/td>\n<\/tr>\n<tr>\n<td width=\"15%\">30394<\/td>\n<td width=\"9%\"><strong>CL12WC3SK<\/strong><\/td>\n<td width=\"14%\">Kit de d\u00e9marrage<\/td>\n<\/tr>\n<\/tbody>\n<\/table>\n<p><a href=\"https:\/\/www.durodynecanada.com\/wp-content\/uploads\/D-Tite_Litsheets\/starterkit_litsheet1.pdf\">Starter Kit Literature Sheet<\/a><\/p>\n","protected":false},"excerpt":{"rendered":"<p>KITS DYNA-TITE Protection hygi\u00e9nique de s\u00e9curit\u00e9 Alors que notre gouvernement a mis en place des mesures pour prot\u00e9ger le public du COVID-19, de nombreux d\u00e9taillants prennent des pr\u00e9cautions suppl\u00e9mentaires pour prot\u00e9ger leurs employ\u00e9s et leurs clients en installant des \u00e9crans de protection suspendus dans les magasins. Ceux-ci sont install\u00e9s aux caisses et offrent un \u00e9cran &hellip;<\/p>\n","protected":false},"author":7,"featured_media":0,"parent":7603,"menu_order":0,"comment_status":"closed","ping_status":"closed","template":"","meta":{"_acf_changed":false,"footnotes":""},"acf":[],"_links":{"self":[{"href":"https:\/\/www.durodynecanada.com\/fr\/wp-json\/wp\/v2\/pages\/7465"}],"collection":[{"href":"https:\/\/www.durodynecanada.com\/fr\/wp-json\/wp\/v2\/pages"}],"about":[{"href":"https:\/\/www.durodynecanada.com\/fr\/wp-json\/wp\/v2\/types\/page"}],"author":[{"embeddable":true,"href":"https:\/\/www.durodynecanada.com\/fr\/wp-json\/wp\/v2\/users\/7"}],"replies":[{"embeddable":true,"href":"https:\/\/www.durodynecanada.com\/fr\/wp-json\/wp\/v2\/comments?post=7465"}],"version-history":[{"count":5,"href":"https:\/\/www.durodynecanada.com\/fr\/wp-json\/wp\/v2\/pages\/7465\/revisions"}],"predecessor-version":[{"id":8329,"href":"https:\/\/www.durodynecanada.com\/fr\/wp-json\/wp\/v2\/pages\/7465\/revisions\/8329"}],"up":[{"embeddable":true,"href":"https:\/\/www.durodynecanada.com\/fr\/wp-json\/wp\/v2\/pages\/7603"}],"wp:attachment":[{"href":"https:\/\/www.durodynecanada.com\/fr\/wp-json\/wp\/v2\/media?parent=7465"}],"curies":[{"name":"wp","href":"https:\/\/api.w.org\/{rel}","templated":true}]}}