{"id":7463,"date":"2019-03-13T11:43:51","date_gmt":"2019-03-13T15:43:51","guid":{"rendered":"https:\/\/www.durodynecanada.com\/products\/dyna-tite-engineer-manual\/"},"modified":"2022-06-16T15:34:06","modified_gmt":"2022-06-16T19:34:06","slug":"manuel-ingenieurs-dyna-tite","status":"publish","type":"page","link":"https:\/\/www.durodynecanada.com\/fr\/nos-produits\/manuel-ingenieurs-dyna-tite\/","title":{"rendered":"Manuel de l&rsquo;ing\u00e9nieur Dyna-Tite"},"content":{"rendered":"<p style=\"text-align: center;\"><img loading=\"lazy\" decoding=\"async\" class=\"alignnone size-medium wp-image-6150\" src=\"https:\/\/www.durodynecanada.com\/wp-content\/uploads\/D-Tite_Main\/dyna_tite_logo-300x78.jpg\" alt=\"Dyna-Tite Logo\" width=\"300\" height=\"78\" srcset=\"https:\/\/www.durodynecanada.com\/wp-content\/uploads\/D-Tite_Main\/dyna_tite_logo-300x78.jpg 300w, https:\/\/www.durodynecanada.com\/wp-content\/uploads\/D-Tite_Main\/dyna_tite_logo-540x140.jpg 540w, https:\/\/www.durodynecanada.com\/wp-content\/uploads\/D-Tite_Main\/dyna_tite_logo.jpg 600w\" sizes=\"(max-width: 300px) 100vw, 300px\" \/><\/p>\n<h1 style=\"text-align: center;\">MANUEL DE L&rsquo;ING\u00c9NIEUR DYNA-TITE<\/h1>\n<p style=\"text-align: center;\">Cliquez sur l&rsquo;image ci-dessous pour acc\u00e9der au manuel de l&rsquo;ing\u00e9nieur <strong>DYNA-TITE<\/strong> de Duro Dyne.<\/p>\n<p style=\"text-align: center;\"><a href=\"https:\/\/www.durodynecanada.com\/wp-content\/uploads\/D-Tite_Main\/dynatite_engineer_manual2017v6.pdf\"><img loading=\"lazy\" decoding=\"async\" class=\"alignnone wp-image-6152\" src=\"https:\/\/www.durodynecanada.com\/wp-content\/uploads\/D-Tite_Main\/dynatite_engineer_manual_cover1.jpg\" alt=\"Dyna-Tite Engineer Manual Cover\" width=\"575\" height=\"808\" srcset=\"https:\/\/www.durodynecanada.com\/wp-content\/uploads\/D-Tite_Main\/dynatite_engineer_manual_cover1.jpg 595w, https:\/\/www.durodynecanada.com\/wp-content\/uploads\/D-Tite_Main\/dynatite_engineer_manual_cover1-214x300.jpg 214w, https:\/\/www.durodynecanada.com\/wp-content\/uploads\/D-Tite_Main\/dynatite_engineer_manual_cover1-384x540.jpg 384w\" sizes=\"(max-width: 575px) 100vw, 575px\" \/><\/a><\/p>\n<p style=\"text-align: center;\">\n","protected":false},"excerpt":{"rendered":"<p>MANUEL DE L&rsquo;ING\u00c9NIEUR DYNA-TITE Cliquez sur l&rsquo;image ci-dessous pour acc\u00e9der au manuel de l&rsquo;ing\u00e9nieur DYNA-TITE de Duro Dyne.<\/p>\n","protected":false},"author":7,"featured_media":0,"parent":7603,"menu_order":0,"comment_status":"closed","ping_status":"closed","template":"","meta":{"_acf_changed":false,"footnotes":""},"acf":[],"_links":{"self":[{"href":"https:\/\/www.durodynecanada.com\/fr\/wp-json\/wp\/v2\/pages\/7463"}],"collection":[{"href":"https:\/\/www.durodynecanada.com\/fr\/wp-json\/wp\/v2\/pages"}],"about":[{"href":"https:\/\/www.durodynecanada.com\/fr\/wp-json\/wp\/v2\/types\/page"}],"author":[{"embeddable":true,"href":"https:\/\/www.durodynecanada.com\/fr\/wp-json\/wp\/v2\/users\/7"}],"replies":[{"embeddable":true,"href":"https:\/\/www.durodynecanada.com\/fr\/wp-json\/wp\/v2\/comments?post=7463"}],"version-history":[{"count":3,"href":"https:\/\/www.durodynecanada.com\/fr\/wp-json\/wp\/v2\/pages\/7463\/revisions"}],"predecessor-version":[{"id":8335,"href":"https:\/\/www.durodynecanada.com\/fr\/wp-json\/wp\/v2\/pages\/7463\/revisions\/8335"}],"up":[{"embeddable":true,"href":"https:\/\/www.durodynecanada.com\/fr\/wp-json\/wp\/v2\/pages\/7603"}],"wp:attachment":[{"href":"https:\/\/www.durodynecanada.com\/fr\/wp-json\/wp\/v2\/media?parent=7463"}],"curies":[{"name":"wp","href":"https:\/\/api.w.org\/{rel}","templated":true}]}}