{"id":7457,"date":"2019-03-11T11:52:50","date_gmt":"2019-03-11T15:52:50","guid":{"rendered":"https:\/\/www.durodynecanada.com\/products\/dyna-tite-cable-locks\/"},"modified":"2022-06-16T15:44:12","modified_gmt":"2022-06-16T19:44:12","slug":"verrous-de-cable-dyna-tite","status":"publish","type":"page","link":"https:\/\/www.durodynecanada.com\/fr\/nos-produits\/verrous-de-cable-dyna-tite\/","title":{"rendered":"Verrous de c\u00e2ble Dyna-Tite"},"content":{"rendered":"<h1>VERROUS DE C\u00c2BLES DYNA-TITE<\/h1>\n<h2><strong>Verrous de c\u00e2bles CL25-WC8<\/strong><\/h2>\n<ul>\n<li>La combinaison <strong>CL25-WC8<\/strong> et c\u00e2ble d&rsquo;acier doit \u00eatre dimensionn\u00e9e pour le travail \u00e0 effectuer de mani\u00e8re \u00e0 ce que la charge pr\u00e9vue se situe dans la limite de la charge de travail (WLL) appropri\u00e9e.<\/li>\n<li>Le c\u00e2ble m\u00e9tallique \u00e0 utiliser avec le <strong>CL25-WC8<\/strong> est fourni en rouleaux de 250 pieds.<\/li>\n<li>Tous les verrous de c\u00e2ble Dyna-Tite sont dot\u00e9s d&rsquo;une goupille de d\u00e9gagement facile pour des ajustements simples sans l&rsquo;utilisation d&rsquo;outils.<\/li>\n<li>Le verrou de c\u00e2ble <strong>CL25-WC8<\/strong> a \u00e9t\u00e9 approuv\u00e9 par SMACNA pour les applications sismiques.<\/li>\n<\/ul>\n<p><a href=\"https:\/\/www.durodynecanada.com\/wp-content\/uploads\/D-Tite_Main\/seismic_verification_letter.pdf\">Click here for the Seismic Verification Letter from SMACNA<\/a><\/p>\n<p><img loading=\"lazy\" decoding=\"async\" class=\"size-full wp-image-6124 alignleft\" src=\"https:\/\/www.durodynecanada.com\/wp-content\/uploads\/D-Tite_Main\/cl25.jpg\" alt=\"CL25-WC8 Cable Lock\" width=\"144\" height=\"111\"><\/p>\n<table width=\"100%\">\n<tbody>\n<tr>\n<td width=\"9%\"><strong>Item No.<\/strong><\/td>\n<td width=\"12%\"><strong>Code<\/strong><\/td>\n<td width=\"38%\"><strong>Description<\/strong><\/td>\n<td width=\"12%\"><strong>Qt\u00e9 per Pkg<\/strong><\/td>\n<\/tr>\n<tr>\n<td width=\"15%\">30347<\/td>\n<td width=\"9%\"><strong>CL25-WC8<\/strong><\/td>\n<td width=\"14%\">Verrou de c\u00e2bles pour utilisation avec c\u00e2ble WC8<\/td>\n<td style=\"text-align: center;\" width=\"12%\">50<\/td>\n<\/tr>\n<\/tbody>\n<\/table>\n<table width=\"50%\">\n<tbody>\n<tr>\n<td style=\"text-align: center;\" width=\"20%\"><strong>C\u00e2ble<\/strong><\/td>\n<td style=\"text-align: center;\" width=\"30%\"><strong>Charge au facteur de s\u00e9curit\u00e9 de 5:1 *<\/strong><\/td>\n<\/tr>\n<tr>\n<td style=\"text-align: center;\" width=\"20%\"><strong>WC8-CL25<\/strong><\/td>\n<td style=\"text-align: center;\" width=\"30%\">50-1,100 lbs (25-500 Kg)<\/td>\n<\/tr>\n<\/tbody>\n<\/table>\n<p><a href=\"https:\/\/www.durodynecanada.com\/wp-content\/uploads\/D-Tite_Submittals\/cl25_submittal.pdf\">CL25-WC8 Submittal Form<\/a><br \/>\n<a href=\"https:\/\/www.durodynecanada.com\/wp-content\/uploads\/D-Tite_Submittals\/cablelock_instructions.pdf\">CL25-WC8 Instruction Sheet<br \/>\n<\/a><\/p>\n<p>POUR ASSURER L&rsquo;INT\u00c9GRIT\u00c9 ET LA S\u00c9CURIT\u00c9 DU SYST\u00c8ME DE SUSPENSION : N&rsquo;utilisez que des c\u00e2bles m\u00e9talliques Duro Dyne.<\/p>\n<h2><strong>Verrou de c\u00e2bles CL23-WC6<\/strong><\/h2>\n<ul>\n<li style=\"list-style-type: none;\">\n<ul>\n<li>La plage de charge maximale pour chaque taille de c\u00e2ble d&rsquo;acier incorpore un facteur de s\u00e9curit\u00e9 de 5:1. La combinaison du <strong>CL23-WC6<\/strong> et du c\u00e2ble d&rsquo;acier doit \u00eatre dimensionn\u00e9e pour le travail \u00e0 effectuer de fa\u00e7on \u00e0 ce que la charge pr\u00e9vue se situe dans la limite de la charge de travail (WLL) appropri\u00e9e.<\/li>\n<li>Le c\u00e2ble m\u00e9tallique <strong>WC6-CL23<\/strong> \u00e0 utiliser avec le <strong>CL23-WC6<\/strong> est fourni en rouleaux de 250 pieds.<\/li>\n<li>Comme tous les verrous de c\u00e2ble Dyna-Tite, le <strong>CL23-WC6<\/strong> est dot\u00e9 d&rsquo;une goupille de d\u00e9gagement facile pour des r\u00e9glages simples sans outils.<\/li>\n<li>Le verrou de c\u00e2ble <strong>CL23-WC6<\/strong> a \u00e9t\u00e9 approuv\u00e9 par SMACNA pour les applications sismiques.<\/li>\n<\/ul>\n<\/li>\n<\/ul>\n<p><a href=\"https:\/\/www.durodynecanada.com\/wp-content\/uploads\/D-Tite_Main\/seismic_verification_letter.pdf\">Click here for the Seismic Verification Letter from SMACNA<\/a><\/p>\n<p><img loading=\"lazy\" decoding=\"async\" class=\"alignnone wp-image-6125 size-full\" src=\"https:\/\/www.durodynecanada.com\/wp-content\/uploads\/D-Tite_Main\/cl23.jpg\" alt=\"CL23-WC6 Cable Lock\" width=\"136\" height=\"111\"><\/p>\n<table width=\"100%\">\n<tbody>\n<tr>\n<td width=\"9%\"><strong>Item No.<\/strong><\/td>\n<td width=\"12%\"><strong>Code<\/strong><\/td>\n<td width=\"38%\"><strong>Description<\/strong><\/td>\n<td width=\"12%\"><strong>Qt\u00e9 per Pkg<\/strong><\/td>\n<\/tr>\n<tr>\n<td width=\"15%\">30350<\/td>\n<td width=\"9%\"><strong>CL23-WC6<\/strong><\/td>\n<td width=\"14%\">Verrou de c\u00e2bles pour utilisation avec c\u00e2ble&nbsp;WC6<\/td>\n<td style=\"text-align: center;\" width=\"12%\">100<\/td>\n<\/tr>\n<\/tbody>\n<\/table>\n<table width=\"50%\">\n<tbody>\n<tr>\n<td style=\"text-align: center;\" width=\"20%\"><strong>C\u00e2ble<\/strong><\/td>\n<td style=\"text-align: center;\" width=\"30%\"><strong>Charge au facteur de s\u00e9curit\u00e9 de 5:1 *<\/strong><\/td>\n<\/tr>\n<tr>\n<td style=\"text-align: center;\" width=\"20%\"><strong>WC6-CL23<\/strong><\/td>\n<td style=\"text-align: center;\" width=\"30%\">50-640 lbs (25-291 Kg)<\/td>\n<\/tr>\n<\/tbody>\n<\/table>\n<p><a href=\"https:\/\/www.durodynecanada.com\/wp-content\/uploads\/D-Tite_Submittals\/cl23_submittal.pdf\">CL23-WC6 Submittal Form<\/a><br \/>\n<a href=\"https:\/\/www.durodynecanada.com\/wp-content\/uploads\/D-Tite_Submittals\/cl23_instructions.pdf\">CL23-WC6 Instruction Sheet<\/a><\/p>\n<p>POUR ASSURER L&rsquo;INT\u00c9GRIT\u00c9 ET LA S\u00c9CURIT\u00c9 DU SYST\u00c8ME DE SUSPENSION : N&rsquo;utilisez que des c\u00e2bles m\u00e9talliques Duro Dyne.<\/p>\n<h2>Verrou de c\u00e2bles CL18-WC4<\/h2>\n<ul>\n<li>Le verrou de c\u00e2ble Dyna-Tite <strong>CL18-WC4<\/strong> est destin\u00e9 \u00e0 \u00eatre utilis\u00e9 avec le c\u00e2ble m\u00e9tallique <strong>WC4-CL18<\/strong>. Les c\u00e2bles de cette taille sont disponibles en rouleaux de 500 pieds. Le <strong>CL18-WC4<\/strong> a une limite de charge de travail allant jusqu&rsquo;\u00e0 250 livres. Comme tous les verrous de c\u00e2ble Dyna-Tite, le <strong>CL18-WC4<\/strong> est dot\u00e9 d&rsquo;une goupille de d\u00e9gagement facile pour des ajustements simples sans l&rsquo;utilisation d&rsquo;outils.<\/li>\n<li>Le verrou de c\u00e2ble <strong>CL18-WC4<\/strong> a \u00e9t\u00e9 approuv\u00e9 par SMACNA pour les applications sismiques.<\/li>\n<\/ul>\n<p><a href=\"https:\/\/www.durodynecanada.com\/wp-content\/uploads\/D-Tite_Main\/seismic_verification_letter.pdf\">Click here for the Seismic Verification Letter from SMACNA<\/a><\/p>\n<p><img loading=\"lazy\" decoding=\"async\" class=\"alignnone wp-image-6126 size-full\" src=\"https:\/\/www.durodynecanada.com\/wp-content\/uploads\/D-Tite_Main\/cl18.jpg\" alt=\"CL18-WC4 Cable Lock\" width=\"129\" height=\"85\"><\/p>\n<table width=\"100%\">\n<tbody>\n<tr>\n<td width=\"9%\"><strong>Item No.<\/strong><\/td>\n<td width=\"12%\"><strong>Code<\/strong><\/td>\n<td width=\"38%\"><strong>Description<\/strong><\/td>\n<td width=\"12%\"><strong>Qt\u00e9 per Pkg<\/strong><\/td>\n<\/tr>\n<tr>\n<td width=\"15%\">30354<\/td>\n<td width=\"9%\"><strong>CL18-WC4<\/strong><\/td>\n<td width=\"14%\">Verrou de c\u00e2bles pour utilisation avec c\u00e2ble WC4<\/td>\n<td style=\"text-align: center;\" width=\"12%\">100<\/td>\n<\/tr>\n<\/tbody>\n<\/table>\n<table width=\"50%\">\n<tbody>\n<tr>\n<td style=\"text-align: center;\" width=\"20%\"><strong>C\u00e2ble<\/strong><\/td>\n<td style=\"text-align: center;\" width=\"30%\"><strong>Charge au facteur de s\u00e9curit\u00e9 de 5:1&nbsp;*<\/strong><\/td>\n<\/tr>\n<tr>\n<td style=\"text-align: center;\" width=\"20%\"><strong>WC4-CL18<\/strong><\/td>\n<td style=\"text-align: center;\" width=\"30%\">25-250 lbs (12-114 Kg)<\/td>\n<\/tr>\n<\/tbody>\n<\/table>\n<p><a href=\"https:\/\/www.durodynecanada.com\/wp-content\/uploads\/D-Tite_Submittals\/cl18_submittal.pdf\">CL18-WC4 Submittal Form<\/a><br \/>\n<a href=\"https:\/\/www.durodynecanada.com\/wp-content\/uploads\/D-Tite_Submittals\/cablelock_instructions.pdf\">CL18-WC4 Instruction Sheet<\/a><\/p>\n<p>POUR ASSURER L&rsquo;INT\u00c9GRIT\u00c9 ET LA S\u00c9CURIT\u00c9 DU SYST\u00c8ME DE SUSPENSION : N&rsquo;utilisez que des c\u00e2bles m\u00e9talliques Duro Dyne.<\/p>\n<h2>Verrou de c\u00e2bles CL12-WC3<\/h2>\n<ul>\n<li>Le <strong>CL12-WC3<\/strong> est con\u00e7u pour \u00eatre utilis\u00e9 avec le c\u00e2ble m\u00e9tallique <strong>WC3-CL12<\/strong>. Le c\u00e2ble m\u00e9tallique est disponible en rouleaux de 500 pieds. Comme tous les verrous de c\u00e2ble Dyna-Tite, le <strong>CL12-WC3<\/strong> comprend des goupilles de d\u00e9clenchement pour un ajustement facile. Le <strong>CL12-WC3<\/strong> est le produit parfait pour suspendre les spirales de plus petit diam\u00e8tre (moins de 24 pouces), les conduits r\u00e9sidentiels et commerciaux l\u00e9gers typiques et les appareils de traitement de l&rsquo;air dans les greniers.<\/li>\n<li>Le verrou de c\u00e2ble CL12-WC3 a \u00e9t\u00e9 approuv\u00e9 par SMACNA pour les applications sismiques.<\/li>\n<\/ul>\n<p><a href=\"https:\/\/www.durodynecanada.com\/wp-content\/uploads\/D-Tite_Main\/seismic_verification_letter.pdf\">Click here for the Seismic Verification Letter from SMACNA<\/a><\/p>\n<p><img loading=\"lazy\" decoding=\"async\" class=\"alignnone wp-image-6127 size-full\" src=\"https:\/\/www.durodynecanada.com\/wp-content\/uploads\/D-Tite_Main\/cl12.jpg\" alt=\"CL12-WC3 Cable Lock\" width=\"121\" height=\"77\"><\/p>\n<table width=\"100%\">\n<tbody>\n<tr>\n<td width=\"9%\"><strong>Item No.<\/strong><\/td>\n<td width=\"12%\"><strong>Code<\/strong><\/td>\n<td width=\"38%\"><strong>Description<\/strong><\/td>\n<td width=\"12%\"><strong>Qt\u00e9 per Pkg<\/strong><\/td>\n<\/tr>\n<tr>\n<td width=\"15%\">30351<\/td>\n<td width=\"9%\"><strong>CL12-WC3<\/strong><\/td>\n<td width=\"14%\">Verrou de c\u00e2bles pour utilisation avec c\u00e2ble WC3<\/td>\n<td style=\"text-align: center;\" width=\"12%\">100<\/td>\n<\/tr>\n<\/tbody>\n<\/table>\n<table width=\"50%\">\n<tbody>\n<tr>\n<td style=\"text-align: center;\" width=\"20%\"><strong>C\u00e2ble<\/strong><\/td>\n<td style=\"text-align: center;\" width=\"30%\"><strong>Charge au facteur de s\u00e9curit\u00e9 de 5:1&nbsp;*<\/strong><\/td>\n<\/tr>\n<tr>\n<td style=\"text-align: center;\" width=\"20%\"><strong>WC3-CL12<\/strong><\/td>\n<td style=\"text-align: center;\" width=\"30%\">25-150 lbs (12-68 Kg)<\/td>\n<\/tr>\n<\/tbody>\n<\/table>\n<p><a href=\"https:\/\/www.durodynecanada.com\/wp-content\/uploads\/D-Tite_Submittals\/cl12_submittal.pdf\">CL12-WC3 Submittal Form<\/a><br \/>\n<a href=\"https:\/\/www.durodynecanada.com\/wp-content\/uploads\/D-Tite_Submittals\/cablelock_instructions.pdf\">CL12-WC3 Instruction Sheet<\/a><\/p>\n<p>POUR ASSURER L&rsquo;INT\u00c9GRIT\u00c9 ET LA S\u00c9CURIT\u00c9 DU SYST\u00c8ME DE SUSPENSION : N&rsquo;utilisez que des c\u00e2bles m\u00e9talliques Duro Dyne.<\/p>\n<h2>Verrou de c\u00e2bles CL6-WC2<\/h2>\n<ul>\n<li>Le <strong>CL6-WC2<\/strong> est con\u00e7u pour \u00eatre utilis\u00e9 avec le c\u00e2ble m\u00e9tallique <strong>WC2-CL6<\/strong>. Le c\u00e2ble m\u00e9tallique Duro Dyne <strong>WC2-CL6<\/strong> est disponible en rouleaux de 500 pieds. Comme tous les verrous de c\u00e2ble Dyna-Tite, le CL6-WC2 comprend des goupilles de d\u00e9clenchement pour un ajustement facile. Le <strong>CL6-WC2<\/strong> est le produit parfait pour suspendre les spirales de plus petit diam\u00e8tre, typiques des conduits r\u00e9sidentiels et commerciaux l\u00e9gers.<\/li>\n<li>The <strong>CL6-WC2<\/strong> Cable Lock has been SMACNA Approved for Seismic Applications.<\/li>\n<\/ul>\n<p><a href=\"https:\/\/www.durodynecanada.com\/wp-content\/uploads\/D-Tite_Main\/seismic_verification_letter.pdf\">Click here for the Seismic Verification Letter from SMACNA<\/a><\/p>\n<p><img loading=\"lazy\" decoding=\"async\" class=\"alignnone wp-image-6128 size-full\" src=\"https:\/\/www.durodynecanada.com\/wp-content\/uploads\/D-Tite_Main\/cl6.jpg\" alt=\"CL6-WC2 Cable Lock\" width=\"115\" height=\"77\"><\/p>\n<table width=\"100%\">\n<tbody>\n<tr>\n<td width=\"9%\"><strong>Item No.<\/strong><\/td>\n<td width=\"12%\"><strong>Code<\/strong><\/td>\n<td width=\"38%\"><strong>Description<\/strong><\/td>\n<td width=\"12%\"><strong>Qt\u00e9 per Pkg<\/strong><\/td>\n<\/tr>\n<tr>\n<td width=\"15%\">30348<\/td>\n<td width=\"9%\"><strong>CL6-WC2<\/strong><\/td>\n<td width=\"14%\">Verrou de c\u00e2bles pour utilisation avec c\u00e2ble WC2<\/td>\n<td style=\"text-align: center;\" width=\"12%\">100<\/td>\n<\/tr>\n<\/tbody>\n<\/table>\n<table width=\"50%\">\n<tbody>\n<tr>\n<td style=\"text-align: center;\" width=\"20%\"><strong>C\u00e2ble<\/strong><\/td>\n<td style=\"text-align: center;\" width=\"30%\"><strong>Charge au facteur de s\u00e9curit\u00e9 de 5:1&nbsp;*<\/strong><\/td>\n<\/tr>\n<tr>\n<td style=\"text-align: center;\" width=\"20%\"><strong>WC2-CL6<\/strong><\/td>\n<td style=\"text-align: center;\" width=\"30%\">10-75 lbs (5-34 Kg)<\/td>\n<\/tr>\n<\/tbody>\n<\/table>\n<p><a href=\"https:\/\/www.durodynecanada.com\/wp-content\/uploads\/D-Tite_Submittals\/cl6_submittal.pdf\">CL6-WC2 Submittal form<\/a><br \/>\n<a href=\"https:\/\/www.durodynecanada.com\/wp-content\/uploads\/D-Tite_Submittals\/cablelock_instructions.pdf\">CL6-WC2 Instruction Sheet<\/a><\/p>\n<p>POUR ASSURER L&rsquo;INT\u00c9GRIT\u00c9 ET LA S\u00c9CURIT\u00c9 DU SYST\u00c8ME DE SUSPENSION : N&rsquo;utilisez que des c\u00e2bles m\u00e9talliques Duro Dyne.<\/p>\n<ul>\n<li><strong>L&rsquo;accrochage en angle r\u00e9duira la limite de charge de travail. Veuillez consulter notre tableau des effets de l&rsquo;accrochage en angle <a href=\"https:\/\/www.durodynecanada.com\/products\/dyna-tite-testing-warnings\/\">here&#8230;<\/a><br \/>\n<\/strong><\/li>\n<\/ul>\n<h2>Verrous de c\u00e2ble verrouillables<\/h2>\n<p>Les <strong>verrous de c\u00e2ble verrouillables<\/strong>, comme les verrous de c\u00e2ble standard, doivent \u00eatre utilis\u00e9s pour des applications de charge statique uniquement. Cependant, les <strong>verrous de c\u00e2ble verrouillables<\/strong> doivent \u00eatre utilis\u00e9s dans les cas o\u00f9 votre charge statique peut devenir dynamique en raison de la projection d&rsquo;objets, d&rsquo;un mouvement inattendu ou d&rsquo;un choc. Les boulons de verrouillage des <strong>verrous de c\u00e2ble verrouillables<\/strong> maintiennent le coin de verrouillage int\u00e9rieur en place et d\u00e9sactivent la fonction de goupille de d\u00e9clenchement jusqu&rsquo;\u00e0 ce que le boulon de verrouillage soit desserr\u00e9 manuellement.<\/p>\n<p><img loading=\"lazy\" decoding=\"async\" class=\"alignnone wp-image-6129 size-full\" src=\"https:\/\/www.durodynecanada.com\/wp-content\/uploads\/D-Tite_Main\/cl_lockingcablelocks.jpg\" alt=\"CL Locking Cable Locks\" width=\"396\" height=\"216\" srcset=\"https:\/\/www.durodynecanada.com\/wp-content\/uploads\/D-Tite_Main\/cl_lockingcablelocks.jpg 396w, https:\/\/www.durodynecanada.com\/wp-content\/uploads\/D-Tite_Main\/cl_lockingcablelocks-300x164.jpg 300w\" sizes=\"(max-width: 396px) 100vw, 396px\" \/><\/p>\n<table width=\"100%\">\n<tbody>\n<tr>\n<td width=\"9%\"><strong>Item No.<\/strong><\/td>\n<td width=\"12%\"><strong>Code<\/strong><\/td>\n<td width=\"38%\"><strong>Description<\/strong><\/td>\n<td width=\"12%\"><strong>Qt\u00e9 per Pkg<\/strong><\/td>\n<\/tr>\n<tr>\n<td width=\"15%\">30369<\/td>\n<td width=\"9%\"><strong>CL12L-WC3<\/strong><\/td>\n<td width=\"14%\">Verrou de c\u00e2ble verrouillable pour utilisation avec le c\u00e2ble WC3<\/td>\n<td style=\"text-align: center;\" width=\"12%\">100<\/td>\n<\/tr>\n<tr>\n<td width=\"15%\">30370<\/td>\n<td width=\"9%\"><strong>CL18L-WC4<\/strong><\/td>\n<td width=\"14%\">Verrou de c\u00e2ble verrouillable pour utilisation avec le c\u00e2ble WC4<\/td>\n<td style=\"text-align: center;\" width=\"12%\">100<\/td>\n<\/tr>\n<tr>\n<td width=\"15%\">30371<\/td>\n<td width=\"9%\"><strong>CL23L-WC6<\/strong><\/td>\n<td width=\"14%\">Verrou de c\u00e2ble verrouillable pour utilisation avec le c\u00e2ble WC6<\/td>\n<td style=\"text-align: center;\" width=\"12%\">100<\/td>\n<\/tr>\n<tr>\n<td width=\"15%\">30372<\/td>\n<td width=\"9%\"><strong>CL25LB-WC8<\/strong><\/td>\n<td width=\"14%\">Verrou de c\u00e2ble verrouillable pour utilisation avec le c\u00e2ble WC8<\/td>\n<td style=\"text-align: center;\" width=\"12%\">50<\/td>\n<\/tr>\n<\/tbody>\n<\/table>\n<p><a href=\"https:\/\/www.durodynecanada.com\/wp-content\/uploads\/D-Tite_Litsheets\/lockingcablelocks_litsheet.pdf\">Locking Cable Locks Literature Sheet<\/a><\/p>\n","protected":false},"excerpt":{"rendered":"<p>VERROUS DE C\u00c2BLES DYNA-TITE Verrous de c\u00e2bles CL25-WC8 La combinaison CL25-WC8 et c\u00e2ble d&rsquo;acier doit \u00eatre dimensionn\u00e9e pour le travail \u00e0 effectuer de mani\u00e8re \u00e0 ce que la charge pr\u00e9vue se situe dans la limite de la charge de travail (WLL) appropri\u00e9e. Le c\u00e2ble m\u00e9tallique \u00e0 utiliser avec le CL25-WC8 est fourni en rouleaux de &hellip;<\/p>\n","protected":false},"author":7,"featured_media":0,"parent":7603,"menu_order":0,"comment_status":"closed","ping_status":"closed","template":"","meta":{"_acf_changed":false,"footnotes":""},"acf":[],"_links":{"self":[{"href":"https:\/\/www.durodynecanada.com\/fr\/wp-json\/wp\/v2\/pages\/7457"}],"collection":[{"href":"https:\/\/www.durodynecanada.com\/fr\/wp-json\/wp\/v2\/pages"}],"about":[{"href":"https:\/\/www.durodynecanada.com\/fr\/wp-json\/wp\/v2\/types\/page"}],"author":[{"embeddable":true,"href":"https:\/\/www.durodynecanada.com\/fr\/wp-json\/wp\/v2\/users\/7"}],"replies":[{"embeddable":true,"href":"https:\/\/www.durodynecanada.com\/fr\/wp-json\/wp\/v2\/comments?post=7457"}],"version-history":[{"count":4,"href":"https:\/\/www.durodynecanada.com\/fr\/wp-json\/wp\/v2\/pages\/7457\/revisions"}],"predecessor-version":[{"id":8356,"href":"https:\/\/www.durodynecanada.com\/fr\/wp-json\/wp\/v2\/pages\/7457\/revisions\/8356"}],"up":[{"embeddable":true,"href":"https:\/\/www.durodynecanada.com\/fr\/wp-json\/wp\/v2\/pages\/7603"}],"wp:attachment":[{"href":"https:\/\/www.durodynecanada.com\/fr\/wp-json\/wp\/v2\/media?parent=7457"}],"curies":[{"name":"wp","href":"https:\/\/api.w.org\/{rel}","templated":true}]}}