{"id":7451,"date":"2019-03-13T10:50:14","date_gmt":"2019-03-13T14:50:14","guid":{"rendered":"https:\/\/www.durodynecanada.com\/products\/dyna-tite-cable\/"},"modified":"2022-06-16T15:10:48","modified_gmt":"2022-06-16T19:10:48","slug":"cable-dyna-tite","status":"publish","type":"page","link":"https:\/\/www.durodynecanada.com\/fr\/nos-produits\/cable-dyna-tite\/","title":{"rendered":"C\u00e2ble Dyna-Tite"},"content":{"rendered":"<h1>C\u00c2BLES DYNA-TITE<\/h1>\n<h2>C\u00c2BLE<\/h2>\n<p><b>C\u00e2ble M\u00e9tallique<\/b><\/p>\n<p>Les c\u00e2bles d&rsquo;acier galvanis\u00e9s de qualit\u00e9 aviation fournis par Duro Dyne sont fabriqu\u00e9s selon des normes rigoureuses et test\u00e9s statistiquement pour v\u00e9rifier les forces de rupture indiqu\u00e9es. Les c\u00e2bles d&rsquo;acier Duro Dyne <strong>WC2-CL6<\/strong>, <strong>WC3-CL12<\/strong> et <strong>WC4-CL18<\/strong> ont une construction standard 7&#215;7. Les c\u00e2bles d&rsquo;acier Duro Dyne <strong>WC8-CL25<\/strong> et <strong>WC6-CL23<\/strong> ont une construction 7&#215;19. N&rsquo;utilisez que les c\u00e2bles d&rsquo;acier fournis par Duro Dyne avec les verrous de c\u00e2ble <strong>Dyna-Tite<\/strong> pour assurer une s\u00e9curit\u00e9 maximale et l&rsquo;int\u00e9grit\u00e9 de l&rsquo;installation.<\/p>\n<p><img loading=\"lazy\" decoding=\"async\" class=\"alignnone wp-image-6138\" src=\"https:\/\/www.durodynecanada.com\/wp-content\/uploads\/D-Tite_Main\/wirerope.jpg\" alt=\"Duro Dyne Dyna-Tite Wire Rope\" width=\"175\" height=\"135\"> <img loading=\"lazy\" decoding=\"async\" class=\"alignnone wp-image-6148\" src=\"https:\/\/www.durodynecanada.com\/wp-content\/uploads\/D-Tite_Main\/cable_construction.jpg\" alt=\"Cable Roll and 7x7 7x19 Construction\" width=\"350\" height=\"104\" srcset=\"https:\/\/www.durodynecanada.com\/wp-content\/uploads\/D-Tite_Main\/cable_construction.jpg 674w, https:\/\/www.durodynecanada.com\/wp-content\/uploads\/D-Tite_Main\/cable_construction-600x178.jpg 600w, https:\/\/www.durodynecanada.com\/wp-content\/uploads\/D-Tite_Main\/cable_construction-300x89.jpg 300w, https:\/\/www.durodynecanada.com\/wp-content\/uploads\/D-Tite_Main\/cable_construction-540x160.jpg 540w\" sizes=\"(max-width: 350px) 100vw, 350px\" \/><\/p>\n<table>\n<tbody>\n<tr>\n<td style=\"text-align: center;\" width=\"15%\"><strong>Taille<\/strong><\/td>\n<td style=\"text-align: center;\" width=\"20%\"><strong>Tol\u00e9rance<\/strong><\/td>\n<td style=\"text-align: center;\" width=\"20%\"><strong>Construction<\/strong><\/td>\n<td style=\"text-align: center;\" width=\"17%\"><strong>Pour utilisation avec<\/strong><\/td>\n<td style=\"text-align: center;\" width=\"28%\"><strong>Charge de travail s\u00e9curitaire *+<\/strong><\/td>\n<\/tr>\n<tr>\n<td style=\"text-align: center;\" width=\"15%\"><strong>WC8-CL25<\/strong><\/td>\n<td style=\"text-align: center;\" width=\"20%\">+5% \/-0%<\/td>\n<td style=\"text-align: center;\" width=\"20%\">7&#215;19<\/td>\n<td style=\"text-align: center;\" width=\"17%\">CL25-WC8<\/td>\n<td style=\"text-align: center;\" width=\"28%\">50-1,100 lbs (25-500 Kg)<\/td>\n<\/tr>\n<tr>\n<td style=\"text-align: center;\" width=\"15%\"><strong>WC6-CL23<\/strong><\/td>\n<td style=\"text-align: center;\" width=\"20%\">+.018\/-.009 inch<\/td>\n<td style=\"text-align: center;\" width=\"20%\">7&#215;19<\/td>\n<td style=\"text-align: center;\" width=\"17%\">CL23-WC6<\/td>\n<td style=\"text-align: center;\" width=\"28%\">50-640 lbs (25-291 Kg)<\/td>\n<\/tr>\n<tr>\n<td style=\"text-align: center;\" width=\"15%\"><strong>WC4-CL18<\/strong><\/td>\n<td style=\"text-align: center;\" width=\"20%\">+.014 \/-.007 inch<\/td>\n<td style=\"text-align: center;\" width=\"20%\"><strong>7&#215;7<\/strong><\/td>\n<td style=\"text-align: center;\" width=\"17%\">CL18-WC4<\/td>\n<td style=\"text-align: center;\" width=\"28%\">25-250 lbs (12-114 Kg)<\/td>\n<\/tr>\n<tr>\n<td style=\"text-align: center;\" width=\"15%\"><strong>WC3-CL12<\/strong><\/td>\n<td style=\"text-align: center;\" width=\"20%\">+.012 \/-.006 inch<\/td>\n<td style=\"text-align: center;\" width=\"20%\"><strong>7&#215;7<\/strong><\/td>\n<td style=\"text-align: center;\" width=\"17%\">CL12-WC3<\/td>\n<td style=\"text-align: center;\" width=\"28%\">25-150 lbs (12-68 Kg)<\/td>\n<\/tr>\n<tr>\n<td style=\"text-align: center;\" width=\"15%\"><strong>WC2-CL6<\/strong><\/td>\n<td style=\"text-align: center;\" width=\"20%\">+.010 \/-.005 inch<\/td>\n<td style=\"text-align: center;\" width=\"20%\"><strong>7&#215;7<\/strong><\/td>\n<td style=\"text-align: center;\" width=\"17%\">CL6-WC2<\/td>\n<td style=\"text-align: center;\" width=\"28%\">10-75 lbs (5-34 Kg)<\/td>\n<\/tr>\n<\/tbody>\n<\/table>\n<p>* Les charges de travail s\u00e9curitaires sont bas\u00e9es sur un facteur de s\u00e9curit\u00e9 de 5:1.<br \/>\n+ L&rsquo;accrochage en angle r\u00e9duit la charge de travail s\u00e9curitaire.<br \/>\nVeuillez consulter notre tableau des effets de l&rsquo;accrochage en angle <a href=\"https:\/\/www.durodynecanada.com\/products\/dyna-tite-testing-warnings\/\">here<\/a><\/p>\n<p><a href=\"https:\/\/www.durodynecanada.com\/wp-content\/uploads\/D-Tite_Submittals\/wc_cables_submittal.pdf\">Wire Rope Submittal Form<\/a><\/p>\n<h2>C\u00e2ble en boucle<\/h2>\n<p>L&rsquo;ensemble de c\u00e2ble boucl\u00e9 am\u00e9liore le syst\u00e8me de suspension Dyna-Tite par l&rsquo;ajout d&rsquo;une extr\u00e9mit\u00e9 de c\u00e2ble pr\u00e9-boucl\u00e9e. Une fois que le c\u00e2ble m\u00e9tallique est tir\u00e9 autour du point d&rsquo;ancrage et \u00e0 travers l&rsquo;extr\u00e9mit\u00e9 boucl\u00e9e du c\u00e2ble, il est d\u00e9j\u00e0 fix\u00e9 \u00e0 une extr\u00e9mit\u00e9, ce qui permet de gagner du temps sur le chantier. La partie restante du c\u00e2ble est pass\u00e9e dans un canal du Dyna-Tite Cable Lock. Ensuite, le c\u00e2ble m\u00e9tallique est soit enroul\u00e9 autour de la gaine, soit ins\u00e9r\u00e9 dans un point de fixation et remont\u00e9 dans le deuxi\u00e8me canal du m\u00eame verrou de c\u00e2ble. Les dents de verrouillage \u00e0 l&rsquo;int\u00e9rieur du verrou de c\u00e2ble s&rsquo;engagent dans le c\u00e2ble m\u00e9tallique, ce qui maintient la gaine en place. Pour assurer une s\u00e9curit\u00e9 maximale, n&rsquo;utilisez que le c\u00e2ble m\u00e9tallique boucl\u00e9 fourni par Duro Dyne pour toutes les applications de verrouillage de c\u00e2ble.<\/p>\n<p><img loading=\"lazy\" decoding=\"async\" class=\"alignnone size-full wp-image-6139\" src=\"https:\/\/www.durodynecanada.com\/wp-content\/uploads\/D-Tite_Main\/loopcable.jpg\" alt=\"Looped Cable Only\" width=\"295\" height=\"85\"><\/p>\n<table>\n<tbody>\n<tr>\n<td style=\"text-align: center;\" width=\"10%\"><strong>Item No.<\/strong><\/td>\n<td style=\"text-align: center;\" width=\"15%\"><strong>Code<\/strong><\/td>\n<td style=\"text-align: center;\" width=\"40%\"><strong>Description<\/strong><\/td>\n<td style=\"text-align: center;\" width=\"22%\"><strong>Taille de la boucle<\/strong><\/td>\n<td style=\"text-align: center;\" width=\"12%\"><strong>Qt\u00e9\/Bx<\/strong><\/td>\n<\/tr>\n<tr>\n<td style=\"text-align: center;\" width=\"10%\">30228<\/td>\n<td style=\"text-align: center;\" width=\"15%\"><strong>LC05WC3<\/strong><\/td>\n<td style=\"text-align: center;\" width=\"40%\">5 ft WC3-CL12 Cable<\/td>\n<td style=\"text-align: center;\" width=\"22%\">1-1\/2&Prime;<\/td>\n<td style=\"text-align: center;\" width=\"12%\">100<\/td>\n<\/tr>\n<tr>\n<td style=\"text-align: center;\" width=\"10%\">30229<\/td>\n<td style=\"text-align: center;\" width=\"15%\"><strong>LC10WC3<\/strong><\/td>\n<td style=\"text-align: center;\" width=\"40%\">10 ft WC3-CL12 Cable<\/td>\n<td style=\"text-align: center;\" width=\"22%\">1-1\/2&Prime;<\/td>\n<td style=\"text-align: center;\" width=\"12%\">100<\/td>\n<\/tr>\n<tr>\n<td style=\"text-align: center;\" width=\"10%\">30230<\/td>\n<td style=\"text-align: center;\" width=\"15%\"><strong>LC15WC3<\/strong><\/td>\n<td style=\"text-align: center;\" width=\"40%\">15 ft WC3-CL12 Cable<\/td>\n<td style=\"text-align: center;\" width=\"22%\">1-1\/2&Prime;<\/td>\n<td style=\"text-align: center;\" width=\"12%\">100<\/td>\n<\/tr>\n<tr>\n<td style=\"text-align: center;\" width=\"10%\">30232<\/td>\n<td style=\"text-align: center;\" width=\"15%\"><strong>LC25WC3<\/strong><\/td>\n<td style=\"text-align: center;\" width=\"40%\">25 ft WC3-CL12 Cable<\/td>\n<td style=\"text-align: center;\" width=\"22%\">1-1\/2&Prime;<\/td>\n<td style=\"text-align: center;\" width=\"12%\">50<\/td>\n<\/tr>\n<tr>\n<td style=\"text-align: center;\" width=\"10%\">30233<\/td>\n<td style=\"text-align: center;\" width=\"15%\"><strong>LC05WC4<\/strong><\/td>\n<td style=\"text-align: center;\" width=\"40%\">5 ft WC4-CL18 Cable<\/td>\n<td style=\"text-align: center;\" width=\"22%\">2&Prime;<\/td>\n<td style=\"text-align: center;\" width=\"12%\">100<\/td>\n<\/tr>\n<tr>\n<td style=\"text-align: center;\" width=\"10%\">30234<\/td>\n<td style=\"text-align: center;\" width=\"15%\"><strong>LC10WC4<\/strong><\/td>\n<td style=\"text-align: center;\" width=\"40%\">10 ft WC4-CL18 Cable<\/td>\n<td style=\"text-align: center;\" width=\"22%\">2&Prime;<\/td>\n<td style=\"text-align: center;\" width=\"12%\">100<\/td>\n<\/tr>\n<tr>\n<td style=\"text-align: center;\" width=\"10%\">30235<\/td>\n<td style=\"text-align: center;\" width=\"15%\"><strong>LC15WC4<\/strong><\/td>\n<td style=\"text-align: center;\" width=\"40%\">15 ft WC4-CL18 Cable<\/td>\n<td style=\"text-align: center;\" width=\"22%\">2&Prime;<\/td>\n<td style=\"text-align: center;\" width=\"12%\">100<\/td>\n<\/tr>\n<tr>\n<td style=\"text-align: center;\" width=\"10%\">30237<\/td>\n<td style=\"text-align: center;\" width=\"15%\"><strong>LC25WC4<\/strong><\/td>\n<td style=\"text-align: center;\" width=\"40%\">25 ft WC4-CL18 Cable<\/td>\n<td style=\"text-align: center;\" width=\"22%\">2&Prime;<\/td>\n<td style=\"text-align: center;\" width=\"12%\">50<\/td>\n<\/tr>\n<\/tbody>\n<\/table>\n<p><a href=\"https:\/\/www.durodynecanada.com\/wp-content\/uploads\/D-Tite_Submittals\/endfixing_instructions.pdf\">End Fixings Installation Instructions<br \/>\n<\/a><a href=\"https:\/\/www.durodynecanada.com\/wp-content\/uploads\/D-Tite_Submittals\/looped_cable_assembly_062019.pdf\">Looped Cable Assembly Submittal<\/a><\/p>\n<p>L&rsquo;accrochage en angle r\u00e9duit la charge de travail s\u00e9curitaire.<br \/>\nVeuillez consulter notre tableau des effets de l&rsquo;accrochage en angle&nbsp;<a href=\"https:\/\/www.durodynecanada.com\/products\/dyna-tite-testing-warnings\/\">here<\/a><\/p>\n<h2>\u0152illets<\/h2>\n<p>Les \u0153illets Dyna-Tite de Duro Dyne sont fabriqu\u00e9s en acier lamin\u00e9 \u00e0 froid zingu\u00e9 et sont sertis au c\u00e2ble d&rsquo;acier \u00e0 l&rsquo;aide d&rsquo;une presse hydraulique. Les oeillets Dyna-Tite peuvent \u00eatre install\u00e9s avec des attaches de 1\/4 po ou de 3\/8 po. Ils sont disponibles en variantes de 45\u00b0 et 90\u00b0.<\/p>\n<p><img loading=\"lazy\" decoding=\"async\" class=\"alignnone size-full wp-image-6140\" src=\"https:\/\/www.durodynecanada.com\/wp-content\/uploads\/D-Tite_Main\/eyelets.jpg\" alt=\"Dyna-Tite Eyelets\" width=\"292\" height=\"108\"><\/p>\n<p><a href=\"https:\/\/www.durodynecanada.com\/wp-content\/uploads\/D-Tite_Litsheets\/eyelet_litsheet_102019.pdf\">Eyelets Literature Sheet<\/a><br \/>\n<a href=\"https:\/\/www.durodynecanada.com\/wp-content\/uploads\/D-Tite_Submittals\/endfixing_instructions.pdf\">End Fixings Installation Instructions<\/a><br \/>\n<a href=\"https:\/\/www.durodynecanada.com\/wp-content\/uploads\/D-Tite_Submittals\/90degree_eyelet_submittal.pdf\">90\u00b0 Eyelet Submittal<\/a><br \/>\n<a href=\"https:\/\/www.durodynecanada.com\/wp-content\/uploads\/D-Tite_Submittals\/45degree_eyelet_submittal_102019.pdf\">45\u00b0 Eyelet Submittal<\/a><\/p>\n<h2>\u0152illet \u00e0 90\u00b0 et 45\u00b0 avec kits de verrouillage de c\u00e2ble<\/h2>\n<p>Les \u0153illets Dyna-Tite de Duro Dyne sont fabriqu\u00e9s en acier lamin\u00e9 \u00e0 froid zingu\u00e9 et sont sertis au c\u00e2ble d&rsquo;acier \u00e0 l&rsquo;aide d&rsquo;une presse hydraulique. Les oeillets Dyna-Tite peuvent \u00eatre install\u00e9s avec des attaches de 1\/4 po ou de 3\/8 po. Ils sont disponibles en versions 45\u00b0 et 90\u00b0.<\/p>\n<p>Les kits d&rsquo;\u0153illet comprennent un \u0153illet 90\u00b0 de 1\/4 ou 3\/8 po ou un \u0153illet 45\u00b0 de 1\/4 ou 3\/8 po avec un verrou de c\u00e2ble correspondant \u00e0 la taille du c\u00e2ble de l&rsquo;\u0153illet. Longueurs de c\u00e2ble disponibles : 5&prime;, 10&prime;, 15&prime; et 25&prime;.<\/p>\n<p><a href=\"https:\/\/www.durodynecanada.com\/wp-content\/uploads\/D-Tite_Litsheets\/eyelet_cablelock_kits_ddc_8_2020.pdf\">Eyelet with Cable lock Kits Literature Sheet DDC<\/a><\/p>\n<h2>Crochets \u00e0 mousqueton<\/h2>\n<p>Les <strong>c\u00e2bles \u00e0 crochets \u00e0 mousqueton<\/strong> offrent des points de fixation faciles et sont id\u00e9aux pour les applications qui n\u00e9cessitent une inspection ou une maintenance constante et qui peuvent vous obliger \u00e0 retirer la charge du plafond.<\/p>\n<p><img loading=\"lazy\" decoding=\"async\" class=\"alignnone size-full wp-image-6141\" src=\"https:\/\/www.durodynecanada.com\/wp-content\/uploads\/D-Tite_Main\/snaphook.jpg\" alt=\"Snap Hook\" width=\"173\" height=\"108\"><\/p>\n<p><a href=\"https:\/\/www.durodynecanada.com\/wp-content\/uploads\/D-Tite_Litsheets\/snaphook_litsheet.pdf\">Snap Hook Literature Sheet<\/a><br \/>\n<a href=\"https:\/\/www.durodynecanada.com\/wp-content\/uploads\/D-Tite_Submittals\/snaphook_submittal.pdf\">Snap Hook Submittal<\/a><\/p>\n<h2>Goujon filet\u00e9 serti Dyna-Stud\u00ae<\/h2>\n<p>Les Dyna-Stud\u00ae utilis\u00e9s avec les verrous de c\u00e2ble Dyna-Tite peuvent r\u00e9duire consid\u00e9rablement le temps de travail pour la construction de syst\u00e8mes de suspension \u00e0 partir d&rsquo;une structure en b\u00e9ton ou en acier.<\/p>\n<p>Le Dyna-Stud est un goujon robuste auquel est fix\u00e9e l&rsquo;extr\u00e9mit\u00e9 d&rsquo;un c\u00e2ble de qualit\u00e9 a\u00e9ronautique. Le Dyna-Stud est utilis\u00e9 pour suspendre des gaines \u00e0 une structure en b\u00e9ton. Le goujon est enfil\u00e9 dans l&rsquo;ancrage \u00e0 expansion sans exercer de contrainte sur le c\u00e2ble. Cela permet d&rsquo;obtenir une connexion beaucoup plus s\u00fbre et plus serr\u00e9e. L&rsquo;extr\u00e9mit\u00e9 brute du c\u00e2ble, associ\u00e9e au verrou de c\u00e2ble, est utilis\u00e9e pour fixer l&rsquo;objet \u00e0 soutenir.<\/p>\n<ul>\n<li>Disponible avec:<br \/>\nBoulon filet\u00e9 1\/4 et c\u00e2ble m\u00e9tallique WC3-CL12<br \/>\nBoulon filet\u00e9 3\/8 et c\u00e2ble m\u00e9tallique WC4-CL18 ou<br \/>\nBoulon filet\u00e9 3\/8 et c\u00e2ble m\u00e9tallique WC4-CL18 avec fermeture \u00e0 glissi\u00e8re<\/li>\n<li>Disponible en longueurs de 5, 10, 15 et 25 pieds.<\/li>\n<li>Goutti\u00e8res vendues s\u00e9par\u00e9ment<\/li>\n<li>Les charges de travail s\u00fbres sont bas\u00e9es sur un facteur de s\u00e9curit\u00e9 de 5:1.<\/li>\n<\/ul>\n<p><img loading=\"lazy\" decoding=\"async\" class=\"wp-image-6149 alignnone\" src=\"https:\/\/www.durodynecanada.com\/wp-content\/uploads\/D-Tite_Main\/dynastudswaged-300x106.jpg\" alt=\"Dyna-Stud Swaged\" width=\"324\" height=\"114\" srcset=\"https:\/\/www.durodynecanada.com\/wp-content\/uploads\/D-Tite_Main\/dynastudswaged-300x106.jpg 300w, https:\/\/www.durodynecanada.com\/wp-content\/uploads\/D-Tite_Main\/dynastudswaged.jpg 432w\" sizes=\"(max-width: 324px) 100vw, 324px\" \/><\/p>\n<p><a href=\"https:\/\/www.durodynecanada.com\/wp-content\/uploads\/D-Tite_Litsheets\/dynastud_swaged_litsheet_102019.pdf\">Dyna-Stud Swaged Literature Sheet<\/a><br \/>\n<a href=\"https:\/\/www.durodynecanada.com\/wp-content\/uploads\/D-Tite_Submittals\/dynastud_swaged_submittal_102019.pdf\">Dyna-Stud Swaged Submittal<\/a><br \/>\n<a href=\"https:\/\/www.durodynecanada.com\/wp-content\/uploads\/D-Tite_Submittals\/dynastud_swaged_withzipclip_submittal.pdf\">Dyna-Stud Swaged with Zip-Clip Submittal<\/a><br \/>\n<a href=\"https:\/\/www.durodynecanada.com\/wp-content\/uploads\/D-Tite_Submittals\/endfixing_instructions.pdf\">End Fixings Installation Instructions<\/a><\/p>\n<h2>Coupe-c\u00e2bles<\/h2>\n<p>Lorsque vous coupez un c\u00e2ble m\u00e9tallique, il est important d&rsquo;utiliser un coupe-c\u00e2ble reconnu tel que le coupe-c\u00e2ble Duro Dyne d\u00e9taill\u00e9 ici. Cela permettra de s&rsquo;assurer que la forme du c\u00e2ble est maintenue avant son insertion dans le Dyna-Tite.<\/p>\n<ul>\n<li>Prise de s\u00fbret\u00e9<\/li>\n<li>Outil de coupe \u00e0 main pour les c\u00e2bles m\u00e9talliques <strong>WC2-CL6<\/strong>, <strong>WC3-CL12<\/strong>, <strong>WC4-CL18<\/strong> et <strong>WC6-CL23<\/strong><\/li>\n<li>Ressort pour faciliter l&rsquo;utilisation<\/li>\n<li>Poign\u00e9es longues de 5&Prime; pour un effet de levier \u00e9lev\u00e9<\/li>\n<li>Lames en acier tremp\u00e9 pour la durabilit\u00e9<\/li>\n<li>Poign\u00e9es recouvertes de vinyle pour une prise en main confortable et antid\u00e9rapante<\/li>\n<\/ul>\n<p><img loading=\"lazy\" decoding=\"async\" class=\"alignnone wp-image-6133 size-full\" src=\"https:\/\/www.durodynecanada.com\/wp-content\/uploads\/D-Tite_Main\/cablecutter_818263.jpg\" alt=\"DTRWC14 Cable Cutter\" width=\"295\" height=\"85\"><\/p>\n<table width=\"100%\">\n<tbody>\n<tr>\n<td width=\"9%\"><strong>Item No.<\/strong><\/td>\n<td width=\"12%\"><strong>Code<\/strong><\/td>\n<td width=\"38%\"><strong>Description<\/strong><\/td>\n<td style=\"text-align: center;\" width=\"12%\"><strong>Qt\u00e9 per Pkg<\/strong><\/td>\n<\/tr>\n<tr>\n<td width=\"15%\">818263<\/td>\n<td width=\"9%\"><strong>DTWRCL<\/strong><\/td>\n<td width=\"14%\">Coupe-C\u00e2bles pour c\u00e2bles WC2,WC3,WC4 &amp; WC6<\/td>\n<td style=\"text-align: center;\" width=\"12%\">1<\/td>\n<\/tr>\n<\/tbody>\n<\/table>\n<h2>Coupe-c\u00e2bles WC8-CL25<\/h2>\n<p>Lorsque vous coupez un c\u00e2ble m\u00e9tallique, il est important d&rsquo;utiliser un coupe-c\u00e2ble reconnu tel que le coupe-c\u00e2ble Duro Dyne d\u00e9taill\u00e9 ici. Cela permettra de s&rsquo;assurer que la forme du c\u00e2ble est maintenue avant son insertion dans le Dyna-Tite.<\/p>\n<ul>\n<li>Prise de s\u00fbret\u00e9<\/li>\n<li>Capacit\u00e9 de coupe des c\u00e2bles m\u00e9talliques <strong>WC8-CL25<\/strong><\/li>\n<li>Lames en acier tremp\u00e9 pour la durabilit\u00e9<\/li>\n<li>Poign\u00e9es recouvertes de vinyle pour une prise en main confortable et antid\u00e9rapante<\/li>\n<\/ul>\n<p><img loading=\"lazy\" decoding=\"async\" class=\"alignnone size-full wp-image-6134\" src=\"https:\/\/www.durodynecanada.com\/wp-content\/uploads\/D-Tite_Main\/cablecutterwc8_30344.jpg\" alt=\"DTRWC Cable Cutter for WC8 Wire Rope\" width=\"295\" height=\"85\"><\/p>\n<table width=\"100%\">\n<tbody>\n<tr>\n<td width=\"9%\"><strong>Item No.<\/strong><\/td>\n<td width=\"12%\"><strong>Code<\/strong><\/td>\n<td width=\"38%\"><strong>Description<\/strong><\/td>\n<td style=\"text-align: center;\" width=\"12%\"><strong>Qt\u00e9 per Pkg<\/strong><\/td>\n<\/tr>\n<tr>\n<td width=\"15%\">30344<\/td>\n<td width=\"9%\"><strong>DTRWC14<\/strong><\/td>\n<td width=\"14%\">Coupe-C\u00e2bles pour c\u00e2bles WC8-CL25<\/td>\n<td style=\"text-align: center;\" width=\"12%\">1<\/td>\n<\/tr>\n<\/tbody>\n<\/table>\n<h2>Compteur de c\u00e2bles personnalis\u00e9<\/h2>\n<p>Le <strong>CCC1<\/strong> simplifie grandement la pr\u00e9paration de votre projet d&rsquo;accrochage de gaines. Prenez un seau vide de cinq gallons, mettez une bobine de c\u00e2ble m\u00e9tallique au fond, mettez quelques bo\u00eetes de verrous de c\u00e2ble Dyna-Tite et un coupe-c\u00e2ble. Placez le <strong>CCC1<\/strong> sur le dessus du seau et vous \u00eates pr\u00eat pour le chantier. Sur le chantier, retirez les bo\u00eetes de serre-c\u00e2bles et le coupe-c\u00e2ble, passez le c\u00e2ble m\u00e9tallique dans le dispositif de mesure <strong>CCC1<\/strong> et vous \u00eates pr\u00eat \u00e0 suspendre les gaines. Il suffit de tirer le c\u00e2ble m\u00e9tallique \u00e0 la longueur n\u00e9cessaire, de le couper et de remettre le compteur \u00e0 z\u00e9ro.<\/p>\n<ul>\n<li>Affichage du compteur de 0 pied 0 pouce \u00e0 9999 pieds et 11 pouces<\/li>\n<li>R\u00e9initialisation par bouton poussoir<\/li>\n<li>Con\u00e7u pour \u00eatre utilis\u00e9 avec le c\u00e2ble m\u00e9tallique Duro Dyne<\/li>\n<li>Convient \u00e0 la plupart des seaux de 5 gallons<\/li>\n<li>L\u00e9ger<\/li>\n<\/ul>\n<h2><img loading=\"lazy\" decoding=\"async\" class=\"alignnone size-full wp-image-6142\" src=\"https:\/\/www.durodynecanada.com\/wp-content\/uploads\/D-Tite_Main\/ccc1.jpg\" alt=\"CCC1 Cable Counter\" width=\"295\" height=\"144\"><\/h2>\n<table width=\"100%\">\n<tbody>\n<tr>\n<td width=\"9%\">Item No.<\/td>\n<td width=\"12%\">Code<\/td>\n<td width=\"38%\">Description<\/td>\n<td width=\"12%\">Qt\u00e9 per Pkg<\/td>\n<\/tr>\n<tr>\n<td width=\"15%\">30390<\/td>\n<td width=\"9%\">CCC1<\/td>\n<td width=\"14%\">Compteur de c\u00e2bles personnalis\u00e9<\/td>\n<td style=\"text-align: center;\" width=\"12%\">1<\/td>\n<\/tr>\n<\/tbody>\n<\/table>\n","protected":false},"excerpt":{"rendered":"<p>C\u00c2BLES DYNA-TITE C\u00c2BLE C\u00e2ble M\u00e9tallique Les c\u00e2bles d&rsquo;acier galvanis\u00e9s de qualit\u00e9 aviation fournis par Duro Dyne sont fabriqu\u00e9s selon des normes rigoureuses et test\u00e9s statistiquement pour v\u00e9rifier les forces de rupture indiqu\u00e9es. Les c\u00e2bles d&rsquo;acier Duro Dyne WC2-CL6, WC3-CL12 et WC4-CL18 ont une construction standard 7&#215;7. Les c\u00e2bles d&rsquo;acier Duro Dyne WC8-CL25 et WC6-CL23 ont &hellip;<\/p>\n","protected":false},"author":7,"featured_media":0,"parent":7603,"menu_order":0,"comment_status":"closed","ping_status":"closed","template":"","meta":{"_acf_changed":false,"footnotes":""},"acf":[],"_links":{"self":[{"href":"https:\/\/www.durodynecanada.com\/fr\/wp-json\/wp\/v2\/pages\/7451"}],"collection":[{"href":"https:\/\/www.durodynecanada.com\/fr\/wp-json\/wp\/v2\/pages"}],"about":[{"href":"https:\/\/www.durodynecanada.com\/fr\/wp-json\/wp\/v2\/types\/page"}],"author":[{"embeddable":true,"href":"https:\/\/www.durodynecanada.com\/fr\/wp-json\/wp\/v2\/users\/7"}],"replies":[{"embeddable":true,"href":"https:\/\/www.durodynecanada.com\/fr\/wp-json\/wp\/v2\/comments?post=7451"}],"version-history":[{"count":5,"href":"https:\/\/www.durodynecanada.com\/fr\/wp-json\/wp\/v2\/pages\/7451\/revisions"}],"predecessor-version":[{"id":8006,"href":"https:\/\/www.durodynecanada.com\/fr\/wp-json\/wp\/v2\/pages\/7451\/revisions\/8006"}],"up":[{"embeddable":true,"href":"https:\/\/www.durodynecanada.com\/fr\/wp-json\/wp\/v2\/pages\/7603"}],"wp:attachment":[{"href":"https:\/\/www.durodynecanada.com\/fr\/wp-json\/wp\/v2\/media?parent=7451"}],"curies":[{"name":"wp","href":"https:\/\/api.w.org\/{rel}","templated":true}]}}