{"id":7443,"date":"2019-03-11T14:43:46","date_gmt":"2019-03-11T18:43:46","guid":{"rendered":"https:\/\/www.durodynecanada.com\/products\/dyna-tite-applications\/"},"modified":"2022-06-16T15:05:01","modified_gmt":"2022-06-16T19:05:01","slug":"applications-de-dyna-tite","status":"publish","type":"page","link":"https:\/\/www.durodynecanada.com\/fr\/nos-produits\/applications-de-dyna-tite\/","title":{"rendered":"Applications de Dyna-Tite"},"content":{"rendered":"<h1>APPLICATION DE DYNA-TITE<\/h1>\n<p><strong>Les verrous de c\u00e2ble et les c\u00e2bles m\u00e9talliques Dyna-tite peuvent \u00eatre utilis\u00e9s pour la suspension de diverses mani\u00e8res afin de r\u00e9pondre \u00e0 la plupart des applications de construction m\u00e9canique et CVC.<\/strong><\/p>\n<p><strong>Assembl\u00e9e Standard<\/strong><\/p>\n<p><strong>\u00c9TAPE 1<\/strong><br \/>\nTirez la goupille de r\u00e9glage vers l&rsquo;arri\u00e8re et enfilez le c\u00e2ble m\u00e9tallique dans un canal de verrouillage du verrou de c\u00e2ble. Si vous ne tirez pas d&rsquo;abord la goupille de r\u00e9glage, vous risquez d&rsquo;endommager les dents dentel\u00e9es et de r\u00e9duire la capacit\u00e9 de retenue.<\/p>\n<p><img loading=\"lazy\" decoding=\"async\" class=\"alignnone wp-image-6109 size-full\" src=\"https:\/\/www.durodynecanada.com\/wp-content\/uploads\/D-Tite_Main\/cl_step1a.jpg\" alt=\"CL Cable Lock Step 1\" width=\"300\" height=\"180\"><\/p>\n<p><strong>\u00c9TAPE 2<br \/>\n<\/strong>Faites passer la \u00ab\u00a0queue\u00a0\u00bb du c\u00e2ble m\u00e9tallique \u00e0 travers (ou autour) du point d&rsquo;ancrage (crochet \u00e0 \u0153il, poutre ou panne).<\/p>\n<p><img loading=\"lazy\" decoding=\"async\" class=\"alignnone wp-image-6110 size-full\" src=\"https:\/\/www.durodynecanada.com\/wp-content\/uploads\/D-Tite_Main\/cl_step2a.jpg\" alt=\"CL Cable Lock Step 2\" width=\"300\" height=\"180\"><\/p>\n<p><strong>\u00c9TAPE 3<br \/>\n<\/strong>Tirez la goupille de d\u00e9clenchement vers l&rsquo;arri\u00e8re et poussez la queue du c\u00e2ble m\u00e9tallique dans le deuxi\u00e8me canal de verrouillage du verrou de c\u00e2ble. Faites passer au moins 6&Prime; de c\u00e2ble m\u00e9tallique.<\/p>\n<p><img loading=\"lazy\" decoding=\"async\" class=\"alignnone wp-image-6111 size-full\" src=\"https:\/\/www.durodynecanada.com\/wp-content\/uploads\/D-Tite_Main\/cl_step3a.jpg\" alt=\"CL Cable Lock Step 3\" width=\"300\" height=\"180\"><\/p>\n<p><strong>STEP 4<br \/>\n<\/strong>Avant l&rsquo;application de la charge, le c\u00e2ble peut \u00eatre r\u00e9gl\u00e9 dans l&rsquo;une ou l&rsquo;autre direction en faisant glisser la goupille de d\u00e9clenchement et en d\u00e9pla\u00e7ant le c\u00e2ble.<\/p>\n<p><strong>TOUJOURS CONFIRMER L&rsquo;ENGAGEMENT DU VERROU DE C\u00c2BLE SUR LE C\u00c2BLE AVANT D&rsquo;APPLIQUER LA CHARGE EN POUSSANT LA GOUPILLE DE R\u00c9GLAGE DANS LA DIRECTION OPPOS\u00c9E AUX FL\u00c8CHES SUR LE VERROU DE C\u00c2BLE, PUIS EN TIRANT LE C\u00c2BLE, \u00c9GALEMENT DANS LA DIRECTION OPPOS\u00c9E AUX FL\u00c8CHES SUR LE VERROU DE C\u00c2BLE.<\/strong><\/p>\n<p><img loading=\"lazy\" decoding=\"async\" class=\"alignnone wp-image-6112 size-full\" src=\"https:\/\/www.durodynecanada.com\/wp-content\/uploads\/D-Tite_Main\/cl_step4a.jpg\" alt=\"CL Cable Lock Step 4\" width=\"300\" height=\"180\"><\/p>\n<p><strong>R\u00e9glage du c\u00e2ble de verrouillage<\/strong><\/p>\n<p>Sans charge sur le c\u00e2ble et le verrou de c\u00e2ble, poussez la goupille de d\u00e9clenchement dans la direction de la fl\u00e8che sur le verrou de c\u00e2ble. Cela lib\u00e9rera le cliquet de verrouillage et permettra au c\u00e2ble d&rsquo;\u00eatre d\u00e9plac\u00e9 librement dans n&rsquo;importe quelle direction. (Apr\u00e8s l&rsquo;application d&rsquo;une charge, il peut \u00eatre n\u00e9cessaire de tirer l\u00e9g\u00e8rement sur le c\u00e2ble pour d\u00e9sengager les dents du cliquet). Assurez-vous que la charge est enti\u00e8rement support\u00e9e avant de tenter un r\u00e9glage.<\/p>\n<p>*Veuillez noter que le <strong>CL23<\/strong> a 2 trous de passage. Utilisez uniquement les canaux de verrouillage pour un montage standard.<\/p>\n<p><strong>Montage de la figure 8 en option (CL-23 UNIQUEMENT)<\/strong><\/p>\n<p><strong>\u00c9TAPE 1<br \/>\n<\/strong>Enfilez le c\u00e2ble m\u00e9tallique dans le \u00ab\u00a0trou traversant\u00a0\u00bb du <strong>CL23<\/strong>.<\/p>\n<p><img loading=\"lazy\" decoding=\"async\" class=\"alignnone wp-image-6113 size-full\" src=\"https:\/\/www.durodynecanada.com\/wp-content\/uploads\/D-Tite_Main\/cl23_step1.jpg\" alt=\"CL23 Cable Lock Step 1\" width=\"150\" height=\"125\"><\/p>\n<p><strong>\u00c9TAPE 2<br \/>\n<\/strong>Faites passer la \u00ab\u00a0queue\u00a0\u00bb du c\u00e2ble m\u00e9tallique \u00e0 travers (ou autour) du point d&rsquo;ancrage (crochet \u00e0 \u0153il, poutre ou panne).<\/p>\n<p><img loading=\"lazy\" decoding=\"async\" class=\"alignnone wp-image-6114 size-full\" src=\"https:\/\/www.durodynecanada.com\/wp-content\/uploads\/D-Tite_Main\/cl23_step2.jpg\" alt=\"CL23 Cable Lock Step 2\" width=\"150\" height=\"125\"><\/p>\n<p><strong>\u00c9TAPE 3<br \/>\n<\/strong>Tirez la goupille d&rsquo;ajustement vers l&rsquo;arri\u00e8re et poussez la queue du c\u00e2ble m\u00e9tallique dans un canal de verrouillage du <strong>CL23<\/strong> et tirez au moins 6 po. du c\u00e2ble m\u00e9tallique \u00e0 travers. Si vous ne tirez pas d&rsquo;abord la goupille de r\u00e9glage, vous risquez d&rsquo;endommager les dents dentel\u00e9es et de r\u00e9duire la capacit\u00e9 de retenue.<\/p>\n<p><img loading=\"lazy\" decoding=\"async\" class=\"alignnone wp-image-6115 size-full\" src=\"https:\/\/www.durodynecanada.com\/wp-content\/uploads\/D-Tite_Main\/cl23_step3.jpg\" alt=\"CL23 Cable Lock Step 3\" width=\"150\" height=\"125\"><\/p>\n<p><strong>\u00c9TAPE 4<br \/>\n<\/strong>Faites passer l&rsquo;autre extr\u00e9mit\u00e9 du c\u00e2ble m\u00e9tallique \u00e0 travers (ou autour) du support ou de la fixation de l&rsquo;objet \u00e0 suspendre. replacez le c\u00e2ble m\u00e9tallique dans le <strong>CL23<\/strong>. Tirez la goupille de d\u00e9clenchement vers l&rsquo;arri\u00e8re et faites passer au moins 15 cm de c\u00e2ble m\u00e9tallique dans le canal de verrouillage restant. Pour le r\u00e9glage final, voir l&rsquo;\u00e9tape 4 ci-dessus dans le montage standard.<\/p>\n<p><img loading=\"lazy\" decoding=\"async\" class=\"alignnone wp-image-6116 size-full\" src=\"https:\/\/www.durodynecanada.com\/wp-content\/uploads\/D-Tite_Main\/cl23_step4.jpg\" alt=\"CL23 Cable Lock Step 4\" width=\"150\" height=\"125\"><\/p>\n<p><strong>TOUJOURS CONFIRMER L&rsquo;ENGAGEMENT DU VERROU DE C\u00c2BLE SUR LE C\u00c2BLE AVANT D&rsquo;APPLIQUER LA CHARGE EN POUSSANT LA GOUPILLE DE R\u00c9GLAGE DANS LA DIRECTION OPPOS\u00c9E AUX FL\u00c8CHES SUR LE VERROU DE C\u00c2BLE, PUIS EN TIRANT LE C\u00c2BLE, \u00c9GALEMENT DANS LA DIRECTION OPPOS\u00c9E AUX FL\u00c8CHES SUR LE VERROU DE C\u00c2BLE.<\/strong><\/p>\n<p><strong>APPLICATIONS:<\/strong><\/p>\n<p><strong>Laissez une queue d&rsquo;au moins 6 pouces \u00e0 toutes les extr\u00e9mit\u00e9s des fils.<\/strong><\/p>\n<p><strong>Accrochage de l&rsquo;unit\u00e9<\/strong><\/p>\n<p><img loading=\"lazy\" decoding=\"async\" class=\"alignnone wp-image-6119 size-full\" src=\"https:\/\/www.durodynecanada.com\/wp-content\/uploads\/D-Tite_Main\/unit_hanging.jpg\" alt=\"Dyna-Tite Unit Hanging\" width=\"418\" height=\"236\" srcset=\"https:\/\/www.durodynecanada.com\/wp-content\/uploads\/D-Tite_Main\/unit_hanging.jpg 418w, https:\/\/www.durodynecanada.com\/wp-content\/uploads\/D-Tite_Main\/unit_hanging-300x169.jpg 300w, https:\/\/www.durodynecanada.com\/wp-content\/uploads\/D-Tite_Main\/unit_hanging-360x204.jpg 360w\" sizes=\"(max-width: 418px) 100vw, 418px\" \/><\/p>\n<p><strong>Conduits rectangulaires<\/strong><\/p>\n<p><img loading=\"lazy\" decoding=\"async\" class=\"alignnone wp-image-6117 size-full\" src=\"https:\/\/www.durodynecanada.com\/wp-content\/uploads\/D-Tite_Main\/rect_ductwork.jpg\" alt=\"Dyna-Tite Rectangular Ductwork\" width=\"460\" height=\"236\" srcset=\"https:\/\/www.durodynecanada.com\/wp-content\/uploads\/D-Tite_Main\/rect_ductwork.jpg 460w, https:\/\/www.durodynecanada.com\/wp-content\/uploads\/D-Tite_Main\/rect_ductwork-300x154.jpg 300w\" sizes=\"(max-width: 460px) 100vw, 460px\" \/><\/p>\n<p><strong>Conduits en spirale &#8211; Faible encombrement<\/strong><\/p>\n<p><strong><img loading=\"lazy\" decoding=\"async\" class=\"alignnone wp-image-6118 size-full\" src=\"https:\/\/www.durodynecanada.com\/wp-content\/uploads\/D-Tite_Main\/spiral_ductwork.jpg\" alt=\"Dyna-Tite Spiral Ductwork - Low Clearance\" width=\"215\" height=\"236\"><\/strong><\/p>\n<p><strong>Conduit en spirale &#8211; Deux verrous de c\u00e2ble<\/strong><\/p>\n<p><img loading=\"lazy\" decoding=\"async\" class=\"alignnone wp-image-6120 size-full\" src=\"https:\/\/www.durodynecanada.com\/wp-content\/uploads\/D-Tite_Main\/spiral_ductwork_2cables.jpg\" alt=\"Dyna-Tite Spiral Ductweork - 2 Cable Locks\" width=\"295\" height=\"354\" srcset=\"https:\/\/www.durodynecanada.com\/wp-content\/uploads\/D-Tite_Main\/spiral_ductwork_2cables.jpg 295w, https:\/\/www.durodynecanada.com\/wp-content\/uploads\/D-Tite_Main\/spiral_ductwork_2cables-250x300.jpg 250w\" sizes=\"(max-width: 295px) 100vw, 295px\" \/><\/p>\n<p><strong>Conduit en spirale &#8211; Figure 8 (CL23 SEULEMENT)<\/strong><\/p>\n<p><img loading=\"lazy\" decoding=\"async\" class=\"alignnone wp-image-6121 size-full\" src=\"https:\/\/www.durodynecanada.com\/wp-content\/uploads\/D-Tite_Main\/spiral_ductwork_cl23only.jpg\" alt=\"Dyna-Tite Spiral Ductwork F|igure 8 CL23 ONLY\" width=\"360\" height=\"371\" srcset=\"https:\/\/www.durodynecanada.com\/wp-content\/uploads\/D-Tite_Main\/spiral_ductwork_cl23only.jpg 360w, https:\/\/www.durodynecanada.com\/wp-content\/uploads\/D-Tite_Main\/spiral_ductwork_cl23only-291x300.jpg 291w\" sizes=\"(max-width: 360px) 100vw, 360px\" \/><\/p>\n","protected":false},"excerpt":{"rendered":"<p>APPLICATION DE DYNA-TITE Les verrous de c\u00e2ble et les c\u00e2bles m\u00e9talliques Dyna-tite peuvent \u00eatre utilis\u00e9s pour la suspension de diverses mani\u00e8res afin de r\u00e9pondre \u00e0 la plupart des applications de construction m\u00e9canique et CVC. Assembl\u00e9e Standard \u00c9TAPE 1 Tirez la goupille de r\u00e9glage vers l&rsquo;arri\u00e8re et enfilez le c\u00e2ble m\u00e9tallique dans un canal de verrouillage &hellip;<\/p>\n","protected":false},"author":7,"featured_media":0,"parent":7603,"menu_order":0,"comment_status":"closed","ping_status":"closed","template":"","meta":{"_acf_changed":false,"footnotes":""},"acf":[],"_links":{"self":[{"href":"https:\/\/www.durodynecanada.com\/fr\/wp-json\/wp\/v2\/pages\/7443"}],"collection":[{"href":"https:\/\/www.durodynecanada.com\/fr\/wp-json\/wp\/v2\/pages"}],"about":[{"href":"https:\/\/www.durodynecanada.com\/fr\/wp-json\/wp\/v2\/types\/page"}],"author":[{"embeddable":true,"href":"https:\/\/www.durodynecanada.com\/fr\/wp-json\/wp\/v2\/users\/7"}],"replies":[{"embeddable":true,"href":"https:\/\/www.durodynecanada.com\/fr\/wp-json\/wp\/v2\/comments?post=7443"}],"version-history":[{"count":3,"href":"https:\/\/www.durodynecanada.com\/fr\/wp-json\/wp\/v2\/pages\/7443\/revisions"}],"predecessor-version":[{"id":7987,"href":"https:\/\/www.durodynecanada.com\/fr\/wp-json\/wp\/v2\/pages\/7443\/revisions\/7987"}],"up":[{"embeddable":true,"href":"https:\/\/www.durodynecanada.com\/fr\/wp-json\/wp\/v2\/pages\/7603"}],"wp:attachment":[{"href":"https:\/\/www.durodynecanada.com\/fr\/wp-json\/wp\/v2\/media?parent=7443"}],"curies":[{"name":"wp","href":"https:\/\/api.w.org\/{rel}","templated":true}]}}