{"id":7440,"date":"2019-02-12T14:59:29","date_gmt":"2019-02-12T19:59:29","guid":{"rendered":"https:\/\/www.durodynecanada.com\/products\/dyn-o-vent-accessories\/"},"modified":"2022-06-16T14:59:58","modified_gmt":"2022-06-16T18:59:58","slug":"accessoires-dyn-o-vent","status":"publish","type":"page","link":"https:\/\/www.durodynecanada.com\/fr\/nos-produits\/accessoires-dyn-o-vent\/","title":{"rendered":"Accessoires Dyn-O-Vent"},"content":{"rendered":"<h1 style=\"text-align: center;\"><img loading=\"lazy\" decoding=\"async\" class=\"aligncenter wp-image-5998 size-full\" src=\"https:\/\/www.durodynecanada.com\/wp-content\/uploads\/GRD_Images\/dynovent_logo.jpg\" alt=\"Dyn-O-Vent Logo\" width=\"600\" height=\"94\" srcset=\"https:\/\/www.durodynecanada.com\/wp-content\/uploads\/GRD_Images\/dynovent_logo.jpg 600w, https:\/\/www.durodynecanada.com\/wp-content\/uploads\/GRD_Images\/dynovent_logo-300x47.jpg 300w, https:\/\/www.durodynecanada.com\/wp-content\/uploads\/GRD_Images\/dynovent_logo-540x85.jpg 540w\" sizes=\"(max-width: 600px) 100vw, 600px\" \/><\/h1>\n<h1 style=\"text-align: center;\">Accessoires DYN-O-VENT<\/h1>\n<h3><img loading=\"lazy\" decoding=\"async\" class=\"wp-image-6067 alignright\" src=\"https:\/\/www.durodynecanada.com\/wp-content\/uploads\/GRD_Images\/sn_snapinbutterflydmpr_sm--300x221.jpg\" alt=\"SN Snap In Butterfly Damper\" width=\"125\" height=\"92\">Volet papillon encliquetable pour montage au plafond commercial<br \/>\nPour diffuseur (SNBD)<\/h3>\n<ul>\n<li>Registre papillon r\u00e9glable avec commande \u00e0 bouton<\/li>\n<li>Construction d&rsquo;acier<\/li>\n<li>\u00c0 utiliser avec l&rsquo;anneau de collier CR<\/li>\n<li>Disponible en tailles 6&Prime;, 7&Prime;, 8&Prime;, 10&Prime;, 12&Prime;.<\/li>\n<li>Disponible en finition marron durable<\/li>\n<\/ul>\n<p><a href=\"https:\/\/www.durodynecanada.com\/wp-content\/uploads\/GRD_Submitals\/SN_Submittal.pdf\"><strong>SNBD Snap In Butterfly Damper Submittal<br \/>\n<\/strong><\/a><\/p>\n<h3>Anneau de collier pour montage au plafond commercial<br \/>\nPour diffuseur (CR)<\/h3>\n<ul>\n<li>Conception encliquetable pour une installation facile<\/li>\n<li>Construction d&rsquo;acier<\/li>\n<li>Hauteur du collier de 2&Prime; avec perle<\/li>\n<li>Pour utilisation avec le clapet papillon \u00e0 enclenchement SNBD<\/li>\n<li>Disponible en tailles 6&Prime;, 7&Prime;, 8&Prime;, 10&Prime;, 12&Prime;.<\/li>\n<li>Disponible en finition \u00ab\u00a0mill\u00a0\u00bb.<\/li>\n<\/ul>\n<p><a href=\"https:\/\/www.durodynecanada.com\/wp-content\/uploads\/GRD_Submitals\/CR_Submittal.pdf\"><strong>CR Ceiling Mount Collar Ring Submittal<\/strong><\/a><\/p>\n<h3>Anneau de conduit Dyn-O-Vent, brun (DR)<br \/>\n<img loading=\"lazy\" decoding=\"async\" class=\"alignright wp-image-6064\" src=\"https:\/\/www.durodynecanada.com\/wp-content\/uploads\/GRD_Images\/dr_collarring-300x175.jpg\" alt=\"DR Duct Ring-Brown\" width=\"135\" height=\"79\" srcset=\"https:\/\/www.durodynecanada.com\/wp-content\/uploads\/GRD_Images\/dr_collarring-300x175.jpg 300w, https:\/\/www.durodynecanada.com\/wp-content\/uploads\/GRD_Images\/dr_collarring-600x350.jpg 600w, https:\/\/www.durodynecanada.com\/wp-content\/uploads\/GRD_Images\/dr_collarring-768x448.jpg 768w, https:\/\/www.durodynecanada.com\/wp-content\/uploads\/GRD_Images\/dr_collarring-1024x598.jpg 1024w, https:\/\/www.durodynecanada.com\/wp-content\/uploads\/GRD_Images\/dr_collarring.jpg 1143w, https:\/\/www.durodynecanada.com\/wp-content\/uploads\/GRD_Images\/dr_collarring-540x315.jpg 540w\" sizes=\"(max-width: 135px) 100vw, 135px\" \/><\/h3>\n<ul>\n<li>Construction d&rsquo;acier<\/li>\n<li>Disponible en finition marron durable<\/li>\n<li>Tailles disponibles : 6&Prime;, 8&Prime;, 10&Prime;, 12&Prime;, 14&Prime;.<\/li>\n<\/ul>\n","protected":false},"excerpt":{"rendered":"<p>Accessoires DYN-O-VENT Volet papillon encliquetable pour montage au plafond commercial Pour diffuseur (SNBD) Registre papillon r\u00e9glable avec commande \u00e0 bouton Construction d&rsquo;acier \u00c0 utiliser avec l&rsquo;anneau de collier CR Disponible en tailles 6&Prime;, 7&Prime;, 8&Prime;, 10&Prime;, 12&Prime;. Disponible en finition marron durable SNBD Snap In Butterfly Damper Submittal Anneau de collier pour montage au plafond &hellip;<\/p>\n","protected":false},"author":7,"featured_media":0,"parent":7603,"menu_order":0,"comment_status":"closed","ping_status":"closed","template":"","meta":{"_acf_changed":false,"footnotes":""},"acf":[],"_links":{"self":[{"href":"https:\/\/www.durodynecanada.com\/fr\/wp-json\/wp\/v2\/pages\/7440"}],"collection":[{"href":"https:\/\/www.durodynecanada.com\/fr\/wp-json\/wp\/v2\/pages"}],"about":[{"href":"https:\/\/www.durodynecanada.com\/fr\/wp-json\/wp\/v2\/types\/page"}],"author":[{"embeddable":true,"href":"https:\/\/www.durodynecanada.com\/fr\/wp-json\/wp\/v2\/users\/7"}],"replies":[{"embeddable":true,"href":"https:\/\/www.durodynecanada.com\/fr\/wp-json\/wp\/v2\/comments?post=7440"}],"version-history":[{"count":3,"href":"https:\/\/www.durodynecanada.com\/fr\/wp-json\/wp\/v2\/pages\/7440\/revisions"}],"predecessor-version":[{"id":7966,"href":"https:\/\/www.durodynecanada.com\/fr\/wp-json\/wp\/v2\/pages\/7440\/revisions\/7966"}],"up":[{"embeddable":true,"href":"https:\/\/www.durodynecanada.com\/fr\/wp-json\/wp\/v2\/pages\/7603"}],"wp:attachment":[{"href":"https:\/\/www.durodynecanada.com\/fr\/wp-json\/wp\/v2\/media?parent=7440"}],"curies":[{"name":"wp","href":"https:\/\/api.w.org\/{rel}","templated":true}]}}