{"id":7432,"date":"2019-05-14T10:59:20","date_gmt":"2019-05-14T14:59:20","guid":{"rendered":"https:\/\/www.durodynecanada.com\/products\/dyn-o-loc-accessories-and-insertion-machine\/"},"modified":"2022-06-16T15:26:14","modified_gmt":"2022-06-16T19:26:14","slug":"accessoires-et-machine-insertion-dyn-o-loc","status":"publish","type":"page","link":"https:\/\/www.durodynecanada.com\/fr\/nos-produits\/accessoires-et-machine-insertion-dyn-o-loc\/","title":{"rendered":"Dyn-O-Loc, accessoires et machine d&rsquo;insertion"},"content":{"rendered":"<h1>DYN-O-LOC<sup>\u00ae<\/sup>, ACCESSOIRES ET MACHINE D&rsquo;INSERTION<\/h1>\n<h2>Dyn-O-Loc<sup>\u00ae<\/sup><\/h2>\n<p>Les tirants peuvent \u00eatre utilis\u00e9s pour supporter des conduits de plus de 48&Prime;. Les <strong>Dyn-O-Locs<\/strong> s&rsquo;ins\u00e8rent dans les extr\u00e9mit\u00e9s des tirants creux pour fournir un moyen de fixer les tirants au conduit. Disponibles pour les tiges de 1\/2&Prime; et 3\/4&Prime; de diam\u00e8tre int\u00e9rieur, ils s&rsquo;ins\u00e8rent facilement et ont \u00e9t\u00e9 test\u00e9s en traction pour r\u00e9sister \u00e0 plus de 1900 livres.<\/p>\n<p><img loading=\"lazy\" decoding=\"async\" class=\"size-full wp-image-6218 aligncenter\" src=\"https:\/\/www.durodynecanada.com\/wp-content\/uploads\/D-MATE_Pics\/dynoloc1.jpg\" alt=\"Dyn-O-Loc\" width=\"295\" height=\"110\"><\/p>\n<p><img loading=\"lazy\" decoding=\"async\" class=\"size-medium wp-image-6217 alignleft\" src=\"https:\/\/www.durodynecanada.com\/wp-content\/uploads\/D-MATE_Pics\/dynolock_ductwork-300x251.jpg\" alt=\"Dyn-O-Loc Ductwork\" width=\"300\" height=\"251\" srcset=\"https:\/\/www.durodynecanada.com\/wp-content\/uploads\/D-MATE_Pics\/dynolock_ductwork-300x251.jpg 300w, https:\/\/www.durodynecanada.com\/wp-content\/uploads\/D-MATE_Pics\/dynolock_ductwork.jpg 400w\" sizes=\"(max-width: 300px) 100vw, 300px\" \/><img loading=\"lazy\" decoding=\"async\" class=\"alignnone wp-image-6219 size-full\" src=\"https:\/\/www.durodynecanada.com\/wp-content\/uploads\/D-MATE_Pics\/dynolockbolt.jpg\" alt=\"Dyn-O-Loc Bolt\" width=\"400\" height=\"234\" srcset=\"https:\/\/www.durodynecanada.com\/wp-content\/uploads\/D-MATE_Pics\/dynolockbolt.jpg 400w, https:\/\/www.durodynecanada.com\/wp-content\/uploads\/D-MATE_Pics\/dynolockbolt-300x176.jpg 300w\" sizes=\"(max-width: 400px) 100vw, 400px\" \/><\/p>\n<p><a href=\"https:\/\/www.durodynecanada.com\/wp-content\/uploads\/D-MATE_Pdf\/dynoloc_litsheet.pdf\">Dyn-O-Loc Literature Sheet<\/a><\/p>\n<p><a href=\"https:\/\/www.durodynecanada.com\/wp-content\/uploads\/D-MATE_Pdf\/dynoloc_submittal.pdf\">Dyn-O-Loc Submittal<\/a><\/p>\n<p>Voyez pourquoi nos <strong>Dyn-O-Locs<\/strong> sont capables de soutenir plus de 1,900 lbs<br \/>\n<iframe loading=\"lazy\" src=\"https:\/\/www.youtube.com\/embed\/9OCnZdOGjTA\" width=\"440\" height=\"290\" frameborder=\"0\" allowfullscreen=\"allowfullscreen\"><\/iframe><\/p>\n<h2>D-Stud<strong>\u2122<\/strong><\/h2>\n<p>Le <strong>D-Stud<\/strong> est un <strong>Dyn-O-Loc<\/strong> dont le goujon filet\u00e9 est d\u00e9j\u00e0 fix\u00e9.<\/p>\n<ul>\n<li>Les <strong>D-Studs<\/strong> correctement install\u00e9s sont test\u00e9s en traction \u00e0 plus de 1300 lbs.<\/li>\n<li>Ancrage du conduit en place pendant l&rsquo;installation.<\/li>\n<li>Fonctionne avec les gaines isol\u00e9es et non isol\u00e9es.<\/li>\n<li>Permet \u00e0 l&rsquo;installateur de localiser facilement le trou pr\u00e9-perc\u00e9.<\/li>\n<\/ul>\n<p><img loading=\"lazy\" decoding=\"async\" class=\"alignnone wp-image-6220\" src=\"https:\/\/www.durodynecanada.com\/wp-content\/uploads\/D-MATE_Pics\/dstud.jpg\" alt=\"D-Stud\" width=\"401\" height=\"163\" srcset=\"https:\/\/www.durodynecanada.com\/wp-content\/uploads\/D-MATE_Pics\/dstud.jpg 386w, https:\/\/www.durodynecanada.com\/wp-content\/uploads\/D-MATE_Pics\/dstud-300x122.jpg 300w\" sizes=\"(max-width: 401px) 100vw, 401px\" \/><\/p>\n<p><a href=\"https:\/\/www.durodynecanada.com\/wp-content\/uploads\/D-MATE_Pdf\/dynoloc_dstud_litsheet.pdf\">D-Stud Literature Sheet<\/a><\/p>\n<p><a href=\"https:\/\/www.durodynecanada.com\/wp-content\/uploads\/D-MATE_Pdf\/dynoloc_dstud_submittal.pdf\">D-Stud Submittal<br \/>\n<\/a><\/p>\n<h2>Machine d&rsquo;Insertion Rod-Loc<\/h2>\n<p>La<strong> Machine d&rsquo;Insertion Rod-Loc<\/strong> offre aux entrepreneurs un moyen rapide et pratique d&rsquo;installer des verrous \u00e0 tige et des conduits. Elle fonctionne \u00e0 partir d&rsquo;une prise standard de 110 volts et d&rsquo;une alimentation en air de 70 PSI minimum. Il suffit de placer un conduit de 3\/4&Prime; ou de 1\/2&Prime; dans le berceau et un verrou \u00e0 tige de chaque c\u00f4t\u00e9, et en appuyant sur un interrupteur, le cylindre d&rsquo;air ins\u00e8re simultan\u00e9ment un verrou \u00e0 tige aux deux extr\u00e9mit\u00e9s du conduit creux \u00e0 l&rsquo;espacement parfait, \u00e9liminant ainsi la vieille m\u00e9thode d&rsquo;insertion au marteau ! Un accessoire pour p\u00e9dale de commande est \u00e9galement disponible.<\/p>\n<p><img loading=\"lazy\" decoding=\"async\" class=\"alignnone wp-image-6221 size-medium\" src=\"https:\/\/www.durodynecanada.com\/wp-content\/uploads\/D-MATE_Pics\/rodlocmachine-300x86.jpg\" alt=\"Rod-Loc Insertion Machine\" width=\"300\" height=\"86\" srcset=\"https:\/\/www.durodynecanada.com\/wp-content\/uploads\/D-MATE_Pics\/rodlocmachine-300x86.jpg 300w, https:\/\/www.durodynecanada.com\/wp-content\/uploads\/D-MATE_Pics\/rodlocmachine.jpg 504w\" sizes=\"(max-width: 300px) 100vw, 300px\" \/><br \/>\n<img loading=\"lazy\" decoding=\"async\" class=\"alignnone wp-image-6222 size-medium\" src=\"https:\/\/www.durodynecanada.com\/wp-content\/uploads\/D-MATE_Pics\/rodlocmachine_sqs-280x300.jpg\" alt=\"Rod-Loc Machine Diagram\" width=\"280\" height=\"300\" srcset=\"https:\/\/www.durodynecanada.com\/wp-content\/uploads\/D-MATE_Pics\/rodlocmachine_sqs-280x300.jpg 280w, https:\/\/www.durodynecanada.com\/wp-content\/uploads\/D-MATE_Pics\/rodlocmachine_sqs.jpg 432w\" sizes=\"(max-width: 280px) 100vw, 280px\" \/><\/p>\n<p><a href=\"https:\/\/www.durodynecanada.com\/wp-content\/uploads\/D-MATE_Pdf\/rodlocmachine_litsheet.pdf\">Rod-Loc Literature Sheet<\/a><\/p>\n<p><a href=\"https:\/\/www.durodynecanada.com\/wp-content\/uploads\/D-MATE_Pdf\/rodlocmachine_instructions.pdf\">Rod-Loc Installation Instructions<\/a><\/p>\n<p>Machine d&rsquo;Insertion Rod-Loc en utilisation<br \/>\n<iframe loading=\"lazy\" src=\"https:\/\/www.youtube.com\/embed\/teS7JyvwjU8\" width=\"390\" height=\"237\" frameborder=\"0\" allowfullscreen=\"allowfullscreen\"><\/iframe><\/p>\n<h2>Dual Dyn-O-Claw\u2122<\/h2>\n<p>Les gaines sont souvent renforc\u00e9es par des conduits afin de minimiser les mouvements caus\u00e9s par les pressions positives ou n\u00e9gatives. Ces conduits peuvent se tordre \u00e0 l&rsquo;int\u00e9rieur de la gaine pendant le transport ou l&rsquo;installation. Le <strong>Dual Dyn-O-Claw<\/strong>&nbsp; est con\u00e7u pour joindre la section transversale des conduits afin de les immobiliser, ce qui renforce davantage le conduit. Le <strong>Dual Dyn-O-Claw<\/strong> \u00e9limine \u00e9galement toute vibration ou bruit de cliquetis du conduit qui se croise. Utilis\u00e9e conjointement avec les verrous de tige <strong>Dyn-O-Mate<\/strong> et les conduits, le <strong>Dual Dyn-O-Claw<\/strong> cr\u00e9e un syst\u00e8me efficace de renforcement des conduits, plus facile et plus rapide que d&rsquo;autres solutions comme les attaches ou la soudure. Le <strong>Dual Dyn-O-Claw<\/strong> fonctionne pour les conduits de 1\/2&Prime; et 3\/4&Prime;.<\/p>\n<ul>\n<li>Fonctionne pour les conduits de 1\/2&Prime; et 3\/4&Prime;.<\/li>\n<li>Fabriqu\u00e9 en acier galvanis\u00e9 de calibre 14<\/li>\n<li>Un boulon en acier fixe le <strong>Dyn-O-Claw<\/strong> sur le conduit.<\/li>\n<\/ul>\n<p><img loading=\"lazy\" decoding=\"async\" class=\"alignnone size-medium wp-image-6223\" src=\"https:\/\/www.durodynecanada.com\/wp-content\/uploads\/D-MATE_Pics\/dualdynoclaw-300x210.jpg\" alt=\"Dual Dyn-O-Claw\" width=\"300\" height=\"210\" srcset=\"https:\/\/www.durodynecanada.com\/wp-content\/uploads\/D-MATE_Pics\/dualdynoclaw-300x210.jpg 300w, https:\/\/www.durodynecanada.com\/wp-content\/uploads\/D-MATE_Pics\/dualdynoclaw-100x70.jpg 100w, https:\/\/www.durodynecanada.com\/wp-content\/uploads\/D-MATE_Pics\/dualdynoclaw.jpg 396w\" sizes=\"(max-width: 300px) 100vw, 300px\" \/><\/p>\n<p><a href=\"https:\/\/www.durodynecanada.com\/wp-content\/uploads\/D-MATE_Pdf\/dualdynoclaw_litsheet.pdf\">Dual Dyn-O-Claw Literature Sheet<\/a><\/p>\n<p><a href=\"https:\/\/www.durodynecanada.com\/wp-content\/uploads\/D-MATE_Pdf\/dualdynoclaw_submittal.pdf\">Dual Dyn-O-Claw Submittal<br \/>\n<\/a><\/p>\n","protected":false},"excerpt":{"rendered":"<p>DYN-O-LOC\u00ae, ACCESSOIRES ET MACHINE D&rsquo;INSERTION Dyn-O-Loc\u00ae Les tirants peuvent \u00eatre utilis\u00e9s pour supporter des conduits de plus de 48&Prime;. Les Dyn-O-Locs s&rsquo;ins\u00e8rent dans les extr\u00e9mit\u00e9s des tirants creux pour fournir un moyen de fixer les tirants au conduit. Disponibles pour les tiges de 1\/2&Prime; et 3\/4&Prime; de diam\u00e8tre int\u00e9rieur, ils s&rsquo;ins\u00e8rent facilement et ont \u00e9t\u00e9 &hellip;<\/p>\n","protected":false},"author":7,"featured_media":0,"parent":7603,"menu_order":0,"comment_status":"closed","ping_status":"closed","template":"","meta":{"_acf_changed":false,"footnotes":""},"acf":[],"_links":{"self":[{"href":"https:\/\/www.durodynecanada.com\/fr\/wp-json\/wp\/v2\/pages\/7432"}],"collection":[{"href":"https:\/\/www.durodynecanada.com\/fr\/wp-json\/wp\/v2\/pages"}],"about":[{"href":"https:\/\/www.durodynecanada.com\/fr\/wp-json\/wp\/v2\/types\/page"}],"author":[{"embeddable":true,"href":"https:\/\/www.durodynecanada.com\/fr\/wp-json\/wp\/v2\/users\/7"}],"replies":[{"embeddable":true,"href":"https:\/\/www.durodynecanada.com\/fr\/wp-json\/wp\/v2\/comments?post=7432"}],"version-history":[{"count":4,"href":"https:\/\/www.durodynecanada.com\/fr\/wp-json\/wp\/v2\/pages\/7432\/revisions"}],"predecessor-version":[{"id":8318,"href":"https:\/\/www.durodynecanada.com\/fr\/wp-json\/wp\/v2\/pages\/7432\/revisions\/8318"}],"up":[{"embeddable":true,"href":"https:\/\/www.durodynecanada.com\/fr\/wp-json\/wp\/v2\/pages\/7603"}],"wp:attachment":[{"href":"https:\/\/www.durodynecanada.com\/fr\/wp-json\/wp\/v2\/media?parent=7432"}],"curies":[{"name":"wp","href":"https:\/\/api.w.org\/{rel}","templated":true}]}}