{"id":7422,"date":"2019-05-16T12:09:39","date_gmt":"2019-05-16T16:09:39","guid":{"rendered":"https:\/\/www.durodynecanada.com\/products\/duct-wrap\/"},"modified":"2022-06-16T15:27:15","modified_gmt":"2022-06-16T19:27:15","slug":"enveloppe-pour-conduits","status":"publish","type":"page","link":"https:\/\/www.durodynecanada.com\/fr\/nos-produits\/enveloppe-pour-conduits\/","title":{"rendered":"Enveloppe pour conduits"},"content":{"rendered":"<h1>Enveloppe pour conduits<\/h1>\n<h2>DYN-O-WRAP<\/h2>\n<p><strong>Dyn-O-Wrap<\/strong> est un film auto-adh\u00e9sif qui permet de prot\u00e9ger les sections de gaines non install\u00e9es contre l&rsquo;intrusion de contaminants.<\/p>\n<ul>\n<li>40% plus \u00e9pais que la plupart des autres films d&#8217;emballage de gaines<\/li>\n<li>Durable et r\u00e9sistant aux perforations<\/li>\n<li>Surface int\u00e9rieure auto-adh\u00e9sive<\/li>\n<li>Excellente adh\u00e9rence aux conduits<\/li>\n<li>Facile \u00e0 enlever sans laisser de r\u00e9sidus<\/li>\n<li>Enti\u00e8rement Recyclable<\/li>\n<li>Tint\u00e9 en bleu pour une meilleure visibilit\u00e9<\/li>\n<\/ul>\n<p><strong>Dyn-O-Wrap<\/strong> est disponible en rouleaux de 24\u00a0\u00bb, 36\u00a0\u00bb et 48\u00a0\u00bb. Chaque rouleau a une longueur de 200 pieds. Les styles comprennent le <strong>Dyn-O-Wrap ordinaire (DW)<\/strong> de 3 mm d&rsquo;\u00e9paisseur et le<strong> Dyn-O-Wrap r\u00e9sistant aux perforations (PRW)<\/strong> de 2 mm d&rsquo;\u00e9paisseur.<\/p>\n<p><img loading=\"lazy\" decoding=\"async\" class=\"alignnone wp-image-6311\" src=\"https:\/\/www.durodynecanada.com\/wp-content\/uploads\/D-MATE_Pics\/dynowrap_dw_prw1-300x255.jpg\" alt=\"Dyn-O-Wrap DW and PRW\" width=\"218\" height=\"185\" srcset=\"https:\/\/www.durodynecanada.com\/wp-content\/uploads\/D-MATE_Pics\/dynowrap_dw_prw1-300x255.jpg 300w, https:\/\/www.durodynecanada.com\/wp-content\/uploads\/D-MATE_Pics\/dynowrap_dw_prw1-600x509.jpg 600w, https:\/\/www.durodynecanada.com\/wp-content\/uploads\/D-MATE_Pics\/dynowrap_dw_prw1-768x652.jpg 768w, https:\/\/www.durodynecanada.com\/wp-content\/uploads\/D-MATE_Pics\/dynowrap_dw_prw1-540x458.jpg 540w, https:\/\/www.durodynecanada.com\/wp-content\/uploads\/D-MATE_Pics\/dynowrap_dw_prw1.jpg 800w\" sizes=\"(max-width: 218px) 100vw, 218px\" \/><img loading=\"lazy\" decoding=\"async\" class=\"alignnone wp-image-6310\" src=\"https:\/\/www.durodynecanada.com\/wp-content\/uploads\/D-MATE_Pics\/dynowrap_on_duct-300x208.png\" alt=\"Dyn-O-Wrap on duct\" width=\"245\" height=\"170\" srcset=\"https:\/\/www.durodynecanada.com\/wp-content\/uploads\/D-MATE_Pics\/dynowrap_on_duct-300x208.png 300w, https:\/\/www.durodynecanada.com\/wp-content\/uploads\/D-MATE_Pics\/dynowrap_on_duct-600x416.png 600w, https:\/\/www.durodynecanada.com\/wp-content\/uploads\/D-MATE_Pics\/dynowrap_on_duct-540x375.png 540w, https:\/\/www.durodynecanada.com\/wp-content\/uploads\/D-MATE_Pics\/dynowrap_on_duct-100x70.png 100w, https:\/\/www.durodynecanada.com\/wp-content\/uploads\/D-MATE_Pics\/dynowrap_on_duct.png 650w\" sizes=\"(max-width: 245px) 100vw, 245px\" \/><\/p>\n<p><a href=\"https:\/\/www.durodynecanada.com\/wp-content\/uploads\/D-MATE_Pdf\/dynowrap_litsheet_ddc1.pdf\">Dyn-O-Wrap Literature Sheet<\/a><\/p>\n<p><a href=\"https:\/\/www.durodynecanada.com\/wp-content\/uploads\/D-MATE_Pdf\/dynowrap_submittal_ddc.pdf\">Dyn-O-Wrap Submittal<\/a><\/p>\n","protected":false},"excerpt":{"rendered":"<p>Enveloppe pour conduits DYN-O-WRAP Dyn-O-Wrap est un film auto-adh\u00e9sif qui permet de prot\u00e9ger les sections de gaines non install\u00e9es contre l&rsquo;intrusion de contaminants. 40% plus \u00e9pais que la plupart des autres films d&#8217;emballage de gaines Durable et r\u00e9sistant aux perforations Surface int\u00e9rieure auto-adh\u00e9sive Excellente adh\u00e9rence aux conduits Facile \u00e0 enlever sans laisser de r\u00e9sidus Enti\u00e8rement &hellip;<\/p>\n","protected":false},"author":7,"featured_media":0,"parent":7603,"menu_order":0,"comment_status":"closed","ping_status":"closed","template":"","meta":{"_acf_changed":false,"footnotes":""},"acf":[],"_links":{"self":[{"href":"https:\/\/www.durodynecanada.com\/fr\/wp-json\/wp\/v2\/pages\/7422"}],"collection":[{"href":"https:\/\/www.durodynecanada.com\/fr\/wp-json\/wp\/v2\/pages"}],"about":[{"href":"https:\/\/www.durodynecanada.com\/fr\/wp-json\/wp\/v2\/types\/page"}],"author":[{"embeddable":true,"href":"https:\/\/www.durodynecanada.com\/fr\/wp-json\/wp\/v2\/users\/7"}],"replies":[{"embeddable":true,"href":"https:\/\/www.durodynecanada.com\/fr\/wp-json\/wp\/v2\/comments?post=7422"}],"version-history":[{"count":6,"href":"https:\/\/www.durodynecanada.com\/fr\/wp-json\/wp\/v2\/pages\/7422\/revisions"}],"predecessor-version":[{"id":8320,"href":"https:\/\/www.durodynecanada.com\/fr\/wp-json\/wp\/v2\/pages\/7422\/revisions\/8320"}],"up":[{"embeddable":true,"href":"https:\/\/www.durodynecanada.com\/fr\/wp-json\/wp\/v2\/pages\/7603"}],"wp:attachment":[{"href":"https:\/\/www.durodynecanada.com\/fr\/wp-json\/wp\/v2\/media?parent=7422"}],"curies":[{"name":"wp","href":"https:\/\/api.w.org\/{rel}","templated":true}]}}