{"id":7389,"date":"2019-03-19T15:09:44","date_gmt":"2019-03-19T19:09:44","guid":{"rendered":"https:\/\/www.durodynecanada.com\/products\/drill-bits\/"},"modified":"2022-10-12T14:34:28","modified_gmt":"2022-10-12T18:34:28","slug":"forets","status":"publish","type":"page","link":"https:\/\/www.durodynecanada.com\/fr\/nos-produits\/forets\/","title":{"rendered":"Forets"},"content":{"rendered":"<h1>FORETS<\/h1>\n<p>Forets en \u00ab\u00a0Super T\u00a0\u00bb forg\u00e9s et lamin\u00e9s \u00e0 chaud<\/p>\n<p><strong>\u21d2Coupe rapide &#8211; D\u00e9marrage rapide<br \/>\n<\/strong>La pointe fendue \u00e0 135\u00b0 commence le trou \u00e0 l&rsquo;endroit o\u00f9 vous la placez. La perceuse ne \u00ab\u00a0marche\u00a0\u00bb pas, n&rsquo;entache pas le m\u00e9tal et ne perd pas de temps.<\/p>\n<p><strong>\u21d2Longue dur\u00e9e de vie &#8211; Extra dur<br \/>\n<\/strong>L&rsquo;acier rapide sp\u00e9cialement tremp\u00e9 rend les forets \u00ab\u00a0Super T\u00a0\u00bb plus durs et plus r\u00e9sistants que les autres. Cette m\u00eame combinaison d&rsquo;acier et de traitement permet aux forets de r\u00e9sister au stress de la torsion.<\/p>\n<p><strong>\u21d2Toile lourde<\/strong><br \/>\nR\u00e9duit la casse La Toile est la partie en acier massif de la pointe \u00e0 la tige. Le \u00ab\u00a0Super T\u00a0\u00bb a une \u00e2me plus lourde que les embouts ordinaires. Cela signifie plus de flexibilit\u00e9, moins de casse.<img loading=\"lazy\" decoding=\"async\" class=\"size-full wp-image-6182 alignright\" src=\"https:\/\/www.durodynecanada.com\/wp-content\/uploads\/2019\/03\/td_drillbit.jpg\" alt=\"TD Drill Bit\" width=\"250\" height=\"36\"><\/p>\n<table width=\"100%\">\n<tbody>\n<tr>\n<td style=\"text-align: center;\" colspan=\"6\"><strong>FORETS \u00ab\u00a0SUPER T\u00a0\u00bb<\/strong><\/td>\n<\/tr>\n<tr>\n<td style=\"text-align: center;\"><strong>Item No.<\/strong><\/td>\n<td style=\"text-align: center;\"><strong>Code<\/strong><\/td>\n<td style=\"text-align: center;\"><strong>Taille<\/strong><\/td>\n<td style=\"text-align: center;\"><strong>Dia. mm<\/strong><\/td>\n<td style=\"text-align: center;\"><strong>Dia. pouces<\/strong><\/td>\n<td style=\"text-align: center;\"><strong>Qt\u00e9 par Pkg.<\/strong><\/td>\n<\/tr>\n<tr>\n<td style=\"text-align: center;\">24002<\/td>\n<td style=\"text-align: center;\">TD-7\/64<\/td>\n<td style=\"text-align: center;\">7\/64<\/td>\n<td style=\"text-align: center;\">2.778<\/td>\n<td style=\"text-align: center;\">.1093<\/td>\n<td style=\"text-align: center;\">10<\/td>\n<\/tr>\n<tr>\n<td style=\"text-align: center;\">24004<\/td>\n<td style=\"text-align: center;\">TD-1\/8<\/td>\n<td style=\"text-align: center;\">1\/8<\/td>\n<td style=\"text-align: center;\">3.175<\/td>\n<td style=\"text-align: center;\">.1250<\/td>\n<td style=\"text-align: center;\">10<\/td>\n<\/tr>\n<tr>\n<td style=\"text-align: center;\">24005<\/td>\n<td style=\"text-align: center;\">TD-30 *<\/td>\n<td style=\"text-align: center;\">#30<\/td>\n<td style=\"text-align: center;\">3.264<\/td>\n<td style=\"text-align: center;\">.1285<\/td>\n<td style=\"text-align: center;\">10<\/td>\n<\/tr>\n<tr>\n<td style=\"text-align: center;\">24006<\/td>\n<td style=\"text-align: center;\">TD-9\/64<\/td>\n<td style=\"text-align: center;\">9\/64<\/td>\n<td style=\"text-align: center;\">3.572<\/td>\n<td style=\"text-align: center;\">.1405<\/td>\n<td style=\"text-align: center;\">10<\/td>\n<\/tr>\n<tr>\n<td style=\"text-align: center;\">24008<\/td>\n<td style=\"text-align: center;\">TD-20 *<\/td>\n<td style=\"text-align: center;\">#20<\/td>\n<td style=\"text-align: center;\">4.089<\/td>\n<td style=\"text-align: center;\">.1610<\/td>\n<td style=\"text-align: center;\">10<\/td>\n<\/tr>\n<tr>\n<td style=\"text-align: center;\">24009<\/td>\n<td style=\"text-align: center;\">TD-11\/64<\/td>\n<td style=\"text-align: center;\">11\/64<\/td>\n<td style=\"text-align: center;\">4.366<\/td>\n<td style=\"text-align: center;\">.1719<\/td>\n<td style=\"text-align: center;\">10<\/td>\n<\/tr>\n<tr>\n<td style=\"text-align: center;\">24010<\/td>\n<td style=\"text-align: center;\">TD-3\/16<\/td>\n<td style=\"text-align: center;\">3\/16<\/td>\n<td style=\"text-align: center;\">4.762<\/td>\n<td style=\"text-align: center;\">.1875<\/td>\n<td style=\"text-align: center;\">10<\/td>\n<\/tr>\n<tr>\n<td style=\"text-align: center;\">24012<\/td>\n<td style=\"text-align: center;\">TD-7\/32<\/td>\n<td style=\"text-align: center;\">7\/32<\/td>\n<td style=\"text-align: center;\">5.556<\/td>\n<td style=\"text-align: center;\">.2187<\/td>\n<td style=\"text-align: center;\">10<\/td>\n<\/tr>\n<tr>\n<td style=\"text-align: center;\">24013<\/td>\n<td style=\"text-align: center;\">TD-1\/4<\/td>\n<td style=\"text-align: center;\">1\/4<\/td>\n<td style=\"text-align: center;\">6.350<\/td>\n<td style=\"text-align: center;\">.2500<\/td>\n<td style=\"text-align: center;\">10<\/td>\n<\/tr>\n<tr>\n<td style=\"text-align: center;\">24014<\/td>\n<td style=\"text-align: center;\">TD-9\/32<\/td>\n<td style=\"text-align: center;\">9\/32<\/td>\n<td style=\"text-align: center;\">7.144<\/td>\n<td style=\"text-align: center;\">.2811<\/td>\n<td style=\"text-align: center;\">10<\/td>\n<\/tr>\n<\/tbody>\n<\/table>\n<p>*Lorsque vous percez les trous pour les rivets aveugles, utilisez la r\u00e9f\u00e9rence 41 pour la s\u00e9rie 30, la r\u00e9f\u00e9rence 30 pour la s\u00e9rie 40, la r\u00e9f\u00e9rence 20 pour la s\u00e9rie 50 et la r\u00e9f\u00e9rence 11 pour la s\u00e9rie 60.<br \/>\n<img loading=\"lazy\" decoding=\"async\" class=\"size-full wp-image-6183 alignright\" src=\"https:\/\/www.durodynecanada.com\/wp-content\/uploads\/2019\/03\/ted_drillbit.jpg\" alt=\"TED Drill Bit\" width=\"250\" height=\"31\"><\/p>\n<table width=\"100%\">\n<tbody>\n<tr>\n<td style=\"text-align: center;\" colspan=\"6\"><strong>FORETS \u00c0 DEUX BOUTS<\/strong><\/td>\n<\/tr>\n<tr>\n<td style=\"text-align: center;\"><strong>Item No.<\/strong><\/td>\n<td style=\"text-align: center;\"><strong>Code<\/strong><\/td>\n<td style=\"text-align: center;\"><strong>Taille<\/strong><\/td>\n<td style=\"text-align: center;\"><strong>Dia. mm<\/strong><\/td>\n<td style=\"text-align: center;\"><strong>Dia. pouces<\/strong><\/td>\n<td style=\"text-align: center;\"><strong>Qt\u00e9 par Pkg.<\/strong><\/td>\n<\/tr>\n<tr>\n<td style=\"text-align: center;\">24015<\/td>\n<td style=\"text-align: center;\">TED-1\/8<\/td>\n<td style=\"text-align: center;\">1\/8<\/td>\n<td style=\"text-align: center;\">3.175<\/td>\n<td style=\"text-align: center;\">.1250<\/td>\n<td style=\"text-align: center;\">10<\/td>\n<\/tr>\n<tr>\n<td style=\"text-align: center;\">24016<\/td>\n<td style=\"text-align: center;\">TED-30<\/td>\n<td style=\"text-align: center;\">#30<\/td>\n<td style=\"text-align: center;\">3.264<\/td>\n<td style=\"text-align: center;\">.1285<\/td>\n<td style=\"text-align: center;\">10<\/td>\n<\/tr>\n<\/tbody>\n<\/table>\n","protected":false},"excerpt":{"rendered":"<p>FORETS Forets en \u00ab\u00a0Super T\u00a0\u00bb forg\u00e9s et lamin\u00e9s \u00e0 chaud \u21d2Coupe rapide &#8211; D\u00e9marrage rapide La pointe fendue \u00e0 135\u00b0 commence le trou \u00e0 l&rsquo;endroit o\u00f9 vous la placez. La perceuse ne \u00ab\u00a0marche\u00a0\u00bb pas, n&rsquo;entache pas le m\u00e9tal et ne perd pas de temps. \u21d2Longue dur\u00e9e de vie &#8211; Extra dur L&rsquo;acier rapide sp\u00e9cialement tremp\u00e9 &hellip;<\/p>\n","protected":false},"author":7,"featured_media":0,"parent":7603,"menu_order":0,"comment_status":"closed","ping_status":"closed","template":"","meta":{"_acf_changed":false,"footnotes":""},"acf":[],"_links":{"self":[{"href":"https:\/\/www.durodynecanada.com\/fr\/wp-json\/wp\/v2\/pages\/7389"}],"collection":[{"href":"https:\/\/www.durodynecanada.com\/fr\/wp-json\/wp\/v2\/pages"}],"about":[{"href":"https:\/\/www.durodynecanada.com\/fr\/wp-json\/wp\/v2\/types\/page"}],"author":[{"embeddable":true,"href":"https:\/\/www.durodynecanada.com\/fr\/wp-json\/wp\/v2\/users\/7"}],"replies":[{"embeddable":true,"href":"https:\/\/www.durodynecanada.com\/fr\/wp-json\/wp\/v2\/comments?post=7389"}],"version-history":[{"count":17,"href":"https:\/\/www.durodynecanada.com\/fr\/wp-json\/wp\/v2\/pages\/7389\/revisions"}],"predecessor-version":[{"id":8699,"href":"https:\/\/www.durodynecanada.com\/fr\/wp-json\/wp\/v2\/pages\/7389\/revisions\/8699"}],"up":[{"embeddable":true,"href":"https:\/\/www.durodynecanada.com\/fr\/wp-json\/wp\/v2\/pages\/7603"}],"wp:attachment":[{"href":"https:\/\/www.durodynecanada.com\/fr\/wp-json\/wp\/v2\/media?parent=7389"}],"curies":[{"name":"wp","href":"https:\/\/api.w.org\/{rel}","templated":true}]}}