{"id":7382,"date":"2019-06-18T15:22:49","date_gmt":"2019-06-18T19:22:49","guid":{"rendered":"https:\/\/www.durodynecanada.com\/products\/discontinued-machinery\/"},"modified":"2022-06-16T15:33:30","modified_gmt":"2022-06-16T19:33:30","slug":"machines-discontinuees","status":"publish","type":"page","link":"https:\/\/www.durodynecanada.com\/fr\/nos-produits\/machines-discontinuees\/","title":{"rendered":"Machines discontinu\u00e9es"},"content":{"rendered":"<h1>DISCONTINUED PINSPOTTERS AND<br \/>\nINSULATION CUTTERS<\/h1>\n<h2>Discontinued Pinspotters<\/h2>\n<h3>LF-1000LN Pinspotter 110V<\/h3>\n<p>Le LF-1000LN Pinspotter est un appareil portable qui permet de souder des goupilles de style PN de calibre 14 sur de l&rsquo;acier de calibre 22 maximum. Ins\u00e9rez la goupille PN dans l&#8217;embout magn\u00e9tique TP-2 et appuyez sur la g\u00e2chette. Une d\u00e9charge \u00e9lectrique minut\u00e9e fusionne la goupille avec l&rsquo;acier. Le LF peut \u00e9galement souder des goupilles de type LN \u00e0 l&rsquo;aide d&rsquo;un embout TPL-2. La pointe est achet\u00e9e s\u00e9par\u00e9ment. Disponible en 110V 50 \u00e0 60hz ; fusible pour 15 amp\u00e8res.<\/p>\n<p><strong>27003 LF-1000LN Hand Held Pinspotter 110V &#8211; Discontinu\u00e9, pas de remplacement<\/strong><br \/>\n<strong>27004 LF-2000LN Hand Held Pinspotter 220V &#8211; Discontinu\u00e9, pas de remplacement<\/strong><\/p>\n<p><img loading=\"lazy\" decoding=\"async\" class=\"alignnone size-full wp-image-5955\" src=\"https:\/\/www.durodynecanada.com\/wp-content\/uploads\/2018\/11\/lf1000ln.jpg\" alt=\"LF-1000LN 110V Pinspotter\" width=\"295\" height=\"162\"><\/p>\n<p><a href=\"https:\/\/www.durodynecanada.com\/wp-content\/uploads\/2018\/11\/lf1000ln_litsheet1.pdf\">LF-1000LN Literature Sheet<\/a><\/p>\n<p><a href=\"https:\/\/www.durodynecanada.com\/wp-content\/uploads\/2018\/11\/lf1000ln_parts.pdf\">LF-1000LN Parts List<\/a><\/p>\n<h3>MF-12 Compact Pinspotter<\/h3>\n<p>Le MF de Duro Dyne a \u00e9t\u00e9 la norme pour les soudeuses d&rsquo;entr\u00e9e de gamme \u00e0 \u00a0\u00bb travers l&rsquo;isolation \u00a0\u00bb pendant plus de 30 ans. Ses performances \u00e9prouv\u00e9es et sa grande fiabilit\u00e9 ont fait de la MF un outil indispensable pour tout atelier de t\u00f4lerie effectuant occasionnellement des travaux d&rsquo;isolation.<\/p>\n<p>Le MF-12 s&rsquo;est appuy\u00e9 sur cette histoire pour cr\u00e9er une nouvelle pince \u00e0 souder plus puissante et plus polyvalente. Des transformateurs de soudage de conception sp\u00e9ciale permettent au MF-12 de d\u00e9livrer une plus grande puissance, pr\u00e9cis\u00e9ment synchronis\u00e9e avec la pointe de soudage. Le nouveau MF-12 permet de souder des goupilles d&rsquo;une longueur de 1\/2 pouce \u00e0 2 pouces sur de l&rsquo;acier de calibre 26 \u00e0 20. Le circuit de commande de soudage \u00e0 semi-conducteurs \u00e9prouv\u00e9 garantit des ann\u00e9es de service fiable et sans probl\u00e8me dans votre atelier. Tension d&rsquo;entr\u00e9e : 208-230V, 60hz monophas\u00e9, service de 30 amp\u00e8res.<\/p>\n<p><strong>27115 MF-12 Compact Pinspotter &#8211; Discontinu\u00e9.<\/strong><\/p>\n<p><img loading=\"lazy\" decoding=\"async\" class=\"alignnone size-full wp-image-6420\" src=\"https:\/\/www.durodynecanada.com\/wp-content\/uploads\/2018\/11\/mf12.jpg\" alt=\"MF12 Compact Pinspotter\" width=\"295\" height=\"162\"><\/p>\n<p><a href=\"https:\/\/www.durodynecanada.com\/wp-content\/uploads\/2018\/11\/mf12_litsheet.pdf\">MF-12 Literature Sheet<\/a><\/p>\n<p><a href=\"https:\/\/www.durodynecanada.com\/wp-content\/uploads\/2018\/11\/mf12_manual.pdf\">MF-12 Manual<\/a><\/p>\n<h2>CCD110 Compact Pinspotter<\/h2>\n<p>La CCD110, soudeuse par d\u00e9charge de condensateur, est con\u00e7ue pour la commodit\u00e9 et le confort de l&rsquo;op\u00e9rateur. Elle est aliment\u00e9e par une source de courant de 110 volts et est donc id\u00e9ale pour les petits ateliers et les applications industrielles l\u00e9g\u00e8res. Elle permet de souder des goupilles de 1\/2&Prime; \u00e0 4&Prime; de long sur de l&rsquo;acier de calibre 26 \u00e0 20. Sa portabilit\u00e9 sur le chantier, renforc\u00e9e par sa bandouli\u00e8re r\u00e9glable, fait de la CCD110 un choix judicieux pour les applications d&rsquo;isolation. La CCD110 peut \u00e9galement souder des goujons jusqu&rsquo;\u00e0 1\/4&Prime; en acier et en acier inoxydable pour une plus grande polyvalence.<\/p>\n<p><strong>27120 CCD110 Capacitor Discharge Pinspotter.<\/strong><\/p>\n<p style=\"text-align: right;\"><img loading=\"lazy\" decoding=\"async\" class=\"size-medium wp-image-5941 alignleft\" src=\"https:\/\/www.durodynecanada.com\/wp-content\/uploads\/2018\/11\/ccd110-300x241.jpg\" alt=\"CCD110 Capacitor Discharge Pinspotter\" width=\"300\" height=\"241\" srcset=\"https:\/\/www.durodynecanada.com\/wp-content\/uploads\/2018\/11\/ccd110-300x241.jpg 300w, https:\/\/www.durodynecanada.com\/wp-content\/uploads\/2018\/11\/ccd110.jpg 353w\" sizes=\"(max-width: 300px) 100vw, 300px\" \/><\/p>\n<h3><\/h3>\n<p><a href=\"https:\/\/www.durodynecanada.com\/wp-content\/uploads\/2018\/11\/ccd110_litsheet.pdf\">CCD110 Literature Sheet<\/a><br \/>\n<a href=\"https:\/\/www.durodynecanada.com\/wp-content\/uploads\/2018\/11\/ccd110_manual.pdf\"><br \/>\nCCD110 Manual<\/a><\/p>\n<h3>CDMF110 Compact Pinspotter<\/h3>\n<p>Le CDMF110 de Duro Dyne, une \u00e9pingleuse compacte plus puissante et polyvalente, aliment\u00e9e par une seule source de courant de 110 volts ! Des condensateurs de soudage de conception sp\u00e9ciale permettent au CDMF110 de d\u00e9livrer plus de puissance, pr\u00e9cis\u00e9ment synchronis\u00e9e avec la pointe de soudage. La CDMF110 permet de souder des goupilles de 1\/2 pouce \u00e0 4 pouces de long sur de l&rsquo;acier de calibre 26 \u00e0 16. Elle est con\u00e7ue pour \u00eatre utilis\u00e9e avec des gaines internes et des gaines externes recouvertes d&rsquo;une feuille d&rsquo;aluminium. Le circuit de commande de soudage \u00e0 semi-conducteurs \u00e9prouv\u00e9 garantit des ann\u00e9es de service fiable et sans probl\u00e8me dans votre atelier.<\/p>\n<p><strong>27119 CDMF110 Compact Pinspotter &#8211; Discontinu\u00e9<\/strong><\/p>\n<p><img loading=\"lazy\" decoding=\"async\" class=\"alignnone size-full wp-image-6422\" src=\"https:\/\/www.durodynecanada.com\/wp-content\/uploads\/2018\/11\/cdmf110.jpg\" alt=\"CDMF110 Compact Pinspotter\" width=\"295\" height=\"162\"><\/p>\n<p><a href=\"https:\/\/www.durodynecanada.com\/wp-content\/uploads\/2018\/11\/cdmf110_litsheet.pdf\">CDMF110 Literature Sheet<\/a><\/p>\n<p><a href=\"https:\/\/www.durodynecanada.com\/wp-content\/uploads\/2018\/11\/cdmf110_manual.pdf\">CDMF110 Manual<\/a><\/p>\n<h3>PBF-510 Heavy Duty Pinspotter<\/h3>\n<p>Le PBF-510 soude les attaches de type BDEP, CTC, SSP, CP, FTC, PN ou LN aux conduits de calibre 26 \u00e0 16. Elle peut recevoir des goupilles jusqu&rsquo;\u00e0 4&Prime;. Elle requiert un service de 220 volts, 50 \u00e0 60 hz, avec un fusible de 100 amp\u00e8res. Placez une \u00e9pingle sur la pointe magn\u00e9tique, ins\u00e9rez l&rsquo;\u00e9pingle \u00e0 travers l&rsquo;isolation, donnez \u00e0 l&rsquo;\u00e9pingle un quart de tour et appuyez sur l&rsquo;interrupteur \u00e0 g\u00e2chette. Pour les fixations de type LN, utilisez une pointe TPL2. Pour les fixations de type PN, utilisez une pointe TP2.<\/p>\n<p><strong>27372 PBF-510 Heavy Duty Pinspotter &#8211; Discontinued<\/strong><\/p>\n<p><img loading=\"lazy\" decoding=\"async\" class=\"alignnone size-full wp-image-6436\" src=\"https:\/\/www.durodynecanada.com\/wp-content\/uploads\/2018\/11\/pbf510.jpg\" alt=\"PBF-510 Pinspotter\" width=\"250\" height=\"285\"><\/p>\n<p><a href=\"https:\/\/www.durodynecanada.com\/wp-content\/uploads\/2018\/11\/pbf510_litsheet.pdf\">PBF-510 Pinspotter Literature Sheet<\/a><\/p>\n<p><a href=\"https:\/\/www.durodynecanada.com\/wp-content\/uploads\/2018\/11\/pbf510_manual.pdf\">PBF-510 Manual<\/a><\/p>\n<h3>FG MACH I &amp; IIA Automatic Bulk Feed Pinspotter<br \/>\nwith 5FT Throat<\/h3>\n<p>Les FG MACH I et FG MACH IIA soudent les fixations de type BDEP, CTC, SSP, CP et FTC. La FG MACH I peut souder des gaines jusqu&rsquo;au calibre 20. Elle n\u00e9cessite une alimentation de 220 V, 50 \u00e0 60 Hz, avec un fusible de 30 amp\u00e8res. Le FG MACH IIA peut souder des gaines jusqu&rsquo;\u00e0 un calibre de 18. Elle n\u00e9cessite une alimentation de 220 V, 50 \u00e0 60 Hz, avec un fusible de 100 amp\u00e8res. Une source d&rsquo;air de 85 psi est n\u00e9cessaire pour les deux. Actionn\u00e9es par un interrupteur \u00e0 p\u00e9dale, les attaches sont ins\u00e9r\u00e9es \u00e0 travers l&rsquo;isolation et soud\u00e9es en place.<\/p>\n<p><strong>18001 FG MACH I Automatic Bulk Feed Pinspotter &#8211; Discontinu\u00e9<\/strong><\/p>\n<p><strong>18003 FG MACH IIA Automatic Bulk Feed Pinspotter &#8211; Discontinu\u00e9<\/strong><\/p>\n<p><img loading=\"lazy\" decoding=\"async\" class=\"alignnone size-full wp-image-6438\" src=\"https:\/\/www.durodynecanada.com\/wp-content\/uploads\/2018\/11\/fgmachI_IIA_crp.jpg\" alt=\"FG MACH I IIA crp\" width=\"250\" height=\"255\"><\/p>\n<p><a href=\"https:\/\/www.durodynecanada.com\/wp-content\/uploads\/2018\/11\/fgmachI_IIA_litsheet.pdf\">FG MACH I &amp; IIA Literature Sheet<\/a><\/p>\n<p><a href=\"https:\/\/www.durodynecanada.com\/wp-content\/uploads\/2018\/11\/fgmachI_IIA_manual.pdf\">FG MACH I &amp; IIA Manual<\/a><\/p>\n<h3>RH MACH III Rolling Head Automatic Pinspotter<\/h3>\n<p>Le RH MACH III soude des attaches de type BDEP, SSP, CP et FTC sur des gaines jusqu&rsquo;\u00e0 18 gauge. Elle n\u00e9cessite un service de 220v, 50 \u00e0 60hz, avec un fusible de 100 amp\u00e8res. Une source d&rsquo;air de 85 psi est n\u00e9cessaire. Positionnez une attache sur l&rsquo;isolation et appuyez sur l&rsquo;interrupteur \u00e0 g\u00e2chette. La machine ins\u00e8re l&rsquo;attache \u00e0 travers l&rsquo;isolation et la soude \u00e0 l&rsquo;acier.<\/p>\n<p><strong>18005 RH MACH III Rolling Head Automatic Pinspotter<\/strong><\/p>\n<p><img loading=\"lazy\" decoding=\"async\" class=\"wp-image-5965 alignleft\" src=\"https:\/\/www.durodynecanada.com\/wp-content\/uploads\/2018\/11\/rhmach3.jpg\" alt=\"RH MACH III Rolling Head Automatic Pinspotter\" width=\"350\" height=\"192\"><\/p>\n<p style=\"text-align: right;\"><a href=\"https:\/\/www.durodynecanada.com\/wp-content\/uploads\/2018\/11\/rhmach3_litsheet.pdf\">RH MACH III Rolling Head Pinspotter<br \/>\nLiterature Sheet<\/a><br \/>\n<a href=\"https:\/\/www.durodynecanada.com\/wp-content\/uploads\/2018\/11\/rhmach3_manual_11_2019.pdf\">RH MACH III Rolling Head Pinspotter Manual<\/a><\/p>\n<h3><\/h3>\n<h3>RH MACH IIA Rolling Head Automatic Pinspotter<\/h3>\n<p>RH MACH IIA soude des attaches de type BDEP, CTC, SSP, CP et FTC sur des gaines jusqu&rsquo;\u00e0 18 gauge. Elle n\u00e9cessite un service de 220v, 50 \u00e0 60hz, avec un fusible de 100 amp\u00e8res. Une source d&rsquo;air de 85 psi est n\u00e9cessaire. Positionnez une attache sur l&rsquo;isolation et appuyez sur l&rsquo;interrupteur \u00e0 g\u00e2chette. La machine ins\u00e8re l&rsquo;attache \u00e0 travers l&rsquo;isolation et la soude \u00e0 l&rsquo;acier.<\/p>\n<p><strong>18011 RH MACH IIA Rolling Head Automatic Pinspotter &#8211; Discontinued<\/strong><\/p>\n<p><img loading=\"lazy\" decoding=\"async\" class=\"alignnone size-full wp-image-6434\" src=\"https:\/\/www.durodynecanada.com\/wp-content\/uploads\/2018\/11\/rhmachIIa.jpg\" alt=\"RH MACH IIA Rolling Head Pinspotter\" width=\"250\" height=\"253\" srcset=\"https:\/\/www.durodynecanada.com\/wp-content\/uploads\/2018\/11\/rhmachIIa.jpg 250w, https:\/\/www.durodynecanada.com\/wp-content\/uploads\/2018\/11\/rhmachIIa-100x100.jpg 100w, https:\/\/www.durodynecanada.com\/wp-content\/uploads\/2018\/11\/rhmachIIa-75x75.jpg 75w\" sizes=\"(max-width: 250px) 100vw, 250px\" \/><\/p>\n<p><a href=\"https:\/\/www.durodynecanada.com\/wp-content\/uploads\/2018\/11\/rhmachIIA_litsheet.pdf\">RH MACHIIA Literature Sheet<\/a><\/p>\n<p><a href=\"https:\/\/www.durodynecanada.com\/wp-content\/uploads\/2018\/11\/rhmachIIA_manual.pdf\">RH MACH IIA Manual<\/a><\/p>\n<hr>\n<hr>\n<h2>Discontinued Insulation Cutters<\/h2>\n<h3>LS-5 Liner Sizer Insulation Cutter<\/h3>\n<p>Le LS-5 Liner Sizer est un coupeur d&rsquo;isolant manuel qui coupe l&rsquo;isolant en fibre de verre en longueur et en largeur. L&rsquo;op\u00e9rateur alimente l&rsquo;isolant \u00e0 l&rsquo;aide d&rsquo;une manivelle jusqu&rsquo;\u00e0 la longueur souhait\u00e9e. Une lame de d\u00e9coupe r\u00e9glable coupe automatiquement \u00e0 la largeur souhait\u00e9e. L&rsquo;op\u00e9rateur tire ensuite la lame transversale \u00e0 travers la machine et retire l&rsquo;isolant calibr\u00e9. Le calibreur de gaine LS-5 est destin\u00e9 \u00e0 \u00eatre utilis\u00e9 avec des gaines de 1\/2&Prime; \u00e0 2&Prime;.<\/p>\n<p><strong>27075 LS-5 Liner Sizer &#8211; Discontinu\u00e9<\/strong><\/p>\n<p><img loading=\"lazy\" decoding=\"async\" class=\"alignnone size-full wp-image-6433\" src=\"https:\/\/www.durodynecanada.com\/wp-content\/uploads\/2018\/11\/ls5.jpg\" alt=\"LS-5 Liner Sizer\" width=\"250\" height=\"221\"><\/p>\n<p><a href=\"https:\/\/www.durodynecanada.com\/wp-content\/uploads\/2018\/11\/ls5_lsu_litsheet.pdf\">LS-5 Literature Sheet<\/a><\/p>\n<p><a href=\"https:\/\/www.durodynecanada.com\/wp-content\/uploads\/2018\/11\/ls5_manual.pdf\">LS-5 Manual<\/a><\/p>\n<h3>PLS Automatic Insulation Cutter<\/h3>\n<p>Depuis l&rsquo;introduction du mod\u00e8le LS de coupeur d&rsquo;isolant manuel, Duro Dyne a reconnu une demande croissante pour un coupeur d&rsquo;isolant automatique motoris\u00e9 qui r\u00e9sisterait \u00e0 un usage intensif en atelier sans sacrifier la qualit\u00e9 ou la pr\u00e9cision. Le mod\u00e8le PLS est le r\u00e9sultat d&rsquo;un programme de d\u00e9veloppement intensif visant \u00e0 fournir un coupeur d&rsquo;isolant automatique qui r\u00e9pondrait aux normes \u00e9lev\u00e9es exig\u00e9es par Duro Dyne ainsi qu&rsquo;\u00e0 la vitesse et \u00e0 l&rsquo;efficacit\u00e9 requises par les entrepreneurs.<\/p>\n<p><strong>39075 PLS Automatic Insulation Cutter (Flux de gauche \u00e0 droite) &#8211; Discontinu\u00e9<\/strong><\/p>\n<p><strong>39251 PLS Automatic Insulation Cutter (Flux de droite \u00e0 gauche) &#8211; Discontinu\u00e9<\/strong><\/p>\n<p><img loading=\"lazy\" decoding=\"async\" class=\"alignnone size-full wp-image-6428\" src=\"https:\/\/www.durodynecanada.com\/wp-content\/uploads\/2018\/11\/pls.jpg\" alt=\"PLS Automatic Insulation Cutter\" width=\"250\" height=\"273\"><\/p>\n<p><a href=\"https:\/\/www.durodynecanada.com\/wp-content\/uploads\/2018\/11\/pls_litsheet.pdf\">PLS Literature Sheet<\/a><\/p>\n<p><a href=\"https:\/\/www.durodynecanada.com\/wp-content\/uploads\/2018\/11\/pls_manual.pdf\">PLS Manual<\/a><\/p>\n","protected":false},"excerpt":{"rendered":"<p>DISCONTINUED PINSPOTTERS AND INSULATION CUTTERS Discontinued Pinspotters LF-1000LN Pinspotter 110V Le LF-1000LN Pinspotter est un appareil portable qui permet de souder des goupilles de style PN de calibre 14 sur de l&rsquo;acier de calibre 22 maximum. Ins\u00e9rez la goupille PN dans l&#8217;embout magn\u00e9tique TP-2 et appuyez sur la g\u00e2chette. Une d\u00e9charge \u00e9lectrique minut\u00e9e fusionne la &hellip;<\/p>\n","protected":false},"author":7,"featured_media":0,"parent":7603,"menu_order":0,"comment_status":"closed","ping_status":"closed","template":"","meta":{"_acf_changed":false,"footnotes":""},"acf":[],"_links":{"self":[{"href":"https:\/\/www.durodynecanada.com\/fr\/wp-json\/wp\/v2\/pages\/7382"}],"collection":[{"href":"https:\/\/www.durodynecanada.com\/fr\/wp-json\/wp\/v2\/pages"}],"about":[{"href":"https:\/\/www.durodynecanada.com\/fr\/wp-json\/wp\/v2\/types\/page"}],"author":[{"embeddable":true,"href":"https:\/\/www.durodynecanada.com\/fr\/wp-json\/wp\/v2\/users\/7"}],"replies":[{"embeddable":true,"href":"https:\/\/www.durodynecanada.com\/fr\/wp-json\/wp\/v2\/comments?post=7382"}],"version-history":[{"count":4,"href":"https:\/\/www.durodynecanada.com\/fr\/wp-json\/wp\/v2\/pages\/7382\/revisions"}],"predecessor-version":[{"id":8333,"href":"https:\/\/www.durodynecanada.com\/fr\/wp-json\/wp\/v2\/pages\/7382\/revisions\/8333"}],"up":[{"embeddable":true,"href":"https:\/\/www.durodynecanada.com\/fr\/wp-json\/wp\/v2\/pages\/7603"}],"wp:attachment":[{"href":"https:\/\/www.durodynecanada.com\/fr\/wp-json\/wp\/v2\/media?parent=7382"}],"curies":[{"name":"wp","href":"https:\/\/api.w.org\/{rel}","templated":true}]}}