{"id":7293,"date":"2019-06-13T11:55:04","date_gmt":"2019-06-13T15:55:04","guid":{"rendered":"https:\/\/www.durodynecanada.com\/products\/corners\/"},"modified":"2022-06-16T15:19:59","modified_gmt":"2022-06-16T19:19:59","slug":"angles","status":"publish","type":"page","link":"https:\/\/www.durodynecanada.com\/fr\/nos-produits\/angles\/","title":{"rendered":"Angles"},"content":{"rendered":"<h1>ANGLES<\/h1>\n<h2>EZ Connector<sup>\u00ae<br \/>\n<\/sup><\/h2>\n<p><img loading=\"lazy\" decoding=\"async\" class=\"alignnone wp-image-6445\" src=\"https:\/\/www.durodynecanada.com\/wp-content\/uploads\/D-MATE_Pics\/ez_connector_logo_1.jpg\" alt=\"EZ Connector Logo 1\" width=\"451\" height=\"169\" srcset=\"https:\/\/www.durodynecanada.com\/wp-content\/uploads\/D-MATE_Pics\/ez_connector_logo_1.jpg 500w, https:\/\/www.durodynecanada.com\/wp-content\/uploads\/D-MATE_Pics\/ez_connector_logo_1-300x112.jpg 300w\" sizes=\"(max-width: 451px) 100vw, 451px\" \/><\/p>\n<p><img loading=\"lazy\" decoding=\"async\" class=\"alignnone wp-image-6398\" src=\"https:\/\/www.durodynecanada.com\/wp-content\/uploads\/D-MATE_Pics\/ez_connector.jpg\" alt=\"EZ Connector\" width=\"451\" height=\"205\" srcset=\"https:\/\/www.durodynecanada.com\/wp-content\/uploads\/D-MATE_Pics\/ez_connector.jpg 396w, https:\/\/www.durodynecanada.com\/wp-content\/uploads\/D-MATE_Pics\/ez_connector-300x136.jpg 300w\" sizes=\"(max-width: 451px) 100vw, 451px\" \/><\/p>\n<p><strong>EZ CONNECTOR<\/strong> est un nouveau syst\u00e8me d&rsquo;angle brevet\u00e9 qui, pour la premi\u00e8re fois, permet \u00e0 l&rsquo;entrepreneur de r\u00e9aliser les joints de ses gaines \u00e0 l&rsquo;aide d&rsquo;un seul boulon de verrouillage ultra-rapide, en utilisant uniquement un tournevis \u00e0 chocs.<\/p>\n<ul>\n<li>Processus en une seule \u00e9tape<\/li>\n<li>Permet d&rsquo;\u00e9conomiser jusqu&rsquo;\u00e0 plus de 50 % du temps et des co\u00fbts d&rsquo;installation des joints de gaines.<\/li>\n<li>Coin brevet\u00e9 avec trou de verrouillage en \u00ab\u00a0goutte d&rsquo;eau\u00a0\u00bb et boulon brevet\u00e9 avec rondelle int\u00e9gr\u00e9e.<\/li>\n<li>La pointe de la vis auto-pilotante aligne facilement les coins, sans outils suppl\u00e9mentaires.<\/li>\n<li>Pas besoin de rondelles ou d&rsquo;\u00e9crous !<\/li>\n<li>Brevet en instance et brevets n\u00b0 6,810,570 ; et 8,172,280 et 8,474,881<\/li>\n<\/ul>\n<p><img loading=\"lazy\" decoding=\"async\" class=\"alignnone wp-image-6586 size-full\" src=\"https:\/\/www.durodynecanada.com\/wp-content\/uploads\/D-MATE_Pics\/ez_conn_components_102021.jpg\" alt=\"EZ Connector Components\" width=\"396\" height=\"180\" srcset=\"https:\/\/www.durodynecanada.com\/wp-content\/uploads\/D-MATE_Pics\/ez_conn_components_102021.jpg 396w, https:\/\/www.durodynecanada.com\/wp-content\/uploads\/D-MATE_Pics\/ez_conn_components_102021-300x136.jpg 300w\" sizes=\"(max-width: 396px) 100vw, 396px\" \/><\/p>\n<p><a href=\"https:\/\/www.durodynecanada.com\/wp-content\/uploads\/D-MATE_Pdf\/ez_connectorbrochure_101221.pdf\">EZ Connector Brochure<\/a><\/p>\n<p><a href=\"https:\/\/www.durodynecanada.com\/wp-content\/uploads\/D-MATE_Pdf\/ez_connectorlitsheet_101221.pdf\">EZ Connector Literature Sheet<\/a><\/p>\n<p><a href=\"https:\/\/www.durodynecanada.com\/wp-content\/uploads\/D-MATE_Pdf\/ez_connector_submittal101221.pdf\">EZ Connector Submittal<\/a><\/p>\n<h2>Speed Corners<\/h2>\n<p>Les Speed Corners sont dot\u00e9s d&rsquo;une pointe conique pour une insertion rapide et facile dans la bride, ce qui \u00e9limine le besoin d&rsquo;un marteau d&rsquo;\u00e9tameur. Ils sont fabriqu\u00e9s en acier de calibre 12. Convient pour une utilisation avec la bride J.<\/p>\n<ul>\n<li>Fabriqu\u00e9s en acier galvanis\u00e9 G 60 ou mieux de calibre 12, de fabrication am\u00e9ricaine.<\/li>\n<li>Des trous d&rsquo;alignement de taille oppos\u00e9e permettent d&rsquo;aligner la bride ou, en option, de r\u00e9aliser des connexions \u00e0 l&rsquo;aide d&rsquo;une vis ProPoint standard 10 3\/4.<\/li>\n<li>Speed Corner est disponible dans des m\u00e9taux sp\u00e9ciaux, appelez pour conna\u00eetre le prix.<\/li>\n<li>R\u00e9pond \u00e0 la classe de rigidit\u00e9 J de SMACNA lorsqu&rsquo;il est utilis\u00e9 avec la bride J de Dyn-O-Mate.<\/li>\n<\/ul>\n<p><img loading=\"lazy\" decoding=\"async\" class=\"alignnone wp-image-6212 size-full\" src=\"https:\/\/www.durodynecanada.com\/wp-content\/uploads\/D-MATE_Pics\/speedcorner.jpg\" alt=\"Speed Corner\" width=\"396\" height=\"180\" srcset=\"https:\/\/www.durodynecanada.com\/wp-content\/uploads\/D-MATE_Pics\/speedcorner.jpg 396w, https:\/\/www.durodynecanada.com\/wp-content\/uploads\/D-MATE_Pics\/speedcorner-300x136.jpg 300w\" sizes=\"(max-width: 396px) 100vw, 396px\" \/><\/p>\n<p><a href=\"https:\/\/www.durodynecanada.com\/wp-content\/uploads\/D-MATE_Pdf\/speedcorner_litsheet1272020.pdf\">Speed Corner Literature Sheet<\/a><\/p>\n<p><a href=\"https:\/\/www.durodynecanada.com\/wp-content\/uploads\/D-MATE_Pdf\/speedcorner_submittal.pdf\">Speed Corner Submittal<\/a><\/p>\n<h2>Quad Corners<\/h2>\n<p>Il existe de nombreuses brides diff\u00e9rentes utilis\u00e9es dans les \u00ab\u00a0syst\u00e8mes de connexion \u00e0 quatre boulons\u00a0\u00bb et chacune d&rsquo;entre elles poss\u00e8de un coin sp\u00e9cialement con\u00e7u pour \u00eatre utilis\u00e9 avec cette bride. Cela rend le stockage du mat\u00e9riel pour chaque syst\u00e8me compliqu\u00e9 et souvent d\u00e9routant. De plus, la conception physique de nombreux coins n\u00e9cessite souvent leur fabrication dans un acier de forte \u00e9paisseur. Le Dyn-O-Mate Quad Corner est un angle polyvalent qui peut \u00eatre utilis\u00e9 avec la bride Dyn-O-Mate J ainsi qu&rsquo;avec de nombreuses autres brides. La conception unique de ce coin permet d&rsquo;obtenir des performances semblables \u00e0 celles attendues d&rsquo;un calibre plus lourd, mais \u00e0 un co\u00fbt moindre.<\/p>\n<ul>\n<li>Compatible avec les brides Dyn-O-Mate\u2122 J, Ductmate\u2122 35, CL Ward\u2122 J, Ward Industries\u2122 J et Hardcast.<\/li>\n<li>Les coins quadruples sont fabriqu\u00e9s en acier de calibre 16, en aluminium ou en acier inoxydable.<\/li>\n<\/ul>\n<p><img loading=\"lazy\" decoding=\"async\" class=\"alignnone size-full wp-image-6213\" src=\"https:\/\/www.durodynecanada.com\/wp-content\/uploads\/D-MATE_Pics\/quadcorner.jpg\" alt=\"Quad Corner\" width=\"265\" height=\"180\" \/><\/p>\n<p><a href=\"https:\/\/www.durodynecanada.com\/wp-content\/uploads\/D-MATE_Pdf\/quadcorner_litsheet1272020.pdf\">Quad Corner Literature Sheet<\/a><\/p>\n<p><a href=\"https:\/\/www.durodynecanada.com\/wp-content\/uploads\/D-MATE_Pdf\/quadcorner_submittal_42021.pdf\">Quad Corner Submittal<\/a><\/p>\n<h2>DDJ et DDH Corners<\/h2>\n<ul>\n<li><strong>DDJ<\/strong> corners sont fabriqu\u00e9s en acier de calibre 12. \u00c0 utiliser avec la bride DOMJ.<\/li>\n<li><strong>DDH<\/strong> corners sont fabriqu\u00e9s en acier de calibre 12. A utiliser avec la bride DOMH.<\/li>\n<\/ul>\n<p><img loading=\"lazy\" decoding=\"async\" class=\"alignnone wp-image-6214 size-full\" src=\"https:\/\/www.durodynecanada.com\/wp-content\/uploads\/D-MATE_Pics\/ddj_ddh_corner.jpg\" alt=\"DDJ and DDH Corner\" width=\"317\" height=\"154\" srcset=\"https:\/\/www.durodynecanada.com\/wp-content\/uploads\/D-MATE_Pics\/ddj_ddh_corner.jpg 317w, https:\/\/www.durodynecanada.com\/wp-content\/uploads\/D-MATE_Pics\/ddj_ddh_corner-300x146.jpg 300w\" sizes=\"(max-width: 317px) 100vw, 317px\" \/><\/p>\n<p><a href=\"https:\/\/www.durodynecanada.com\/wp-content\/uploads\/D-MATE_Pdf\/ddj_corner_litsheet.pdf\">DDJ Corner Literature Sheet<\/a><\/p>\n<p><a href=\"https:\/\/www.durodynecanada.com\/wp-content\/uploads\/D-MATE_Pdf\/ddh_corner_litsheet.pdf\">DDH Corner Literature Sheet<\/a><\/p>\n<p><a href=\"https:\/\/www.durodynecanada.com\/wp-content\/uploads\/D-MATE_Pdf\/speedcorner_submittal.pdf\">DDJ et DDH Corner Submittal<\/a><\/p>\n<h2>TDC et TDF Corners<\/h2>\n<ul>\n<li><strong>TDC<\/strong> (DOMC) et <strong>TDF<\/strong> (DOMF)\u00a0coins sont fabriqu\u00e9s en acier de calibre 16.<\/li>\n<\/ul>\n<p><img loading=\"lazy\" decoding=\"async\" class=\"alignnone wp-image-6215 size-full\" src=\"https:\/\/www.durodynecanada.com\/wp-content\/uploads\/D-MATE_Pics\/tdc_tdf_corner.jpg\" alt=\"TDC and TDF Corner\" width=\"311\" height=\"154\" srcset=\"https:\/\/www.durodynecanada.com\/wp-content\/uploads\/D-MATE_Pics\/tdc_tdf_corner.jpg 311w, https:\/\/www.durodynecanada.com\/wp-content\/uploads\/D-MATE_Pics\/tdc_tdf_corner-300x149.jpg 300w\" sizes=\"(max-width: 311px) 100vw, 311px\" \/><\/p>\n<p><a href=\"https:\/\/www.durodynecanada.com\/wp-content\/uploads\/D-MATE_Pdf\/tdc_tdf_corner_litsheet.pdf\">TDC-TDF Corner Literature Sheet<\/a><\/p>\n<p><a href=\"https:\/\/www.durodynecanada.com\/wp-content\/uploads\/D-MATE_Pdf\/tdc_tdf_corner_submittal2020.pdf\">TDC-TDF Corner Submittal<\/a><\/p>\n<h2>TDC et TDF Stackable Corners<\/h2>\n<ul>\n<li><strong>TDC<\/strong> &amp; <strong>TDF<\/strong> Stackable Corners sont destin\u00e9s \u00e0 \u00eatre utilis\u00e9s dans les machines d&rsquo;insertion d&rsquo;angle et sont fabriqu\u00e9s en acier de calibre 16.<\/li>\n<li>Les \u00e9crous et les boulons sont vendus s\u00e9par\u00e9ment.<\/li>\n<\/ul>\n<p><img loading=\"lazy\" decoding=\"async\" class=\"alignnone wp-image-6216 size-full\" src=\"https:\/\/www.durodynecanada.com\/wp-content\/uploads\/D-MATE_Pics\/tdc_tdf_stackable_corner.jpg\" alt=\"TDC and TDF Stackable Corner\" width=\"314\" height=\"154\" srcset=\"https:\/\/www.durodynecanada.com\/wp-content\/uploads\/D-MATE_Pics\/tdc_tdf_stackable_corner.jpg 314w, https:\/\/www.durodynecanada.com\/wp-content\/uploads\/D-MATE_Pics\/tdc_tdf_stackable_corner-300x147.jpg 300w\" sizes=\"(max-width: 314px) 100vw, 314px\" \/><\/p>\n<p><a href=\"https:\/\/www.durodynecanada.com\/wp-content\/uploads\/D-MATE_Pdf\/tdc_tdf_corner_litsheet.pdf\">TDC-TDF Corner Literature Sheet<\/a><\/p>\n<p><a href=\"https:\/\/www.durodynecanada.com\/wp-content\/uploads\/D-MATE_Pdf\/tdcs_tdfs_stackable_corner_submittal070221.pdf\">TDCS-TDFS Stackable Corner Submittal<br \/>\n<\/a><\/p>\n","protected":false},"excerpt":{"rendered":"<p>ANGLES EZ Connector\u00ae EZ CONNECTOR est un nouveau syst\u00e8me d&rsquo;angle brevet\u00e9 qui, pour la premi\u00e8re fois, permet \u00e0 l&rsquo;entrepreneur de r\u00e9aliser les joints de ses gaines \u00e0 l&rsquo;aide d&rsquo;un seul boulon de verrouillage ultra-rapide, en utilisant uniquement un tournevis \u00e0 chocs. Processus en une seule \u00e9tape Permet d&rsquo;\u00e9conomiser jusqu&rsquo;\u00e0 plus de 50 % du temps &hellip;<\/p>\n","protected":false},"author":7,"featured_media":0,"parent":7603,"menu_order":0,"comment_status":"closed","ping_status":"closed","template":"","meta":{"_acf_changed":false,"footnotes":""},"acf":[],"_links":{"self":[{"href":"https:\/\/www.durodynecanada.com\/fr\/wp-json\/wp\/v2\/pages\/7293"}],"collection":[{"href":"https:\/\/www.durodynecanada.com\/fr\/wp-json\/wp\/v2\/pages"}],"about":[{"href":"https:\/\/www.durodynecanada.com\/fr\/wp-json\/wp\/v2\/types\/page"}],"author":[{"embeddable":true,"href":"https:\/\/www.durodynecanada.com\/fr\/wp-json\/wp\/v2\/users\/7"}],"replies":[{"embeddable":true,"href":"https:\/\/www.durodynecanada.com\/fr\/wp-json\/wp\/v2\/comments?post=7293"}],"version-history":[{"count":3,"href":"https:\/\/www.durodynecanada.com\/fr\/wp-json\/wp\/v2\/pages\/7293\/revisions"}],"predecessor-version":[{"id":8307,"href":"https:\/\/www.durodynecanada.com\/fr\/wp-json\/wp\/v2\/pages\/7293\/revisions\/8307"}],"up":[{"embeddable":true,"href":"https:\/\/www.durodynecanada.com\/fr\/wp-json\/wp\/v2\/pages\/7603"}],"wp:attachment":[{"href":"https:\/\/www.durodynecanada.com\/fr\/wp-json\/wp\/v2\/media?parent=7293"}],"curies":[{"name":"wp","href":"https:\/\/api.w.org\/{rel}","templated":true}]}}