{"id":7290,"date":"2019-02-11T15:01:19","date_gmt":"2019-02-11T20:01:19","guid":{"rendered":"https:\/\/www.durodynecanada.com\/products\/commercial\/"},"modified":"2022-06-16T15:16:45","modified_gmt":"2022-06-16T19:16:45","slug":"commercial","status":"publish","type":"page","link":"https:\/\/www.durodynecanada.com\/fr\/nos-produits\/commercial\/","title":{"rendered":"Commercial \/ Lay-Ins"},"content":{"rendered":"<h1 style=\"text-align: center;\"><img loading=\"lazy\" decoding=\"async\" class=\"aligncenter wp-image-5998 size-full\" src=\"https:\/\/www.durodynecanada.com\/wp-content\/uploads\/GRD_Images\/dynovent_logo.jpg\" alt=\"Dyn-O-Vent Logo\" width=\"600\" height=\"94\" srcset=\"https:\/\/www.durodynecanada.com\/wp-content\/uploads\/GRD_Images\/dynovent_logo.jpg 600w, https:\/\/www.durodynecanada.com\/wp-content\/uploads\/GRD_Images\/dynovent_logo-300x47.jpg 300w, https:\/\/www.durodynecanada.com\/wp-content\/uploads\/GRD_Images\/dynovent_logo-540x85.jpg 540w\" sizes=\"(max-width: 600px) 100vw, 600px\" \/><\/h1>\n<h1 style=\"text-align: center;\">COMMERCIAL \/ LAY-INS<br \/>\nGRILLES, REGISTRES ET DIFFUSEURS<\/h1>\n<h3><\/h3>\n<h3>Diffuseur \u00e0 2 c\u00f4nes 4 voies pour montage au plafond (2CDR)<img loading=\"lazy\" decoding=\"async\" class=\"wp-image-6057 alignright\" src=\"https:\/\/www.durodynecanada.com\/wp-content\/uploads\/GRD_Images\/2cdr_sm-299x300.jpg\" alt=\"2CDR 2 Cone Diffuser\" width=\"125\" height=\"125\" srcset=\"https:\/\/www.durodynecanada.com\/wp-content\/uploads\/GRD_Images\/2cdr_sm-299x300.jpg 299w, https:\/\/www.durodynecanada.com\/wp-content\/uploads\/GRD_Images\/2cdr_sm-100x100.jpg 100w, https:\/\/www.durodynecanada.com\/wp-content\/uploads\/GRD_Images\/2cdr_sm-150x150.jpg 150w, https:\/\/www.durodynecanada.com\/wp-content\/uploads\/GRD_Images\/2cdr_sm-75x75.jpg 75w, https:\/\/www.durodynecanada.com\/wp-content\/uploads\/GRD_Images\/2cdr_sm.jpg 300w\" sizes=\"(max-width: 125px) 100vw, 125px\" \/><\/h3>\n<ul>\n<li>Application au plafond avec barre en T<\/li>\n<li>Construction en acier<\/li>\n<li>Noyau fixe \u00e0 deux c\u00f4nes<\/li>\n<li>Non isol\u00e9<\/li>\n<li>Col fixe (6&Prime;, 8&Prime;, 10&Prime;, 12&Prime;, 14&Prime;)<\/li>\n<li>D\u00e9viation de l&rsquo;air \u00e0 360 degr\u00e9s<\/li>\n<li>Disponible en finition blanche durable<\/li>\n<\/ul>\n<p><a href=\"https:\/\/www.durodynecanada.com\/wp-content\/uploads\/GRD_Submitals\/2CDR_Submittal.pdf\"><strong>2CDR Ceiling Mount 2-Cone Diffuser 4-Way Submittal<\/strong><\/a><\/p>\n<h3>Diffuseur 3 c\u00f4nes 4 voies pour montage au plafond (3CDR)<img loading=\"lazy\" decoding=\"async\" class=\"wp-image-6058 alignright\" src=\"https:\/\/www.durodynecanada.com\/wp-content\/uploads\/GRD_Images\/3cdr_sm-300x299.jpg\" alt=\"3CDR 3-Cone Diffuser\" width=\"125\" height=\"125\" srcset=\"https:\/\/www.durodynecanada.com\/wp-content\/uploads\/GRD_Images\/3cdr_sm.jpg 300w, https:\/\/www.durodynecanada.com\/wp-content\/uploads\/GRD_Images\/3cdr_sm-100x100.jpg 100w, https:\/\/www.durodynecanada.com\/wp-content\/uploads\/GRD_Images\/3cdr_sm-150x150.jpg 150w, https:\/\/www.durodynecanada.com\/wp-content\/uploads\/GRD_Images\/3cdr_sm-75x75.jpg 75w\" sizes=\"(max-width: 125px) 100vw, 125px\" \/><\/h3>\n<ul>\n<li>Application au plafond avec barre en T<\/li>\n<li>Construction en acier<\/li>\n<li>Noyau fixe \u00e0 trois c\u00f4nes<\/li>\n<li>Non isol\u00e9<\/li>\n<li>Collet fixe (6&Prime;, 8&Prime;, 10&Prime;, 12&Prime;, 14&Prime;)<\/li>\n<li>D\u00e9viation de l&rsquo;air \u00e0 360 degr\u00e9s<\/li>\n<li>Disponible en finition blanche durable<\/li>\n<\/ul>\n<p><a href=\"https:\/\/www.durodynecanada.com\/wp-content\/uploads\/GRD_Submitals\/3CDR_Submittal.pdf\"><strong>3CDR Ceiling Mount 3-Cone Diffuser 4-Way Submittal<\/strong><\/a><\/p>\n<h3>Diffuseur plafonnier Star Flat Panel (FPA)<img loading=\"lazy\" decoding=\"async\" class=\"wp-image-6059 alignright\" src=\"https:\/\/www.durodynecanada.com\/wp-content\/uploads\/GRD_Images\/fpa_sm-300x290.jpg\" alt=\"FPA Star Flat Panel\" width=\"125\" height=\"121\"><\/h3>\n<ul>\n<li>Application au plafond avec barre en T<\/li>\n<li>Construction en acier de forte \u00e9paisseur<\/li>\n<li>Le panneau frontal amovible permet d&rsquo;acc\u00e9der facilement au registre.<\/li>\n<li>Non isol\u00e9<\/li>\n<li>Collier fixe (6&Prime;, 8&Prime;, 10&Prime;, 12&Prime;, 14&Prime;)<\/li>\n<li>D\u00e9viation de l&rsquo;air \u00e0 360 degr\u00e9s<\/li>\n<li>Disponible en finition blanche durable<\/li>\n<\/ul>\n<p><a href=\"https:\/\/www.durodynecanada.com\/wp-content\/uploads\/GRD_Submitals\/FPA_Submittal_DDC2019.pdf\"><strong>FPA Star Flat Panel Submittal<\/strong><\/a><\/p>\n<h3>Diffuseur de plafond \u00e0 panneau plat (FPR)<img loading=\"lazy\" decoding=\"async\" class=\"wp-image-6060 alignright\" src=\"https:\/\/www.durodynecanada.com\/wp-content\/uploads\/GRD_Images\/fp_sm-298x300.jpg\" alt=\"FPR Flat Panel Ceiling Diffuser\" width=\"125\" height=\"126\" srcset=\"https:\/\/www.durodynecanada.com\/wp-content\/uploads\/GRD_Images\/fp_sm-298x300.jpg 298w, https:\/\/www.durodynecanada.com\/wp-content\/uploads\/GRD_Images\/fp_sm.jpg 300w, https:\/\/www.durodynecanada.com\/wp-content\/uploads\/GRD_Images\/fp_sm-100x100.jpg 100w, https:\/\/www.durodynecanada.com\/wp-content\/uploads\/GRD_Images\/fp_sm-150x150.jpg 150w, https:\/\/www.durodynecanada.com\/wp-content\/uploads\/GRD_Images\/fp_sm-75x75.jpg 75w\" sizes=\"(max-width: 125px) 100vw, 125px\" \/><\/h3>\n<ul>\n<li>Application au plafond avec barre en T<\/li>\n<li>Construction en acier<\/li>\n<li>Non isol\u00e9<\/li>\n<li>Collier fixe (6&Prime;, 8&Prime;, 10&Prime;, 12&Prime;, 14&Prime;)<\/li>\n<li>D\u00e9viation de l&rsquo;air \u00e0 360 degr\u00e9s<\/li>\n<li>Disponible en finition blanche durable<\/li>\n<\/ul>\n<p><a href=\"https:\/\/www.durodynecanada.com\/wp-content\/uploads\/GRD_Submitals\/FPR_Submittal.pdf\"><strong>FPR Flat Panel Ceiling Diffuser Submittal<\/strong><\/a><\/p>\n<h3>Grilles \u00e0 noyau cubique de retour d&rsquo;air en aluminium (CC12N)<img loading=\"lazy\" decoding=\"async\" class=\"wp-image-6053 alignright\" src=\"https:\/\/www.durodynecanada.com\/wp-content\/uploads\/GRD_Images\/cc12n_sm-300x295.jpg\" alt=\"CC12N Aluminum Return Air Cube Core\" width=\"125\" height=\"123\" srcset=\"https:\/\/www.durodynecanada.com\/wp-content\/uploads\/GRD_Images\/cc12n_sm-300x295.jpg 300w, https:\/\/www.durodynecanada.com\/wp-content\/uploads\/GRD_Images\/cc12n_sm-600x591.jpg 600w, https:\/\/www.durodynecanada.com\/wp-content\/uploads\/GRD_Images\/cc12n_sm-75x75.jpg 75w, https:\/\/www.durodynecanada.com\/wp-content\/uploads\/GRD_Images\/cc12n_sm-540x532.jpg 540w, https:\/\/www.durodynecanada.com\/wp-content\/uploads\/GRD_Images\/cc12n_sm.jpg 709w\" sizes=\"(max-width: 125px) 100vw, 125px\" \/><\/h3>\n<ul>\n<li>Construction en aluminium extrud\u00e9<\/li>\n<li>Fabrication d&rsquo;un noyau de grille en aluminium de 1\/2 \u00ab\u00a0x1\/2 \u00ab\u00a0x1\/2\u00a0\u00bb.<\/li>\n<li>Sans filtre<\/li>\n<li>Disponible en finition blanche durable<\/li>\n<\/ul>\n<p><strong><a href=\"https:\/\/www.durodynecanada.com\/wp-content\/uploads\/GRD_Submitals\/CC12N_USA_Submittal.pdf\">CC12N Aluminum Return Air Cube Core Submittal (USA)<br \/>\n<\/a><\/strong><\/p>\n<p><a href=\"https:\/\/www.durodynecanada.com\/wp-content\/uploads\/GRD_Submitals\/CC12N_IMPORT_Submittal.pdf\"><strong>CC12N Aluminum Return Air Cube Core Submittal (IMPORT)<\/strong><\/a><\/p>\n","protected":false},"excerpt":{"rendered":"<p>COMMERCIAL \/ LAY-INS GRILLES, REGISTRES ET DIFFUSEURS Diffuseur \u00e0 2 c\u00f4nes 4 voies pour montage au plafond (2CDR) Application au plafond avec barre en T Construction en acier Noyau fixe \u00e0 deux c\u00f4nes Non isol\u00e9 Col fixe (6&Prime;, 8&Prime;, 10&Prime;, 12&Prime;, 14&Prime;) D\u00e9viation de l&rsquo;air \u00e0 360 degr\u00e9s Disponible en finition blanche durable 2CDR Ceiling &hellip;<\/p>\n","protected":false},"author":7,"featured_media":0,"parent":7603,"menu_order":0,"comment_status":"closed","ping_status":"closed","template":"","meta":{"_acf_changed":false,"footnotes":""},"acf":[],"_links":{"self":[{"href":"https:\/\/www.durodynecanada.com\/fr\/wp-json\/wp\/v2\/pages\/7290"}],"collection":[{"href":"https:\/\/www.durodynecanada.com\/fr\/wp-json\/wp\/v2\/pages"}],"about":[{"href":"https:\/\/www.durodynecanada.com\/fr\/wp-json\/wp\/v2\/types\/page"}],"author":[{"embeddable":true,"href":"https:\/\/www.durodynecanada.com\/fr\/wp-json\/wp\/v2\/users\/7"}],"replies":[{"embeddable":true,"href":"https:\/\/www.durodynecanada.com\/fr\/wp-json\/wp\/v2\/comments?post=7290"}],"version-history":[{"count":3,"href":"https:\/\/www.durodynecanada.com\/fr\/wp-json\/wp\/v2\/pages\/7290\/revisions"}],"predecessor-version":[{"id":8304,"href":"https:\/\/www.durodynecanada.com\/fr\/wp-json\/wp\/v2\/pages\/7290\/revisions\/8304"}],"up":[{"embeddable":true,"href":"https:\/\/www.durodynecanada.com\/fr\/wp-json\/wp\/v2\/pages\/7603"}],"wp:attachment":[{"href":"https:\/\/www.durodynecanada.com\/fr\/wp-json\/wp\/v2\/media?parent=7290"}],"curies":[{"name":"wp","href":"https:\/\/api.w.org\/{rel}","templated":true}]}}